{"id":3986,"date":"2025-10-21T14:43:45","date_gmt":"2025-10-21T14:43:45","guid":{"rendered":"https:\/\/www.amafiltration.com\/?page_id=3986"},"modified":"2025-12-09T21:40:46","modified_gmt":"2025-12-09T21:40:46","slug":"soluciones-de-filtracion-y-separacion-para-la-industria-alimentaria","status":"publish","type":"page","link":"https:\/\/www.amafiltration.com\/es\/industrias\/soluciones-de-filtracion-y-separacion-para-la-industria-alimentaria\/","title":{"rendered":"Alimentaci\u00f3n y bebidas"},"content":{"rendered":"\n<div class=\"wp-block-cover alignfull is-light has-background-dim\" style=\"min-height:350px;aspect-ratio:unset;\"><img loading=\"lazy\" decoding=\"async\" width=\"2000\" height=\"1230\" class=\"wp-block-cover__image-background wp-image-614\" alt=\"\" src=\"http:\/\/www.filtration.group\/wp-content\/uploads\/2020\/06\/shutterstock_1039617610_CD.png\" style=\"object-position:54% 37%\" data-object-fit=\"cover\" data-object-position=\"54% 37%\" srcset=\"https:\/\/www.amafiltration.com\/wp-content\/uploads\/2020\/06\/shutterstock_1039617610_CD.png 2000w, https:\/\/www.amafiltration.com\/wp-content\/uploads\/2020\/06\/shutterstock_1039617610_CD-300x185.png 300w, https:\/\/www.amafiltration.com\/wp-content\/uploads\/2020\/06\/shutterstock_1039617610_CD-1024x630.png 1024w, https:\/\/www.amafiltration.com\/wp-content\/uploads\/2020\/06\/shutterstock_1039617610_CD-768x472.png 768w, https:\/\/www.amafiltration.com\/wp-content\/uploads\/2020\/06\/shutterstock_1039617610_CD-1536x945.png 1536w\" sizes=\"auto, (max-width: 2000px) 100vw, 2000px\" \/><span aria-hidden=\"true\" class=\"wp-block-cover__background has-background-dim-0 has-background-dim\"><\/span><div class=\"wp-block-cover__inner-container is-layout-flow wp-block-cover-is-layout-flow\">\n<h1 class=\"wp-block-heading has-text-align-center has-black-color has-text-color\" id=\"h-alimentacion-y-bebidas\"><strong>Alimentaci\u00f3n y bebidas<\/strong><\/h1>\n<\/div><\/div>\n\n\n\n<h2 class=\"wp-block-heading\" id=\"h-soluciones-de-filtracion-para-la-industria-alimentaria\"><strong>Soluciones de filtraci\u00f3n para la industria alimentaria<\/strong><\/h2>\n\n\n\n<p>Mejore la eficiencia de sus procesos de filtraci\u00f3n, reduzca interrupciones operativas, minimice el tiempo de inactividad por mantenimiento y aumente la rentabilidad con nuestras soluciones de filtraci\u00f3n especializadas para la industria alimentaria. Con d\u00e9cadas de experiencia proporcionando soluciones de filtraci\u00f3n y separaci\u00f3n de alta calidad, ayudamos a fabricantes de alimentos de todo el mundo. Nuestras tecnolog\u00edas eficientes para el procesamiento de alimentos han sido adoptadas por una amplia gama de productores, desde aceites comestibles y gelatina hasta manteca de cacao, ofreciendo la soluci\u00f3n perfecta para cada necesidad.<\/p>\n\n\n\n<p>Beneficios clave de nuestras soluciones de filtraci\u00f3n para alimentos y bebidas:<\/p>\n\n\n\n<ul class=\"wp-block-list\">\n<li><strong>Eficiencia de proceso optimizada:<\/strong> Sistemas de filtraci\u00f3n dise\u00f1ados para mejorar la productividad y la consistencia del producto.<\/li>\n\n\n\n<li><strong>Reducci\u00f3n de mantenimiento y tiempos de inactividad:<\/strong> Soluciones fiables que minimizan el mantenimiento y evitan interrupciones en la producci\u00f3n.<\/li>\n\n\n\n<li><strong>Mayor rentabilidad:<\/strong> Optimizaci\u00f3n de los procesos de filtraci\u00f3n para aumentar el rendimiento y reducir costes operativos.<\/li>\n\n\n\n<li><strong>Cumplimiento de los m\u00e1s altos est\u00e1ndares de higiene:<\/strong> Nuestras soluciones cumplen con los estrictos requisitos de higiene de la industria alimentaria y de bebidas, garantizando operaciones seguras y conformes.<\/li>\n<\/ul>\n\n\n\n<p>Nuestra amplia experiencia abarca una gran variedad de aplicaciones de filtraci\u00f3n industrial en el sector alimentario y de bebidas. En Amafilter\u00ae, ofrecemos soluciones de filtraci\u00f3n s\u00f3lido-l\u00edquido adaptadas a las necesidades espec\u00edficas de cada proceso, garantizando la m\u00e1xima eficiencia, pureza y calidad del producto final.<\/p>\n\n\n\n<div style=\"height:20px\" aria-hidden=\"true\" class=\"wp-block-spacer\"><\/div>\n\n\n\n<div class=\"wp-block-group grayblock\"><div class=\"wp-block-group__inner-container is-layout-flow wp-block-group-is-layout-flow\">\n<h3 class=\"wp-block-heading\"><strong>Aplicaciones<\/strong><\/h3>\n\n\n\n<p>Principales aplicaciones de nuestras soluciones de filtraci\u00f3n:<\/p>\n\n\n\n<ul class=\"wp-block-list\">\n<li><strong>Aceite comestible crudo:<\/strong> Eliminaci\u00f3n de impurezas para garantizar la pureza y calidad del aceite.<\/li>\n\n\n\n<li><strong>Az\u00facar de remolacha y ca\u00f1a:<\/strong> Filtraci\u00f3n eficiente para procesos de clarificaci\u00f3n y purificaci\u00f3n.<\/li>\n\n\n\n<li><strong>Az\u00facar y edulcorantes:<\/strong> Control de calidad mediante filtraci\u00f3n precisa para obtener productos m\u00e1s puros.<\/li>\n\n\n\n<li><strong>Manteca de cacao:<\/strong> Eliminaci\u00f3n de contaminantes para asegurar una textura y pureza \u00f3ptimas.<\/li>\n\n\n\n<li><strong>Gelatina:<\/strong> Filtraci\u00f3n de alta calidad que garantiza la eliminaci\u00f3n de bacterias e impurezas.<\/li>\n\n\n\n<li><strong>Salmuera de queso:<\/strong> Mantenimiento de la salmuera limpia y segura durante los procesos de salado y maduraci\u00f3n.<\/li>\n<\/ul>\n\n\n\n<div style=\"height:20px\" aria-hidden=\"true\" class=\"wp-block-spacer\"><\/div>\n\n\n\n<div class=\"wp-block-group alignwide\"><div class=\"wp-block-group__inner-container is-layout-flow wp-block-group-is-layout-flow\">\n<h3 class=\"wp-block-heading\" id=\"h-productos\">Productos<\/h3>\n\n\n\n<p>Gracias a nuestras tecnolog\u00edas avanzadas, como el <strong>Cricketfilter\u00ae<\/strong> y los sistemas de filtraci\u00f3n <strong>Versis\u00ae<\/strong>, ayudamos a nuestros clientes a optimizar sus procesos de producci\u00f3n, reducir el mantenimiento y mantener los m\u00e1s altos est\u00e1ndares de higiene y calidad.<br><\/p>\n\n\n\n<div class=\"wp-block-columns alignwide is-layout-flex wp-container-core-columns-is-layout-9d6595d7 wp-block-columns-is-layout-flex\">\n<div class=\"wp-block-column is-vertically-aligned-top is-layout-flow wp-block-column-is-layout-flow\">\n<figure class=\"wp-block-image size-full is-resized\"><img loading=\"lazy\" decoding=\"async\" width=\"250\" height=\"250\" src=\"https:\/\/www.amafiltration.com\/wp-content\/uploads\/2020\/06\/cricketfilter-thumb-250x250-1.png\" alt=\"Cricketfilter automated system for filtering cocoa butter, gelatine and cheese brine\" class=\"wp-image-677\" style=\"width:auto;height:250px\" srcset=\"https:\/\/www.amafiltration.com\/wp-content\/uploads\/2020\/06\/cricketfilter-thumb-250x250-1.png 250w, https:\/\/www.amafiltration.com\/wp-content\/uploads\/2020\/06\/cricketfilter-thumb-250x250-1-150x150.png 150w\" sizes=\"auto, (max-width: 250px) 100vw, 250px\" \/><\/figure>\n\n\n\n<p class=\"has-text-align-center\"><strong><a href=\"https:\/\/www.amafiltration.com\/es\/products\/systems\/cricketfilter\/\">Cricketfilter<strong>\u00ae<\/strong><\/a><\/strong><\/p>\n<\/div>\n\n\n\n<div class=\"wp-block-column is-vertically-aligned-top is-layout-flow wp-block-column-is-layout-flow\">\n<figure class=\"wp-block-image size-full is-resized\"><img loading=\"lazy\" decoding=\"async\" width=\"250\" height=\"250\" src=\"https:\/\/www.amafiltration.com\/wp-content\/uploads\/2020\/06\/pressure-leaf-V-thumb-250x250-1.png\" alt=\"Vertical pressure leaf filter system for the filtration of edible oils and renewable fuel. Automated system.\" class=\"wp-image-679\" style=\"width:auto;height:250px\" srcset=\"https:\/\/www.amafiltration.com\/wp-content\/uploads\/2020\/06\/pressure-leaf-V-thumb-250x250-1.png 250w, https:\/\/www.amafiltration.com\/wp-content\/uploads\/2020\/06\/pressure-leaf-V-thumb-250x250-1-150x150.png 150w\" sizes=\"auto, (max-width: 250px) 100vw, 250px\" \/><\/figure>\n\n\n\n<p class=\"has-text-align-center\"><a href=\"https:\/\/www.amafiltration.com\/es\/products\/systems\/vertical-pressure-leaf-filters\/\"><strong>Filtro de placas vertical<\/strong><\/a><\/p>\n<\/div>\n\n\n\n<div class=\"wp-block-column is-layout-flow wp-block-column-is-layout-flow\">\n<figure class=\"wp-block-image size-full is-resized\"><img loading=\"lazy\" decoding=\"async\" width=\"250\" height=\"250\" src=\"https:\/\/www.amafiltration.com\/wp-content\/uploads\/2020\/06\/pressure-leaf-H-thumb-250x250-1.png\" alt=\"Horizontal pressure leaf filter system for the filtration of edible oils and renewable fuel. Fully open system. Spare parts include pressure filter leaves.\" class=\"wp-image-686\" style=\"width:auto;height:250px\" srcset=\"https:\/\/www.amafiltration.com\/wp-content\/uploads\/2020\/06\/pressure-leaf-H-thumb-250x250-1.png 250w, https:\/\/www.amafiltration.com\/wp-content\/uploads\/2020\/06\/pressure-leaf-H-thumb-250x250-1-150x150.png 150w\" sizes=\"auto, (max-width: 250px) 100vw, 250px\" \/><\/figure>\n\n\n\n<p class=\"has-text-align-center\"><strong><a href=\"https:\/\/www.amafiltration.com\/es\/products\/systems\/horizontal-pressure-leaf-filters\/\">Filtro de placas horizontal<\/a><\/strong><\/p>\n<\/div>\n\n\n\n<div class=\"wp-block-column is-vertically-aligned-top is-layout-flow wp-block-column-is-layout-flow\">\n<figure class=\"wp-block-image size-full is-resized\"><img loading=\"lazy\" decoding=\"async\" width=\"700\" height=\"744\" src=\"https:\/\/www.amafiltration.com\/wp-content\/uploads\/2020\/07\/leaf-filt-elemnt-1.png\" alt=\"Pressure filter leaves found within a pressure leaf filter system and can also be purchased as spare parts to upgrade a system.\" class=\"wp-image-749\" style=\"width:auto;height:250px\" srcset=\"https:\/\/www.amafiltration.com\/wp-content\/uploads\/2020\/07\/leaf-filt-elemnt-1.png 700w, https:\/\/www.amafiltration.com\/wp-content\/uploads\/2020\/07\/leaf-filt-elemnt-1-282x300.png 282w\" sizes=\"auto, (max-width: 700px) 100vw, 700px\" \/><\/figure>\n\n\n\n<p class=\"has-text-align-center\"><strong><a href=\"https:\/\/www.amafiltration.com\/es\/products\/filter-elements\/pressure-leaf-filter-elements\/\">Elementos filtrantes<\/a><\/strong><\/p>\n<\/div>\n<\/div>\n<\/div><\/div>\n<\/div><\/div>\n\n\n\n<div style=\"height:50px\" aria-hidden=\"true\" class=\"wp-block-spacer\"><\/div>\n\n\n\n<h3 class=\"wp-block-heading\" id=\"h-soluciones-de-filtracion-amafilter\"><strong>Soluciones de filtraci\u00f3n Amafilter\u00ae<\/strong><\/h3>\n\n\n\n<div class=\"wp-block-columns alignwide is-layout-flex wp-container-core-columns-is-layout-9d6595d7 wp-block-columns-is-layout-flex\">\n<div class=\"wp-block-column is-layout-flow wp-block-column-is-layout-flow\">\n<h4 class=\"wp-block-heading\" id=\"h-filtracion-de-alta-calidad-con-los-maximos-estandares-de-higiene\"><strong>Filtraci\u00f3n de alta calidad con los m\u00e1ximos est\u00e1ndares de higiene<\/strong><\/h4>\n\n\n\n<p>Desde la d\u00e9cada de 1930, proporcionamos soluciones de filtraci\u00f3n a la industria de alimentos y bebidas, desde clarificaci\u00f3n gruesa hasta filtraci\u00f3n est\u00e9ril para la eliminaci\u00f3n de microorganismos. Nuestros productos est\u00e1n dise\u00f1ados para cumplir con los est\u00e1ndares m\u00e1s exigentes de higiene y seguridad, asegurando que su producto final cumpla con sus requisitos espec\u00edficos.<\/p>\n\n\n\n<h4 class=\"wp-block-heading\" id=\"h-mejore-la-eficiencia-y-la-calidad\"><strong>Mejore la eficiencia y la calidad<\/strong><\/h4>\n\n\n\n<p>Nuestras soluciones de filtraci\u00f3n eliminan de forma eficiente contaminantes, asegurando la producci\u00f3n de productos intermedios y finales de alta calidad seg\u00fan sus especificaciones. La eficiencia operativa prolonga la vida \u00fatil de los equipos y reduce costes de mantenimiento, mientras que la automatizaci\u00f3n de nuestros sistemas disminuye riesgos de seguridad y costes operativos en la filtraci\u00f3n de l\u00edquidos a granel en los sectores alimentario y qu\u00edmico.<\/p>\n\n\n\n<h4 class=\"wp-block-heading\" id=\"h-soporte-global-y-confiable\"><strong>Soporte global y confiable<\/strong><\/h4>\n\n\n\n<p>Nuestros equipos de campo trabajan en estrecha colaboraci\u00f3n con clientes y contratistas, apoyando una amplia gama de sistemas Amafilter\u00ae instalados en todo el mundo. Nos aseguramos de que todos los sistemas operativos funcionen de manera eficiente y se mantengan seg\u00fan los est\u00e1ndares requeridos para la producci\u00f3n de alimentos y bebidas.<\/p>\n<\/div>\n\n\n\n<div class=\"wp-block-column is-layout-flow wp-block-column-is-layout-flow\">\n<h4 class=\"wp-block-heading\" id=\"h-filtracion-liquida-disenada-a-medida\"><strong>Filtraci\u00f3n l\u00edquida dise\u00f1ada a medida<\/strong><\/h4>\n\n\n\n<p>Con m\u00e1s de 90 a\u00f1os de experiencia en dise\u00f1o e implementaci\u00f3n de soluciones de filtraci\u00f3n, nuestro equipo colabora estrechamente con los clientes para entender a fondo sus retos y necesidades. Nuestra experiencia se respalda con instalaciones de laboratorio y pruebas en nuestra planta de Lochem, Pa\u00edses Bajos, garantizando que cada soluci\u00f3n cumpla con las expectativas de rendimiento y calidad<\/p>\n\n\n\n<h4 class=\"wp-block-heading\" id=\"h-reduzca-mantenimiento-y-optimice-costes\"><strong>Reduzca mantenimiento y optimice costes<\/strong><\/h4>\n\n\n\n<p>Seleccionar la soluci\u00f3n de filtraci\u00f3n m\u00e1s eficaz para su aplicaci\u00f3n garantiza procesos m\u00e1s eficientes, menor mantenimiento, reducci\u00f3n de interrupciones y aumento de la rentabilidad.<\/p>\n<\/div>\n<\/div>\n","protected":false},"excerpt":{"rendered":"<p>Soluciones de filtraci\u00f3n para la industria alimentaria Mejore la eficiencia de sus procesos de filtraci\u00f3n, reduzca interrupciones operativas, minimice el tiempo de inactividad por mantenimiento y aumente la rentabilidad con nuestras soluciones de filtraci\u00f3n especializadas para la industria alimentaria. Con d\u00e9cadas de experiencia proporcionando soluciones de filtraci\u00f3n y separaci\u00f3n de alta calidad, ayudamos a fabricantes [&hellip;]<\/p>\n","protected":false},"author":8,"featured_media":0,"parent":4249,"menu_order":0,"comment_status":"closed","ping_status":"closed","template":"","meta":{"_acf_changed":false,"footnotes":""},"class_list":["post-3986","page","type-page","status-publish","hentry"],"acf":[],"yoast_head":"<!-- This site is optimized with the Yoast SEO Premium plugin v27.3 (Yoast SEO v27.3) - https:\/\/yoast.com\/product\/yoast-seo-premium-wordpress\/ -->\n<title>Alimentaci\u00f3n y bebidas - Amafilter\u00ae<\/title>\n<meta name=\"description\" content=\"Mejore la eficiencia de sus procesos de filtraci\u00f3n, reduzca interrupciones operativas, minimice el tiempo de inactividad por mantenimiento\" \/>\n<meta name=\"robots\" content=\"index, follow, max-snippet:-1, max-image-preview:large, max-video-preview:-1\" \/>\n<link rel=\"canonical\" href=\"https:\/\/www.amafiltration.com\/es\/industrias\/soluciones-de-filtracion-y-separacion-para-la-industria-alimentaria\/\" \/>\n<meta property=\"og:locale\" content=\"es_ES\" \/>\n<meta property=\"og:type\" content=\"article\" \/>\n<meta property=\"og:title\" content=\"Alimentaci\u00f3n y bebidas\" \/>\n<meta property=\"og:description\" content=\"Alimentaci\u00f3n y bebidas Soluciones de filtraci\u00f3n para la industria alimentaria Mejore la eficiencia de sus procesos de filtraci\u00f3n, reduzca interrupciones\" \/>\n<meta property=\"og:url\" content=\"https:\/\/www.amafiltration.com\/es\/industrias\/soluciones-de-filtracion-y-separacion-para-la-industria-alimentaria\/\" \/>\n<meta property=\"og:site_name\" content=\"Amafilter\u00ae\" \/>\n<meta property=\"article:modified_time\" content=\"2025-12-09T21:40:46+00:00\" \/>\n<meta property=\"og:image\" content=\"https:\/\/www.amafiltration.com\/wp-content\/uploads\/2020\/06\/shutterstock_1039617610_CD-1024x630.png\" \/>\n\t<meta property=\"og:image:width\" content=\"1024\" \/>\n\t<meta property=\"og:image:height\" content=\"630\" \/>\n\t<meta property=\"og:image:type\" content=\"image\/png\" \/>\n<meta name=\"twitter:card\" content=\"summary_large_image\" \/>\n<meta name=\"twitter:label1\" content=\"Est. reading time\" \/>\n\t<meta name=\"twitter:data1\" content=\"4 minutos\" \/>\n<script type=\"application\/ld+json\" class=\"yoast-schema-graph\">{\"@context\":\"https:\\\/\\\/schema.org\",\"@graph\":[{\"@type\":\"WebPage\",\"@id\":\"https:\\\/\\\/www.amafiltration.com\\\/es\\\/industrias\\\/soluciones-de-filtracion-y-separacion-para-la-industria-alimentaria\\\/\",\"url\":\"https:\\\/\\\/www.amafiltration.com\\\/es\\\/industrias\\\/soluciones-de-filtracion-y-separacion-para-la-industria-alimentaria\\\/\",\"name\":\"Alimentaci\u00f3n y bebidas - Amafilter\u00ae\",\"isPartOf\":{\"@id\":\"https:\\\/\\\/www.amafiltration.com\\\/es\\\/#website\"},\"primaryImageOfPage\":{\"@id\":\"https:\\\/\\\/www.amafiltration.com\\\/es\\\/industrias\\\/soluciones-de-filtracion-y-separacion-para-la-industria-alimentaria\\\/#primaryimage\"},\"image\":{\"@id\":\"https:\\\/\\\/www.amafiltration.com\\\/es\\\/industrias\\\/soluciones-de-filtracion-y-separacion-para-la-industria-alimentaria\\\/#primaryimage\"},\"thumbnailUrl\":\"http:\\\/\\\/www.filtration.group\\\/wp-content\\\/uploads\\\/2020\\\/06\\\/shutterstock_1039617610_CD.png\",\"datePublished\":\"2025-10-21T14:43:45+00:00\",\"dateModified\":\"2025-12-09T21:40:46+00:00\",\"description\":\"Mejore la eficiencia de sus procesos de filtraci\u00f3n, reduzca interrupciones operativas, minimice el tiempo de inactividad por mantenimiento\",\"breadcrumb\":{\"@id\":\"https:\\\/\\\/www.amafiltration.com\\\/es\\\/industrias\\\/soluciones-de-filtracion-y-separacion-para-la-industria-alimentaria\\\/#breadcrumb\"},\"inLanguage\":\"es\",\"potentialAction\":[{\"@type\":\"ReadAction\",\"target\":[\"https:\\\/\\\/www.amafiltration.com\\\/es\\\/industrias\\\/soluciones-de-filtracion-y-separacion-para-la-industria-alimentaria\\\/\"]}]},{\"@type\":\"ImageObject\",\"inLanguage\":\"es\",\"@id\":\"https:\\\/\\\/www.amafiltration.com\\\/es\\\/industrias\\\/soluciones-de-filtracion-y-separacion-para-la-industria-alimentaria\\\/#primaryimage\",\"url\":\"http:\\\/\\\/www.filtration.group\\\/wp-content\\\/uploads\\\/2020\\\/06\\\/shutterstock_1039617610_CD.png\",\"contentUrl\":\"http:\\\/\\\/www.filtration.group\\\/wp-content\\\/uploads\\\/2020\\\/06\\\/shutterstock_1039617610_CD.png\"},{\"@type\":\"BreadcrumbList\",\"@id\":\"https:\\\/\\\/www.amafiltration.com\\\/es\\\/industrias\\\/soluciones-de-filtracion-y-separacion-para-la-industria-alimentaria\\\/#breadcrumb\",\"itemListElement\":[{\"@type\":\"ListItem\",\"position\":1,\"name\":\"Home\",\"item\":\"https:\\\/\\\/www.amafiltration.com\\\/es\\\/\"},{\"@type\":\"ListItem\",\"position\":2,\"name\":\"Industrias\",\"item\":\"https:\\\/\\\/www.amafiltration.com\\\/es\\\/industrias\\\/\"},{\"@type\":\"ListItem\",\"position\":3,\"name\":\"Alimentaci\u00f3n y bebidas\"}]},{\"@type\":\"WebSite\",\"@id\":\"https:\\\/\\\/www.amafiltration.com\\\/es\\\/#website\",\"url\":\"https:\\\/\\\/www.amafiltration.com\\\/es\\\/\",\"name\":\"FGC\",\"description\":\"Making the World Safer, Healthier and More Productive\u00ae\",\"publisher\":{\"@id\":\"https:\\\/\\\/www.amafiltration.com\\\/es\\\/#organization\"},\"potentialAction\":[{\"@type\":\"SearchAction\",\"target\":{\"@type\":\"EntryPoint\",\"urlTemplate\":\"https:\\\/\\\/www.amafiltration.com\\\/es\\\/?s={search_term_string}\"},\"query-input\":{\"@type\":\"PropertyValueSpecification\",\"valueRequired\":true,\"valueName\":\"search_term_string\"}}],\"inLanguage\":\"es\"},{\"@type\":\"Organization\",\"@id\":\"https:\\\/\\\/www.amafiltration.com\\\/es\\\/#organization\",\"name\":\"Filtration Group\",\"url\":\"https:\\\/\\\/www.amafiltration.com\\\/es\\\/\",\"logo\":{\"@type\":\"ImageObject\",\"inLanguage\":\"es\",\"@id\":\"https:\\\/\\\/www.amafiltration.com\\\/es\\\/#\\\/schema\\\/logo\\\/image\\\/\",\"url\":\"https:\\\/\\\/www.amafiltration.com\\\/wp-content\\\/uploads\\\/2019\\\/06\\\/FGC-logo-1.png\",\"contentUrl\":\"https:\\\/\\\/www.amafiltration.com\\\/wp-content\\\/uploads\\\/2019\\\/06\\\/FGC-logo-1.png\",\"width\":1104,\"height\":224,\"caption\":\"Filtration Group\"},\"image\":{\"@id\":\"https:\\\/\\\/www.amafiltration.com\\\/es\\\/#\\\/schema\\\/logo\\\/image\\\/\"}}]}<\/script>\n<!-- \/ Yoast SEO Premium plugin. -->","yoast_head_json":{"title":"Alimentaci\u00f3n y bebidas - Amafilter\u00ae","description":"Mejore la eficiencia de sus procesos de filtraci\u00f3n, reduzca interrupciones operativas, minimice el tiempo de inactividad por mantenimiento","robots":{"index":"index","follow":"follow","max-snippet":"max-snippet:-1","max-image-preview":"max-image-preview:large","max-video-preview":"max-video-preview:-1"},"canonical":"https:\/\/www.amafiltration.com\/es\/industrias\/soluciones-de-filtracion-y-separacion-para-la-industria-alimentaria\/","og_locale":"es_ES","og_type":"article","og_title":"Alimentaci\u00f3n y bebidas","og_description":"Alimentaci\u00f3n y bebidas Soluciones de filtraci\u00f3n para la industria alimentaria Mejore la eficiencia de sus procesos de filtraci\u00f3n, reduzca interrupciones","og_url":"https:\/\/www.amafiltration.com\/es\/industrias\/soluciones-de-filtracion-y-separacion-para-la-industria-alimentaria\/","og_site_name":"Amafilter\u00ae","article_modified_time":"2025-12-09T21:40:46+00:00","og_image":[{"width":1024,"height":630,"url":"https:\/\/www.amafiltration.com\/wp-content\/uploads\/2020\/06\/shutterstock_1039617610_CD-1024x630.png","type":"image\/png"}],"twitter_card":"summary_large_image","twitter_misc":{"Est. reading time":"4 minutos"},"schema":{"@context":"https:\/\/schema.org","@graph":[{"@type":"WebPage","@id":"https:\/\/www.amafiltration.com\/es\/industrias\/soluciones-de-filtracion-y-separacion-para-la-industria-alimentaria\/","url":"https:\/\/www.amafiltration.com\/es\/industrias\/soluciones-de-filtracion-y-separacion-para-la-industria-alimentaria\/","name":"Alimentaci\u00f3n y bebidas - Amafilter\u00ae","isPartOf":{"@id":"https:\/\/www.amafiltration.com\/es\/#website"},"primaryImageOfPage":{"@id":"https:\/\/www.amafiltration.com\/es\/industrias\/soluciones-de-filtracion-y-separacion-para-la-industria-alimentaria\/#primaryimage"},"image":{"@id":"https:\/\/www.amafiltration.com\/es\/industrias\/soluciones-de-filtracion-y-separacion-para-la-industria-alimentaria\/#primaryimage"},"thumbnailUrl":"http:\/\/www.filtration.group\/wp-content\/uploads\/2020\/06\/shutterstock_1039617610_CD.png","datePublished":"2025-10-21T14:43:45+00:00","dateModified":"2025-12-09T21:40:46+00:00","description":"Mejore la eficiencia de sus procesos de filtraci\u00f3n, reduzca interrupciones operativas, minimice el tiempo de inactividad por mantenimiento","breadcrumb":{"@id":"https:\/\/www.amafiltration.com\/es\/industrias\/soluciones-de-filtracion-y-separacion-para-la-industria-alimentaria\/#breadcrumb"},"inLanguage":"es","potentialAction":[{"@type":"ReadAction","target":["https:\/\/www.amafiltration.com\/es\/industrias\/soluciones-de-filtracion-y-separacion-para-la-industria-alimentaria\/"]}]},{"@type":"ImageObject","inLanguage":"es","@id":"https:\/\/www.amafiltration.com\/es\/industrias\/soluciones-de-filtracion-y-separacion-para-la-industria-alimentaria\/#primaryimage","url":"http:\/\/www.filtration.group\/wp-content\/uploads\/2020\/06\/shutterstock_1039617610_CD.png","contentUrl":"http:\/\/www.filtration.group\/wp-content\/uploads\/2020\/06\/shutterstock_1039617610_CD.png"},{"@type":"BreadcrumbList","@id":"https:\/\/www.amafiltration.com\/es\/industrias\/soluciones-de-filtracion-y-separacion-para-la-industria-alimentaria\/#breadcrumb","itemListElement":[{"@type":"ListItem","position":1,"name":"Home","item":"https:\/\/www.amafiltration.com\/es\/"},{"@type":"ListItem","position":2,"name":"Industrias","item":"https:\/\/www.amafiltration.com\/es\/industrias\/"},{"@type":"ListItem","position":3,"name":"Alimentaci\u00f3n y bebidas"}]},{"@type":"WebSite","@id":"https:\/\/www.amafiltration.com\/es\/#website","url":"https:\/\/www.amafiltration.com\/es\/","name":"FGC","description":"Making the World Safer, Healthier and More Productive\u00ae","publisher":{"@id":"https:\/\/www.amafiltration.com\/es\/#organization"},"potentialAction":[{"@type":"SearchAction","target":{"@type":"EntryPoint","urlTemplate":"https:\/\/www.amafiltration.com\/es\/?s={search_term_string}"},"query-input":{"@type":"PropertyValueSpecification","valueRequired":true,"valueName":"search_term_string"}}],"inLanguage":"es"},{"@type":"Organization","@id":"https:\/\/www.amafiltration.com\/es\/#organization","name":"Filtration Group","url":"https:\/\/www.amafiltration.com\/es\/","logo":{"@type":"ImageObject","inLanguage":"es","@id":"https:\/\/www.amafiltration.com\/es\/#\/schema\/logo\/image\/","url":"https:\/\/www.amafiltration.com\/wp-content\/uploads\/2019\/06\/FGC-logo-1.png","contentUrl":"https:\/\/www.amafiltration.com\/wp-content\/uploads\/2019\/06\/FGC-logo-1.png","width":1104,"height":224,"caption":"Filtration Group"},"image":{"@id":"https:\/\/www.amafiltration.com\/es\/#\/schema\/logo\/image\/"}}]}},"_links":{"self":[{"href":"https:\/\/www.amafiltration.com\/es\/wp-json\/wp\/v2\/pages\/3986","targetHints":{"allow":["GET"]}}],"collection":[{"href":"https:\/\/www.amafiltration.com\/es\/wp-json\/wp\/v2\/pages"}],"about":[{"href":"https:\/\/www.amafiltration.com\/es\/wp-json\/wp\/v2\/types\/page"}],"author":[{"embeddable":true,"href":"https:\/\/www.amafiltration.com\/es\/wp-json\/wp\/v2\/users\/8"}],"replies":[{"embeddable":true,"href":"https:\/\/www.amafiltration.com\/es\/wp-json\/wp\/v2\/comments?post=3986"}],"version-history":[{"count":0,"href":"https:\/\/www.amafiltration.com\/es\/wp-json\/wp\/v2\/pages\/3986\/revisions"}],"up":[{"embeddable":true,"href":"https:\/\/www.amafiltration.com\/es\/wp-json\/wp\/v2\/pages\/4249"}],"wp:attachment":[{"href":"https:\/\/www.amafiltration.com\/es\/wp-json\/wp\/v2\/media?parent=3986"}],"curies":[{"name":"wp","href":"https:\/\/api.w.org\/{rel}","templated":true}]}}