{"id":3988,"date":"2025-10-21T15:38:34","date_gmt":"2025-10-21T15:38:34","guid":{"rendered":"https:\/\/www.amafiltration.com\/?page_id=3988"},"modified":"2026-02-03T17:16:12","modified_gmt":"2026-02-03T17:16:12","slug":"soluciones-colaborativas-para-una-eficiencia-maxima","status":"publish","type":"page","link":"https:\/\/www.amafiltration.com\/es\/soluciones-colaborativas-para-una-eficiencia-maxima\/","title":{"rendered":"Combustibles renovables"},"content":{"rendered":"\n<div class=\"wp-block-cover alignfull\" style=\"min-height:350px;aspect-ratio:unset;\"><img loading=\"lazy\" decoding=\"async\" width=\"2560\" height=\"1634\" class=\"wp-block-cover__image-background wp-image-3655\" alt=\"\" src=\"https:\/\/www.amafiltration.com\/wp-content\/uploads\/2025\/02\/iStock-907966126-scaled.jpg\" style=\"object-position:61% 36%\" data-object-fit=\"cover\" data-object-position=\"61% 36%\" srcset=\"https:\/\/www.amafiltration.com\/wp-content\/uploads\/2025\/02\/iStock-907966126-scaled.jpg 2560w, https:\/\/www.amafiltration.com\/wp-content\/uploads\/2025\/02\/iStock-907966126-300x191.jpg 300w, https:\/\/www.amafiltration.com\/wp-content\/uploads\/2025\/02\/iStock-907966126-1024x653.jpg 1024w, https:\/\/www.amafiltration.com\/wp-content\/uploads\/2025\/02\/iStock-907966126-768x490.jpg 768w, https:\/\/www.amafiltration.com\/wp-content\/uploads\/2025\/02\/iStock-907966126-1536x980.jpg 1536w, https:\/\/www.amafiltration.com\/wp-content\/uploads\/2025\/02\/iStock-907966126-2048x1307.jpg 2048w\" sizes=\"auto, (max-width: 2560px) 100vw, 2560px\" \/><span aria-hidden=\"true\" class=\"wp-block-cover__background has-background-dim\" style=\"background-color:#83745c\"><\/span><div class=\"wp-block-cover__inner-container is-layout-flow wp-block-cover-is-layout-flow\">\n<h1 class=\"wp-block-heading has-text-align-center\" id=\"h-biocombustibles\"><strong>Biocombustibles<\/strong><\/h1>\n<\/div><\/div>\n\n\n\n<h2 class=\"wp-block-heading\" id=\"h-soluciones-de-filtracion-para-combustibles-renovables\"><strong>Soluciones de filtraci\u00f3n para combustibles renovables<\/strong><\/h2>\n\n\n\n<p>Adem\u00e1s de los avances en filtraci\u00f3n mec\u00e1nica, Amafilter\u00ae ha fortalecido su integraci\u00f3n con <a href=\"https:\/\/www.pcimembranes.com\/\" target=\"_blank\" rel=\"noreferrer noopener\"><strong>PCI Membranes\u00ae<\/strong>,<\/a> permitiendo la combinaci\u00f3n de filtraci\u00f3n por torta con tecnolog\u00edas avanzadas de separaci\u00f3n por membranas para pulido, fraccionamiento y eliminaci\u00f3n de impurezas. Al ofrecer soluciones de proceso completas, ayudamos a los productores a alcanzar tanto la eficiencia operativa como los objetivos de calidad del producto.<\/p>\n\n\n\n<p>Esta colaboraci\u00f3n se ha vuelto cada vez m\u00e1s relevante a medida que los productores de biocombustibles buscan optimizar sus operaciones manteniendo el cumplimiento normativo en seguridad y medio ambiente.<\/p>\n\n\n\n<p>Los sistemas de filtraci\u00f3n que requieren menos energ\u00eda, limpieza intensiva, minimizan los residuos y extienden los ciclos de operaci\u00f3n se han convertido en esenciales para reducir costes operativos sin comprometer la fiabilidad. Los dise\u00f1os de Amafilter\u00ae se centran en estas prioridades, ayudando a las plantas a mantener operaciones estables incluso durante periodos de volatilidad en el mercado energ\u00e9tico.<\/p>\n\n\n\n<h3 class=\"wp-block-heading\" id=\"h-cricketfilter-filtracion-avanzada-para-biocombustibles-y-diesel-renovable\"><strong>Cricketfilter\u00ae \u2013 Filtraci\u00f3n Avanzada para Biocombustibles y Di\u00e9sel Renovable<\/strong><\/h3>\n\n\n\n<p>A medida que crece la demanda mundial de energ\u00edas m\u00e1s limpias y sostenibles, los productores de biocombustibles y di\u00e9sel renovable deben optimizar sus procesos de filtraci\u00f3n para cumplir con los objetivos de rendimiento, sostenibilidad y rentabilidad.<\/p>\n\n\n\n<p>En Amafilter\u00ae, ofrecemos sistemas de filtraci\u00f3n de alta eficiencia dise\u00f1ados espec\u00edficamente para la producci\u00f3n de combustibles renovables, con nuestro reconocido <strong><a href=\"https:\/\/www.amafiltration.com\/es\/productos\/sistemas\/cricketfilter\/\">Cricketfilter\u00ae<\/a><\/strong> a la vanguardia de la innovaci\u00f3n.<\/p>\n\n\n\n<h3 class=\"wp-block-heading\" id=\"h-por-que-es-importante-la-filtracion-en-la-produccion-de-combustibles-renovables\"><strong>\u00bfPor qu\u00e9 es importante la filtraci\u00f3n en la producci\u00f3n de combustibles renovables?<\/strong><\/h3>\n\n\n\n<p>La separaci\u00f3n s\u00f3lido-l\u00edquido eficiente es esencial en todas las etapas del proceso de producci\u00f3n de combustibles renovables, desde el pretratamiento de aceites de cocina usados (UCO) y grasas animales, hasta la eliminaci\u00f3n de glicerina, recuperaci\u00f3n de catalizadores y la filtraci\u00f3n fina del producto.<\/p>\n\n\n\n<div class=\"wp-block-columns is-layout-flex wp-container-core-columns-is-layout-9d6595d7 wp-block-columns-is-layout-flex\">\n<div class=\"wp-block-column is-layout-flow wp-block-column-is-layout-flow\">\n<p class=\"has-blue-color has-text-color has-link-color wp-elements-fc7c0db4979949c531f403427775a6ea\"><strong>Aplicaciones t\u00edpicas en el procesamiento de biocombustibles:<\/strong><\/p>\n\n\n\n<ul class=\"wp-block-list\">\n<li><strong>Filtraci\u00f3n de materia prima:<\/strong> aceites de cocina usados (UCO), sebo, grasas amarillas, aceite de palma.<\/li>\n\n\n\n<li><strong>Eliminaci\u00f3n de jabones y glicerina.<\/strong><\/li>\n\n\n\n<li><strong>Recuperaci\u00f3n de catalizadores.<\/strong><\/li>\n<\/ul>\n\n\n\n<p class=\"has-blue-color has-text-color has-link-color wp-elements-3633a2affffe06fc9225e5872ca4338b\"><strong>Los problemas de una filtraci\u00f3n deficiente pueden incluir:<\/strong><\/p>\n\n\n\n<ul class=\"wp-block-list\">\n<li><strong>Ensuciamiento del catalizador.<\/strong><\/li>\n\n\n\n<li><strong>Tiempos de inactividad<\/strong> por obstrucci\u00f3n del sistema.<\/li>\n\n\n\n<li><strong>Baja rentabilidad y pureza del producto final.<\/strong><\/li>\n\n\n\n<li><strong>Problemas de cumplimiento normativo<\/strong> en sostenibilidad y calidad.<\/li>\n<\/ul>\n<\/div>\n<\/div>\n\n\n\n<div class=\"wp-block-media-text is-stacked-on-mobile\" style=\"grid-template-columns:25% auto\"><figure class=\"wp-block-media-text__media\"><img loading=\"lazy\" decoding=\"async\" width=\"205\" height=\"300\" src=\"https:\/\/www.amafiltration.com\/wp-content\/uploads\/2025\/03\/Cricketfilter-WP-205x300.jpg\" alt=\"\" class=\"wp-image-3758 size-full\" srcset=\"https:\/\/www.amafiltration.com\/wp-content\/uploads\/2025\/03\/Cricketfilter-WP-205x300.jpg 205w, https:\/\/www.amafiltration.com\/wp-content\/uploads\/2025\/03\/Cricketfilter-WP-700x1024.jpg 700w, https:\/\/www.amafiltration.com\/wp-content\/uploads\/2025\/03\/Cricketfilter-WP-768x1123.jpg 768w, https:\/\/www.amafiltration.com\/wp-content\/uploads\/2025\/03\/Cricketfilter-WP.jpg 967w\" sizes=\"auto, (max-width: 205px) 100vw, 205px\" \/><\/figure><div class=\"wp-block-media-text__content\">\n<h2 class=\"wp-block-heading has-blue-color has-text-color has-link-color wp-elements-d2cf8741e81ba3823a555d37ccf685ff\" id=\"h-cricketfilter-en-ingles\" style=\"font-size:22px\"><strong>Cricketfilter\u00ae<\/strong> &#8211; <strong>En ingl\u00e9s<\/strong><\/h2>\n\n\n\n<p>El <strong><a href=\"https:\/\/www.amafiltration.com\/es\/productos\/sistemas\/cricketfilter\/\">Cricketfilter\u00ae<\/a><\/strong> es un sistema de filtraci\u00f3n a presi\u00f3n totalmente automatizado y autolimpiante, dise\u00f1ado para manejar l\u00edquidos viscosos, altas cargas de s\u00f3lidos y corrientes de alimentaci\u00f3n variables, caracter\u00edsticas comunes en la producci\u00f3n de biocombustibles y di\u00e9sel renovable.<\/p>\n\n\n\n<div class=\"wp-block-buttons is-layout-flex wp-block-buttons-is-layout-flex\">\n<div class=\"wp-block-button\"><a class=\"wp-block-button__link has-green-background-color has-background wp-element-button\" href=\"https:\/\/www.amafiltration.com\/wp-content\/uploads\/2025\/08\/Amafilter-and-Jonell-Systems-biodiesel-brochure-A4-.pdf\"><strong>Descargar cat\u00e1logo<\/strong><\/a><\/div>\n<\/div>\n<\/div><\/div>\n\n\n\n<div class=\"wp-block-columns is-layout-flex wp-container-core-columns-is-layout-9d6595d7 wp-block-columns-is-layout-flex\">\n<div class=\"wp-block-column is-layout-flow wp-block-column-is-layout-flow\">\n<p class=\"has-blue-color has-text-color has-link-color wp-elements-391d10390d2ee2245c8a3a5be4bf23e9\"><strong>Principales beneficios del Cricketfilter\u00ae para combustibles renovables:<\/strong><\/p>\n\n\n\n<ul class=\"wp-block-list\">\n<li><strong>Alta capacidad de manejo de s\u00f3lidos<\/strong> \u2013 Ideal para materias primas dif\u00edciles o impuras.<\/li>\n\n\n\n<li><strong>Operaci\u00f3n totalmente automatizada<\/strong> \u2013 Requiere m\u00ednima intervenci\u00f3n del operador.<\/li>\n\n\n\n<li><strong>Dise\u00f1o compacto<\/strong> \u2013 F\u00e1cil integraci\u00f3n en instalaciones nuevas o existentes.<\/li>\n\n\n\n<li><strong>Bajo mantenimiento<\/strong> \u2013 Largos ciclos de operaci\u00f3n y m\u00ednimos tiempos de inactividad.<\/li>\n\n\n\n<li><strong>Descarga de torta seca<\/strong> \u2013 Minimiza los residuos y mejora la eficiencia en la eliminaci\u00f3n.<\/li>\n\n\n\n<li><strong>Capacidad CIP (Clean-In-Place)<\/strong> \u2013 Permite la limpieza autom\u00e1tica sin desmontaje.<\/li>\n<\/ul>\n<\/div>\n\n\n\n<div class=\"wp-block-column is-layout-flow wp-block-column-is-layout-flow\">\n<p class=\"has-blue-color has-text-color has-link-color wp-elements-f6525e90a0c65ad4cf8945161a215119\">Confiado por los <strong>principales productores de biocombustibles y di\u00e9sel renovable<\/strong>, el <strong>Cricketfilter\u00ae<\/strong> contribuye a:<\/p>\n\n\n\n<ul class=\"wp-block-list\">\n<li><strong>Mejor calidad del producto final.<\/strong><\/li>\n\n\n\n<li><strong>Aumento de la capacidad de producci\u00f3n.<\/strong><\/li>\n\n\n\n<li><strong>Reducci\u00f3n de costes operativos.<\/strong><\/li>\n\n\n\n<li><strong>Mayor estabilidad del proceso.<\/strong><\/li>\n<\/ul>\n\n\n\n<p>Gracias a su <strong>dise\u00f1o totalmente cerrado<\/strong>, el Cricketfilter\u00ae ayuda a cumplir con los <strong>objetivos medioambientales y de sostenibilidad<\/strong>, garantizando un proceso eficiente, seguro y respetuoso con el entorno.<\/p>\n<\/div>\n<\/div>\n\n\n\n<div class=\"wp-block-cover alignfull\" style=\"min-height:320px;aspect-ratio:unset;\"><span aria-hidden=\"true\" class=\"wp-block-cover__background has-blue-background-color has-background-dim-100 has-background-dim\"><\/span><div class=\"wp-block-cover__inner-container is-layout-constrained wp-block-cover-is-layout-constrained\">\n<p class=\"has-text-align-center has-large-font-size\">\u00bfBusca optimizar su proceso de biocombustible o di\u00e9sel renovable?<\/p>\n\n\n\n<div class=\"wp-block-buttons is-content-justification-center is-layout-flex wp-container-core-buttons-is-layout-16018d1d wp-block-buttons-is-layout-flex\">\n<div class=\"wp-block-button is-style-outline is-style-outline--1\"><a class=\"wp-block-button__link has-white-color has-text-color has-link-color wp-element-button\" href=\"https:\/\/www.amafiltration.com\/es\/contacto\/\">Cont\u00e1ctenos hoy mismo.<\/a><\/div>\n<\/div>\n<\/div><\/div>\n\n\n\n<p><br><\/p>\n\n\n\n<p><strong>En Folleto disponible en ingl\u00e9s<\/strong><\/p>\n\n\n\n<div class=\"wp-block-columns alignwide is-layout-flex wp-container-core-columns-is-layout-9d6595d7 wp-block-columns-is-layout-flex\">\n<div class=\"wp-block-column is-vertically-aligned-top is-layout-flow wp-block-column-is-layout-flow\"><div class=\"wp-block-image\">\n<figure class=\"aligncenter size-full\"><a href=\"https:\/\/www.amafiltration.com\/wp-content\/uploads\/2023\/12\/Amafilter-and-Jonell-Systems-biodiesel-brochure-A4-.pdf\" target=\"_blank\" rel=\"noopener noreferrer\"><img loading=\"lazy\" decoding=\"async\" width=\"403\" height=\"570\" src=\"https:\/\/www.amafiltration.com\/wp-content\/uploads\/2020\/07\/Ama-JS-Biofuel-filtration.png\" alt=\"\" class=\"wp-image-818\" srcset=\"https:\/\/www.amafiltration.com\/wp-content\/uploads\/2020\/07\/Ama-JS-Biofuel-filtration.png 403w, https:\/\/www.amafiltration.com\/wp-content\/uploads\/2020\/07\/Ama-JS-Biofuel-filtration-212x300.png 212w\" sizes=\"auto, (max-width: 403px) 100vw, 403px\" \/><\/a><\/figure>\n<\/div>\n\n\n<div class=\"wp-block-buttons b is-horizontal is-content-justification-center is-layout-flex wp-container-core-buttons-is-layout-499968f5 wp-block-buttons-is-layout-flex\">\n<div class=\"wp-block-button btn-full-width\"><a class=\"wp-block-button__link has-blue-background-color has-background wp-element-button\" href=\"https:\/\/www.amafiltration.com\/wp-content\/uploads\/2023\/12\/Amafilter-and-Jonell-Systems-biodiesel-brochure-A4-.pdf\" target=\"_blank\" rel=\"noreferrer noopener\"><strong>Descargar<br>Cat\u00e1logo<\/strong><\/a><\/div>\n<\/div>\n<\/div>\n\n\n\n<div class=\"wp-block-column is-vertically-aligned-top is-layout-flow wp-block-column-is-layout-flow\"><div class=\"wp-block-image\">\n<figure class=\"aligncenter size-full\"><img loading=\"lazy\" decoding=\"async\" width=\"604\" height=\"852\" src=\"https:\/\/www.amafiltration.com\/wp-content\/uploads\/2023\/11\/Renewable.jpg\" alt=\"\" class=\"wp-image-2284\" srcset=\"https:\/\/www.amafiltration.com\/wp-content\/uploads\/2023\/11\/Renewable.jpg 604w, https:\/\/www.amafiltration.com\/wp-content\/uploads\/2023\/11\/Renewable-213x300.jpg 213w\" sizes=\"auto, (max-width: 604px) 100vw, 604px\" \/><\/figure>\n<\/div>\n\n\n<div class=\"wp-block-buttons is-horizontal is-content-justification-center is-layout-flex wp-container-core-buttons-is-layout-499968f5 wp-block-buttons-is-layout-flex\">\n<div class=\"wp-block-button btn-full-width\"><a class=\"wp-block-button__link has-green-background-color has-background wp-element-button\" href=\"https:\/\/www.amafiltration.com\/wp-content\/uploads\/2024\/01\/Amafilter-Renewable-Fuel-Cricketfilter-case-study.pdf\" target=\"_blank\" rel=\"noreferrer noopener\"><strong>Descargar<br>Caso de \u00e9xito<\/strong><\/a><\/div>\n<\/div>\n<\/div>\n\n\n\n<div class=\"wp-block-column is-layout-flow wp-block-column-is-layout-flow\"><div class=\"wp-block-image is-resized\">\n<figure class=\"aligncenter size-large\"><a href=\"https:\/\/www.amafiltration.com\/wp-content\/uploads\/2024\/01\/amafilter-Case-Study-Biodiesel-UCO-20210505.pdf\" target=\"_blank\" rel=\"noopener\"><img decoding=\"async\" src=\"https:\/\/www.jonellsystems.com\/wp-content\/uploads\/sites\/3\/2021\/05\/amafilter-Case-Study-BiodieselUCO.png\" alt=\"\" class=\"wp-image-7435\" \/><\/a><\/figure>\n<\/div>\n\n\n<div class=\"wp-block-buttons is-horizontal is-content-justification-center is-layout-flex wp-container-core-buttons-is-layout-499968f5 wp-block-buttons-is-layout-flex\">\n<div class=\"wp-block-button btn-full-width\"><a class=\"wp-block-button__link has-green-background-color has-background wp-element-button\" href=\"https:\/\/www.amafiltration.com\/wp-content\/uploads\/2024\/01\/amafilter-Case-Study-Biodiesel-UCO-20210505.pdf\" target=\"_blank\" rel=\"noreferrer noopener\"><strong>Descargar<br>Caso de \u00e9xito<\/strong><\/a><\/div>\n<\/div>\n<\/div>\n\n\n\n<div class=\"wp-block-column is-layout-flow wp-block-column-is-layout-flow\" style=\"flex-basis:40%\">\n<p class=\"has-text-align-center has-white-color has-medium-gray-background-color has-text-color has-background\"><strong>\u00a1Veamos tu caso hoy mismo!<\/strong><\/p>\n\n\n\n<div class=\"wp-block-media-text is-stacked-on-mobile is-image-fill-element\" style=\"grid-template-columns:40% auto\"><figure class=\"wp-block-media-text__media\"><img decoding=\"async\" src=\"https:\/\/www.jonellsystems.com\/wp-content\/uploads\/sites\/3\/2020\/04\/contact_thumbnail.jpg\" alt=\"\" class=\"wp-image-2429 size-full\" style=\"object-position:6% 20%\" \/><\/figure><div class=\"wp-block-media-text__content\">\n<p>Descubre c\u00f3mo amafilter\u00ae, parte de Filtration Group, puede ayudarte a resolver tus desaf\u00edos de filtraci\u00f3n s\u00f3lido-l\u00edquido y a optimizar tus procesos.<\/p>\n\n\n\n<div class=\"wp-block-buttons is-layout-flex wp-block-buttons-is-layout-flex\">\n<div class=\"wp-block-button\"><a class=\"wp-block-button__link wp-element-button\" href=\"https:\/\/www.amafiltration.com\/es\/contacto\/\"><strong>Contacto<\/strong><\/a><\/div>\n<\/div>\n<\/div><\/div>\n<\/div>\n<\/div>\n","protected":false},"excerpt":{"rendered":"<p>Soluciones de filtraci\u00f3n para combustibles renovables Adem\u00e1s de los avances en filtraci\u00f3n mec\u00e1nica, Amafilter\u00ae ha fortalecido su integraci\u00f3n con PCI Membranes\u00ae, permitiendo la combinaci\u00f3n de filtraci\u00f3n por torta con tecnolog\u00edas avanzadas de separaci\u00f3n por membranas para pulido, fraccionamiento y eliminaci\u00f3n de impurezas. Al ofrecer soluciones de proceso completas, ayudamos a los productores a alcanzar tanto [&hellip;]<\/p>\n","protected":false},"author":8,"featured_media":0,"parent":0,"menu_order":0,"comment_status":"closed","ping_status":"closed","template":"","meta":{"_acf_changed":false,"footnotes":""},"class_list":["post-3988","page","type-page","status-publish","hentry"],"acf":[],"yoast_head":"<!-- This site is optimized with the Yoast SEO Premium plugin v27.3 (Yoast SEO v27.3) - https:\/\/yoast.com\/product\/yoast-seo-premium-wordpress\/ -->\n<title>Combustibles renovables - Amafilter\u00ae<\/title>\n<meta name=\"robots\" content=\"index, follow, max-snippet:-1, max-image-preview:large, max-video-preview:-1\" \/>\n<link rel=\"canonical\" href=\"https:\/\/www.amafiltration.com\/es\/soluciones-colaborativas-para-una-eficiencia-maxima\/\" \/>\n<meta property=\"og:locale\" content=\"es_ES\" \/>\n<meta property=\"og:type\" content=\"article\" \/>\n<meta property=\"og:title\" content=\"Combustibles renovables\" \/>\n<meta property=\"og:description\" content=\"Biocombustibles Soluciones de filtraci\u00f3n para combustibles renovables Adem\u00e1s de los avances en filtraci\u00f3n mec\u00e1nica, Amafilter\u00ae ha fortalecido su\" \/>\n<meta property=\"og:url\" content=\"https:\/\/www.amafiltration.com\/es\/soluciones-colaborativas-para-una-eficiencia-maxima\/\" \/>\n<meta property=\"og:site_name\" content=\"Amafilter\u00ae\" \/>\n<meta property=\"article:modified_time\" content=\"2026-02-03T17:16:12+00:00\" \/>\n<meta property=\"og:image\" content=\"https:\/\/www.amafiltration.com\/wp-content\/uploads\/2025\/02\/iStock-907966126-scaled.jpg\" \/>\n\t<meta property=\"og:image:width\" content=\"2560\" \/>\n\t<meta property=\"og:image:height\" content=\"1634\" \/>\n\t<meta property=\"og:image:type\" content=\"image\/jpeg\" \/>\n<meta name=\"twitter:card\" content=\"summary_large_image\" \/>\n<meta name=\"twitter:label1\" content=\"Est. reading time\" \/>\n\t<meta name=\"twitter:data1\" content=\"4 minutos\" \/>\n<script type=\"application\/ld+json\" class=\"yoast-schema-graph\">{\"@context\":\"https:\\\/\\\/schema.org\",\"@graph\":[{\"@type\":\"WebPage\",\"@id\":\"https:\\\/\\\/www.amafiltration.com\\\/es\\\/soluciones-colaborativas-para-una-eficiencia-maxima\\\/\",\"url\":\"https:\\\/\\\/www.amafiltration.com\\\/es\\\/soluciones-colaborativas-para-una-eficiencia-maxima\\\/\",\"name\":\"Combustibles renovables - Amafilter\u00ae\",\"isPartOf\":{\"@id\":\"https:\\\/\\\/www.amafiltration.com\\\/es\\\/#website\"},\"primaryImageOfPage\":{\"@id\":\"https:\\\/\\\/www.amafiltration.com\\\/es\\\/soluciones-colaborativas-para-una-eficiencia-maxima\\\/#primaryimage\"},\"image\":{\"@id\":\"https:\\\/\\\/www.amafiltration.com\\\/es\\\/soluciones-colaborativas-para-una-eficiencia-maxima\\\/#primaryimage\"},\"thumbnailUrl\":\"https:\\\/\\\/www.amafiltration.com\\\/wp-content\\\/uploads\\\/2025\\\/02\\\/iStock-907966126-scaled.jpg\",\"datePublished\":\"2025-10-21T15:38:34+00:00\",\"dateModified\":\"2026-02-03T17:16:12+00:00\",\"breadcrumb\":{\"@id\":\"https:\\\/\\\/www.amafiltration.com\\\/es\\\/soluciones-colaborativas-para-una-eficiencia-maxima\\\/#breadcrumb\"},\"inLanguage\":\"es\",\"potentialAction\":[{\"@type\":\"ReadAction\",\"target\":[\"https:\\\/\\\/www.amafiltration.com\\\/es\\\/soluciones-colaborativas-para-una-eficiencia-maxima\\\/\"]}]},{\"@type\":\"ImageObject\",\"inLanguage\":\"es\",\"@id\":\"https:\\\/\\\/www.amafiltration.com\\\/es\\\/soluciones-colaborativas-para-una-eficiencia-maxima\\\/#primaryimage\",\"url\":\"https:\\\/\\\/www.amafiltration.com\\\/wp-content\\\/uploads\\\/2025\\\/02\\\/iStock-907966126-scaled.jpg\",\"contentUrl\":\"https:\\\/\\\/www.amafiltration.com\\\/wp-content\\\/uploads\\\/2025\\\/02\\\/iStock-907966126-scaled.jpg\"},{\"@type\":\"BreadcrumbList\",\"@id\":\"https:\\\/\\\/www.amafiltration.com\\\/es\\\/soluciones-colaborativas-para-una-eficiencia-maxima\\\/#breadcrumb\",\"itemListElement\":[{\"@type\":\"ListItem\",\"position\":1,\"name\":\"Home\",\"item\":\"https:\\\/\\\/www.amafiltration.com\\\/es\\\/\"},{\"@type\":\"ListItem\",\"position\":2,\"name\":\"Combustibles renovables\"}]},{\"@type\":\"WebSite\",\"@id\":\"https:\\\/\\\/www.amafiltration.com\\\/es\\\/#website\",\"url\":\"https:\\\/\\\/www.amafiltration.com\\\/es\\\/\",\"name\":\"FGC\",\"description\":\"Making the World Safer, Healthier and More Productive\u00ae\",\"publisher\":{\"@id\":\"https:\\\/\\\/www.amafiltration.com\\\/es\\\/#organization\"},\"potentialAction\":[{\"@type\":\"SearchAction\",\"target\":{\"@type\":\"EntryPoint\",\"urlTemplate\":\"https:\\\/\\\/www.amafiltration.com\\\/es\\\/?s={search_term_string}\"},\"query-input\":{\"@type\":\"PropertyValueSpecification\",\"valueRequired\":true,\"valueName\":\"search_term_string\"}}],\"inLanguage\":\"es\"},{\"@type\":\"Organization\",\"@id\":\"https:\\\/\\\/www.amafiltration.com\\\/es\\\/#organization\",\"name\":\"Filtration Group\",\"url\":\"https:\\\/\\\/www.amafiltration.com\\\/es\\\/\",\"logo\":{\"@type\":\"ImageObject\",\"inLanguage\":\"es\",\"@id\":\"https:\\\/\\\/www.amafiltration.com\\\/es\\\/#\\\/schema\\\/logo\\\/image\\\/\",\"url\":\"https:\\\/\\\/www.amafiltration.com\\\/wp-content\\\/uploads\\\/2019\\\/06\\\/FGC-logo-1.png\",\"contentUrl\":\"https:\\\/\\\/www.amafiltration.com\\\/wp-content\\\/uploads\\\/2019\\\/06\\\/FGC-logo-1.png\",\"width\":1104,\"height\":224,\"caption\":\"Filtration Group\"},\"image\":{\"@id\":\"https:\\\/\\\/www.amafiltration.com\\\/es\\\/#\\\/schema\\\/logo\\\/image\\\/\"}}]}<\/script>\n<!-- \/ Yoast SEO Premium plugin. -->","yoast_head_json":{"title":"Combustibles renovables - Amafilter\u00ae","robots":{"index":"index","follow":"follow","max-snippet":"max-snippet:-1","max-image-preview":"max-image-preview:large","max-video-preview":"max-video-preview:-1"},"canonical":"https:\/\/www.amafiltration.com\/es\/soluciones-colaborativas-para-una-eficiencia-maxima\/","og_locale":"es_ES","og_type":"article","og_title":"Combustibles renovables","og_description":"Biocombustibles Soluciones de filtraci\u00f3n para combustibles renovables Adem\u00e1s de los avances en filtraci\u00f3n mec\u00e1nica, Amafilter\u00ae ha fortalecido su","og_url":"https:\/\/www.amafiltration.com\/es\/soluciones-colaborativas-para-una-eficiencia-maxima\/","og_site_name":"Amafilter\u00ae","article_modified_time":"2026-02-03T17:16:12+00:00","og_image":[{"width":2560,"height":1634,"url":"https:\/\/www.amafiltration.com\/wp-content\/uploads\/2025\/02\/iStock-907966126-scaled.jpg","type":"image\/jpeg"}],"twitter_card":"summary_large_image","twitter_misc":{"Est. reading time":"4 minutos"},"schema":{"@context":"https:\/\/schema.org","@graph":[{"@type":"WebPage","@id":"https:\/\/www.amafiltration.com\/es\/soluciones-colaborativas-para-una-eficiencia-maxima\/","url":"https:\/\/www.amafiltration.com\/es\/soluciones-colaborativas-para-una-eficiencia-maxima\/","name":"Combustibles renovables - Amafilter\u00ae","isPartOf":{"@id":"https:\/\/www.amafiltration.com\/es\/#website"},"primaryImageOfPage":{"@id":"https:\/\/www.amafiltration.com\/es\/soluciones-colaborativas-para-una-eficiencia-maxima\/#primaryimage"},"image":{"@id":"https:\/\/www.amafiltration.com\/es\/soluciones-colaborativas-para-una-eficiencia-maxima\/#primaryimage"},"thumbnailUrl":"https:\/\/www.amafiltration.com\/wp-content\/uploads\/2025\/02\/iStock-907966126-scaled.jpg","datePublished":"2025-10-21T15:38:34+00:00","dateModified":"2026-02-03T17:16:12+00:00","breadcrumb":{"@id":"https:\/\/www.amafiltration.com\/es\/soluciones-colaborativas-para-una-eficiencia-maxima\/#breadcrumb"},"inLanguage":"es","potentialAction":[{"@type":"ReadAction","target":["https:\/\/www.amafiltration.com\/es\/soluciones-colaborativas-para-una-eficiencia-maxima\/"]}]},{"@type":"ImageObject","inLanguage":"es","@id":"https:\/\/www.amafiltration.com\/es\/soluciones-colaborativas-para-una-eficiencia-maxima\/#primaryimage","url":"https:\/\/www.amafiltration.com\/wp-content\/uploads\/2025\/02\/iStock-907966126-scaled.jpg","contentUrl":"https:\/\/www.amafiltration.com\/wp-content\/uploads\/2025\/02\/iStock-907966126-scaled.jpg"},{"@type":"BreadcrumbList","@id":"https:\/\/www.amafiltration.com\/es\/soluciones-colaborativas-para-una-eficiencia-maxima\/#breadcrumb","itemListElement":[{"@type":"ListItem","position":1,"name":"Home","item":"https:\/\/www.amafiltration.com\/es\/"},{"@type":"ListItem","position":2,"name":"Combustibles renovables"}]},{"@type":"WebSite","@id":"https:\/\/www.amafiltration.com\/es\/#website","url":"https:\/\/www.amafiltration.com\/es\/","name":"FGC","description":"Making the World Safer, Healthier and More Productive\u00ae","publisher":{"@id":"https:\/\/www.amafiltration.com\/es\/#organization"},"potentialAction":[{"@type":"SearchAction","target":{"@type":"EntryPoint","urlTemplate":"https:\/\/www.amafiltration.com\/es\/?s={search_term_string}"},"query-input":{"@type":"PropertyValueSpecification","valueRequired":true,"valueName":"search_term_string"}}],"inLanguage":"es"},{"@type":"Organization","@id":"https:\/\/www.amafiltration.com\/es\/#organization","name":"Filtration Group","url":"https:\/\/www.amafiltration.com\/es\/","logo":{"@type":"ImageObject","inLanguage":"es","@id":"https:\/\/www.amafiltration.com\/es\/#\/schema\/logo\/image\/","url":"https:\/\/www.amafiltration.com\/wp-content\/uploads\/2019\/06\/FGC-logo-1.png","contentUrl":"https:\/\/www.amafiltration.com\/wp-content\/uploads\/2019\/06\/FGC-logo-1.png","width":1104,"height":224,"caption":"Filtration Group"},"image":{"@id":"https:\/\/www.amafiltration.com\/es\/#\/schema\/logo\/image\/"}}]}},"_links":{"self":[{"href":"https:\/\/www.amafiltration.com\/es\/wp-json\/wp\/v2\/pages\/3988","targetHints":{"allow":["GET"]}}],"collection":[{"href":"https:\/\/www.amafiltration.com\/es\/wp-json\/wp\/v2\/pages"}],"about":[{"href":"https:\/\/www.amafiltration.com\/es\/wp-json\/wp\/v2\/types\/page"}],"author":[{"embeddable":true,"href":"https:\/\/www.amafiltration.com\/es\/wp-json\/wp\/v2\/users\/8"}],"replies":[{"embeddable":true,"href":"https:\/\/www.amafiltration.com\/es\/wp-json\/wp\/v2\/comments?post=3988"}],"version-history":[{"count":0,"href":"https:\/\/www.amafiltration.com\/es\/wp-json\/wp\/v2\/pages\/3988\/revisions"}],"wp:attachment":[{"href":"https:\/\/www.amafiltration.com\/es\/wp-json\/wp\/v2\/media?parent=3988"}],"curies":[{"name":"wp","href":"https:\/\/api.w.org\/{rel}","templated":true}]}}