{"id":4016,"date":"2025-10-28T13:42:43","date_gmt":"2025-10-28T13:42:43","guid":{"rendered":"https:\/\/www.amafiltration.com\/?page_id=4016"},"modified":"2025-12-09T13:28:44","modified_gmt":"2025-12-09T13:28:44","slug":"sobre-nosotros","status":"publish","type":"page","link":"https:\/\/www.amafiltration.com\/es\/sobre-nosotros\/","title":{"rendered":"Sobre nosotros"},"content":{"rendered":"\n<div class=\"wp-block-cover alignfull is-light\" style=\"min-height:350px;aspect-ratio:unset;\"><img loading=\"lazy\" decoding=\"async\" width=\"1920\" height=\"1080\" class=\"wp-block-cover__image-background wp-image-3040\" alt=\"\" src=\"https:\/\/www.amafiltration.com\/wp-content\/uploads\/2024\/06\/Filtration_Group_Corporate_Movie_V1.00_01_49_35.Still038-1.jpg\" style=\"object-position:42% 55%\" data-object-fit=\"cover\" data-object-position=\"42% 55%\" srcset=\"https:\/\/www.amafiltration.com\/wp-content\/uploads\/2024\/06\/Filtration_Group_Corporate_Movie_V1.00_01_49_35.Still038-1.jpg 1920w, https:\/\/www.amafiltration.com\/wp-content\/uploads\/2024\/06\/Filtration_Group_Corporate_Movie_V1.00_01_49_35.Still038-1-300x169.jpg 300w, https:\/\/www.amafiltration.com\/wp-content\/uploads\/2024\/06\/Filtration_Group_Corporate_Movie_V1.00_01_49_35.Still038-1-1024x576.jpg 1024w, https:\/\/www.amafiltration.com\/wp-content\/uploads\/2024\/06\/Filtration_Group_Corporate_Movie_V1.00_01_49_35.Still038-1-768x432.jpg 768w, https:\/\/www.amafiltration.com\/wp-content\/uploads\/2024\/06\/Filtration_Group_Corporate_Movie_V1.00_01_49_35.Still038-1-1536x864.jpg 1536w\" sizes=\"auto, (max-width: 1920px) 100vw, 1920px\" \/><span aria-hidden=\"true\" class=\"wp-block-cover__background has-background-dim\"><\/span><div class=\"wp-block-cover__inner-container is-layout-flow wp-block-cover-is-layout-flow\">\n<h1 class=\"wp-block-heading has-text-align-center has-white-color has-text-color\" id=\"h-sobre-amafilter\">Sobre Amafilter\u00ae<\/h1>\n<\/div><\/div>\n\n\n\n<div class=\"wp-block-columns alignwide is-layout-flex wp-container-core-columns-is-layout-9d6595d7 wp-block-columns-is-layout-flex\">\n<div class=\"wp-block-column is-layout-flow wp-block-column-is-layout-flow\" style=\"flex-basis:66.66%\">\n<h2 class=\"wp-block-heading\" id=\"h-amafilter-nuestro-legado\">Amafilter\u00ae &#8211; Nuestro legado<\/h2>\n\n\n\n<p>Desde la d\u00e9cada de 1930, Amafilter\u00ae, ahora parte de Filtration Group\u00ae, es un l\u00edder mundial en el dise\u00f1o y fabricaci\u00f3n de sistemas de filtraci\u00f3n s\u00f3lido-l\u00edquido para las industrias de alimentos y bebidas, qu\u00edmica y de minerales, ofreciendo soluciones confiables y de alto rendimiento para las necesidades de filtraci\u00f3n industrial. Contamos con una amplia gama de productos de filtraci\u00f3n y brindamos soporte a nuestros clientes en todo el mundo a trav\u00e9s de una red de agentes con los que hemos construido s\u00f3lidas alianzas. Puede encontrar m\u00e1s detalles en nuestra p\u00e1gina de ubicaciones.<\/p>\n<\/div>\n<\/div>\n\n\n\n<div style=\"height:50px\" aria-hidden=\"true\" class=\"wp-block-spacer\"><\/div>\n\n\n\n<div class=\"wp-block-columns alignwide grayblock is-layout-flex wp-container-core-columns-is-layout-9d6595d7 wp-block-columns-is-layout-flex\">\n<div class=\"wp-block-column is-layout-flow wp-block-column-is-layout-flow\" style=\"flex-basis:50%\">\n<h3 class=\"wp-block-heading\" id=\"h-1930-s-amafilter\"><strong>1930\u2019s Amafilter\u00ae<\/strong><\/h3>\n\n\n\n<figure class=\"wp-block-image size-full is-resized\"><img loading=\"lazy\" decoding=\"async\" width=\"640\" height=\"224\" src=\"https:\/\/www.amafiltration.com\/wp-content\/uploads\/2020\/06\/amafilter-logo.png\" alt=\"\" class=\"wp-image-519\" style=\"width:auto;height:150px\" srcset=\"https:\/\/www.amafiltration.com\/wp-content\/uploads\/2020\/06\/amafilter-logo.png 640w, https:\/\/www.amafiltration.com\/wp-content\/uploads\/2020\/06\/amafilter-logo-300x105.png 300w\" sizes=\"auto, (max-width: 640px) 100vw, 640px\" \/><\/figure>\n\n\n\n<p>En la d\u00e9cada de 1930, el Sr. L. Benjamins fund\u00f3 una empresa con sede en \u00c1msterdam, Pa\u00edses Bajos, dedicada a la venta de consumibles y repuestos para filtraci\u00f3n. Tras el final de la Segunda Guerra Mundial en 1945, el Sr. L. Benjamins y su hijo comenzaron a importar y, poco despu\u00e9s, a fabricar los \u201cfiltros Niagara\u201d, que comercializaron bajo la marca \u201cAmsterdamse Machine- en Apparatenfabriek\u201d (amafilter\u00ae). Sus principales l\u00edneas de productos eran filtros de hojas verticales a presi\u00f3n para la industria de alimentos y bebidas, los cuales tambi\u00e9n empezaron a exportar a nivel mundial. Debido a su r\u00e1pido crecimiento, amafilter\u00ae ampli\u00f3 su producci\u00f3n a unas instalaciones m\u00e1s grandes en Alkmaar, Pa\u00edses Bajos.<\/p>\n\n\n\n<p>Desde esta nueva ubicaci\u00f3n, amafilter\u00ae continu\u00f3 dise\u00f1ando y desarrollando nuevos sistemas de filtraci\u00f3n para ampliar sus l\u00edneas de productos. La marca amafilter\u00ae pronto se gan\u00f3 una reputaci\u00f3n por su calidad e innovaci\u00f3n tecnol\u00f3gica, convirti\u00e9ndose en un nombre consolidado en el mercado global de la filtraci\u00f3n s\u00f3lido-l\u00edquido.<\/p>\n<\/div>\n\n\n\n<div class=\"wp-block-column is-layout-flow wp-block-column-is-layout-flow\" style=\"flex-basis:50%\">\n<h3 class=\"wp-block-heading has-text-align-left\" id=\"h-1979-lfc-lochem\"><strong>1979 LFC-Lochem<\/strong><\/h3>\n\n\n\n<figure class=\"wp-block-image size-full is-resized\"><img loading=\"lazy\" decoding=\"async\" width=\"687\" height=\"224\" src=\"https:\/\/www.amafiltration.com\/wp-content\/uploads\/2020\/06\/LFC-Lochem-logo-1.png\" alt=\"\" class=\"wp-image-667\" style=\"width:auto;height:150px\" srcset=\"https:\/\/www.amafiltration.com\/wp-content\/uploads\/2020\/06\/LFC-Lochem-logo-1.png 687w, https:\/\/www.amafiltration.com\/wp-content\/uploads\/2020\/06\/LFC-Lochem-logo-1-300x98.png 300w\" sizes=\"auto, (max-width: 687px) 100vw, 687px\" \/><\/figure>\n\n\n\n<p>En 1979, tres empleados que trabajaban en una f\u00e1brica de maquinaria con sede en Arnhem, Pa\u00edses Bajos, decidieron fundar su propia empresa para fabricar filtros de hojas a presi\u00f3n y comenzaron a operar bajo el nombre de \u201cLiquid Filtration Consultants\u201d o \u201cLFC Lochem\u00ae\u201d. La empresa adquiri\u00f3 r\u00e1pidamente una excelente reputaci\u00f3n como una compa\u00f1\u00eda innovadora en ingenier\u00eda y fabricaci\u00f3n, especializada en tecnolog\u00eda de filtraci\u00f3n de l\u00edquidos.<\/p>\n\n\n\n<p>Con el paso de los a\u00f1os, LFC Lochem\u00ae desarroll\u00f3 una amplia gama de productos de filtraci\u00f3n de alta calidad, adecuados para una gran variedad de aplicaciones, y consolid\u00f3 una excelente reputaci\u00f3n en el campo de la tecnolog\u00eda de filtraci\u00f3n, destacando por su capacidad para responder con rapidez a las solicitudes espec\u00edficas de los clientes.<\/p>\n<\/div>\n<\/div>\n\n\n\n<div style=\"height:50px\" aria-hidden=\"true\" class=\"wp-block-spacer\"><\/div>\n\n\n\n<h3 class=\"wp-block-heading\" id=\"h-amafilter-group-and-mahle\"><strong>Amafilter\u00ae group and Mahle<\/strong><\/h3>\n\n\n\n<p>Amafilter\u00ae y LFC-Lochem\u00ae fueron adquiridas por Amafilter\u00ae Group junto con otras empresas de filtraci\u00f3n, entre ellas: Eurofiltec (Francia), Vanpipe (Reino Unido), Falban Filtri (Italia) y Nowata (EE. UU.). Amafilter\u00ae Group BV ofrec\u00eda una completa gama de consumibles y sistemas para aplicaciones de filtraci\u00f3n y separaci\u00f3n. Sus servicios inclu\u00edan dise\u00f1o, pruebas y puesta en marcha. La empresa se especializaba en las industrias de alimentos y bebidas, agua, productos qu\u00edmicos, farmac\u00e9utica, petr\u00f3leo y gas, cosm\u00e9tica y generaci\u00f3n de energ\u00eda. Su sede central se encontraba en Alkmaar, Pa\u00edses Bajos.<\/p>\n\n\n\n<p>El 30 de septiembre de 2008, Amafilter\u00ae Group BV fue adquirida por Mahle Filtersysteme GmbH. Ocho a\u00f1os m\u00e1s tarde, Mahle Industrial Filtration fue adquirida por Filtration Group, reuniendo as\u00ed a empresas de filtraci\u00f3n l\u00edderes en su clase, comprometidas con limpiar el aire, reducir las emisiones de carbono, aumentar la eficiencia energ\u00e9tica y mantener seguros los alimentos, el agua y los procedimientos m\u00e9dicos.<\/p>\n\n\n\n<p>Con m\u00e1s de 9.000 empleados en 27 pa\u00edses y 165 ubicaciones, Filtration Group ofrece un valor excepcional a los l\u00edderes industriales de todo el mundo y fomenta una cultura de innovaci\u00f3n continua gracias a sus centros dedicados de investigaci\u00f3n y desarrollo y plantas de producci\u00f3n en todo el planeta.<\/p>\n\n\n\n<p><a href=\"\/es\/locations\">Ver nuestras ubicaciones<\/a><\/p>\n","protected":false},"excerpt":{"rendered":"<p>Amafilter\u00ae &#8211; Nuestro legado Desde la d\u00e9cada de 1930, Amafilter\u00ae, ahora parte de Filtration Group\u00ae, es un l\u00edder mundial en el dise\u00f1o y fabricaci\u00f3n de sistemas de filtraci\u00f3n s\u00f3lido-l\u00edquido para las industrias de alimentos y bebidas, qu\u00edmica y de minerales, ofreciendo soluciones confiables y de alto rendimiento para las necesidades de filtraci\u00f3n industrial. Contamos con [&hellip;]<\/p>\n","protected":false},"author":8,"featured_media":0,"parent":0,"menu_order":0,"comment_status":"closed","ping_status":"closed","template":"","meta":{"_acf_changed":false,"footnotes":""},"class_list":["post-4016","page","type-page","status-publish","hentry"],"acf":[],"yoast_head":"<!-- This site is optimized with the Yoast SEO Premium plugin v27.3 (Yoast SEO v27.3) - https:\/\/yoast.com\/product\/yoast-seo-premium-wordpress\/ -->\n<title>Sobre nosotros - Amafilter\u00ae<\/title>\n<meta name=\"robots\" content=\"index, follow, max-snippet:-1, max-image-preview:large, max-video-preview:-1\" \/>\n<link rel=\"canonical\" href=\"https:\/\/www.amafiltration.com\/es\/sobre-nosotros\/\" \/>\n<meta property=\"og:locale\" content=\"es_ES\" \/>\n<meta property=\"og:type\" content=\"article\" \/>\n<meta property=\"og:title\" content=\"Sobre nosotros\" \/>\n<meta property=\"og:description\" content=\"Sobre Amafilter\u00ae Amafilter\u00ae - Nuestro legado Desde la d\u00e9cada de 1930, Amafilter\u00ae, ahora parte de Filtration Group\u00ae, es un l\u00edder mundial en el dise\u00f1o y\" \/>\n<meta property=\"og:url\" content=\"https:\/\/www.amafiltration.com\/es\/sobre-nosotros\/\" \/>\n<meta property=\"og:site_name\" content=\"Amafilter\u00ae\" \/>\n<meta property=\"article:modified_time\" content=\"2025-12-09T13:28:44+00:00\" \/>\n<meta property=\"og:image\" content=\"https:\/\/www.amafiltration.com\/wp-content\/uploads\/2024\/06\/Filtration_Group_Corporate_Movie_V1.00_01_49_35.Still038-1.jpg\" \/>\n\t<meta property=\"og:image:width\" content=\"1920\" \/>\n\t<meta property=\"og:image:height\" content=\"1080\" \/>\n\t<meta property=\"og:image:type\" content=\"image\/jpeg\" \/>\n<meta name=\"twitter:card\" content=\"summary_large_image\" \/>\n<meta name=\"twitter:label1\" content=\"Est. reading time\" \/>\n\t<meta name=\"twitter:data1\" content=\"4 minutos\" \/>\n<script type=\"application\/ld+json\" class=\"yoast-schema-graph\">{\"@context\":\"https:\\\/\\\/schema.org\",\"@graph\":[{\"@type\":\"WebPage\",\"@id\":\"https:\\\/\\\/www.amafiltration.com\\\/es\\\/sobre-nosotros\\\/\",\"url\":\"https:\\\/\\\/www.amafiltration.com\\\/es\\\/sobre-nosotros\\\/\",\"name\":\"Sobre nosotros - Amafilter\u00ae\",\"isPartOf\":{\"@id\":\"https:\\\/\\\/www.amafiltration.com\\\/es\\\/#website\"},\"primaryImageOfPage\":{\"@id\":\"https:\\\/\\\/www.amafiltration.com\\\/es\\\/sobre-nosotros\\\/#primaryimage\"},\"image\":{\"@id\":\"https:\\\/\\\/www.amafiltration.com\\\/es\\\/sobre-nosotros\\\/#primaryimage\"},\"thumbnailUrl\":\"https:\\\/\\\/www.amafiltration.com\\\/wp-content\\\/uploads\\\/2024\\\/06\\\/Filtration_Group_Corporate_Movie_V1.00_01_49_35.Still038-1.jpg\",\"datePublished\":\"2025-10-28T13:42:43+00:00\",\"dateModified\":\"2025-12-09T13:28:44+00:00\",\"breadcrumb\":{\"@id\":\"https:\\\/\\\/www.amafiltration.com\\\/es\\\/sobre-nosotros\\\/#breadcrumb\"},\"inLanguage\":\"es\",\"potentialAction\":[{\"@type\":\"ReadAction\",\"target\":[\"https:\\\/\\\/www.amafiltration.com\\\/es\\\/sobre-nosotros\\\/\"]}]},{\"@type\":\"ImageObject\",\"inLanguage\":\"es\",\"@id\":\"https:\\\/\\\/www.amafiltration.com\\\/es\\\/sobre-nosotros\\\/#primaryimage\",\"url\":\"https:\\\/\\\/www.amafiltration.com\\\/wp-content\\\/uploads\\\/2024\\\/06\\\/Filtration_Group_Corporate_Movie_V1.00_01_49_35.Still038-1.jpg\",\"contentUrl\":\"https:\\\/\\\/www.amafiltration.com\\\/wp-content\\\/uploads\\\/2024\\\/06\\\/Filtration_Group_Corporate_Movie_V1.00_01_49_35.Still038-1.jpg\"},{\"@type\":\"BreadcrumbList\",\"@id\":\"https:\\\/\\\/www.amafiltration.com\\\/es\\\/sobre-nosotros\\\/#breadcrumb\",\"itemListElement\":[{\"@type\":\"ListItem\",\"position\":1,\"name\":\"Home\",\"item\":\"https:\\\/\\\/www.amafiltration.com\\\/es\\\/\"},{\"@type\":\"ListItem\",\"position\":2,\"name\":\"Sobre nosotros\"}]},{\"@type\":\"WebSite\",\"@id\":\"https:\\\/\\\/www.amafiltration.com\\\/es\\\/#website\",\"url\":\"https:\\\/\\\/www.amafiltration.com\\\/es\\\/\",\"name\":\"FGC\",\"description\":\"Making the World Safer, Healthier and More Productive\u00ae\",\"publisher\":{\"@id\":\"https:\\\/\\\/www.amafiltration.com\\\/es\\\/#organization\"},\"potentialAction\":[{\"@type\":\"SearchAction\",\"target\":{\"@type\":\"EntryPoint\",\"urlTemplate\":\"https:\\\/\\\/www.amafiltration.com\\\/es\\\/?s={search_term_string}\"},\"query-input\":{\"@type\":\"PropertyValueSpecification\",\"valueRequired\":true,\"valueName\":\"search_term_string\"}}],\"inLanguage\":\"es\"},{\"@type\":\"Organization\",\"@id\":\"https:\\\/\\\/www.amafiltration.com\\\/es\\\/#organization\",\"name\":\"Filtration Group\",\"url\":\"https:\\\/\\\/www.amafiltration.com\\\/es\\\/\",\"logo\":{\"@type\":\"ImageObject\",\"inLanguage\":\"es\",\"@id\":\"https:\\\/\\\/www.amafiltration.com\\\/es\\\/#\\\/schema\\\/logo\\\/image\\\/\",\"url\":\"https:\\\/\\\/www.amafiltration.com\\\/wp-content\\\/uploads\\\/2019\\\/06\\\/FGC-logo-1.png\",\"contentUrl\":\"https:\\\/\\\/www.amafiltration.com\\\/wp-content\\\/uploads\\\/2019\\\/06\\\/FGC-logo-1.png\",\"width\":1104,\"height\":224,\"caption\":\"Filtration Group\"},\"image\":{\"@id\":\"https:\\\/\\\/www.amafiltration.com\\\/es\\\/#\\\/schema\\\/logo\\\/image\\\/\"}}]}<\/script>\n<!-- \/ Yoast SEO Premium plugin. -->","yoast_head_json":{"title":"Sobre nosotros - Amafilter\u00ae","robots":{"index":"index","follow":"follow","max-snippet":"max-snippet:-1","max-image-preview":"max-image-preview:large","max-video-preview":"max-video-preview:-1"},"canonical":"https:\/\/www.amafiltration.com\/es\/sobre-nosotros\/","og_locale":"es_ES","og_type":"article","og_title":"Sobre nosotros","og_description":"Sobre Amafilter\u00ae Amafilter\u00ae - Nuestro legado Desde la d\u00e9cada de 1930, Amafilter\u00ae, ahora parte de Filtration Group\u00ae, es un l\u00edder mundial en el dise\u00f1o y","og_url":"https:\/\/www.amafiltration.com\/es\/sobre-nosotros\/","og_site_name":"Amafilter\u00ae","article_modified_time":"2025-12-09T13:28:44+00:00","og_image":[{"width":1920,"height":1080,"url":"https:\/\/www.amafiltration.com\/wp-content\/uploads\/2024\/06\/Filtration_Group_Corporate_Movie_V1.00_01_49_35.Still038-1.jpg","type":"image\/jpeg"}],"twitter_card":"summary_large_image","twitter_misc":{"Est. reading time":"4 minutos"},"schema":{"@context":"https:\/\/schema.org","@graph":[{"@type":"WebPage","@id":"https:\/\/www.amafiltration.com\/es\/sobre-nosotros\/","url":"https:\/\/www.amafiltration.com\/es\/sobre-nosotros\/","name":"Sobre nosotros - Amafilter\u00ae","isPartOf":{"@id":"https:\/\/www.amafiltration.com\/es\/#website"},"primaryImageOfPage":{"@id":"https:\/\/www.amafiltration.com\/es\/sobre-nosotros\/#primaryimage"},"image":{"@id":"https:\/\/www.amafiltration.com\/es\/sobre-nosotros\/#primaryimage"},"thumbnailUrl":"https:\/\/www.amafiltration.com\/wp-content\/uploads\/2024\/06\/Filtration_Group_Corporate_Movie_V1.00_01_49_35.Still038-1.jpg","datePublished":"2025-10-28T13:42:43+00:00","dateModified":"2025-12-09T13:28:44+00:00","breadcrumb":{"@id":"https:\/\/www.amafiltration.com\/es\/sobre-nosotros\/#breadcrumb"},"inLanguage":"es","potentialAction":[{"@type":"ReadAction","target":["https:\/\/www.amafiltration.com\/es\/sobre-nosotros\/"]}]},{"@type":"ImageObject","inLanguage":"es","@id":"https:\/\/www.amafiltration.com\/es\/sobre-nosotros\/#primaryimage","url":"https:\/\/www.amafiltration.com\/wp-content\/uploads\/2024\/06\/Filtration_Group_Corporate_Movie_V1.00_01_49_35.Still038-1.jpg","contentUrl":"https:\/\/www.amafiltration.com\/wp-content\/uploads\/2024\/06\/Filtration_Group_Corporate_Movie_V1.00_01_49_35.Still038-1.jpg"},{"@type":"BreadcrumbList","@id":"https:\/\/www.amafiltration.com\/es\/sobre-nosotros\/#breadcrumb","itemListElement":[{"@type":"ListItem","position":1,"name":"Home","item":"https:\/\/www.amafiltration.com\/es\/"},{"@type":"ListItem","position":2,"name":"Sobre nosotros"}]},{"@type":"WebSite","@id":"https:\/\/www.amafiltration.com\/es\/#website","url":"https:\/\/www.amafiltration.com\/es\/","name":"FGC","description":"Making the World Safer, Healthier and More Productive\u00ae","publisher":{"@id":"https:\/\/www.amafiltration.com\/es\/#organization"},"potentialAction":[{"@type":"SearchAction","target":{"@type":"EntryPoint","urlTemplate":"https:\/\/www.amafiltration.com\/es\/?s={search_term_string}"},"query-input":{"@type":"PropertyValueSpecification","valueRequired":true,"valueName":"search_term_string"}}],"inLanguage":"es"},{"@type":"Organization","@id":"https:\/\/www.amafiltration.com\/es\/#organization","name":"Filtration Group","url":"https:\/\/www.amafiltration.com\/es\/","logo":{"@type":"ImageObject","inLanguage":"es","@id":"https:\/\/www.amafiltration.com\/es\/#\/schema\/logo\/image\/","url":"https:\/\/www.amafiltration.com\/wp-content\/uploads\/2019\/06\/FGC-logo-1.png","contentUrl":"https:\/\/www.amafiltration.com\/wp-content\/uploads\/2019\/06\/FGC-logo-1.png","width":1104,"height":224,"caption":"Filtration Group"},"image":{"@id":"https:\/\/www.amafiltration.com\/es\/#\/schema\/logo\/image\/"}}]}},"_links":{"self":[{"href":"https:\/\/www.amafiltration.com\/es\/wp-json\/wp\/v2\/pages\/4016","targetHints":{"allow":["GET"]}}],"collection":[{"href":"https:\/\/www.amafiltration.com\/es\/wp-json\/wp\/v2\/pages"}],"about":[{"href":"https:\/\/www.amafiltration.com\/es\/wp-json\/wp\/v2\/types\/page"}],"author":[{"embeddable":true,"href":"https:\/\/www.amafiltration.com\/es\/wp-json\/wp\/v2\/users\/8"}],"replies":[{"embeddable":true,"href":"https:\/\/www.amafiltration.com\/es\/wp-json\/wp\/v2\/comments?post=4016"}],"version-history":[{"count":0,"href":"https:\/\/www.amafiltration.com\/es\/wp-json\/wp\/v2\/pages\/4016\/revisions"}],"wp:attachment":[{"href":"https:\/\/www.amafiltration.com\/es\/wp-json\/wp\/v2\/media?parent=4016"}],"curies":[{"name":"wp","href":"https:\/\/api.w.org\/{rel}","templated":true}]}}