{"id":4209,"date":"2025-12-03T11:18:52","date_gmt":"2025-12-03T11:18:52","guid":{"rendered":"https:\/\/www.amafiltration.com\/?page_id=4209"},"modified":"2025-12-10T00:37:08","modified_gmt":"2025-12-10T00:37:08","slug":"calidad","status":"publish","type":"page","link":"https:\/\/www.amafiltration.com\/es\/sobre-nosotros\/calidad\/","title":{"rendered":"Calidad"},"content":{"rendered":"\n<div class=\"wp-block-cover alignfull\" style=\"min-height:350px;aspect-ratio:unset;\"><img loading=\"lazy\" decoding=\"async\" width=\"1920\" height=\"640\" class=\"wp-block-cover__image-background wp-image-593\" alt=\"\" src=\"https:\/\/www.amafiltration.com\/wp-content\/uploads\/2020\/06\/HD_Quality.jpg\" style=\"object-position:52% 24%\" data-object-fit=\"cover\" data-object-position=\"52% 24%\" srcset=\"https:\/\/www.amafiltration.com\/wp-content\/uploads\/2020\/06\/HD_Quality.jpg 1920w, https:\/\/www.amafiltration.com\/wp-content\/uploads\/2020\/06\/HD_Quality-300x100.jpg 300w, https:\/\/www.amafiltration.com\/wp-content\/uploads\/2020\/06\/HD_Quality-1024x341.jpg 1024w, https:\/\/www.amafiltration.com\/wp-content\/uploads\/2020\/06\/HD_Quality-768x256.jpg 768w, https:\/\/www.amafiltration.com\/wp-content\/uploads\/2020\/06\/HD_Quality-1536x512.jpg 1536w\" sizes=\"auto, (max-width: 1920px) 100vw, 1920px\" \/><span aria-hidden=\"true\" class=\"wp-block-cover__background has-background-dim\"><\/span><div class=\"wp-block-cover__inner-container is-layout-flow wp-block-cover-is-layout-flow\">\n<h1 class=\"wp-block-heading has-text-align-center\" id=\"h-soluciones-personalizadas-y-de-calidad\"><strong>Soluciones personalizadas y de calidad<\/strong><\/h1>\n<\/div><\/div>\n\n\n\n<p class=\"has-blue-color has-text-color has-link-color wp-elements-c9f30d77a81d0ae2e9f6e8f6b4204ca7\"><strong>Nos asociamos contigo para ayudarte a reducir tus costes operativos y mejorar el rendimiento de tu proceso.<\/strong><\/p>\n\n\n\n<p>Proporcionar soluciones de filtraci\u00f3n de alta calidad y m\u00e1xima fiabilidad requiere un compromiso firme con nuestros asociados. Colaboramos contigo para comprender tu negocio y los retos a los que te enfrentas. Estamos especializados en ofrecer soluciones tecnol\u00f3gicamente avanzadas que se ajusten a tus necesidades. Nuestro equipo puede trabajar como una extensi\u00f3n del tuyo para mejorar tus sistemas de filtraci\u00f3n y reducir costosos tiempos de inactividad.<\/p>\n\n\n\n<p>Nuestro equipo cuenta con d\u00e9cadas de experiencia y conocimiento, y nuestros clientes conf\u00edan en Amafilter\u00ae para ofrecer calidad y valor que superan constantemente las expectativas. Aplicamos t\u00e9cnicas de fabricaci\u00f3n optimizadas junto con soluciones inteligentes que anticipan posibles obst\u00e1culos. Te ayudamos a prever desaf\u00edos y trabajamos para superarlos antes de que aparezcan.<\/p>\n\n\n\n<div class=\"wp-block-group alignwide\"><div class=\"wp-block-group__inner-container is-layout-flow wp-block-group-is-layout-flow\">\n<h3 class=\"wp-block-heading has-text-align-left\" id=\"certifications\">Certificaciones Amafilter\u00ae<\/h3>\n\n\n\n<div class=\"wp-block-columns alignwide is-layout-flex wp-container-core-columns-is-layout-9d6595d7 wp-block-columns-is-layout-flex\">\n<div class=\"wp-block-column is-layout-flow wp-block-column-is-layout-flow\"><div class=\"wp-block-image is-resized\">\n<figure class=\"aligncenter size-full\"><a href=\"https:\/\/www.amafiltration.com\/wp-content\/uploads\/2021\/02\/ASME-certificaat-Filtration-Group-BV-2024.pdf\" target=\"_blank\" rel=\"noopener noreferrer\"><img decoding=\"async\" src=\"https:\/\/www.amafiltration.com\/wp-content\/uploads\/2020\/06\/ASME-CERTIFICATE-1.png\" alt=\"\" class=\"wp-image-645\" \/><\/a><\/figure>\n<\/div>\n\n\n<h4 class=\"wp-block-heading has-text-align-center\" id=\"h-asme\">ASME<\/h4>\n\n\n<div class=\"wp-block-image is-resized\">\n<figure class=\"aligncenter size-full\"><a href=\"https:\/\/www.amafiltration.com\/wp-content\/uploads\/2024\/03\/Re-marking-certificate-ECH-valid-17-11-2026.pdf\"><img loading=\"lazy\" decoding=\"async\" width=\"636\" height=\"898\" src=\"https:\/\/www.amafiltration.com\/wp-content\/uploads\/2024\/03\/Re-marking.jpg\" alt=\"\" class=\"wp-image-2791\" srcset=\"https:\/\/www.amafiltration.com\/wp-content\/uploads\/2024\/03\/Re-marking.jpg 636w, https:\/\/www.amafiltration.com\/wp-content\/uploads\/2024\/03\/Re-marking-212x300.jpg 212w\" sizes=\"auto, (max-width: 636px) 100vw, 636px\" \/><\/a><\/figure>\n<\/div>\n\n\n<h4 class=\"wp-block-heading has-text-align-center\">Re-marking certificate &#8211; ECH               <\/h4>\n<\/div>\n\n\n\n<div class=\"wp-block-column is-layout-flow wp-block-column-is-layout-flow\"><div class=\"wp-block-image is-resized\">\n<figure class=\"aligncenter size-large\"><img loading=\"lazy\" decoding=\"async\" width=\"718\" height=\"1024\" src=\"https:\/\/www.amafiltration.com\/wp-content\/uploads\/2025\/11\/Screenshot-2025-11-17-104248-718x1024.png\" alt=\"\" class=\"wp-image-4132\" srcset=\"https:\/\/www.amafiltration.com\/wp-content\/uploads\/2025\/11\/Screenshot-2025-11-17-104248-718x1024.png 718w, https:\/\/www.amafiltration.com\/wp-content\/uploads\/2025\/11\/Screenshot-2025-11-17-104248-210x300.png 210w, https:\/\/www.amafiltration.com\/wp-content\/uploads\/2025\/11\/Screenshot-2025-11-17-104248.png 746w\" sizes=\"auto, (max-width: 718px) 100vw, 718px\" \/><\/figure>\n<\/div>\n\n\n<h4 class=\"wp-block-heading has-text-align-center\">ISO 9001<\/h4>\n\n\n<div class=\"wp-block-image is-resized\">\n<figure class=\"aligncenter size-full\"><a href=\"https:\/\/www.amafiltration.com\/wp-content\/uploads\/2024\/03\/SELO-certificate-Amafilter-BV-valid-12-04-2025.pdf\"><img loading=\"lazy\" decoding=\"async\" width=\"605\" height=\"856\" src=\"https:\/\/www.amafiltration.com\/wp-content\/uploads\/2024\/03\/SELO.jpg\" alt=\"\" class=\"wp-image-2793\" srcset=\"https:\/\/www.amafiltration.com\/wp-content\/uploads\/2024\/03\/SELO.jpg 605w, https:\/\/www.amafiltration.com\/wp-content\/uploads\/2024\/03\/SELO-212x300.jpg 212w\" sizes=\"auto, (max-width: 605px) 100vw, 605px\" \/><\/a><\/figure>\n<\/div><\/div>\n\n\n\n<div class=\"wp-block-column is-layout-flow wp-block-column-is-layout-flow\"><div class=\"wp-block-image is-resized\">\n<figure class=\"aligncenter size-large\"><a href=\"https:\/\/www.amafiltration.com\/wp-content\/uploads\/2020\/06\/Certificate-National-Board-ASME.pdf\" target=\"_blank\" rel=\"noopener noreferrer\"><img loading=\"lazy\" decoding=\"async\" width=\"565\" height=\"794\" src=\"https:\/\/www.amafiltration.com\/wp-content\/uploads\/2020\/06\/NB-CERTIFICATE.png\" alt=\"\" class=\"wp-image-649\" srcset=\"https:\/\/www.amafiltration.com\/wp-content\/uploads\/2020\/06\/NB-CERTIFICATE.png 565w, https:\/\/www.amafiltration.com\/wp-content\/uploads\/2020\/06\/NB-CERTIFICATE-213x300.png 213w\" sizes=\"auto, (max-width: 565px) 100vw, 565px\" \/><\/a><\/figure>\n<\/div>\n\n\n<h4 class=\"wp-block-heading has-text-align-center\">National Board<\/h4>\n\n\n<div class=\"wp-block-image is-resized\">\n<figure class=\"aligncenter size-full\"><img loading=\"lazy\" decoding=\"async\" width=\"892\" height=\"751\" src=\"https:\/\/www.amafiltration.com\/wp-content\/uploads\/2025\/11\/Screenshot-2025-11-17-104658.png\" alt=\"\" class=\"wp-image-4129\" srcset=\"https:\/\/www.amafiltration.com\/wp-content\/uploads\/2025\/11\/Screenshot-2025-11-17-104658.png 892w, https:\/\/www.amafiltration.com\/wp-content\/uploads\/2025\/11\/Screenshot-2025-11-17-104658-300x253.png 300w, https:\/\/www.amafiltration.com\/wp-content\/uploads\/2025\/11\/Screenshot-2025-11-17-104658-768x647.png 768w\" sizes=\"auto, (max-width: 892px) 100vw, 892px\" \/><\/figure>\n<\/div>\n\n\n<h4 class=\"wp-block-heading has-text-align-center\" id=\"h-ecovadis\">Ecovadis<\/h4>\n<\/div>\n\n\n\n<div class=\"wp-block-column is-layout-flow wp-block-column-is-layout-flow\"><div class=\"wp-block-image is-resized\">\n<figure class=\"aligncenter size-large\"><a href=\"https:\/\/www.amafiltration.com\/wp-content\/uploads\/2024\/03\/SELO-certificate-Amafilter-BV-valid-12-04-2025.pdf\" target=\"_blank\" rel=\"noopener noreferrer\"><img loading=\"lazy\" decoding=\"async\" width=\"565\" height=\"794\" src=\"https:\/\/www.amafiltration.com\/wp-content\/uploads\/2020\/06\/suplhur-CERTIFICATE.png\" alt=\"\" class=\"wp-image-655\" srcset=\"https:\/\/www.amafiltration.com\/wp-content\/uploads\/2020\/06\/suplhur-CERTIFICATE.png 565w, https:\/\/www.amafiltration.com\/wp-content\/uploads\/2020\/06\/suplhur-CERTIFICATE-213x300.png 213w\" sizes=\"auto, (max-width: 565px) 100vw, 565px\" \/><\/a><\/figure>\n<\/div>\n\n\n<h4 class=\"wp-block-heading has-text-align-center\">TR CU<br><\/h4>\n<\/div>\n<\/div>\n<\/div><\/div>\n\n\n\n<p><br><\/p>\n\n\n\n<div class=\"wp-block-columns alignwide grayblock is-layout-flex wp-container-core-columns-is-layout-9d6595d7 wp-block-columns-is-layout-flex\">\n<div class=\"wp-block-column is-layout-flow wp-block-column-is-layout-flow\">\n<h3 class=\"wp-block-heading\" id=\"h-servicios\">Servicios<\/h3>\n\n\n\n<p>Nos tomamos muy en serio nuestra responsabilidad como socios de nuestros clientes y ofrecemos una gama de servicios dise\u00f1ados para brindarles un soporte eficaz y ayudarles a resolver sus desaf\u00edos de filtraci\u00f3n.<\/p>\n\n\n\n<div class=\"wp-block-buttons is-layout-flex wp-block-buttons-is-layout-flex\">\n<div class=\"wp-block-button\"><a class=\"wp-block-button__link has-green-background-color has-background wp-element-button\" href=\"https:\/\/www.amafiltration.com\/es\/services\/\"><strong>Servicios<\/strong><\/a><\/div>\n<\/div>\n<\/div>\n\n\n\n<div class=\"wp-block-column is-layout-flow wp-block-column-is-layout-flow\">\n<h3 class=\"wp-block-heading\" id=\"h-contact-us\">Contact us<\/h3>\n\n\n\n<p>Descubre c\u00f3mo amafilter\u00ae, parte de Filtration Group, puede ayudarte a resolver tus desaf\u00edos de filtraci\u00f3n s\u00f3lido-l\u00edquido y a optimizar tus procesos.<\/p>\n\n\n\n<div class=\"wp-block-buttons is-layout-flex wp-block-buttons-is-layout-flex\">\n<div class=\"wp-block-button\"><a class=\"wp-block-button__link has-green-background-color has-background wp-element-button\" href=\"https:\/\/www.amafiltration.com\/es\/contact-us\/\"><strong>Contacto<\/strong><\/a><\/div>\n<\/div>\n<\/div>\n<\/div>\n","protected":false},"excerpt":{"rendered":"<p>Nos asociamos contigo para ayudarte a reducir tus costes operativos y mejorar el rendimiento de tu proceso. Proporcionar soluciones de filtraci\u00f3n de alta calidad y m\u00e1xima fiabilidad requiere un compromiso firme con nuestros asociados. Colaboramos contigo para comprender tu negocio y los retos a los que te enfrentas. Estamos especializados en ofrecer soluciones tecnol\u00f3gicamente avanzadas [&hellip;]<\/p>\n","protected":false},"author":8,"featured_media":0,"parent":4016,"menu_order":0,"comment_status":"closed","ping_status":"closed","template":"","meta":{"_acf_changed":false,"footnotes":""},"class_list":["post-4209","page","type-page","status-publish","hentry"],"acf":[],"yoast_head":"<!-- This site is optimized with the Yoast SEO Premium plugin v27.3 (Yoast SEO v27.3) - https:\/\/yoast.com\/product\/yoast-seo-premium-wordpress\/ -->\n<title>Calidad - Amafilter\u00ae<\/title>\n<meta name=\"robots\" content=\"index, follow, max-snippet:-1, max-image-preview:large, max-video-preview:-1\" \/>\n<link rel=\"canonical\" href=\"https:\/\/www.amafiltration.com\/es\/sobre-nosotros\/calidad\/\" \/>\n<meta property=\"og:locale\" content=\"es_ES\" \/>\n<meta property=\"og:type\" content=\"article\" \/>\n<meta property=\"og:title\" content=\"Calidad\" \/>\n<meta property=\"og:description\" content=\"Soluciones personalizadas y de calidad Nos asociamos contigo para ayudarte a reducir tus costes operativos y mejorar el rendimiento de tu proceso.\" \/>\n<meta property=\"og:url\" content=\"https:\/\/www.amafiltration.com\/es\/sobre-nosotros\/calidad\/\" \/>\n<meta property=\"og:site_name\" content=\"Amafilter\u00ae\" \/>\n<meta property=\"article:modified_time\" content=\"2025-12-10T00:37:08+00:00\" \/>\n<meta property=\"og:image\" content=\"https:\/\/www.amafiltration.com\/wp-content\/uploads\/2020\/06\/HD_Quality.jpg\" \/>\n\t<meta property=\"og:image:width\" content=\"1920\" \/>\n\t<meta property=\"og:image:height\" content=\"640\" \/>\n\t<meta property=\"og:image:type\" content=\"image\/jpeg\" \/>\n<meta name=\"twitter:card\" content=\"summary_large_image\" \/>\n<meta name=\"twitter:label1\" content=\"Est. reading time\" \/>\n\t<meta name=\"twitter:data1\" content=\"3 minutos\" \/>\n<script type=\"application\/ld+json\" class=\"yoast-schema-graph\">{\"@context\":\"https:\\\/\\\/schema.org\",\"@graph\":[{\"@type\":\"WebPage\",\"@id\":\"https:\\\/\\\/www.amafiltration.com\\\/es\\\/sobre-nosotros\\\/calidad\\\/\",\"url\":\"https:\\\/\\\/www.amafiltration.com\\\/es\\\/sobre-nosotros\\\/calidad\\\/\",\"name\":\"Calidad - Amafilter\u00ae\",\"isPartOf\":{\"@id\":\"https:\\\/\\\/www.amafiltration.com\\\/es\\\/#website\"},\"primaryImageOfPage\":{\"@id\":\"https:\\\/\\\/www.amafiltration.com\\\/es\\\/sobre-nosotros\\\/calidad\\\/#primaryimage\"},\"image\":{\"@id\":\"https:\\\/\\\/www.amafiltration.com\\\/es\\\/sobre-nosotros\\\/calidad\\\/#primaryimage\"},\"thumbnailUrl\":\"https:\\\/\\\/www.amafiltration.com\\\/wp-content\\\/uploads\\\/2020\\\/06\\\/HD_Quality.jpg\",\"datePublished\":\"2025-12-03T11:18:52+00:00\",\"dateModified\":\"2025-12-10T00:37:08+00:00\",\"breadcrumb\":{\"@id\":\"https:\\\/\\\/www.amafiltration.com\\\/es\\\/sobre-nosotros\\\/calidad\\\/#breadcrumb\"},\"inLanguage\":\"es\",\"potentialAction\":[{\"@type\":\"ReadAction\",\"target\":[\"https:\\\/\\\/www.amafiltration.com\\\/es\\\/sobre-nosotros\\\/calidad\\\/\"]}]},{\"@type\":\"ImageObject\",\"inLanguage\":\"es\",\"@id\":\"https:\\\/\\\/www.amafiltration.com\\\/es\\\/sobre-nosotros\\\/calidad\\\/#primaryimage\",\"url\":\"https:\\\/\\\/www.amafiltration.com\\\/wp-content\\\/uploads\\\/2020\\\/06\\\/HD_Quality.jpg\",\"contentUrl\":\"https:\\\/\\\/www.amafiltration.com\\\/wp-content\\\/uploads\\\/2020\\\/06\\\/HD_Quality.jpg\"},{\"@type\":\"BreadcrumbList\",\"@id\":\"https:\\\/\\\/www.amafiltration.com\\\/es\\\/sobre-nosotros\\\/calidad\\\/#breadcrumb\",\"itemListElement\":[{\"@type\":\"ListItem\",\"position\":1,\"name\":\"Home\",\"item\":\"https:\\\/\\\/www.amafiltration.com\\\/es\\\/\"},{\"@type\":\"ListItem\",\"position\":2,\"name\":\"Sobre nosotros\",\"item\":\"https:\\\/\\\/www.amafiltration.com\\\/es\\\/sobre-nosotros\\\/\"},{\"@type\":\"ListItem\",\"position\":3,\"name\":\"Calidad\"}]},{\"@type\":\"WebSite\",\"@id\":\"https:\\\/\\\/www.amafiltration.com\\\/es\\\/#website\",\"url\":\"https:\\\/\\\/www.amafiltration.com\\\/es\\\/\",\"name\":\"FGC\",\"description\":\"Making the World Safer, Healthier and More Productive\u00ae\",\"publisher\":{\"@id\":\"https:\\\/\\\/www.amafiltration.com\\\/es\\\/#organization\"},\"potentialAction\":[{\"@type\":\"SearchAction\",\"target\":{\"@type\":\"EntryPoint\",\"urlTemplate\":\"https:\\\/\\\/www.amafiltration.com\\\/es\\\/?s={search_term_string}\"},\"query-input\":{\"@type\":\"PropertyValueSpecification\",\"valueRequired\":true,\"valueName\":\"search_term_string\"}}],\"inLanguage\":\"es\"},{\"@type\":\"Organization\",\"@id\":\"https:\\\/\\\/www.amafiltration.com\\\/es\\\/#organization\",\"name\":\"Filtration Group\",\"url\":\"https:\\\/\\\/www.amafiltration.com\\\/es\\\/\",\"logo\":{\"@type\":\"ImageObject\",\"inLanguage\":\"es\",\"@id\":\"https:\\\/\\\/www.amafiltration.com\\\/es\\\/#\\\/schema\\\/logo\\\/image\\\/\",\"url\":\"https:\\\/\\\/www.amafiltration.com\\\/wp-content\\\/uploads\\\/2019\\\/06\\\/FGC-logo-1.png\",\"contentUrl\":\"https:\\\/\\\/www.amafiltration.com\\\/wp-content\\\/uploads\\\/2019\\\/06\\\/FGC-logo-1.png\",\"width\":1104,\"height\":224,\"caption\":\"Filtration Group\"},\"image\":{\"@id\":\"https:\\\/\\\/www.amafiltration.com\\\/es\\\/#\\\/schema\\\/logo\\\/image\\\/\"}}]}<\/script>\n<!-- \/ Yoast SEO Premium plugin. -->","yoast_head_json":{"title":"Calidad - Amafilter\u00ae","robots":{"index":"index","follow":"follow","max-snippet":"max-snippet:-1","max-image-preview":"max-image-preview:large","max-video-preview":"max-video-preview:-1"},"canonical":"https:\/\/www.amafiltration.com\/es\/sobre-nosotros\/calidad\/","og_locale":"es_ES","og_type":"article","og_title":"Calidad","og_description":"Soluciones personalizadas y de calidad Nos asociamos contigo para ayudarte a reducir tus costes operativos y mejorar el rendimiento de tu proceso.","og_url":"https:\/\/www.amafiltration.com\/es\/sobre-nosotros\/calidad\/","og_site_name":"Amafilter\u00ae","article_modified_time":"2025-12-10T00:37:08+00:00","og_image":[{"width":1920,"height":640,"url":"https:\/\/www.amafiltration.com\/wp-content\/uploads\/2020\/06\/HD_Quality.jpg","type":"image\/jpeg"}],"twitter_card":"summary_large_image","twitter_misc":{"Est. reading time":"3 minutos"},"schema":{"@context":"https:\/\/schema.org","@graph":[{"@type":"WebPage","@id":"https:\/\/www.amafiltration.com\/es\/sobre-nosotros\/calidad\/","url":"https:\/\/www.amafiltration.com\/es\/sobre-nosotros\/calidad\/","name":"Calidad - Amafilter\u00ae","isPartOf":{"@id":"https:\/\/www.amafiltration.com\/es\/#website"},"primaryImageOfPage":{"@id":"https:\/\/www.amafiltration.com\/es\/sobre-nosotros\/calidad\/#primaryimage"},"image":{"@id":"https:\/\/www.amafiltration.com\/es\/sobre-nosotros\/calidad\/#primaryimage"},"thumbnailUrl":"https:\/\/www.amafiltration.com\/wp-content\/uploads\/2020\/06\/HD_Quality.jpg","datePublished":"2025-12-03T11:18:52+00:00","dateModified":"2025-12-10T00:37:08+00:00","breadcrumb":{"@id":"https:\/\/www.amafiltration.com\/es\/sobre-nosotros\/calidad\/#breadcrumb"},"inLanguage":"es","potentialAction":[{"@type":"ReadAction","target":["https:\/\/www.amafiltration.com\/es\/sobre-nosotros\/calidad\/"]}]},{"@type":"ImageObject","inLanguage":"es","@id":"https:\/\/www.amafiltration.com\/es\/sobre-nosotros\/calidad\/#primaryimage","url":"https:\/\/www.amafiltration.com\/wp-content\/uploads\/2020\/06\/HD_Quality.jpg","contentUrl":"https:\/\/www.amafiltration.com\/wp-content\/uploads\/2020\/06\/HD_Quality.jpg"},{"@type":"BreadcrumbList","@id":"https:\/\/www.amafiltration.com\/es\/sobre-nosotros\/calidad\/#breadcrumb","itemListElement":[{"@type":"ListItem","position":1,"name":"Home","item":"https:\/\/www.amafiltration.com\/es\/"},{"@type":"ListItem","position":2,"name":"Sobre nosotros","item":"https:\/\/www.amafiltration.com\/es\/sobre-nosotros\/"},{"@type":"ListItem","position":3,"name":"Calidad"}]},{"@type":"WebSite","@id":"https:\/\/www.amafiltration.com\/es\/#website","url":"https:\/\/www.amafiltration.com\/es\/","name":"FGC","description":"Making the World Safer, Healthier and More Productive\u00ae","publisher":{"@id":"https:\/\/www.amafiltration.com\/es\/#organization"},"potentialAction":[{"@type":"SearchAction","target":{"@type":"EntryPoint","urlTemplate":"https:\/\/www.amafiltration.com\/es\/?s={search_term_string}"},"query-input":{"@type":"PropertyValueSpecification","valueRequired":true,"valueName":"search_term_string"}}],"inLanguage":"es"},{"@type":"Organization","@id":"https:\/\/www.amafiltration.com\/es\/#organization","name":"Filtration Group","url":"https:\/\/www.amafiltration.com\/es\/","logo":{"@type":"ImageObject","inLanguage":"es","@id":"https:\/\/www.amafiltration.com\/es\/#\/schema\/logo\/image\/","url":"https:\/\/www.amafiltration.com\/wp-content\/uploads\/2019\/06\/FGC-logo-1.png","contentUrl":"https:\/\/www.amafiltration.com\/wp-content\/uploads\/2019\/06\/FGC-logo-1.png","width":1104,"height":224,"caption":"Filtration Group"},"image":{"@id":"https:\/\/www.amafiltration.com\/es\/#\/schema\/logo\/image\/"}}]}},"_links":{"self":[{"href":"https:\/\/www.amafiltration.com\/es\/wp-json\/wp\/v2\/pages\/4209","targetHints":{"allow":["GET"]}}],"collection":[{"href":"https:\/\/www.amafiltration.com\/es\/wp-json\/wp\/v2\/pages"}],"about":[{"href":"https:\/\/www.amafiltration.com\/es\/wp-json\/wp\/v2\/types\/page"}],"author":[{"embeddable":true,"href":"https:\/\/www.amafiltration.com\/es\/wp-json\/wp\/v2\/users\/8"}],"replies":[{"embeddable":true,"href":"https:\/\/www.amafiltration.com\/es\/wp-json\/wp\/v2\/comments?post=4209"}],"version-history":[{"count":0,"href":"https:\/\/www.amafiltration.com\/es\/wp-json\/wp\/v2\/pages\/4209\/revisions"}],"up":[{"embeddable":true,"href":"https:\/\/www.amafiltration.com\/es\/wp-json\/wp\/v2\/pages\/4016"}],"wp:attachment":[{"href":"https:\/\/www.amafiltration.com\/es\/wp-json\/wp\/v2\/media?parent=4209"}],"curies":[{"name":"wp","href":"https:\/\/api.w.org\/{rel}","templated":true}]}}