{"id":4217,"date":"2025-12-03T11:26:33","date_gmt":"2025-12-03T11:26:33","guid":{"rendered":"https:\/\/www.amafiltration.com\/?page_id=4217"},"modified":"2025-12-10T00:37:33","modified_gmt":"2025-12-10T00:37:33","slug":"carreras","status":"publish","type":"page","link":"https:\/\/www.amafiltration.com\/es\/sobre-nosotros\/carreras\/","title":{"rendered":"Carreras"},"content":{"rendered":"\n<div class=\"wp-block-cover alignfull is-light\" style=\"min-height:350px;aspect-ratio:unset;\"><img decoding=\"async\" class=\"wp-block-cover__image-background wp-image-240\" alt=\"\" src=\"https:\/\/processtechnologies.filtrationgroup.com\/wp-content\/uploads\/2019\/08\/HD_Careers.jpg\" data-object-fit=\"cover\" \/><span aria-hidden=\"true\" class=\"wp-block-cover__background has-background-dim\"><\/span><div class=\"wp-block-cover__inner-container is-layout-flow wp-block-cover-is-layout-flow\">\n<h1 class=\"wp-block-heading has-text-align-center has-white-color has-text-color\" id=\"h-carreras\">Carreras<\/h1>\n<\/div><\/div>\n\n\n\n<p class=\"has-blue-color has-text-color has-link-color wp-elements-ed1ffd67c024f060c08971b655aedb83\"><strong>Buscamos personas con talento, dedicadas a hacer que el mundo sea un lugar m\u00e1s seguro, saludable y productivo.<\/strong><\/p>\n\n\n\n<p>Un empleo es una cosa. Una carrera profesional es otra. Ofrecemos la oportunidad de marcar la diferencia con un trabajo que va m\u00e1s all\u00e1 de un simple puesto. Cuando te unes a Amafilter\u00ae, pasas a formar parte de Filtration Group, una organizaci\u00f3n que mejora la calidad de vida en todo el mundo. Estamos generando un impacto para nuestra generaci\u00f3n y las que vienen.<\/p>\n\n\n\n<p>Nuestros valores son inherentes a la cultura de Filtration Group. Estos tres valores nos gu\u00edan en la forma en que trabajamos y nos relacionamos entre nosotros y en c\u00f3mo colaboramos con nuestros socios:<\/p>\n\n\n\n<div style=\"height:40px\" aria-hidden=\"true\" class=\"wp-block-spacer\"><\/div>\n\n\n<div class=\"wp-block-image\">\n<figure class=\"aligncenter size-large is-resized\"><img decoding=\"async\" src=\"https:\/\/www.jonellsystems.com\/wp-content\/uploads\/sites\/3\/2020\/04\/Filtration-Group-Culture.png\" alt=\"Filtration Group Culture\" class=\"wp-image-2308\" style=\"width:346px;height:286px\" \/><\/figure>\n<\/div>\n\n\n<div style=\"height:40px\" aria-hidden=\"true\" class=\"wp-block-spacer\"><\/div>\n\n\n\n<h3 class=\"wp-block-heading\" id=\"h-confianza\"><strong>Confianza<\/strong><\/h3>\n\n\n\n<p>La honestidad y la transparencia son fundamentales para nuestra organizaci\u00f3n. Colaboramos con equipos directivos en los que creemos y evitamos la arrogancia, la complacencia y la burocracia. Como resultado, nuestros equipos funcionan con los niveles m\u00e1s altos de compromiso e inspiraci\u00f3n, impulsados por nuestra misi\u00f3n y nuestros l\u00edderes.<\/p>\n\n\n\n<h3 class=\"wp-block-heading\" id=\"h-mentalidad-orientada-a-la-accion\"><strong>Mentalidad orientada a la acci\u00f3n<\/strong><\/h3>\n\n\n\n<p>Nuestros empleados trabajan, evolucionan e innovan continuamente: afrontamos los desaf\u00edos y utilizamos todos los recursos disponibles para servir a nuestros clientes. Si existe una oportunidad para hacer el mundo m\u00e1s seguro, m\u00e1s saludable o m\u00e1s productivo, actuamos con rapidez.<\/p>\n\n\n\n<h3 class=\"wp-block-heading\" id=\"h-espiritu-emprendedor\"><strong>Esp\u00edritu emprendedor<\/strong><\/h3>\n\n\n\n<p>Como parte de un n\u00famero creciente de unidades de negocio bajo el nombre de Filtration Group, atendemos a una base global de clientes. Operamos localmente con emprendedores que tienen una \u201cmentalidad de propietario\u201d, que conocen a sus clientes y entienden sus necesidades. Al asumir la responsabilidad, nuestros empleados tienen la autoridad discrecional para tomar decisiones, asumir riesgos y crear soluciones innovadoras.<\/p>\n\n\n\n<div style=\"height:20px\" aria-hidden=\"true\" class=\"wp-block-spacer\"><\/div>\n\n\n\n<div class=\"wp-block-media-text alignwide is-stacked-on-mobile\" style=\"grid-template-columns:25% auto\"><figure class=\"wp-block-media-text__media\"><img loading=\"lazy\" decoding=\"async\" width=\"800\" height=\"800\" src=\"https:\/\/www.amafiltration.com\/wp-content\/uploads\/2023\/04\/sbb-beeldmerk-EN.jpg\" alt=\"\" class=\"wp-image-2178 size-full\" srcset=\"https:\/\/www.amafiltration.com\/wp-content\/uploads\/2023\/04\/sbb-beeldmerk-EN.jpg 800w, https:\/\/www.amafiltration.com\/wp-content\/uploads\/2023\/04\/sbb-beeldmerk-EN-300x300.jpg 300w, https:\/\/www.amafiltration.com\/wp-content\/uploads\/2023\/04\/sbb-beeldmerk-EN-150x150.jpg 150w, https:\/\/www.amafiltration.com\/wp-content\/uploads\/2023\/04\/sbb-beeldmerk-EN-768x768.jpg 768w\" sizes=\"auto, (max-width: 800px) 100vw, 800px\" \/><\/figure><div class=\"wp-block-media-text__content\">\n<p><strong>Amafilter\u00ae es un miembro reconocido de SBB.<\/strong><br>SBB conecta la educaci\u00f3n profesional secundaria superior con el mundo empresarial.<br>M\u00e1s informaci\u00f3n: <em>Vocational education Labour Market | SBB (s-bb.nl)<\/em><\/p>\n\n\n\n<p> <a href=\"https:\/\/nam10.safelinks.protection.outlook.com\/?url=https%3A%2F%2Fwww.s-bb.nl%2Fen%2F&amp;data=05%7C01%7Csbraden%40filtrationgroup.com%7Ccfd49f1c64d34e65aedb08db4255e934%7C00b86b9ade5d425587f22ec7aa270973%7C0%7C0%7C638176708993974046%7CUnknown%7CTWFpbGZsb3d8eyJWIjoiMC4wLjAwMDAiLCJQIjoiV2luMzIiLCJBTiI6Ik1haWwiLCJXVCI6Mn0%3D%7C3000%7C%7C%7C&amp;sdata=f4wTXkyN5fSgwnsS4H%2BdfL3t9EUp5gYmrHFoyrC%2BvJY%3D&amp;reserved=0\" target=\"_blank\" rel=\"noreferrer noopener\">Vocational education Labour Market | SBB (s-bb.nl)<\/a><\/p>\n<\/div><\/div>\n\n\n\n<div style=\"height:20px\" aria-hidden=\"true\" class=\"wp-block-spacer\"><\/div>\n\n\n\n<div class=\"wp-block-columns alignwide is-layout-flex wp-container-core-columns-is-layout-9d6595d7 wp-block-columns-is-layout-flex\">\n<div class=\"wp-block-column is-layout-flow wp-block-column-is-layout-flow\">\n<div class=\"wp-block-buttons is-layout-flex wp-block-buttons-is-layout-flex\">\n<div class=\"wp-block-button btn-full-width\"><a class=\"wp-block-button__link has-blue-background-color has-background wp-element-button\" href=\"https:\/\/www.amafiltration.com\/es\/sobre-nosotros\/carreras\/\"><strong>Posiciones abiertas &#8211; Amafilter\u00ae<\/strong><\/a><\/div>\n<\/div>\n<\/div>\n\n\n\n<div class=\"wp-block-column is-layout-flow wp-block-column-is-layout-flow\">\n<div class=\"wp-block-buttons is-content-justification-left is-layout-flex wp-container-core-buttons-is-layout-fdcfc74e wp-block-buttons-is-layout-flex\">\n<div class=\"wp-block-button btn-full-width\"><a class=\"wp-block-button__link has-blue-background-color has-background wp-element-button\" href=\"https:\/\/www.linkedin.com\/company\/filtration-group\/jobs\/\" target=\"_blank\" rel=\"noreferrer noopener\"><strong>Posiciones abiertas &#8211; Filtration Group\u00ae<\/strong><\/a><\/div>\n<\/div>\n<\/div>\n<\/div>\n","protected":false},"excerpt":{"rendered":"<p>Buscamos personas con talento, dedicadas a hacer que el mundo sea un lugar m\u00e1s seguro, saludable y productivo. Un empleo es una cosa. Una carrera profesional es otra. Ofrecemos la oportunidad de marcar la diferencia con un trabajo que va m\u00e1s all\u00e1 de un simple puesto. Cuando te unes a Amafilter\u00ae, pasas a formar parte [&hellip;]<\/p>\n","protected":false},"author":8,"featured_media":0,"parent":4016,"menu_order":0,"comment_status":"closed","ping_status":"closed","template":"","meta":{"_acf_changed":false,"footnotes":""},"class_list":["post-4217","page","type-page","status-publish","hentry"],"acf":[],"yoast_head":"<!-- This site is optimized with the Yoast SEO Premium plugin v27.3 (Yoast SEO v27.3) - https:\/\/yoast.com\/product\/yoast-seo-premium-wordpress\/ -->\n<title>Carreras - Amafilter\u00ae<\/title>\n<meta name=\"robots\" content=\"index, follow, max-snippet:-1, max-image-preview:large, max-video-preview:-1\" \/>\n<link rel=\"canonical\" href=\"https:\/\/www.amafiltration.com\/es\/sobre-nosotros\/carreras\/\" \/>\n<meta property=\"og:locale\" content=\"es_ES\" \/>\n<meta property=\"og:type\" content=\"article\" \/>\n<meta property=\"og:title\" content=\"Carreras\" \/>\n<meta property=\"og:description\" content=\"Carreras Buscamos personas con talento, dedicadas a hacer que el mundo sea un lugar m\u00e1s seguro, saludable y productivo. Un empleo es una cosa. Una carrera\" \/>\n<meta property=\"og:url\" content=\"https:\/\/www.amafiltration.com\/es\/sobre-nosotros\/carreras\/\" \/>\n<meta property=\"og:site_name\" content=\"Amafilter\u00ae\" \/>\n<meta property=\"article:modified_time\" content=\"2025-12-10T00:37:33+00:00\" \/>\n<meta name=\"twitter:card\" content=\"summary_large_image\" \/>\n<meta name=\"twitter:label1\" content=\"Est. reading time\" \/>\n\t<meta name=\"twitter:data1\" content=\"2 minutos\" \/>\n<script type=\"application\/ld+json\" class=\"yoast-schema-graph\">{\"@context\":\"https:\\\/\\\/schema.org\",\"@graph\":[{\"@type\":\"WebPage\",\"@id\":\"https:\\\/\\\/www.amafiltration.com\\\/es\\\/sobre-nosotros\\\/carreras\\\/\",\"url\":\"https:\\\/\\\/www.amafiltration.com\\\/es\\\/sobre-nosotros\\\/carreras\\\/\",\"name\":\"Carreras - Amafilter\u00ae\",\"isPartOf\":{\"@id\":\"https:\\\/\\\/www.amafiltration.com\\\/es\\\/#website\"},\"primaryImageOfPage\":{\"@id\":\"https:\\\/\\\/www.amafiltration.com\\\/es\\\/sobre-nosotros\\\/carreras\\\/#primaryimage\"},\"image\":{\"@id\":\"https:\\\/\\\/www.amafiltration.com\\\/es\\\/sobre-nosotros\\\/carreras\\\/#primaryimage\"},\"thumbnailUrl\":\"https:\\\/\\\/processtechnologies.filtrationgroup.com\\\/wp-content\\\/uploads\\\/2019\\\/08\\\/HD_Careers.jpg\",\"datePublished\":\"2025-12-03T11:26:33+00:00\",\"dateModified\":\"2025-12-10T00:37:33+00:00\",\"breadcrumb\":{\"@id\":\"https:\\\/\\\/www.amafiltration.com\\\/es\\\/sobre-nosotros\\\/carreras\\\/#breadcrumb\"},\"inLanguage\":\"es\",\"potentialAction\":[{\"@type\":\"ReadAction\",\"target\":[\"https:\\\/\\\/www.amafiltration.com\\\/es\\\/sobre-nosotros\\\/carreras\\\/\"]}]},{\"@type\":\"ImageObject\",\"inLanguage\":\"es\",\"@id\":\"https:\\\/\\\/www.amafiltration.com\\\/es\\\/sobre-nosotros\\\/carreras\\\/#primaryimage\",\"url\":\"https:\\\/\\\/processtechnologies.filtrationgroup.com\\\/wp-content\\\/uploads\\\/2019\\\/08\\\/HD_Careers.jpg\",\"contentUrl\":\"https:\\\/\\\/processtechnologies.filtrationgroup.com\\\/wp-content\\\/uploads\\\/2019\\\/08\\\/HD_Careers.jpg\"},{\"@type\":\"BreadcrumbList\",\"@id\":\"https:\\\/\\\/www.amafiltration.com\\\/es\\\/sobre-nosotros\\\/carreras\\\/#breadcrumb\",\"itemListElement\":[{\"@type\":\"ListItem\",\"position\":1,\"name\":\"Home\",\"item\":\"https:\\\/\\\/www.amafiltration.com\\\/es\\\/\"},{\"@type\":\"ListItem\",\"position\":2,\"name\":\"Sobre nosotros\",\"item\":\"https:\\\/\\\/www.amafiltration.com\\\/es\\\/sobre-nosotros\\\/\"},{\"@type\":\"ListItem\",\"position\":3,\"name\":\"Carreras\"}]},{\"@type\":\"WebSite\",\"@id\":\"https:\\\/\\\/www.amafiltration.com\\\/es\\\/#website\",\"url\":\"https:\\\/\\\/www.amafiltration.com\\\/es\\\/\",\"name\":\"FGC\",\"description\":\"Making the World Safer, Healthier and More Productive\u00ae\",\"publisher\":{\"@id\":\"https:\\\/\\\/www.amafiltration.com\\\/es\\\/#organization\"},\"potentialAction\":[{\"@type\":\"SearchAction\",\"target\":{\"@type\":\"EntryPoint\",\"urlTemplate\":\"https:\\\/\\\/www.amafiltration.com\\\/es\\\/?s={search_term_string}\"},\"query-input\":{\"@type\":\"PropertyValueSpecification\",\"valueRequired\":true,\"valueName\":\"search_term_string\"}}],\"inLanguage\":\"es\"},{\"@type\":\"Organization\",\"@id\":\"https:\\\/\\\/www.amafiltration.com\\\/es\\\/#organization\",\"name\":\"Filtration Group\",\"url\":\"https:\\\/\\\/www.amafiltration.com\\\/es\\\/\",\"logo\":{\"@type\":\"ImageObject\",\"inLanguage\":\"es\",\"@id\":\"https:\\\/\\\/www.amafiltration.com\\\/es\\\/#\\\/schema\\\/logo\\\/image\\\/\",\"url\":\"https:\\\/\\\/www.amafiltration.com\\\/wp-content\\\/uploads\\\/2019\\\/06\\\/FGC-logo-1.png\",\"contentUrl\":\"https:\\\/\\\/www.amafiltration.com\\\/wp-content\\\/uploads\\\/2019\\\/06\\\/FGC-logo-1.png\",\"width\":1104,\"height\":224,\"caption\":\"Filtration Group\"},\"image\":{\"@id\":\"https:\\\/\\\/www.amafiltration.com\\\/es\\\/#\\\/schema\\\/logo\\\/image\\\/\"}}]}<\/script>\n<!-- \/ Yoast SEO Premium plugin. -->","yoast_head_json":{"title":"Carreras - Amafilter\u00ae","robots":{"index":"index","follow":"follow","max-snippet":"max-snippet:-1","max-image-preview":"max-image-preview:large","max-video-preview":"max-video-preview:-1"},"canonical":"https:\/\/www.amafiltration.com\/es\/sobre-nosotros\/carreras\/","og_locale":"es_ES","og_type":"article","og_title":"Carreras","og_description":"Carreras Buscamos personas con talento, dedicadas a hacer que el mundo sea un lugar m\u00e1s seguro, saludable y productivo. Un empleo es una cosa. Una carrera","og_url":"https:\/\/www.amafiltration.com\/es\/sobre-nosotros\/carreras\/","og_site_name":"Amafilter\u00ae","article_modified_time":"2025-12-10T00:37:33+00:00","twitter_card":"summary_large_image","twitter_misc":{"Est. reading time":"2 minutos"},"schema":{"@context":"https:\/\/schema.org","@graph":[{"@type":"WebPage","@id":"https:\/\/www.amafiltration.com\/es\/sobre-nosotros\/carreras\/","url":"https:\/\/www.amafiltration.com\/es\/sobre-nosotros\/carreras\/","name":"Carreras - Amafilter\u00ae","isPartOf":{"@id":"https:\/\/www.amafiltration.com\/es\/#website"},"primaryImageOfPage":{"@id":"https:\/\/www.amafiltration.com\/es\/sobre-nosotros\/carreras\/#primaryimage"},"image":{"@id":"https:\/\/www.amafiltration.com\/es\/sobre-nosotros\/carreras\/#primaryimage"},"thumbnailUrl":"https:\/\/processtechnologies.filtrationgroup.com\/wp-content\/uploads\/2019\/08\/HD_Careers.jpg","datePublished":"2025-12-03T11:26:33+00:00","dateModified":"2025-12-10T00:37:33+00:00","breadcrumb":{"@id":"https:\/\/www.amafiltration.com\/es\/sobre-nosotros\/carreras\/#breadcrumb"},"inLanguage":"es","potentialAction":[{"@type":"ReadAction","target":["https:\/\/www.amafiltration.com\/es\/sobre-nosotros\/carreras\/"]}]},{"@type":"ImageObject","inLanguage":"es","@id":"https:\/\/www.amafiltration.com\/es\/sobre-nosotros\/carreras\/#primaryimage","url":"https:\/\/processtechnologies.filtrationgroup.com\/wp-content\/uploads\/2019\/08\/HD_Careers.jpg","contentUrl":"https:\/\/processtechnologies.filtrationgroup.com\/wp-content\/uploads\/2019\/08\/HD_Careers.jpg"},{"@type":"BreadcrumbList","@id":"https:\/\/www.amafiltration.com\/es\/sobre-nosotros\/carreras\/#breadcrumb","itemListElement":[{"@type":"ListItem","position":1,"name":"Home","item":"https:\/\/www.amafiltration.com\/es\/"},{"@type":"ListItem","position":2,"name":"Sobre nosotros","item":"https:\/\/www.amafiltration.com\/es\/sobre-nosotros\/"},{"@type":"ListItem","position":3,"name":"Carreras"}]},{"@type":"WebSite","@id":"https:\/\/www.amafiltration.com\/es\/#website","url":"https:\/\/www.amafiltration.com\/es\/","name":"FGC","description":"Making the World Safer, Healthier and More Productive\u00ae","publisher":{"@id":"https:\/\/www.amafiltration.com\/es\/#organization"},"potentialAction":[{"@type":"SearchAction","target":{"@type":"EntryPoint","urlTemplate":"https:\/\/www.amafiltration.com\/es\/?s={search_term_string}"},"query-input":{"@type":"PropertyValueSpecification","valueRequired":true,"valueName":"search_term_string"}}],"inLanguage":"es"},{"@type":"Organization","@id":"https:\/\/www.amafiltration.com\/es\/#organization","name":"Filtration Group","url":"https:\/\/www.amafiltration.com\/es\/","logo":{"@type":"ImageObject","inLanguage":"es","@id":"https:\/\/www.amafiltration.com\/es\/#\/schema\/logo\/image\/","url":"https:\/\/www.amafiltration.com\/wp-content\/uploads\/2019\/06\/FGC-logo-1.png","contentUrl":"https:\/\/www.amafiltration.com\/wp-content\/uploads\/2019\/06\/FGC-logo-1.png","width":1104,"height":224,"caption":"Filtration Group"},"image":{"@id":"https:\/\/www.amafiltration.com\/es\/#\/schema\/logo\/image\/"}}]}},"_links":{"self":[{"href":"https:\/\/www.amafiltration.com\/es\/wp-json\/wp\/v2\/pages\/4217","targetHints":{"allow":["GET"]}}],"collection":[{"href":"https:\/\/www.amafiltration.com\/es\/wp-json\/wp\/v2\/pages"}],"about":[{"href":"https:\/\/www.amafiltration.com\/es\/wp-json\/wp\/v2\/types\/page"}],"author":[{"embeddable":true,"href":"https:\/\/www.amafiltration.com\/es\/wp-json\/wp\/v2\/users\/8"}],"replies":[{"embeddable":true,"href":"https:\/\/www.amafiltration.com\/es\/wp-json\/wp\/v2\/comments?post=4217"}],"version-history":[{"count":0,"href":"https:\/\/www.amafiltration.com\/es\/wp-json\/wp\/v2\/pages\/4217\/revisions"}],"up":[{"embeddable":true,"href":"https:\/\/www.amafiltration.com\/es\/wp-json\/wp\/v2\/pages\/4016"}],"wp:attachment":[{"href":"https:\/\/www.amafiltration.com\/es\/wp-json\/wp\/v2\/media?parent=4217"}],"curies":[{"name":"wp","href":"https:\/\/api.w.org\/{rel}","templated":true}]}}