{"id":4249,"date":"2025-12-03T13:56:22","date_gmt":"2025-12-03T13:56:22","guid":{"rendered":"https:\/\/www.amafiltration.com\/?page_id=4249"},"modified":"2025-12-09T23:48:36","modified_gmt":"2025-12-09T23:48:36","slug":"industrias","status":"publish","type":"page","link":"https:\/\/www.amafiltration.com\/es\/industrias\/","title":{"rendered":"Industrias"},"content":{"rendered":"\n<div class=\"wp-block-cover alignfull is-light\" style=\"min-height:200px;aspect-ratio:unset;\"><span aria-hidden=\"true\" class=\"wp-block-cover__background has-medium-gray-background-color has-background-dim-100 has-background-dim\"><\/span><div class=\"wp-block-cover__inner-container is-layout-flow wp-block-cover-is-layout-flow\">\n<h1 class=\"wp-block-heading has-text-align-center has-white-color has-text-color has-link-color wp-elements-69e64142da944ac984df91a4065a9ec9\" id=\"h-industrias\">Industrias<\/h1>\n<\/div><\/div>\n\n\n\n<p>Nuestras soluciones de filtraci\u00f3n de \u00faltima generaci\u00f3n dan servicio a clientes de los principales sectores industriales en todo el mundo, entre los que destacamos:<\/p>\n\n\n\n<div style=\"height:20px\" aria-hidden=\"true\" class=\"wp-block-spacer\"><\/div>\n\n\n\n<div class=\"wp-block-columns alignwide is-layout-flex wp-container-core-columns-is-layout-9d6595d7 wp-block-columns-is-layout-flex\">\n<div class=\"wp-block-column is-layout-flow wp-block-column-is-layout-flow\">\n<figure class=\"wp-block-image size-large\"><img loading=\"lazy\" decoding=\"async\" width=\"700\" height=\"380\" src=\"https:\/\/www.amafiltration.com\/wp-content\/uploads\/2020\/07\/industries-F-B.jpg\" alt=\"\" class=\"wp-image-721\" srcset=\"https:\/\/www.amafiltration.com\/wp-content\/uploads\/2020\/07\/industries-F-B.jpg 700w, https:\/\/www.amafiltration.com\/wp-content\/uploads\/2020\/07\/industries-F-B-300x163.jpg 300w\" sizes=\"auto, (max-width: 700px) 100vw, 700px\" \/><\/figure>\n\n\n\n<h4 class=\"wp-block-heading has-text-align-center\" id=\"h-alimentacion-amp-bevida\">Alimentaci\u00f3n &amp; Bevida<\/h4>\n\n\n\n<p>La industria de alimentaci\u00f3n y bebidas requiere de una extensa gama de soluciones de filtraci\u00f3n para garantizar la calidad del producto.<\/p>\n\n\n\n<p>Estamos comprometidos con ofrecer soluciones de filtraci\u00f3n higi\u00e9nicas y de alta calidad para todos los segmentos del sector de alimentaci\u00f3n y bebidas.<\/p>\n\n\n\n<div class=\"wp-block-buttons is-content-justification-center is-layout-flex wp-container-core-buttons-is-layout-16018d1d wp-block-buttons-is-layout-flex\">\n<div class=\"wp-block-button btn-full-width\"><a class=\"wp-block-button__link has-green-background-color has-background wp-element-button\" href=\"https:\/\/www.amafiltration.com\/es\/industries\/food-beverage\/\">Seguir leyendo&#8230;<\/a><\/div>\n<\/div>\n<\/div>\n\n\n\n<div class=\"wp-block-column is-layout-flow wp-block-column-is-layout-flow\">\n<figure class=\"wp-block-image size-large\"><img loading=\"lazy\" decoding=\"async\" width=\"700\" height=\"380\" src=\"https:\/\/www.amafiltration.com\/wp-content\/uploads\/2020\/07\/industries-Chem.jpg\" alt=\"\" class=\"wp-image-725\" srcset=\"https:\/\/www.amafiltration.com\/wp-content\/uploads\/2020\/07\/industries-Chem.jpg 700w, https:\/\/www.amafiltration.com\/wp-content\/uploads\/2020\/07\/industries-Chem-300x163.jpg 300w\" sizes=\"auto, (max-width: 700px) 100vw, 700px\" \/><\/figure>\n\n\n\n<h4 class=\"wp-block-heading has-text-align-center\" id=\"h-quimica\">Qu\u00edmica<\/h4>\n\n\n\n<p>La eliminaci\u00f3n de cualquier contaminante es esencial para evitar subprocesos costosos y mejorar el rendimiento global del producto final.<\/p>\n\n\n\n<p>Nuestros productos y servicios est\u00e1n dise\u00f1ados para ofrecer a los fabricantes de productos qu\u00edmicos la m\u00e1xima consistencia y calidad.<\/p>\n\n\n\n<div class=\"wp-block-buttons is-content-justification-center is-layout-flex wp-container-core-buttons-is-layout-16018d1d wp-block-buttons-is-layout-flex\">\n<div class=\"wp-block-button btn-full-width\"><a class=\"wp-block-button__link has-green-background-color has-background wp-element-button\" href=\"https:\/\/www.amafiltration.com\/es\/industries\/chemical\/\">Seguir leyendo&#8230;<\/a><\/div>\n<\/div>\n<\/div>\n\n\n\n<div class=\"wp-block-column is-layout-flow wp-block-column-is-layout-flow\">\n<figure class=\"wp-block-image size-large\"><img loading=\"lazy\" decoding=\"async\" width=\"700\" height=\"380\" src=\"https:\/\/www.amafiltration.com\/wp-content\/uploads\/2020\/07\/HD_HeavyEquipment-thumb.jpg\" alt=\"\" class=\"wp-image-739\" srcset=\"https:\/\/www.amafiltration.com\/wp-content\/uploads\/2020\/07\/HD_HeavyEquipment-thumb.jpg 700w, https:\/\/www.amafiltration.com\/wp-content\/uploads\/2020\/07\/HD_HeavyEquipment-thumb-300x163.jpg 300w\" sizes=\"auto, (max-width: 700px) 100vw, 700px\" \/><\/figure>\n\n\n\n<h4 class=\"wp-block-heading has-text-align-center\" id=\"h-minerales-amp-mineria\">Minerales &amp; Miner\u00eda<\/h4>\n\n\n\n<p>Cuando seleccionas equipos de filtraci\u00f3n para tu proceso, necesitas eficiencia, fiabilidad, larga vida \u00fatil y un claro retorno de la inversi\u00f3n.<\/p>\n\n\n\n<p>Reconocemos la necesidad de ofrecer soluciones innovadoras que respondan a las demandas y requisitos en constante evoluci\u00f3n de cada cliente.<\/p>\n\n\n\n<div class=\"wp-block-buttons is-content-justification-center is-layout-flex wp-container-core-buttons-is-layout-16018d1d wp-block-buttons-is-layout-flex\">\n<div class=\"wp-block-button btn-full-width\"><a class=\"wp-block-button__link has-green-background-color has-background wp-element-button\" href=\"https:\/\/www.amafiltration.com\/es\/industries\/minerals-mining\/\">Seguir leyendo&#8230;<\/a><\/div>\n<\/div>\n<\/div>\n<\/div>\n\n\n\n<div style=\"height:50px\" aria-hidden=\"true\" class=\"wp-block-spacer\"><\/div>\n\n\n\n<div class=\"wp-block-columns alignwide grayblock is-layout-flex wp-container-core-columns-is-layout-9d6595d7 wp-block-columns-is-layout-flex\">\n<div class=\"wp-block-column is-layout-flow wp-block-column-is-layout-flow\">\n<h3 class=\"wp-block-heading\" id=\"h-servicios\"><strong>Servicios<\/strong><\/h3>\n\n\n\n<p>Nos tomamos muy en serio nuestra responsabilidad como socios de nuestros clientes y ofrecemos una gama de servicios dise\u00f1ados para brindarles un soporte eficaz y ayudarles a resolver sus desaf\u00edos de filtraci\u00f3n.<\/p>\n\n\n\n<div class=\"wp-block-buttons is-layout-flex wp-block-buttons-is-layout-flex\">\n<div class=\"wp-block-button\"><a class=\"wp-block-button__link has-green-background-color has-background wp-element-button\" href=\"https:\/\/www.amafiltration.com\/es\/services\/\"><strong>Servicios<\/strong><\/a><\/div>\n<\/div>\n<\/div>\n\n\n\n<div class=\"wp-block-column is-layout-flow wp-block-column-is-layout-flow\">\n<h3 class=\"wp-block-heading\" id=\"h-contacto\"><strong>Contacto<\/strong><\/h3>\n\n\n\n<p>Descubre c\u00f3mo amafilter\u00ae, parte de Filtration Group, puede ayudarte a resolver tus desaf\u00edos de filtraci\u00f3n s\u00f3lido-l\u00edquido y a optimizar tus procesos.<\/p>\n\n\n\n<div class=\"wp-block-buttons is-layout-flex wp-block-buttons-is-layout-flex\">\n<div class=\"wp-block-button\"><a class=\"wp-block-button__link has-green-background-color has-background wp-element-button\" href=\"https:\/\/www.amafiltration.com\/es\/contact-us\/\"><strong>Contacto<\/strong><\/a><\/div>\n<\/div>\n<\/div>\n<\/div>\n","protected":false},"excerpt":{"rendered":"<p>Nuestras soluciones de filtraci\u00f3n de \u00faltima generaci\u00f3n dan servicio a clientes de los principales sectores industriales en todo el mundo, entre los que destacamos: Alimentaci\u00f3n &amp; Bevida La industria de alimentaci\u00f3n y bebidas requiere de una extensa gama de soluciones de filtraci\u00f3n para garantizar la calidad del producto. Estamos comprometidos con ofrecer soluciones de filtraci\u00f3n [&hellip;]<\/p>\n","protected":false},"author":13,"featured_media":0,"parent":0,"menu_order":0,"comment_status":"closed","ping_status":"closed","template":"","meta":{"_acf_changed":false,"footnotes":""},"class_list":["post-4249","page","type-page","status-publish","hentry"],"acf":[],"yoast_head":"<!-- This site is optimized with the Yoast SEO Premium plugin v27.3 (Yoast SEO v27.3) - https:\/\/yoast.com\/product\/yoast-seo-premium-wordpress\/ -->\n<title>Industrias - Amafilter\u00ae<\/title>\n<meta name=\"robots\" content=\"index, follow, max-snippet:-1, max-image-preview:large, max-video-preview:-1\" \/>\n<link rel=\"canonical\" href=\"https:\/\/www.amafiltration.com\/es\/industrias\/\" \/>\n<meta property=\"og:locale\" content=\"es_ES\" \/>\n<meta property=\"og:type\" content=\"article\" \/>\n<meta property=\"og:title\" content=\"Industrias\" \/>\n<meta property=\"og:description\" content=\"Industrias Nuestras soluciones de filtraci\u00f3n de \u00faltima generaci\u00f3n dan servicio a clientes de los principales sectores industriales en todo el mundo, entre\" \/>\n<meta property=\"og:url\" content=\"https:\/\/www.amafiltration.com\/es\/industrias\/\" \/>\n<meta property=\"og:site_name\" content=\"Amafilter\u00ae\" \/>\n<meta property=\"article:modified_time\" content=\"2025-12-09T23:48:36+00:00\" \/>\n<meta property=\"og:image\" content=\"https:\/\/www.amafiltration.com\/wp-content\/uploads\/2020\/07\/industries-F-B.jpg\" \/>\n\t<meta property=\"og:image:width\" content=\"700\" \/>\n\t<meta property=\"og:image:height\" content=\"380\" \/>\n\t<meta property=\"og:image:type\" content=\"image\/jpeg\" \/>\n<meta name=\"twitter:card\" content=\"summary_large_image\" \/>\n<meta name=\"twitter:label1\" content=\"Est. reading time\" \/>\n\t<meta name=\"twitter:data1\" content=\"2 minutos\" \/>\n<script type=\"application\/ld+json\" class=\"yoast-schema-graph\">{\"@context\":\"https:\\\/\\\/schema.org\",\"@graph\":[{\"@type\":\"WebPage\",\"@id\":\"https:\\\/\\\/www.amafiltration.com\\\/es\\\/industrias\\\/\",\"url\":\"https:\\\/\\\/www.amafiltration.com\\\/es\\\/industrias\\\/\",\"name\":\"Industrias - Amafilter\u00ae\",\"isPartOf\":{\"@id\":\"https:\\\/\\\/www.amafiltration.com\\\/es\\\/#website\"},\"primaryImageOfPage\":{\"@id\":\"https:\\\/\\\/www.amafiltration.com\\\/es\\\/industrias\\\/#primaryimage\"},\"image\":{\"@id\":\"https:\\\/\\\/www.amafiltration.com\\\/es\\\/industrias\\\/#primaryimage\"},\"thumbnailUrl\":\"https:\\\/\\\/www.amafiltration.com\\\/wp-content\\\/uploads\\\/2020\\\/07\\\/industries-F-B.jpg\",\"datePublished\":\"2025-12-03T13:56:22+00:00\",\"dateModified\":\"2025-12-09T23:48:36+00:00\",\"breadcrumb\":{\"@id\":\"https:\\\/\\\/www.amafiltration.com\\\/es\\\/industrias\\\/#breadcrumb\"},\"inLanguage\":\"es\",\"potentialAction\":[{\"@type\":\"ReadAction\",\"target\":[\"https:\\\/\\\/www.amafiltration.com\\\/es\\\/industrias\\\/\"]}]},{\"@type\":\"ImageObject\",\"inLanguage\":\"es\",\"@id\":\"https:\\\/\\\/www.amafiltration.com\\\/es\\\/industrias\\\/#primaryimage\",\"url\":\"https:\\\/\\\/www.amafiltration.com\\\/wp-content\\\/uploads\\\/2020\\\/07\\\/industries-F-B.jpg\",\"contentUrl\":\"https:\\\/\\\/www.amafiltration.com\\\/wp-content\\\/uploads\\\/2020\\\/07\\\/industries-F-B.jpg\"},{\"@type\":\"BreadcrumbList\",\"@id\":\"https:\\\/\\\/www.amafiltration.com\\\/es\\\/industrias\\\/#breadcrumb\",\"itemListElement\":[{\"@type\":\"ListItem\",\"position\":1,\"name\":\"Home\",\"item\":\"https:\\\/\\\/www.amafiltration.com\\\/es\\\/\"},{\"@type\":\"ListItem\",\"position\":2,\"name\":\"Industrias\"}]},{\"@type\":\"WebSite\",\"@id\":\"https:\\\/\\\/www.amafiltration.com\\\/es\\\/#website\",\"url\":\"https:\\\/\\\/www.amafiltration.com\\\/es\\\/\",\"name\":\"FGC\",\"description\":\"Making the World Safer, Healthier and More Productive\u00ae\",\"publisher\":{\"@id\":\"https:\\\/\\\/www.amafiltration.com\\\/es\\\/#organization\"},\"potentialAction\":[{\"@type\":\"SearchAction\",\"target\":{\"@type\":\"EntryPoint\",\"urlTemplate\":\"https:\\\/\\\/www.amafiltration.com\\\/es\\\/?s={search_term_string}\"},\"query-input\":{\"@type\":\"PropertyValueSpecification\",\"valueRequired\":true,\"valueName\":\"search_term_string\"}}],\"inLanguage\":\"es\"},{\"@type\":\"Organization\",\"@id\":\"https:\\\/\\\/www.amafiltration.com\\\/es\\\/#organization\",\"name\":\"Filtration Group\",\"url\":\"https:\\\/\\\/www.amafiltration.com\\\/es\\\/\",\"logo\":{\"@type\":\"ImageObject\",\"inLanguage\":\"es\",\"@id\":\"https:\\\/\\\/www.amafiltration.com\\\/es\\\/#\\\/schema\\\/logo\\\/image\\\/\",\"url\":\"https:\\\/\\\/www.amafiltration.com\\\/wp-content\\\/uploads\\\/2019\\\/06\\\/FGC-logo-1.png\",\"contentUrl\":\"https:\\\/\\\/www.amafiltration.com\\\/wp-content\\\/uploads\\\/2019\\\/06\\\/FGC-logo-1.png\",\"width\":1104,\"height\":224,\"caption\":\"Filtration Group\"},\"image\":{\"@id\":\"https:\\\/\\\/www.amafiltration.com\\\/es\\\/#\\\/schema\\\/logo\\\/image\\\/\"}}]}<\/script>\n<!-- \/ Yoast SEO Premium plugin. -->","yoast_head_json":{"title":"Industrias - Amafilter\u00ae","robots":{"index":"index","follow":"follow","max-snippet":"max-snippet:-1","max-image-preview":"max-image-preview:large","max-video-preview":"max-video-preview:-1"},"canonical":"https:\/\/www.amafiltration.com\/es\/industrias\/","og_locale":"es_ES","og_type":"article","og_title":"Industrias","og_description":"Industrias Nuestras soluciones de filtraci\u00f3n de \u00faltima generaci\u00f3n dan servicio a clientes de los principales sectores industriales en todo el mundo, entre","og_url":"https:\/\/www.amafiltration.com\/es\/industrias\/","og_site_name":"Amafilter\u00ae","article_modified_time":"2025-12-09T23:48:36+00:00","og_image":[{"width":700,"height":380,"url":"https:\/\/www.amafiltration.com\/wp-content\/uploads\/2020\/07\/industries-F-B.jpg","type":"image\/jpeg"}],"twitter_card":"summary_large_image","twitter_misc":{"Est. reading time":"2 minutos"},"schema":{"@context":"https:\/\/schema.org","@graph":[{"@type":"WebPage","@id":"https:\/\/www.amafiltration.com\/es\/industrias\/","url":"https:\/\/www.amafiltration.com\/es\/industrias\/","name":"Industrias - Amafilter\u00ae","isPartOf":{"@id":"https:\/\/www.amafiltration.com\/es\/#website"},"primaryImageOfPage":{"@id":"https:\/\/www.amafiltration.com\/es\/industrias\/#primaryimage"},"image":{"@id":"https:\/\/www.amafiltration.com\/es\/industrias\/#primaryimage"},"thumbnailUrl":"https:\/\/www.amafiltration.com\/wp-content\/uploads\/2020\/07\/industries-F-B.jpg","datePublished":"2025-12-03T13:56:22+00:00","dateModified":"2025-12-09T23:48:36+00:00","breadcrumb":{"@id":"https:\/\/www.amafiltration.com\/es\/industrias\/#breadcrumb"},"inLanguage":"es","potentialAction":[{"@type":"ReadAction","target":["https:\/\/www.amafiltration.com\/es\/industrias\/"]}]},{"@type":"ImageObject","inLanguage":"es","@id":"https:\/\/www.amafiltration.com\/es\/industrias\/#primaryimage","url":"https:\/\/www.amafiltration.com\/wp-content\/uploads\/2020\/07\/industries-F-B.jpg","contentUrl":"https:\/\/www.amafiltration.com\/wp-content\/uploads\/2020\/07\/industries-F-B.jpg"},{"@type":"BreadcrumbList","@id":"https:\/\/www.amafiltration.com\/es\/industrias\/#breadcrumb","itemListElement":[{"@type":"ListItem","position":1,"name":"Home","item":"https:\/\/www.amafiltration.com\/es\/"},{"@type":"ListItem","position":2,"name":"Industrias"}]},{"@type":"WebSite","@id":"https:\/\/www.amafiltration.com\/es\/#website","url":"https:\/\/www.amafiltration.com\/es\/","name":"FGC","description":"Making the World Safer, Healthier and More Productive\u00ae","publisher":{"@id":"https:\/\/www.amafiltration.com\/es\/#organization"},"potentialAction":[{"@type":"SearchAction","target":{"@type":"EntryPoint","urlTemplate":"https:\/\/www.amafiltration.com\/es\/?s={search_term_string}"},"query-input":{"@type":"PropertyValueSpecification","valueRequired":true,"valueName":"search_term_string"}}],"inLanguage":"es"},{"@type":"Organization","@id":"https:\/\/www.amafiltration.com\/es\/#organization","name":"Filtration Group","url":"https:\/\/www.amafiltration.com\/es\/","logo":{"@type":"ImageObject","inLanguage":"es","@id":"https:\/\/www.amafiltration.com\/es\/#\/schema\/logo\/image\/","url":"https:\/\/www.amafiltration.com\/wp-content\/uploads\/2019\/06\/FGC-logo-1.png","contentUrl":"https:\/\/www.amafiltration.com\/wp-content\/uploads\/2019\/06\/FGC-logo-1.png","width":1104,"height":224,"caption":"Filtration Group"},"image":{"@id":"https:\/\/www.amafiltration.com\/es\/#\/schema\/logo\/image\/"}}]}},"_links":{"self":[{"href":"https:\/\/www.amafiltration.com\/es\/wp-json\/wp\/v2\/pages\/4249","targetHints":{"allow":["GET"]}}],"collection":[{"href":"https:\/\/www.amafiltration.com\/es\/wp-json\/wp\/v2\/pages"}],"about":[{"href":"https:\/\/www.amafiltration.com\/es\/wp-json\/wp\/v2\/types\/page"}],"author":[{"embeddable":true,"href":"https:\/\/www.amafiltration.com\/es\/wp-json\/wp\/v2\/users\/13"}],"replies":[{"embeddable":true,"href":"https:\/\/www.amafiltration.com\/es\/wp-json\/wp\/v2\/comments?post=4249"}],"version-history":[{"count":0,"href":"https:\/\/www.amafiltration.com\/es\/wp-json\/wp\/v2\/pages\/4249\/revisions"}],"wp:attachment":[{"href":"https:\/\/www.amafiltration.com\/es\/wp-json\/wp\/v2\/media?parent=4249"}],"curies":[{"name":"wp","href":"https:\/\/api.w.org\/{rel}","templated":true}]}}