{"id":4255,"date":"2025-12-03T14:30:57","date_gmt":"2025-12-03T14:30:57","guid":{"rendered":"https:\/\/www.amafiltration.com\/?page_id=4255"},"modified":"2025-12-09T09:06:14","modified_gmt":"2025-12-09T09:06:14","slug":"sistemas","status":"publish","type":"page","link":"https:\/\/www.amafiltration.com\/es\/productos\/sistemas\/","title":{"rendered":"Sistemas"},"content":{"rendered":"\n<div class=\"wp-block-cover alignfull is-light\" style=\"min-height:200px;aspect-ratio:unset;\"><span aria-hidden=\"true\" class=\"wp-block-cover__background has-blue-background-color has-background-dim-100 has-background-dim\"><\/span><div class=\"wp-block-cover__inner-container is-layout-flow wp-block-cover-is-layout-flow\">\n<h1 class=\"wp-block-heading has-text-align-center has-white-color has-text-color has-link-color wp-elements-68ff565649f4004b60c1d2892bc334cc\" id=\"h-sistemas-de-filtracion\">Sistemas de filtraci\u00f3n<\/h1>\n<\/div><\/div>\n\n\n\n<p>Amafilter<strong>\u00ae<\/strong> dispone de un extenso rango de sistemas de filtraci\u00f3n adequados para las industrias de <a href=\"https:\/\/www.amafiltration.com\/es\/industries\/food-beverage\/\">alimentaci\u00f3n y bevidas<\/a>, <a href=\"https:\/\/www.amafiltration.com\/es\/industries\/chemical\/\">qu\u00edmica<\/a> and <a href=\"https:\/\/www.amafiltration.com\/es\/industries\/minerals-mining\/\">miner\u00eda y minerales<\/a>.&nbsp;Nos especializamos en el dise\u00f1o, la ingenier\u00eda, la fabricaci\u00f3n y el suministro de sistemas que maximizan la eficiencia de los procesos de filtraci\u00f3n en las plantas de nuestros clientes.<\/p>\n\n\n\n<p>Nuestros productos han sido dise\u00f1ados, desarrollados y fabricados para cumplir con los m\u00e1s altos est\u00e1ndares de calidad y dise\u00f1o, y pueden construirse a medida para satisfacer los requisitos espec\u00edficos de tu proceso.<\/p>\n\n\n\n<p>Adem\u00e1s, han sido desarrollados cumpliendo todas las normas de seguridad y medioambientales, y trabajamos de manera constante para crear soluciones de filtraci\u00f3n innovadoras que impacten directamente en tus procesos, garantizando al mismo tiempo seguridad y productividad.<\/p>\n\n\n\n<p>Colaboramos con nuestros clientes en el dise\u00f1o de soluciones de filtraci\u00f3n adaptadas a sus necesidades espec\u00edficas, utilizando nuestra experiencia y nuestras instalaciones de laboratorio para desarrollar soluciones personalizadas.<\/p>\n\n\n\n<p>Tambi\u00e9n ofrecemos un programa de alquiler para cubrir requisitos concretos de nuestros clientes.&nbsp;<\/p>\n\n\n\n<p>Por favor, <a href=\"https:\/\/www.amafiltration.com\/es\/contact-us\/\">ponte en contacto<\/a> para estudiar tus necesidades espec\u00edficas de filtraci\u00f3n.<\/p>\n\n\n\n<div style=\"height:50px\" aria-hidden=\"true\" class=\"wp-block-spacer\"><\/div>\n\n\n\n<div class=\"wp-block-columns alignwide is-layout-flex wp-container-core-columns-is-layout-9d6595d7 wp-block-columns-is-layout-flex\">\n<div class=\"wp-block-column is-layout-flow wp-block-column-is-layout-flow\"><div class=\"wp-block-image\">\n<figure class=\"aligncenter size-large\"><img loading=\"lazy\" decoding=\"async\" width=\"250\" height=\"250\" src=\"https:\/\/www.amafiltration.com\/wp-content\/uploads\/2020\/06\/cricketfilter-thumb-250x250-1.png\" alt=\"\" class=\"wp-image-677\" srcset=\"https:\/\/www.amafiltration.com\/wp-content\/uploads\/2020\/06\/cricketfilter-thumb-250x250-1.png 250w, https:\/\/www.amafiltration.com\/wp-content\/uploads\/2020\/06\/cricketfilter-thumb-250x250-1-150x150.png 150w\" sizes=\"auto, (max-width: 250px) 100vw, 250px\" \/><\/figure>\n<\/div>\n\n\n<p class=\"has-text-align-center has-green-color has-text-color\" style=\"font-size:20px\"><strong>Cricketfilter\u00ae<\/strong><\/p>\n\n\n\n<div class=\"wp-block-buttons is-content-justification-center is-layout-flex wp-container-core-buttons-is-layout-16018d1d wp-block-buttons-is-layout-flex\">\n<div class=\"wp-block-button btn-full-width\"><a class=\"wp-block-button__link has-green-background-color has-background wp-element-button\" href=\"https:\/\/www.amafiltration.com\/es\/products\/systems\/cricketfilter\/\">Seguir leyendo&#8230;<\/a><\/div>\n<\/div>\n<\/div>\n\n\n\n<div class=\"wp-block-column is-layout-flow wp-block-column-is-layout-flow\"><div class=\"wp-block-image\">\n<figure class=\"aligncenter size-large\"><img loading=\"lazy\" decoding=\"async\" width=\"250\" height=\"250\" src=\"https:\/\/www.amafiltration.com\/wp-content\/uploads\/2020\/06\/pressure-leaf-V-thumb-250x250-1.png\" alt=\"\" class=\"wp-image-679\" srcset=\"https:\/\/www.amafiltration.com\/wp-content\/uploads\/2020\/06\/pressure-leaf-V-thumb-250x250-1.png 250w, https:\/\/www.amafiltration.com\/wp-content\/uploads\/2020\/06\/pressure-leaf-V-thumb-250x250-1-150x150.png 150w\" sizes=\"auto, (max-width: 250px) 100vw, 250px\" \/><\/figure>\n<\/div>\n\n\n<p class=\"has-text-align-center has-blue-color has-text-color\" style=\"font-size:20px\"><strong>Filtro de placas vertical<\/strong><\/p>\n\n\n\n<div class=\"wp-block-buttons is-content-justification-center is-layout-flex wp-container-core-buttons-is-layout-16018d1d wp-block-buttons-is-layout-flex\">\n<div class=\"wp-block-button btn-full-width\"><a class=\"wp-block-button__link has-blue-background-color has-background wp-element-button\" href=\"https:\/\/www.amafiltration.com\/es\/products\/systems\/vertical-pressure-leaf-filters\/\">Seguir leyendo&#8230;<\/a><\/div>\n<\/div>\n<\/div>\n\n\n\n<div class=\"wp-block-column is-layout-flow wp-block-column-is-layout-flow\"><div class=\"wp-block-image\">\n<figure class=\"aligncenter size-large\"><img loading=\"lazy\" decoding=\"async\" width=\"250\" height=\"250\" src=\"https:\/\/www.amafiltration.com\/wp-content\/uploads\/2020\/06\/pressure-leaf-H-thumb-250x250-1.png\" alt=\"\" class=\"wp-image-686\" srcset=\"https:\/\/www.amafiltration.com\/wp-content\/uploads\/2020\/06\/pressure-leaf-H-thumb-250x250-1.png 250w, https:\/\/www.amafiltration.com\/wp-content\/uploads\/2020\/06\/pressure-leaf-H-thumb-250x250-1-150x150.png 150w\" sizes=\"auto, (max-width: 250px) 100vw, 250px\" \/><\/figure>\n<\/div>\n\n\n<p class=\"has-text-align-center has-medium-gray-color has-text-color\" style=\"font-size:20px\"><strong>Filtro de placas horizontal <\/strong><\/p>\n\n\n\n<div class=\"wp-block-buttons is-content-justification-center is-layout-flex wp-container-core-buttons-is-layout-16018d1d wp-block-buttons-is-layout-flex\">\n<div class=\"wp-block-button is-style-fill btn-full-width aligncenter\"><a class=\"wp-block-button__link has-medium-gray-background-color has-background wp-element-button\" href=\"https:\/\/www.amafiltration.com\/es\/products\/systems\/horizontal-pressure-leaf-filters\/\">Seguir leyendo&#8230;<\/a><\/div>\n<\/div>\n<\/div>\n<\/div>\n\n\n\n<div style=\"height:50px\" aria-hidden=\"true\" class=\"wp-block-spacer\"><\/div>\n\n\n\n<div class=\"wp-block-columns alignwide grayblock is-layout-flex wp-container-core-columns-is-layout-9d6595d7 wp-block-columns-is-layout-flex\">\n<div class=\"wp-block-column is-layout-flow wp-block-column-is-layout-flow\">\n<h3 class=\"wp-block-heading\" id=\"h-servicios\">Servicios<\/h3>\n\n\n\n<p>Nos tomamos muy en serio nuestra responsabilidad como socios de nuestros clientes y ofrecemos una gama de servicios dise\u00f1ados para brindarles un soporte eficaz y ayudarles a resolver sus desaf\u00edos de filtraci\u00f3n.<\/p>\n\n\n\n<div class=\"wp-block-buttons is-layout-flex wp-block-buttons-is-layout-flex\">\n<div class=\"wp-block-button\"><a class=\"wp-block-button__link has-green-background-color has-background wp-element-button\" href=\"https:\/\/www.amafiltration.com\/es\/services\/\"><strong>Servicios<\/strong><\/a><\/div>\n<\/div>\n<\/div>\n\n\n\n<div class=\"wp-block-column is-layout-flow wp-block-column-is-layout-flow\">\n<h3 class=\"wp-block-heading\" id=\"h-contact-us\">Contact us<\/h3>\n\n\n\n<p>Descubre c\u00f3mo amafilter\u00ae, parte de Filtration Group, puede ayudarte a resolver tus desaf\u00edos de filtraci\u00f3n s\u00f3lido-l\u00edquido y a optimizar tus procesos.<\/p>\n\n\n\n<div class=\"wp-block-buttons is-layout-flex wp-block-buttons-is-layout-flex\">\n<div class=\"wp-block-button\"><a class=\"wp-block-button__link has-green-background-color has-background wp-element-button\" href=\"https:\/\/www.amafiltration.com\/es\/contact-us\/\"><strong>Contacto<\/strong><\/a><\/div>\n<\/div>\n<\/div>\n<\/div>\n","protected":false},"excerpt":{"rendered":"<p>Amafilter\u00ae dispone de un extenso rango de sistemas de filtraci\u00f3n adequados para las industrias de alimentaci\u00f3n y bevidas, qu\u00edmica and miner\u00eda y minerales.&nbsp;Nos especializamos en el dise\u00f1o, la ingenier\u00eda, la fabricaci\u00f3n y el suministro de sistemas que maximizan la eficiencia de los procesos de filtraci\u00f3n en las plantas de nuestros clientes. Nuestros productos han sido [&hellip;]<\/p>\n","protected":false},"author":13,"featured_media":0,"parent":4252,"menu_order":0,"comment_status":"closed","ping_status":"closed","template":"","meta":{"_acf_changed":false,"footnotes":""},"class_list":["post-4255","page","type-page","status-publish","hentry"],"acf":[],"yoast_head":"<!-- This site is optimized with the Yoast SEO Premium plugin v27.3 (Yoast SEO v27.3) - https:\/\/yoast.com\/product\/yoast-seo-premium-wordpress\/ -->\n<title>Sistemas - Amafilter\u00ae<\/title>\n<meta name=\"robots\" content=\"index, follow, max-snippet:-1, max-image-preview:large, max-video-preview:-1\" \/>\n<link rel=\"canonical\" href=\"https:\/\/www.amafiltration.com\/es\/productos\/sistemas\/\" \/>\n<meta property=\"og:locale\" content=\"es_ES\" \/>\n<meta property=\"og:type\" content=\"article\" \/>\n<meta property=\"og:title\" content=\"Sistemas\" \/>\n<meta property=\"og:description\" content=\"Sistemas de filtraci\u00f3n Amafilter\u00ae dispone de un extenso rango de sistemas de filtraci\u00f3n adequados para las industrias de alimentaci\u00f3n y bevidas, qu\u00edmica\" \/>\n<meta property=\"og:url\" content=\"https:\/\/www.amafiltration.com\/es\/productos\/sistemas\/\" \/>\n<meta property=\"og:site_name\" content=\"Amafilter\u00ae\" \/>\n<meta property=\"article:modified_time\" content=\"2025-12-09T09:06:14+00:00\" \/>\n<meta property=\"og:image\" content=\"https:\/\/www.amafiltration.com\/wp-content\/uploads\/2020\/06\/cricketfilter-thumb-250x250-1.png\" \/>\n\t<meta property=\"og:image:width\" content=\"250\" \/>\n\t<meta property=\"og:image:height\" content=\"250\" \/>\n\t<meta property=\"og:image:type\" content=\"image\/png\" \/>\n<meta name=\"twitter:card\" content=\"summary_large_image\" \/>\n<meta name=\"twitter:label1\" content=\"Est. reading time\" \/>\n\t<meta name=\"twitter:data1\" content=\"2 minutos\" \/>\n<script type=\"application\/ld+json\" class=\"yoast-schema-graph\">{\"@context\":\"https:\\\/\\\/schema.org\",\"@graph\":[{\"@type\":\"WebPage\",\"@id\":\"https:\\\/\\\/www.amafiltration.com\\\/es\\\/productos\\\/sistemas\\\/\",\"url\":\"https:\\\/\\\/www.amafiltration.com\\\/es\\\/productos\\\/sistemas\\\/\",\"name\":\"Sistemas - Amafilter\u00ae\",\"isPartOf\":{\"@id\":\"https:\\\/\\\/www.amafiltration.com\\\/es\\\/#website\"},\"primaryImageOfPage\":{\"@id\":\"https:\\\/\\\/www.amafiltration.com\\\/es\\\/productos\\\/sistemas\\\/#primaryimage\"},\"image\":{\"@id\":\"https:\\\/\\\/www.amafiltration.com\\\/es\\\/productos\\\/sistemas\\\/#primaryimage\"},\"thumbnailUrl\":\"https:\\\/\\\/www.amafiltration.com\\\/wp-content\\\/uploads\\\/2020\\\/06\\\/cricketfilter-thumb-250x250-1.png\",\"datePublished\":\"2025-12-03T14:30:57+00:00\",\"dateModified\":\"2025-12-09T09:06:14+00:00\",\"breadcrumb\":{\"@id\":\"https:\\\/\\\/www.amafiltration.com\\\/es\\\/productos\\\/sistemas\\\/#breadcrumb\"},\"inLanguage\":\"es\",\"potentialAction\":[{\"@type\":\"ReadAction\",\"target\":[\"https:\\\/\\\/www.amafiltration.com\\\/es\\\/productos\\\/sistemas\\\/\"]}]},{\"@type\":\"ImageObject\",\"inLanguage\":\"es\",\"@id\":\"https:\\\/\\\/www.amafiltration.com\\\/es\\\/productos\\\/sistemas\\\/#primaryimage\",\"url\":\"https:\\\/\\\/www.amafiltration.com\\\/wp-content\\\/uploads\\\/2020\\\/06\\\/cricketfilter-thumb-250x250-1.png\",\"contentUrl\":\"https:\\\/\\\/www.amafiltration.com\\\/wp-content\\\/uploads\\\/2020\\\/06\\\/cricketfilter-thumb-250x250-1.png\"},{\"@type\":\"BreadcrumbList\",\"@id\":\"https:\\\/\\\/www.amafiltration.com\\\/es\\\/productos\\\/sistemas\\\/#breadcrumb\",\"itemListElement\":[{\"@type\":\"ListItem\",\"position\":1,\"name\":\"Home\",\"item\":\"https:\\\/\\\/www.amafiltration.com\\\/es\\\/\"},{\"@type\":\"ListItem\",\"position\":2,\"name\":\"Productos\",\"item\":\"https:\\\/\\\/www.amafiltration.com\\\/es\\\/productos\\\/\"},{\"@type\":\"ListItem\",\"position\":3,\"name\":\"Sistemas\"}]},{\"@type\":\"WebSite\",\"@id\":\"https:\\\/\\\/www.amafiltration.com\\\/es\\\/#website\",\"url\":\"https:\\\/\\\/www.amafiltration.com\\\/es\\\/\",\"name\":\"FGC\",\"description\":\"Making the World Safer, Healthier and More Productive\u00ae\",\"publisher\":{\"@id\":\"https:\\\/\\\/www.amafiltration.com\\\/es\\\/#organization\"},\"potentialAction\":[{\"@type\":\"SearchAction\",\"target\":{\"@type\":\"EntryPoint\",\"urlTemplate\":\"https:\\\/\\\/www.amafiltration.com\\\/es\\\/?s={search_term_string}\"},\"query-input\":{\"@type\":\"PropertyValueSpecification\",\"valueRequired\":true,\"valueName\":\"search_term_string\"}}],\"inLanguage\":\"es\"},{\"@type\":\"Organization\",\"@id\":\"https:\\\/\\\/www.amafiltration.com\\\/es\\\/#organization\",\"name\":\"Filtration Group\",\"url\":\"https:\\\/\\\/www.amafiltration.com\\\/es\\\/\",\"logo\":{\"@type\":\"ImageObject\",\"inLanguage\":\"es\",\"@id\":\"https:\\\/\\\/www.amafiltration.com\\\/es\\\/#\\\/schema\\\/logo\\\/image\\\/\",\"url\":\"https:\\\/\\\/www.amafiltration.com\\\/wp-content\\\/uploads\\\/2019\\\/06\\\/FGC-logo-1.png\",\"contentUrl\":\"https:\\\/\\\/www.amafiltration.com\\\/wp-content\\\/uploads\\\/2019\\\/06\\\/FGC-logo-1.png\",\"width\":1104,\"height\":224,\"caption\":\"Filtration Group\"},\"image\":{\"@id\":\"https:\\\/\\\/www.amafiltration.com\\\/es\\\/#\\\/schema\\\/logo\\\/image\\\/\"}}]}<\/script>\n<!-- \/ Yoast SEO Premium plugin. -->","yoast_head_json":{"title":"Sistemas - Amafilter\u00ae","robots":{"index":"index","follow":"follow","max-snippet":"max-snippet:-1","max-image-preview":"max-image-preview:large","max-video-preview":"max-video-preview:-1"},"canonical":"https:\/\/www.amafiltration.com\/es\/productos\/sistemas\/","og_locale":"es_ES","og_type":"article","og_title":"Sistemas","og_description":"Sistemas de filtraci\u00f3n Amafilter\u00ae dispone de un extenso rango de sistemas de filtraci\u00f3n adequados para las industrias de alimentaci\u00f3n y bevidas, qu\u00edmica","og_url":"https:\/\/www.amafiltration.com\/es\/productos\/sistemas\/","og_site_name":"Amafilter\u00ae","article_modified_time":"2025-12-09T09:06:14+00:00","og_image":[{"width":250,"height":250,"url":"https:\/\/www.amafiltration.com\/wp-content\/uploads\/2020\/06\/cricketfilter-thumb-250x250-1.png","type":"image\/png"}],"twitter_card":"summary_large_image","twitter_misc":{"Est. reading time":"2 minutos"},"schema":{"@context":"https:\/\/schema.org","@graph":[{"@type":"WebPage","@id":"https:\/\/www.amafiltration.com\/es\/productos\/sistemas\/","url":"https:\/\/www.amafiltration.com\/es\/productos\/sistemas\/","name":"Sistemas - Amafilter\u00ae","isPartOf":{"@id":"https:\/\/www.amafiltration.com\/es\/#website"},"primaryImageOfPage":{"@id":"https:\/\/www.amafiltration.com\/es\/productos\/sistemas\/#primaryimage"},"image":{"@id":"https:\/\/www.amafiltration.com\/es\/productos\/sistemas\/#primaryimage"},"thumbnailUrl":"https:\/\/www.amafiltration.com\/wp-content\/uploads\/2020\/06\/cricketfilter-thumb-250x250-1.png","datePublished":"2025-12-03T14:30:57+00:00","dateModified":"2025-12-09T09:06:14+00:00","breadcrumb":{"@id":"https:\/\/www.amafiltration.com\/es\/productos\/sistemas\/#breadcrumb"},"inLanguage":"es","potentialAction":[{"@type":"ReadAction","target":["https:\/\/www.amafiltration.com\/es\/productos\/sistemas\/"]}]},{"@type":"ImageObject","inLanguage":"es","@id":"https:\/\/www.amafiltration.com\/es\/productos\/sistemas\/#primaryimage","url":"https:\/\/www.amafiltration.com\/wp-content\/uploads\/2020\/06\/cricketfilter-thumb-250x250-1.png","contentUrl":"https:\/\/www.amafiltration.com\/wp-content\/uploads\/2020\/06\/cricketfilter-thumb-250x250-1.png"},{"@type":"BreadcrumbList","@id":"https:\/\/www.amafiltration.com\/es\/productos\/sistemas\/#breadcrumb","itemListElement":[{"@type":"ListItem","position":1,"name":"Home","item":"https:\/\/www.amafiltration.com\/es\/"},{"@type":"ListItem","position":2,"name":"Productos","item":"https:\/\/www.amafiltration.com\/es\/productos\/"},{"@type":"ListItem","position":3,"name":"Sistemas"}]},{"@type":"WebSite","@id":"https:\/\/www.amafiltration.com\/es\/#website","url":"https:\/\/www.amafiltration.com\/es\/","name":"FGC","description":"Making the World Safer, Healthier and More Productive\u00ae","publisher":{"@id":"https:\/\/www.amafiltration.com\/es\/#organization"},"potentialAction":[{"@type":"SearchAction","target":{"@type":"EntryPoint","urlTemplate":"https:\/\/www.amafiltration.com\/es\/?s={search_term_string}"},"query-input":{"@type":"PropertyValueSpecification","valueRequired":true,"valueName":"search_term_string"}}],"inLanguage":"es"},{"@type":"Organization","@id":"https:\/\/www.amafiltration.com\/es\/#organization","name":"Filtration Group","url":"https:\/\/www.amafiltration.com\/es\/","logo":{"@type":"ImageObject","inLanguage":"es","@id":"https:\/\/www.amafiltration.com\/es\/#\/schema\/logo\/image\/","url":"https:\/\/www.amafiltration.com\/wp-content\/uploads\/2019\/06\/FGC-logo-1.png","contentUrl":"https:\/\/www.amafiltration.com\/wp-content\/uploads\/2019\/06\/FGC-logo-1.png","width":1104,"height":224,"caption":"Filtration Group"},"image":{"@id":"https:\/\/www.amafiltration.com\/es\/#\/schema\/logo\/image\/"}}]}},"_links":{"self":[{"href":"https:\/\/www.amafiltration.com\/es\/wp-json\/wp\/v2\/pages\/4255","targetHints":{"allow":["GET"]}}],"collection":[{"href":"https:\/\/www.amafiltration.com\/es\/wp-json\/wp\/v2\/pages"}],"about":[{"href":"https:\/\/www.amafiltration.com\/es\/wp-json\/wp\/v2\/types\/page"}],"author":[{"embeddable":true,"href":"https:\/\/www.amafiltration.com\/es\/wp-json\/wp\/v2\/users\/13"}],"replies":[{"embeddable":true,"href":"https:\/\/www.amafiltration.com\/es\/wp-json\/wp\/v2\/comments?post=4255"}],"version-history":[{"count":0,"href":"https:\/\/www.amafiltration.com\/es\/wp-json\/wp\/v2\/pages\/4255\/revisions"}],"up":[{"embeddable":true,"href":"https:\/\/www.amafiltration.com\/es\/wp-json\/wp\/v2\/pages\/4252"}],"wp:attachment":[{"href":"https:\/\/www.amafiltration.com\/es\/wp-json\/wp\/v2\/media?parent=4255"}],"curies":[{"name":"wp","href":"https:\/\/api.w.org\/{rel}","templated":true}]}}