{"id":4288,"date":"2025-12-03T17:03:59","date_gmt":"2025-12-03T17:03:59","guid":{"rendered":"https:\/\/www.amafiltration.com\/?page_id=4288"},"modified":"2026-02-03T17:23:24","modified_gmt":"2026-02-03T17:23:24","slug":"servicios","status":"publish","type":"page","link":"https:\/\/www.amafiltration.com\/es\/servicios\/","title":{"rendered":"Servicios"},"content":{"rendered":"\n<div class=\"wp-block-cover alignfull is-light full-width\" style=\"min-height:350px;aspect-ratio:unset;\"><img decoding=\"async\" class=\"wp-block-cover__image-background wp-image-264\" alt=\"\" src=\"https:\/\/processtechnologies.filtrationgroup.com\/wp-content\/uploads\/2019\/08\/HD_Services.jpg\" data-object-fit=\"cover\" \/><span aria-hidden=\"true\" class=\"wp-block-cover__background has-background-dim\"><\/span><div class=\"wp-block-cover__inner-container is-layout-flow wp-block-cover-is-layout-flow\">\n<h1 class=\"wp-block-heading has-text-align-center has-white-color has-text-color has-link-color wp-elements-8360539c95d502365a427165552ef57a\" id=\"h-servicios-amafilter\">Servicios Amafilter\u00ae<\/h1>\n<\/div><\/div>\n\n\n\n<p>La reputaci\u00f3n de Amafilter\u00ae por ofrecer un servicio excepcional y sistemas de filtraci\u00f3n eficientes se ha construido gracias a d\u00e9cadas de trabajo, investigaci\u00f3n y dise\u00f1o. Todo ello nos permite fabricar productos l\u00edderes en la industria que cumplen con los est\u00e1ndares internacionales m\u00e1s exigentes.<\/p>\n\n\n\n<h3 class=\"wp-block-heading\" id=\"h-comprometidos-con-el-servicio\">Comprometidos con el servicio<\/h3>\n\n\n\n<p>Trabajamos estrechamente con nuestros clientes para comprender sus necesidades de filtraci\u00f3n y, a partir de nuestra experiencia, personalizamos sus procesos de sistema para mejorar el rendimiento y optimizar el coste total de propiedad.<\/p>\n\n\n\n<p>Desde nuestro laboratorio de pruebas en Lochem, Pa\u00edses Bajos, ofrecemos servicios de test utilizando los equipos de filtraci\u00f3n m\u00e1s avanzados, lo que nos permite recomendar a nuestros clientes los productos m\u00e1s adecuados para su aplicaci\u00f3n espec\u00edfica. Tambi\u00e9n realizamos pruebas de cribado de muestras para demostrar c\u00f3mo Amafilter\u00ae puede mejorar su proceso de filtraci\u00f3n.<\/p>\n\n\n\n<p>Si deseas realizar las pruebas en tu propia planta, contamos con una amplia gama de equipos de test que pueden alquilarse e instalarse en tus instalaciones. Esto te proporcionar\u00e1 informaci\u00f3n sobre la idoneidad del sistema elegido, asegurando la reducci\u00f3n del riesgo de inversi\u00f3n y alcanzando los mejores resultados posibles para tu operaci\u00f3n.<\/p>\n\n\n\n<p><strong>Folleto disponible en ingl\u00e9s<\/strong><\/p>\n\n\n\n<div style=\"height:30px\" aria-hidden=\"true\" class=\"wp-block-spacer\"><\/div>\n\n\n\n<div class=\"wp-block-columns alignwide are-vertically-aligned-top has-3-columns grayblock is-layout-flex wp-container-core-columns-is-layout-9d6595d7 wp-block-columns-is-layout-flex\">\n<div class=\"wp-block-column is-vertically-aligned-top is-layout-flow wp-block-column-is-layout-flow\"><div class=\"wp-block-image wp-block-image aligncenter size-large is-resized\">\n<figure ><img loading=\"lazy\" decoding=\"async\" width=\"312\" height=\"312\" src=\"https:\/\/www.amafiltration.com\/wp-content\/uploads\/2020\/06\/eng-servs.png\" alt=\"\" class=\"wp-image-602\" style=\"width:174px;height:auto\" srcset=\"https:\/\/www.amafiltration.com\/wp-content\/uploads\/2020\/06\/eng-servs.png 312w, https:\/\/www.amafiltration.com\/wp-content\/uploads\/2020\/06\/eng-servs-300x300.png 300w, https:\/\/www.amafiltration.com\/wp-content\/uploads\/2020\/06\/eng-servs-150x150.png 150w\" sizes=\"auto, (max-width: 312px) 100vw, 312px\" \/><\/figure>\n<\/div>\n\n\n<h2 class=\"wp-block-heading has-text-align-center has-green-color has-text-color\" id=\"h-servicios-de-ingenieria\">Servicios de ingenier\u00eda<\/h2>\n\n\n\n<h4 class=\"wp-block-heading has-text-align-center\" id=\"h-consultoria-y-analisis-paquete-de-ingenieria-de-procesos-evaluacion-de-equipos-existentes-diseno-de-nuevos-recipientes-ingenieria-de-software\">CONSULTOR\u00cdA Y AN\u00c1LISIS<br><br>PAQUETE DE INGENIER\u00cdA DE PROCESOS<br><br>EVALUACI\u00d3N DE EQUIPOS EXISTENTES<br><br>DISE\u00d1O DE NUEVOS RECIPIENTES<br><br>INGENIER\u00cdA DE SOFTWARE<\/h4>\n\n\n\n<div class=\"wp-block-buttons btn-full-width is-content-justification-center is-layout-flex wp-container-core-buttons-is-layout-16018d1d wp-block-buttons-is-layout-flex\">\n<div class=\"wp-block-button btn-full-width\"><a class=\"wp-block-button__link has-green-background-color has-background wp-element-button\" href=\"https:\/\/www.amafiltration.com\/es\/servicios\/servicios-de-ingenieria\/\"><strong>Seguir leyendo&#8230;<\/strong><\/a><\/div>\n<\/div>\n<\/div>\n\n\n\n<div class=\"wp-block-column is-vertically-aligned-top is-layout-flow wp-block-column-is-layout-flow\"><div class=\"wp-block-image wp-block-image aligncenter size-large is-resized\">\n<figure ><img loading=\"lazy\" decoding=\"async\" width=\"312\" height=\"312\" src=\"https:\/\/www.amafiltration.com\/wp-content\/uploads\/2020\/06\/field-servs.png\" alt=\"\" class=\"wp-image-604\" style=\"width:174px;height:auto\" srcset=\"https:\/\/www.amafiltration.com\/wp-content\/uploads\/2020\/06\/field-servs.png 312w, https:\/\/www.amafiltration.com\/wp-content\/uploads\/2020\/06\/field-servs-300x300.png 300w, https:\/\/www.amafiltration.com\/wp-content\/uploads\/2020\/06\/field-servs-150x150.png 150w\" sizes=\"auto, (max-width: 312px) 100vw, 312px\" \/><\/figure>\n<\/div>\n\n\n<h2 class=\"wp-block-heading has-text-align-center has-medium-gray-color has-text-color\" id=\"h-servicios-en-planta\">Servicios en planta<\/h2>\n\n\n\n<h4 class=\"wp-block-heading has-text-align-center\" id=\"h-soporte-de-servicio-en-campo-instalacion-y-puesta-en-marcha-alquiler-de-equipos-de-pruebas-inspecciones-en-campo-repuestos-reparacion-de-mallas-programas-de-mantenimiento-formacion-en-campo\">SOPORTE DE SERVICIO EN CAMPO<br><br>INSTALACI\u00d3N Y PUESTA EN MARCHA<br><br>ALQUILER DE EQUIPOS DE PRUEBAS<br><br>INSPECCIONES EN CAMPO<br><br>REPUESTOS<br><br>REPARACI\u00d3N DE MALLAS<br><br>PROGRAMAS DE MANTENIMIENTO<br><br>FORMACI\u00d3N EN CAMPO<\/h4>\n\n\n\n<div class=\"wp-block-buttons btn-full-width is-content-justification-center is-layout-flex wp-container-core-buttons-is-layout-16018d1d wp-block-buttons-is-layout-flex\">\n<div class=\"wp-block-button btn-full-width\"><a class=\"wp-block-button__link has-medium-gray-background-color has-background wp-element-button\" href=\"https:\/\/www.amafiltration.com\/es\/services\/field-services\/\"><strong>Seguir leyendo&#8230;<\/strong><\/a><\/div>\n<\/div>\n<\/div>\n\n\n\n<div class=\"wp-block-column is-vertically-aligned-top is-layout-flow wp-block-column-is-layout-flow\"><div class=\"wp-block-image wp-block-image aligncenter size-large is-resized\">\n<figure ><img loading=\"lazy\" decoding=\"async\" width=\"312\" height=\"312\" src=\"https:\/\/www.amafiltration.com\/wp-content\/uploads\/2020\/06\/lab-servs.png\" alt=\"\" class=\"wp-image-606\" style=\"width:174px;height:auto\" srcset=\"https:\/\/www.amafiltration.com\/wp-content\/uploads\/2020\/06\/lab-servs.png 312w, https:\/\/www.amafiltration.com\/wp-content\/uploads\/2020\/06\/lab-servs-300x300.png 300w, https:\/\/www.amafiltration.com\/wp-content\/uploads\/2020\/06\/lab-servs-150x150.png 150w\" sizes=\"auto, (max-width: 312px) 100vw, 312px\" \/><\/figure>\n<\/div>\n\n\n<h2 class=\"wp-block-heading has-text-align-center has-blue-color has-text-color\" id=\"h-servicios-de-laboratorio\">Servicios de laboratorio<\/h2>\n\n\n\n<h4 class=\"wp-block-heading has-text-align-center\" id=\"h-optimizacion-de-equipos-y-procesos-actualizaciones-y-revision-general-cuantificacion-de-fluidos-prueba-rapida-en-laboratorio-pruebas-extensas-en-laboratorio\">OPTIMIZACI\u00d3N DE EQUIPOS Y PROCESOS<br><br>ACTUALIZACIONES Y REVISI\u00d3N GENERAL<br><br>CUANTIFICACI\u00d3N DE FLUIDOS<br><br>PRUEBA R\u00c1PIDA EN LABORATORIO<br><br>PRUEBAS EXTENSAS EN LABORATORIO<\/h4>\n\n\n\n<div class=\"wp-block-buttons is-content-justification-center is-layout-flex wp-container-core-buttons-is-layout-16018d1d wp-block-buttons-is-layout-flex\">\n<div class=\"wp-block-button btn-full-width\"><a class=\"wp-block-button__link has-blue-background-color has-background wp-element-button\" href=\"https:\/\/www.amafiltration.com\/es\/servicios\/servicios-de-laboratorio\/\"><strong>Seguir leyendo&#8230;<\/strong><\/a><\/div>\n<\/div>\n<\/div>\n<\/div>\n\n\n\n<div style=\"height:70px\" aria-hidden=\"true\" class=\"wp-block-spacer\"><\/div>\n\n\n\n<div class=\"wp-block-columns alignwide is-layout-flex wp-container-core-columns-is-layout-9d6595d7 wp-block-columns-is-layout-flex\">\n<div class=\"wp-block-column is-layout-flow wp-block-column-is-layout-flow\" style=\"flex-basis:20%\"><div class=\"wp-block-image is-resized\">\n<figure class=\"aligncenter size-large\"><a href=\"https:\/\/www.amafiltration.com\/wp-content\/uploads\/2021\/01\/amafilter-Service-flyer20210107.pdf\" target=\"_blank\" rel=\"noopener noreferrer\"><img loading=\"lazy\" decoding=\"async\" width=\"561\" height=\"793\" src=\"https:\/\/www.amafiltration.com\/wp-content\/uploads\/2021\/01\/amafilter-Service-flyer20210107.png\" alt=\"\" class=\"wp-image-1454\" srcset=\"https:\/\/www.amafiltration.com\/wp-content\/uploads\/2021\/01\/amafilter-Service-flyer20210107.png 561w, https:\/\/www.amafiltration.com\/wp-content\/uploads\/2021\/01\/amafilter-Service-flyer20210107-212x300.png 212w\" sizes=\"auto, (max-width: 561px) 100vw, 561px\" \/><\/a><\/figure>\n<\/div>\n\n\n<div class=\"wp-block-buttons is-content-justification-center is-layout-flex wp-container-core-buttons-is-layout-16018d1d wp-block-buttons-is-layout-flex\">\n<div class=\"wp-block-button btn-full-width\"><a class=\"wp-block-button__link has-green-background-color has-background wp-element-button\" href=\"https:\/\/www.amafiltration.com\/wp-content\/uploads\/2021\/01\/amafilter-Service-flyer20210107.pdf\" target=\"_blank\" rel=\"noreferrer noopener\"><strong>Servicios<\/strong><\/a><\/div>\n<\/div>\n<\/div>\n\n\n\n<div class=\"wp-block-column is-layout-flow wp-block-column-is-layout-flow\" style=\"flex-basis:20%\"><div class=\"wp-block-image is-resized\">\n<figure class=\"aligncenter\"><a href=\"https:\/\/www.amafiltration.com\/wp-content\/uploads\/2021\/03\/amafilter-Corrective-Maintenance-flyer20210202.pdf\" target=\"_blank\" rel=\"noopener\"><img loading=\"lazy\" decoding=\"async\" width=\"565\" height=\"798\" src=\"https:\/\/www.amafiltration.com\/wp-content\/uploads\/2021\/03\/amafilter-Corrective-Maintenance-flyer20210202-1.png\" alt=\"\" class=\"wp-image-1494\" srcset=\"https:\/\/www.amafiltration.com\/wp-content\/uploads\/2021\/03\/amafilter-Corrective-Maintenance-flyer20210202-1.png 565w, https:\/\/www.amafiltration.com\/wp-content\/uploads\/2021\/03\/amafilter-Corrective-Maintenance-flyer20210202-1-212x300.png 212w\" sizes=\"auto, (max-width: 565px) 100vw, 565px\" \/><\/a><\/figure>\n<\/div>\n\n\n<div class=\"wp-block-buttons is-content-justification-center is-layout-flex wp-container-core-buttons-is-layout-16018d1d wp-block-buttons-is-layout-flex\">\n<div class=\"wp-block-button btn-full-width\"><a class=\"wp-block-button__link has-green-background-color has-background wp-element-button\" href=\"https:\/\/www.amafiltration.com\/wp-content\/uploads\/2021\/03\/amafilter-Corrective-Maintenance-flyer20210202.pdf\" target=\"_blank\" rel=\"noreferrer noopener\"><strong>Mantenimiento<\/strong><\/a><\/div>\n<\/div>\n<\/div>\n\n\n\n<div class=\"wp-block-column is-layout-flow wp-block-column-is-layout-flow\" style=\"flex-basis:60%\">\n<h3 class=\"wp-block-heading\" id=\"h-contactanos\">\u00a1Cont\u00e1ctanos!<\/h3>\n\n\n\n<p>Para cualquier consulta sobre nuestros servicios, por favor escr\u00edbenos:<br><a href=\"mailto:service.amafilter@filtrationgroup.com\">service.amafilter@filtrationgroup.com<\/a><\/p>\n\n\n\n<p>Para cualquier otra consulta sobre c\u00f3mo podemos ayudarte a resolver tus desaf\u00edos de filtraci\u00f3n s\u00f3lido-l\u00edquido y mejorar tus procesos, haz clic aqu\u00ed:<\/p>\n\n\n\n<div class=\"wp-block-buttons is-content-justification-left is-layout-flex wp-container-core-buttons-is-layout-fdcfc74e wp-block-buttons-is-layout-flex\">\n<div class=\"wp-block-button\"><a class=\"wp-block-button__link has-green-background-color has-background wp-element-button\" href=\"https:\/\/www.amafiltration.com\/es\/contacto\/\"><strong>Contacto<\/strong><\/a><\/div>\n<\/div>\n<\/div>\n<\/div>\n","protected":false},"excerpt":{"rendered":"<p>La reputaci\u00f3n de Amafilter\u00ae por ofrecer un servicio excepcional y sistemas de filtraci\u00f3n eficientes se ha construido gracias a d\u00e9cadas de trabajo, investigaci\u00f3n y dise\u00f1o. Todo ello nos permite fabricar productos l\u00edderes en la industria que cumplen con los est\u00e1ndares internacionales m\u00e1s exigentes. Comprometidos con el servicio Trabajamos estrechamente con nuestros clientes para comprender sus [&hellip;]<\/p>\n","protected":false},"author":13,"featured_media":0,"parent":0,"menu_order":0,"comment_status":"closed","ping_status":"closed","template":"","meta":{"_acf_changed":false,"footnotes":""},"class_list":["post-4288","page","type-page","status-publish","hentry"],"acf":[],"yoast_head":"<!-- This site is optimized with the Yoast SEO Premium plugin v27.3 (Yoast SEO v27.3) - https:\/\/yoast.com\/product\/yoast-seo-premium-wordpress\/ -->\n<title>Servicios - Amafilter\u00ae<\/title>\n<meta name=\"robots\" content=\"index, follow, max-snippet:-1, max-image-preview:large, max-video-preview:-1\" \/>\n<link rel=\"canonical\" href=\"https:\/\/www.amafiltration.com\/es\/servicios\/\" \/>\n<meta property=\"og:locale\" content=\"es_ES\" \/>\n<meta property=\"og:type\" content=\"article\" \/>\n<meta property=\"og:title\" content=\"Servicios\" \/>\n<meta property=\"og:description\" content=\"Servicios Amafilter\u00ae La reputaci\u00f3n de Amafilter\u00ae por ofrecer un servicio excepcional y sistemas de filtraci\u00f3n eficientes se ha construido gracias a\" \/>\n<meta property=\"og:url\" content=\"https:\/\/www.amafiltration.com\/es\/servicios\/\" \/>\n<meta property=\"og:site_name\" content=\"Amafilter\u00ae\" \/>\n<meta property=\"article:modified_time\" content=\"2026-02-03T17:23:24+00:00\" \/>\n<meta name=\"twitter:card\" content=\"summary_large_image\" \/>\n<meta name=\"twitter:label1\" content=\"Est. reading time\" \/>\n\t<meta name=\"twitter:data1\" content=\"3 minutos\" \/>\n<script type=\"application\/ld+json\" class=\"yoast-schema-graph\">{\"@context\":\"https:\\\/\\\/schema.org\",\"@graph\":[{\"@type\":\"WebPage\",\"@id\":\"https:\\\/\\\/www.amafiltration.com\\\/es\\\/servicios\\\/\",\"url\":\"https:\\\/\\\/www.amafiltration.com\\\/es\\\/servicios\\\/\",\"name\":\"Servicios - Amafilter\u00ae\",\"isPartOf\":{\"@id\":\"https:\\\/\\\/www.amafiltration.com\\\/es\\\/#website\"},\"primaryImageOfPage\":{\"@id\":\"https:\\\/\\\/www.amafiltration.com\\\/es\\\/servicios\\\/#primaryimage\"},\"image\":{\"@id\":\"https:\\\/\\\/www.amafiltration.com\\\/es\\\/servicios\\\/#primaryimage\"},\"thumbnailUrl\":\"https:\\\/\\\/processtechnologies.filtrationgroup.com\\\/wp-content\\\/uploads\\\/2019\\\/08\\\/HD_Services.jpg\",\"datePublished\":\"2025-12-03T17:03:59+00:00\",\"dateModified\":\"2026-02-03T17:23:24+00:00\",\"breadcrumb\":{\"@id\":\"https:\\\/\\\/www.amafiltration.com\\\/es\\\/servicios\\\/#breadcrumb\"},\"inLanguage\":\"es\",\"potentialAction\":[{\"@type\":\"ReadAction\",\"target\":[\"https:\\\/\\\/www.amafiltration.com\\\/es\\\/servicios\\\/\"]}]},{\"@type\":\"ImageObject\",\"inLanguage\":\"es\",\"@id\":\"https:\\\/\\\/www.amafiltration.com\\\/es\\\/servicios\\\/#primaryimage\",\"url\":\"https:\\\/\\\/processtechnologies.filtrationgroup.com\\\/wp-content\\\/uploads\\\/2019\\\/08\\\/HD_Services.jpg\",\"contentUrl\":\"https:\\\/\\\/processtechnologies.filtrationgroup.com\\\/wp-content\\\/uploads\\\/2019\\\/08\\\/HD_Services.jpg\"},{\"@type\":\"BreadcrumbList\",\"@id\":\"https:\\\/\\\/www.amafiltration.com\\\/es\\\/servicios\\\/#breadcrumb\",\"itemListElement\":[{\"@type\":\"ListItem\",\"position\":1,\"name\":\"Home\",\"item\":\"https:\\\/\\\/www.amafiltration.com\\\/es\\\/\"},{\"@type\":\"ListItem\",\"position\":2,\"name\":\"Servicios\"}]},{\"@type\":\"WebSite\",\"@id\":\"https:\\\/\\\/www.amafiltration.com\\\/es\\\/#website\",\"url\":\"https:\\\/\\\/www.amafiltration.com\\\/es\\\/\",\"name\":\"FGC\",\"description\":\"Making the World Safer, Healthier and More Productive\u00ae\",\"publisher\":{\"@id\":\"https:\\\/\\\/www.amafiltration.com\\\/es\\\/#organization\"},\"potentialAction\":[{\"@type\":\"SearchAction\",\"target\":{\"@type\":\"EntryPoint\",\"urlTemplate\":\"https:\\\/\\\/www.amafiltration.com\\\/es\\\/?s={search_term_string}\"},\"query-input\":{\"@type\":\"PropertyValueSpecification\",\"valueRequired\":true,\"valueName\":\"search_term_string\"}}],\"inLanguage\":\"es\"},{\"@type\":\"Organization\",\"@id\":\"https:\\\/\\\/www.amafiltration.com\\\/es\\\/#organization\",\"name\":\"Filtration Group\",\"url\":\"https:\\\/\\\/www.amafiltration.com\\\/es\\\/\",\"logo\":{\"@type\":\"ImageObject\",\"inLanguage\":\"es\",\"@id\":\"https:\\\/\\\/www.amafiltration.com\\\/es\\\/#\\\/schema\\\/logo\\\/image\\\/\",\"url\":\"https:\\\/\\\/www.amafiltration.com\\\/wp-content\\\/uploads\\\/2019\\\/06\\\/FGC-logo-1.png\",\"contentUrl\":\"https:\\\/\\\/www.amafiltration.com\\\/wp-content\\\/uploads\\\/2019\\\/06\\\/FGC-logo-1.png\",\"width\":1104,\"height\":224,\"caption\":\"Filtration Group\"},\"image\":{\"@id\":\"https:\\\/\\\/www.amafiltration.com\\\/es\\\/#\\\/schema\\\/logo\\\/image\\\/\"}}]}<\/script>\n<!-- \/ Yoast SEO Premium plugin. -->","yoast_head_json":{"title":"Servicios - Amafilter\u00ae","robots":{"index":"index","follow":"follow","max-snippet":"max-snippet:-1","max-image-preview":"max-image-preview:large","max-video-preview":"max-video-preview:-1"},"canonical":"https:\/\/www.amafiltration.com\/es\/servicios\/","og_locale":"es_ES","og_type":"article","og_title":"Servicios","og_description":"Servicios Amafilter\u00ae La reputaci\u00f3n de Amafilter\u00ae por ofrecer un servicio excepcional y sistemas de filtraci\u00f3n eficientes se ha construido gracias a","og_url":"https:\/\/www.amafiltration.com\/es\/servicios\/","og_site_name":"Amafilter\u00ae","article_modified_time":"2026-02-03T17:23:24+00:00","twitter_card":"summary_large_image","twitter_misc":{"Est. reading time":"3 minutos"},"schema":{"@context":"https:\/\/schema.org","@graph":[{"@type":"WebPage","@id":"https:\/\/www.amafiltration.com\/es\/servicios\/","url":"https:\/\/www.amafiltration.com\/es\/servicios\/","name":"Servicios - Amafilter\u00ae","isPartOf":{"@id":"https:\/\/www.amafiltration.com\/es\/#website"},"primaryImageOfPage":{"@id":"https:\/\/www.amafiltration.com\/es\/servicios\/#primaryimage"},"image":{"@id":"https:\/\/www.amafiltration.com\/es\/servicios\/#primaryimage"},"thumbnailUrl":"https:\/\/processtechnologies.filtrationgroup.com\/wp-content\/uploads\/2019\/08\/HD_Services.jpg","datePublished":"2025-12-03T17:03:59+00:00","dateModified":"2026-02-03T17:23:24+00:00","breadcrumb":{"@id":"https:\/\/www.amafiltration.com\/es\/servicios\/#breadcrumb"},"inLanguage":"es","potentialAction":[{"@type":"ReadAction","target":["https:\/\/www.amafiltration.com\/es\/servicios\/"]}]},{"@type":"ImageObject","inLanguage":"es","@id":"https:\/\/www.amafiltration.com\/es\/servicios\/#primaryimage","url":"https:\/\/processtechnologies.filtrationgroup.com\/wp-content\/uploads\/2019\/08\/HD_Services.jpg","contentUrl":"https:\/\/processtechnologies.filtrationgroup.com\/wp-content\/uploads\/2019\/08\/HD_Services.jpg"},{"@type":"BreadcrumbList","@id":"https:\/\/www.amafiltration.com\/es\/servicios\/#breadcrumb","itemListElement":[{"@type":"ListItem","position":1,"name":"Home","item":"https:\/\/www.amafiltration.com\/es\/"},{"@type":"ListItem","position":2,"name":"Servicios"}]},{"@type":"WebSite","@id":"https:\/\/www.amafiltration.com\/es\/#website","url":"https:\/\/www.amafiltration.com\/es\/","name":"FGC","description":"Making the World Safer, Healthier and More Productive\u00ae","publisher":{"@id":"https:\/\/www.amafiltration.com\/es\/#organization"},"potentialAction":[{"@type":"SearchAction","target":{"@type":"EntryPoint","urlTemplate":"https:\/\/www.amafiltration.com\/es\/?s={search_term_string}"},"query-input":{"@type":"PropertyValueSpecification","valueRequired":true,"valueName":"search_term_string"}}],"inLanguage":"es"},{"@type":"Organization","@id":"https:\/\/www.amafiltration.com\/es\/#organization","name":"Filtration Group","url":"https:\/\/www.amafiltration.com\/es\/","logo":{"@type":"ImageObject","inLanguage":"es","@id":"https:\/\/www.amafiltration.com\/es\/#\/schema\/logo\/image\/","url":"https:\/\/www.amafiltration.com\/wp-content\/uploads\/2019\/06\/FGC-logo-1.png","contentUrl":"https:\/\/www.amafiltration.com\/wp-content\/uploads\/2019\/06\/FGC-logo-1.png","width":1104,"height":224,"caption":"Filtration Group"},"image":{"@id":"https:\/\/www.amafiltration.com\/es\/#\/schema\/logo\/image\/"}}]}},"_links":{"self":[{"href":"https:\/\/www.amafiltration.com\/es\/wp-json\/wp\/v2\/pages\/4288","targetHints":{"allow":["GET"]}}],"collection":[{"href":"https:\/\/www.amafiltration.com\/es\/wp-json\/wp\/v2\/pages"}],"about":[{"href":"https:\/\/www.amafiltration.com\/es\/wp-json\/wp\/v2\/types\/page"}],"author":[{"embeddable":true,"href":"https:\/\/www.amafiltration.com\/es\/wp-json\/wp\/v2\/users\/13"}],"replies":[{"embeddable":true,"href":"https:\/\/www.amafiltration.com\/es\/wp-json\/wp\/v2\/comments?post=4288"}],"version-history":[{"count":0,"href":"https:\/\/www.amafiltration.com\/es\/wp-json\/wp\/v2\/pages\/4288\/revisions"}],"wp:attachment":[{"href":"https:\/\/www.amafiltration.com\/es\/wp-json\/wp\/v2\/media?parent=4288"}],"curies":[{"name":"wp","href":"https:\/\/api.w.org\/{rel}","templated":true}]}}