{"id":4297,"date":"2025-12-03T18:16:55","date_gmt":"2025-12-03T18:16:55","guid":{"rendered":"https:\/\/www.amafiltration.com\/?page_id=4297"},"modified":"2025-12-03T18:16:56","modified_gmt":"2025-12-03T18:16:56","slug":"terminos-de-uso","status":"publish","type":"page","link":"https:\/\/www.amafiltration.com\/es\/contacto\/terminos-de-uso\/","title":{"rendered":"T\u00e9rminos de uso"},"content":{"rendered":"\n<h2 class=\"wp-block-heading\" id=\"h-terminos-de-uso\">T\u00e9rminos de uso<\/h2>\n\n\n\n<h4 class=\"wp-block-heading\" id=\"h-acuerdo-entre-el-usuario-y-amafilter\">ACUERDO ENTRE EL USUARIO Y AMAFILTER\u00ae<\/h4>\n\n\n\n<p>El sitio web de Amafilter\u00ae se le ofrece condicionado a su aceptaci\u00f3n sin modificaci\u00f3n de los t\u00e9rminos, condiciones y avisos contenidos en el presente. Su uso del sitio web de Amafilter\u00ae constituye su acuerdo con todos estos t\u00e9rminos, condiciones y avisos.<\/p>\n\n\n\n<h4 class=\"wp-block-heading\">MODIFICACI\u00d3N DE ESTOS T\u00c9RMINOS DE USO<\/h4>\n\n\n\n<p>Amafilter\u00ae se reserva el derecho de cambiar los t\u00e9rminos, condiciones y avisos bajo los cuales se ofrece el sitio web de Amafilter\u00ae, incluidos, entre otros, los cargos asociados con el uso del sitio web de Amafilter\u00ae.<\/p>\n\n\n\n<h4 class=\"wp-block-heading\">ENLACES A SITIOS DE TERCEROS<\/h4>\n\n\n\n<p>El sitio web de Amafilter\u00ae puede contener enlaces a otros sitios web (\u201cSitios Enlazados\u201d). Los Sitios Enlazados no est\u00e1n bajo el control de Amafilter\u00ae y Amafilter\u00ae no es responsable de los contenidos de ning\u00fan Sitio Enlazado, incluyendo sin limitaci\u00f3n cualquier enlace contenido en un Sitio Enlazado, o cualquier cambio o actualizaci\u00f3n de un Sitio Enlazado. Amafilter\u00ae no es responsable de la transmisi\u00f3n por webcasting ni de ninguna otra forma de transmisi\u00f3n recibida de cualquier Sitio Enlazado. Amafilter\u00ae le proporciona estos enlaces solo como una conveniencia, y la inclusi\u00f3n de cualquier enlace no implica el respaldo por parte de Amafilter\u00ae del sitio ni ninguna asociaci\u00f3n con sus operadores.<\/p>\n\n\n\n<h4 class=\"wp-block-heading\">USO NO ILEGAL O PROHIBIDO<\/h4>\n\n\n\n<p>Como condici\u00f3n para su uso del sitio web de Amafilter\u00ae, usted garantiza a Amafilter\u00ae que no utilizar\u00e1 el sitio web de Amafilter\u00ae para ning\u00fan prop\u00f3sito que sea ilegal o est\u00e9 prohibido por estos t\u00e9rminos, condiciones y avisos. Usted no puede utilizar el sitio web de Amafilter\u00ae de ninguna manera que pueda da\u00f1ar, deshabilitar, sobrecargar o deteriorar el sitio web de Amafilter\u00ae o interferir con el uso y disfrute del sitio web de Amafilter\u00ae por parte de terceros. No podr\u00e1 obtener ni intentar obtener materiales o informaci\u00f3n a trav\u00e9s de ning\u00fan medio que no haya sido intencionalmente puesto a disposici\u00f3n o proporcionado a trav\u00e9s de los sitios web de Amafilter\u00ae.<\/p>\n\n\n\n<h4 class=\"wp-block-heading\">USO DE SERVICIOS DE COMUNICACI\u00d3N<\/h4>\n\n\n\n<p>El sitio web de Amafilter\u00ae puede contener servicios de tablones de anuncios, \u00e1reas de chat, grupos de noticias, foros, comunidades, p\u00e1ginas web personales, calendarios y\/u otras instalaciones de mensajes o comunicaci\u00f3n dise\u00f1adas para permitirle comunicarse con el p\u00fablico en general o con un grupo (colectivamente, \u201cServicios de Comunicaci\u00f3n\u201d); usted acepta utilizar los Servicios de Comunicaci\u00f3n solo para publicar, enviar y recibir mensajes y material que sean apropiados y est\u00e9n relacionados con el Servicio de Comunicaci\u00f3n en particular. A modo de ejemplo, y no como limitaci\u00f3n, usted acepta que al utilizar un Servicio de Comunicaci\u00f3n, no:<\/p>\n\n\n\n<ul class=\"wp-block-list\">\n<li>Difamar\u00e1, abusar\u00e1, acosar\u00e1, acechar\u00e1, amenazar\u00e1 o violar\u00e1 de otra manera los derechos legales (como los derechos de privacidad y publicidad) de otros.<\/li>\n\n\n\n<li>Publicar\u00e1, subir\u00e1, distribuir\u00e1 o diseminar\u00e1 temas, nombres, materiales o informaci\u00f3n inapropiados, profanos, difamatorios, infractores, obscenos, indecentes o ilegales.<\/li>\n\n\n\n<li>Subir\u00e1 archivos que contengan software u otro material protegido por leyes de propiedad intelectual (o por derechos de privacidad o publicidad) a menos que usted posea o controle los derechos correspondientes o haya recibido todos los consentimientos necesarios.<\/li>\n\n\n\n<li>Subir\u00e1 archivos que contengan virus, archivos corruptos o cualquier otro software o programa similar que pueda da\u00f1ar el funcionamiento de la computadora de otra persona.<\/li>\n\n\n\n<li>Anunciar\u00e1 u ofrecer\u00e1 vender o comprar bienes o servicios para cualquier prop\u00f3sito comercial, a menos que dicho Servicio de Comunicaci\u00f3n lo permita espec\u00edficamente.<\/li>\n\n\n\n<li>Realizar\u00e1 o reenviar\u00e1 encuestas, concursos, esquemas piramidales o cartas en cadena.<\/li>\n\n\n\n<li>Descargar\u00e1 cualquier archivo publicado por otro usuario de un Servicio de Comunicaci\u00f3n que usted sepa, o razonablemente deba saber, que no puede distribuirse legalmente de tal manera.<\/li>\n\n\n\n<li>Falsificar\u00e1 o eliminar\u00e1 cualquier atribuci\u00f3n de autor, aviso legal u otro aviso apropiado o designaciones o etiquetas de propiedad del origen o fuente de software u otro material contenido en un archivo que se sube.<\/li>\n\n\n\n<li>Restringir\u00e1 o inhibir\u00e1 a cualquier otro usuario de usar y disfrutar de los Servicios de Comunicaci\u00f3n.<\/li>\n\n\n\n<li>Violar\u00e1 cualquier c\u00f3digo de conducta u otras pautas que puedan ser aplicables para cualquier Servicio de Comunicaci\u00f3n en particular.<\/li>\n\n\n\n<li>Recopilar\u00e1 o recoger\u00e1 de cualquier otra forma informaci\u00f3n sobre otros, incluidas direcciones de correo electr\u00f3nico, sin su consentimiento.<\/li>\n\n\n\n<li>Violar\u00e1 cualquier ley o regulaci\u00f3n aplicable.<\/li>\n<\/ul>\n\n\n\n<p>Amafilter\u00ae no tiene obligaci\u00f3n de monitorear los Servicios de Comunicaci\u00f3n. Sin embargo, Amafilter\u00ae se reserva el derecho de revisar los materiales publicados en un Servicio de Comunicaci\u00f3n y de eliminar cualquier material a su entera discreci\u00f3n. Amafilter\u00ae se reserva el derecho de terminar su acceso a cualquiera o a todos los Servicios de Comunicaci\u00f3n en cualquier momento sin previo aviso por cualquier motivo.<\/p>\n\n\n\n<p>Amafilter\u00ae se reserva el derecho en todo momento de divulgar cualquier informaci\u00f3n seg\u00fan sea necesario para satisfacer cualquier ley, regulaci\u00f3n, proceso legal o solicitud gubernamental aplicable, o de editar, negarse a publicar o eliminar cualquier informaci\u00f3n o material, en su totalidad o en parte, a entera discre<sup>3<\/sup>ci\u00f3n de Amafilter\u00ae.<\/p>\n\n\n\n<p>Siempre tenga precauci\u00f3n al proporcionar cualquier informaci\u00f3n de identificaci\u00f3n personal sobre usted o sus hijos en cualquier Servicio de Comunicaci\u00f3n. Amafilter\u00ae no controla ni respalda el contenido, los mensajes o la informaci\u00f3n que se encuentran en cualquier Servicio de Comunicaci\u00f3n y, por lo tanto, Amafilter\u00ae se exime espec\u00edficamente de toda responsabilidad con respecto a los Servicios de Comunicaci\u00f3n y cualquier acci\u00f3n que resulte de su participaci\u00f3n en cualquier Servicio de Comunicaci\u00f3n. Los gerentes y anfitriones no son portavoces autorizados de Amafilter\u00ae, y sus puntos de vista no reflejan necesariamente los de Amafilter\u00ae.<\/p>\n\n\n\n<p>Los materiales subidos a un Servicio de Comunicaci\u00f3n pueden estar sujetos a limitaciones publicadas sobre el uso, reproducci\u00f3n y\/o diseminaci\u00f3n. Usted es responsable de adherirse a dichas limitaciones si descarga los materiales.<\/p>\n\n\n\n<h4 class=\"wp-block-heading\">MATERIALES PROPORCIONADOS A AMAFILTER\u00ae<\/h4>\n\n\n\n<p>Amafilter\u00ae no reclama la propiedad de los materiales que usted proporciona a Amafilter\u00ae (incluidos comentarios y sugerencias) o publica, sube, ingresa o env\u00eda a cualquier sitio web de Amafilter\u00ae o sus servicios asociados (colectivamente, \u201cEnv\u00edos\u201d). Sin embargo, al publicar, subir, ingresar, proporcionar o enviar su Env\u00edo, usted otorga a Amafilter\u00ae, sus compa\u00f1\u00edas afiliadas y sublicenciatarios necesarios, permiso para usar su Env\u00edo en relaci\u00f3n con la operaci\u00f3n de sus negocios de Internet, incluidos, entre otros, los derechos de: copiar, distribuir, transmitir, exhibir p\u00fablicamente, realizar p\u00fablicamente, reproducir, editar, traducir y reformatear su Env\u00edo; y publicar su nombre en relaci\u00f3n con su Env\u00edo.<\/p>\n\n\n\n<p>No se pagar\u00e1 ninguna compensaci\u00f3n con respecto al uso de su Env\u00edo, seg\u00fan lo dispuesto en el presente. Amafilter\u00ae no tiene obligaci\u00f3n de publicar o utilizar ning\u00fan Env\u00edo que usted pueda proporcionar y puede eliminar cualquier Env\u00edo en cualquier momento a entera discreci\u00f3n de Amafilter\u00ae.<\/p>\n\n\n\n<p>Al publicar, subir, ingresar, proporcionar o enviar su Env\u00edo, usted garantiza y declara que posee o controla de otra manera todos los derechos de su Env\u00edo como se describe en esta secci\u00f3n, incluidos, entre otros, todos los derechos necesarios para que usted proporcione, publique, suba, ingrese o env\u00ede los Env\u00edos.<\/p>\n\n\n\n<h4 class=\"wp-block-heading\">DESCARGO DE RESPONSABILIDAD DE RESPONSABILIDAD<\/h4>\n\n\n\n<p>LA INFORMACI\u00d3N, EL SOFTWARE, LOS PRODUCTOS Y LOS SERVICIOS INCLUIDOS O DISPONIBLES A TRAV\u00c9S DEL SITIO WEB DE AMAFILTER\u00ae PUEDEN INCLUIR IMPRECISIONES O ERRORES TIPOGR\u00c1FICOS. PERI\u00d3DICAMENTE SE AGREGAN CAMBIOS A LA INFORMACI\u00d3N CONTENIDA EN ESTE DOCUMENTO. AMAFILTER\u00ae Y\/O SUS PROVEEDORES PUEDEN REALIZAR MEJORAS Y\/O CAMBIOS EN EL SITIO WEB DE AMAFILTER\u00ae EN CUALQUIER MOMENTO. NO SE DEBE CONFIAR EN EL ASESORAMIENTO RECIBIDO A TRAV\u00c9S DEL SITIO WEB DE AMAFILTER\u00ae PARA DECISIONES PERSONALES, M\u00c9DICAS, LEGALES O FINANCIERAS Y USTED DEBE CONSULTAR A UN PROFESIONAL APROPIADO PARA OBTENER ASESORAMIENTO ESPEC\u00cdFICO ADAPTADO A SU SITUACI\u00d3N.<\/p>\n\n\n\n<p>AMAFILTER\u00ae Y\/O SUS PROVEEDORES NO HACEN DECLARACIONES SOBRE LA IDONEIDAD, CONFIABILIDAD, DISPONIBILIDAD, PUNTUALIDAD Y PRECISI\u00d3N DE LA INFORMACI\u00d3N, EL SOFTWARE, LOS PRODUCTOS, LOS SERVICIOS Y LOS GR\u00c1FICOS RELACIONADOS CONTENIDOS EN EL SITIO WEB DE AMAFILTER\u00ae PRODUCTS, INC. PARA CUALQUIER PROP\u00d3SITO. EN LA MEDIDA M\u00c1XIMA PERMITIDA POR LA LEY APLICABLE, TODA DICHA INFORMACI\u00d3N, SOFTWARE, PRODUCTOS, SERVICIOS Y GR\u00c1FICOS RELACIONADOS SE PROPORCIONAN \u201cTAL CUAL\u201d SIN GARANT\u00cdA NI CONDICI\u00d3N DE NING\u00daN TIPO. AMAFILTER\u00ae PRODUCTS, INC. Y\/O SUS PROVEEDORES RENUNCIAN A TODAS LAS GARANT\u00cdAS Y CONDICIONES CON RESPECTO A ESTA INFORMACI\u00d3N, SOFTWARE, PRODUCTOS, SERVICIOS Y GR\u00c1FICOS RELACIONADOS, INCLUIDAS TODAS LAS GARANT\u00cdAS O CONDICIONES IMPL\u00cdCITAS DE COMERCIABILIDAD, IDONEIDAD PARA UN PROP\u00d3SITO PARTICULAR, T\u00cdTULO Y NO VIOLACI\u00d3N.<\/p>\n\n\n\n<p>EN LA MEDIDA M\u00c1XIMA PERMITIDA POR LA LEY APLICABLE, EN NING\u00daN CASO AMAFILTER\u00ae Y\/O SUS PROVEEDORES SER\u00c1N RESPONSABLES POR DA\u00d1OS DIRECTOS, INDIRECTOS, PUNITIVOS, INCIDENTALES, ESPECIALES, CONSECUENTES O CUALQUIER DA\u00d1O DE CUALQUIER TIPO, INCLUIDOS, ENTRE OTROS, DA\u00d1OS POR P\u00c9RDIDA DE USO, DATOS O BENEFICIOS, QUE SURJAN DE O EST\u00c9N RELACIONADOS DE CUALQUIER MANERA CON EL USO O RENDIMIENTO DEL SITIO WEB DE AMAFILTER\u00ae, CON LA DEMORA O LA INCAPACIDAD DE UTILIZAR EL SITIO WEB DE AMAFILTER\u00ae O LOS SERVICIOS RELACIONADOS, LA PRESTACI\u00d3N O LA FALTA DE PRESTACI\u00d3N DE SERVICIOS, O POR CUALQUIER INFORMACI\u00d3N, SOFTWARE, PRODUCTOS, SERVICIOS Y GR\u00c1FICOS RELACIONADOS OBTENIDOS A TRAV\u00c9S DEL SITIO WEB DE AMAFILTER\u00ae, O QUE SURJAN DE OTRA MANERA DEL USO DEL SITIO WEB DE AMAFILTER\u00ae, YA SEA BASADO EN CONTRATO, AGRAVIO, NEGLIGENCIA, RESPONSABILIDAD ESTRICTA O DE OTRO TIPO, INCLUSO SI AMAFILTER\u00ae O CUALQUIERA DE SUS PROVEEDORES HA SIDO ADVERTIDO DE LA POSIBILIDAD DE DA\u00d1OS. DEBIDO A QUE ALGUNOS ESTADOS\/JURISDICCIONES NO PERMITEN LA EXCLUSI\u00d3N O LIMITACI\u00d3N DE RESPONSABILIDAD POR DA\u00d1OS CONSECUENTES O INCIDENTALES, ES POSIBLE QUE LA LIMITACI\u00d3N ANTERIOR NO SE APLIQUE A USTED. SI NO EST\u00c1 SATISFECHO CON ALGUNA PARTE DEL SITIO WEB DE AMAFILTER\u00ae O CON ALGUNO DE ESTOS T\u00c9RMINOS DE USO, SU \u00daNICO Y EXCLUSIVO REMEDIO ES DEJAR DE UTILIZAR EL SITIO WEB DE AMAFILTER\u00ae.<\/p>\n\n\n\n<h4 class=\"wp-block-heading\">RESTRICCI\u00d3N DE TERMINACI\u00d3N\/ACCESO<\/h4>\n\n\n\n<p>Amafilter\u00ae se reserva el derecho, a su entera discreci\u00f3n, de terminar su acceso al sitio web de Amafilter\u00ae y a los servicios relacionados o a cualquier parte de los mismos en cualquier momento, sin previo aviso. GENERAL En la medida m\u00e1xima permitida por la ley, este acuerdo se rige por las leyes del Estado de Texas, EE. UU. y por la presente usted acepta la jurisdicci\u00f3n exclusiva de los tribunales en el Condado de Stephens, Texas, EE. UU. en todas las disputas que surjan o est\u00e9n relacionadas con el uso del sitio web de Amafilter\u00ae. El uso del sitio web de Amafilter\u00ae no est\u00e1 autorizado en ninguna jurisdicci\u00f3n que no d\u00e9 efecto a todas las disposiciones de estos t\u00e9rminos y condiciones, incluida, entre otras, esta secci\u00f3n. Usted acepta que no existe ninguna relaci\u00f3n de empresa conjunta, sociedad, empleo o agencia entre usted y Amafilter\u00ae como resultado de este acuerdo o uso del sitio web de Amafilter\u00ae. El cumplimiento de este acuerdo por parte de Amafilter\u00ae est\u00e1 sujeto a las leyes y procesos legales existentes, y nada de lo contenido en este acuerdo constituye una derogaci\u00f3n del derecho de Amafilter\u00ae a cumplir con las solicitudes o requisitos gubernamentales, judiciales y de aplicaci\u00f3n de la ley relacionados con su uso del sitio web de Amafilter\u00ae o la informaci\u00f3n proporcionada a o recopilada por Amafilter\u00ae con respecto a dicho uso. Si se determina que alguna parte de este acuerdo es inv\u00e1lida o inaplicable de conformidad con la ley aplicable, incluidos, entre otros, los descargos de responsabilidad de garant\u00eda y las limitaciones de responsabilidad establecidos anteriormente, entonces la disposici\u00f3n inv\u00e1lida o inaplicable se considerar\u00e1 reemplazada por una disposici\u00f3n v\u00e1lida y aplicable que se acerque m\u00e1s a la intenci\u00f3n de la disposici\u00f3n original y el resto del acuerdo continuar\u00e1 en vigor. A menos que se especifique lo contrario en el presente, este acuerdo constituye el acuerdo completo entre el usuario y Amafilter\u00ae con respe<sup>4<\/sup>cto al sitio web de Amafilter\u00ae y reemplaza todas las comunicaciones y propuestas anteriores o contempor\u00e1neas, ya sean electr\u00f3nicas, orales o escritas, entre el usuario y Amafilter\u00ae con respecto al sitio web de Amafilter\u00ae. Una versi\u00f3n impresa de este acuerdo y de cualquier aviso dado en forma electr\u00f3nica ser\u00e1 admisible en procedimientos judiciales o administrativos basados en o relacionados con este acuerdo en la misma medida y sujeto a las mismas condiciones que otros documentos y registros comerciales generados y mantenidos originalmente en forma impresa. Es el deseo expreso de las partes que este acuerdo y todos los documentos relacionados se redacten en ingl\u00e9s.<\/p>\n\n\n\n<h4 class=\"wp-block-heading\" id=\"h-avisos-de-derechos-de-autor-y-marcas-comerciales\">AVISOS DE DERECHOS DE AUTOR Y MARCAS COMERCIALES<\/h4>\n\n\n\n<p>Todo el contenido del sitio web es propiedad de Amafilter\u00ae. Todos los derechos est\u00e1n reservados.<\/p>\n\n\n\n<h4 class=\"wp-block-heading\">MARCAS COMERCIALES<\/h4>\n\n\n\n<p>Los nombres de empresas y productos reales mencionados en este documento pueden ser marcas comerciales de sus respectivos propietarios.<\/p>\n\n\n\n<p>Las empresas, organizaciones, productos, personas y eventos de ejemplo que se describen en este documento son ficticios. No se pretende ni se debe inferir ninguna asociaci\u00f3n con ninguna empresa, organizaci\u00f3n, producto, persona o evento real.<\/p>\n\n\n\n<p>Cualquier derecho no otorgado expresamente en este documento est\u00e1 reservado.<\/p>\n\n\n\n<h4 class=\"wp-block-heading\">AVISOS Y PROCEDIMIENTO PARA LA PRESENTACI\u00d3N DE RECLAMACIONES POR INFRACCI\u00d3N DE DERECHOS DE AUTOR<\/h4>\n\n\n\n<p>De conformidad con el T\u00edtulo 17, C\u00f3digo de los Estados Unidos, Secci\u00f3n 512(c)(2), las notificaciones de supuesta infracci\u00f3n de derechos de autor bajo la ley de derechos de autor de los Estados Unidos deben enviarse al Agente Designado del Proveedor de Servicios. TODAS LAS CONSULTAS NO RELEVANTES PARA EL SIGUIENTE PROCEDIMIENTO NO RECIBIR\u00c1N RESPUESTA.<\/p>\n","protected":false},"excerpt":{"rendered":"<p>T\u00e9rminos de uso ACUERDO ENTRE EL USUARIO Y AMAFILTER\u00ae El sitio web de Amafilter\u00ae se le ofrece condicionado a su aceptaci\u00f3n sin modificaci\u00f3n de los t\u00e9rminos, condiciones y avisos contenidos en el presente. Su uso del sitio web de Amafilter\u00ae constituye su acuerdo con todos estos t\u00e9rminos, condiciones y avisos. MODIFICACI\u00d3N DE ESTOS T\u00c9RMINOS DE [&hellip;]<\/p>\n","protected":false},"author":13,"featured_media":0,"parent":4292,"menu_order":0,"comment_status":"closed","ping_status":"closed","template":"","meta":{"_acf_changed":false,"footnotes":""},"class_list":["post-4297","page","type-page","status-publish","hentry"],"acf":[],"yoast_head":"<!-- This site is optimized with the Yoast SEO Premium plugin v27.3 (Yoast SEO v27.3) - https:\/\/yoast.com\/product\/yoast-seo-premium-wordpress\/ -->\n<title>T\u00e9rminos de uso - Amafilter\u00ae<\/title>\n<meta name=\"robots\" content=\"index, follow, max-snippet:-1, max-image-preview:large, max-video-preview:-1\" \/>\n<link rel=\"canonical\" href=\"https:\/\/www.amafiltration.com\/es\/contacto\/terminos-de-uso\/\" \/>\n<meta property=\"og:locale\" content=\"es_ES\" \/>\n<meta property=\"og:type\" content=\"article\" \/>\n<meta property=\"og:title\" content=\"T\u00e9rminos de uso\" \/>\n<meta property=\"og:description\" content=\"T\u00e9rminos de uso ACUERDO ENTRE EL USUARIO Y AMAFILTER\u00ae El sitio web de Amafilter\u00ae se le ofrece condicionado a su aceptaci\u00f3n sin modificaci\u00f3n de los\" \/>\n<meta property=\"og:url\" content=\"https:\/\/www.amafiltration.com\/es\/contacto\/terminos-de-uso\/\" \/>\n<meta property=\"og:site_name\" content=\"Amafilter\u00ae\" \/>\n<meta property=\"article:modified_time\" content=\"2025-12-03T18:16:56+00:00\" \/>\n<meta name=\"twitter:card\" content=\"summary_large_image\" \/>\n<meta name=\"twitter:label1\" content=\"Est. reading time\" \/>\n\t<meta name=\"twitter:data1\" content=\"10 minutos\" \/>\n<script type=\"application\/ld+json\" class=\"yoast-schema-graph\">{\"@context\":\"https:\\\/\\\/schema.org\",\"@graph\":[{\"@type\":\"WebPage\",\"@id\":\"https:\\\/\\\/www.amafiltration.com\\\/es\\\/contacto\\\/terminos-de-uso\\\/\",\"url\":\"https:\\\/\\\/www.amafiltration.com\\\/es\\\/contacto\\\/terminos-de-uso\\\/\",\"name\":\"T\u00e9rminos de uso - Amafilter\u00ae\",\"isPartOf\":{\"@id\":\"https:\\\/\\\/www.amafiltration.com\\\/es\\\/#website\"},\"datePublished\":\"2025-12-03T18:16:55+00:00\",\"dateModified\":\"2025-12-03T18:16:56+00:00\",\"breadcrumb\":{\"@id\":\"https:\\\/\\\/www.amafiltration.com\\\/es\\\/contacto\\\/terminos-de-uso\\\/#breadcrumb\"},\"inLanguage\":\"es\",\"potentialAction\":[{\"@type\":\"ReadAction\",\"target\":[\"https:\\\/\\\/www.amafiltration.com\\\/es\\\/contacto\\\/terminos-de-uso\\\/\"]}]},{\"@type\":\"BreadcrumbList\",\"@id\":\"https:\\\/\\\/www.amafiltration.com\\\/es\\\/contacto\\\/terminos-de-uso\\\/#breadcrumb\",\"itemListElement\":[{\"@type\":\"ListItem\",\"position\":1,\"name\":\"Home\",\"item\":\"https:\\\/\\\/www.amafiltration.com\\\/es\\\/\"},{\"@type\":\"ListItem\",\"position\":2,\"name\":\"Contacto\",\"item\":\"https:\\\/\\\/www.amafiltration.com\\\/es\\\/contacto\\\/\"},{\"@type\":\"ListItem\",\"position\":3,\"name\":\"T\u00e9rminos de uso\"}]},{\"@type\":\"WebSite\",\"@id\":\"https:\\\/\\\/www.amafiltration.com\\\/es\\\/#website\",\"url\":\"https:\\\/\\\/www.amafiltration.com\\\/es\\\/\",\"name\":\"FGC\",\"description\":\"Making the World Safer, Healthier and More Productive\u00ae\",\"publisher\":{\"@id\":\"https:\\\/\\\/www.amafiltration.com\\\/es\\\/#organization\"},\"potentialAction\":[{\"@type\":\"SearchAction\",\"target\":{\"@type\":\"EntryPoint\",\"urlTemplate\":\"https:\\\/\\\/www.amafiltration.com\\\/es\\\/?s={search_term_string}\"},\"query-input\":{\"@type\":\"PropertyValueSpecification\",\"valueRequired\":true,\"valueName\":\"search_term_string\"}}],\"inLanguage\":\"es\"},{\"@type\":\"Organization\",\"@id\":\"https:\\\/\\\/www.amafiltration.com\\\/es\\\/#organization\",\"name\":\"Filtration Group\",\"url\":\"https:\\\/\\\/www.amafiltration.com\\\/es\\\/\",\"logo\":{\"@type\":\"ImageObject\",\"inLanguage\":\"es\",\"@id\":\"https:\\\/\\\/www.amafiltration.com\\\/es\\\/#\\\/schema\\\/logo\\\/image\\\/\",\"url\":\"https:\\\/\\\/www.amafiltration.com\\\/wp-content\\\/uploads\\\/2019\\\/06\\\/FGC-logo-1.png\",\"contentUrl\":\"https:\\\/\\\/www.amafiltration.com\\\/wp-content\\\/uploads\\\/2019\\\/06\\\/FGC-logo-1.png\",\"width\":1104,\"height\":224,\"caption\":\"Filtration Group\"},\"image\":{\"@id\":\"https:\\\/\\\/www.amafiltration.com\\\/es\\\/#\\\/schema\\\/logo\\\/image\\\/\"}}]}<\/script>\n<!-- \/ Yoast SEO Premium plugin. -->","yoast_head_json":{"title":"T\u00e9rminos de uso - Amafilter\u00ae","robots":{"index":"index","follow":"follow","max-snippet":"max-snippet:-1","max-image-preview":"max-image-preview:large","max-video-preview":"max-video-preview:-1"},"canonical":"https:\/\/www.amafiltration.com\/es\/contacto\/terminos-de-uso\/","og_locale":"es_ES","og_type":"article","og_title":"T\u00e9rminos de uso","og_description":"T\u00e9rminos de uso ACUERDO ENTRE EL USUARIO Y AMAFILTER\u00ae El sitio web de Amafilter\u00ae se le ofrece condicionado a su aceptaci\u00f3n sin modificaci\u00f3n de los","og_url":"https:\/\/www.amafiltration.com\/es\/contacto\/terminos-de-uso\/","og_site_name":"Amafilter\u00ae","article_modified_time":"2025-12-03T18:16:56+00:00","twitter_card":"summary_large_image","twitter_misc":{"Est. reading time":"10 minutos"},"schema":{"@context":"https:\/\/schema.org","@graph":[{"@type":"WebPage","@id":"https:\/\/www.amafiltration.com\/es\/contacto\/terminos-de-uso\/","url":"https:\/\/www.amafiltration.com\/es\/contacto\/terminos-de-uso\/","name":"T\u00e9rminos de uso - Amafilter\u00ae","isPartOf":{"@id":"https:\/\/www.amafiltration.com\/es\/#website"},"datePublished":"2025-12-03T18:16:55+00:00","dateModified":"2025-12-03T18:16:56+00:00","breadcrumb":{"@id":"https:\/\/www.amafiltration.com\/es\/contacto\/terminos-de-uso\/#breadcrumb"},"inLanguage":"es","potentialAction":[{"@type":"ReadAction","target":["https:\/\/www.amafiltration.com\/es\/contacto\/terminos-de-uso\/"]}]},{"@type":"BreadcrumbList","@id":"https:\/\/www.amafiltration.com\/es\/contacto\/terminos-de-uso\/#breadcrumb","itemListElement":[{"@type":"ListItem","position":1,"name":"Home","item":"https:\/\/www.amafiltration.com\/es\/"},{"@type":"ListItem","position":2,"name":"Contacto","item":"https:\/\/www.amafiltration.com\/es\/contacto\/"},{"@type":"ListItem","position":3,"name":"T\u00e9rminos de uso"}]},{"@type":"WebSite","@id":"https:\/\/www.amafiltration.com\/es\/#website","url":"https:\/\/www.amafiltration.com\/es\/","name":"FGC","description":"Making the World Safer, Healthier and More Productive\u00ae","publisher":{"@id":"https:\/\/www.amafiltration.com\/es\/#organization"},"potentialAction":[{"@type":"SearchAction","target":{"@type":"EntryPoint","urlTemplate":"https:\/\/www.amafiltration.com\/es\/?s={search_term_string}"},"query-input":{"@type":"PropertyValueSpecification","valueRequired":true,"valueName":"search_term_string"}}],"inLanguage":"es"},{"@type":"Organization","@id":"https:\/\/www.amafiltration.com\/es\/#organization","name":"Filtration Group","url":"https:\/\/www.amafiltration.com\/es\/","logo":{"@type":"ImageObject","inLanguage":"es","@id":"https:\/\/www.amafiltration.com\/es\/#\/schema\/logo\/image\/","url":"https:\/\/www.amafiltration.com\/wp-content\/uploads\/2019\/06\/FGC-logo-1.png","contentUrl":"https:\/\/www.amafiltration.com\/wp-content\/uploads\/2019\/06\/FGC-logo-1.png","width":1104,"height":224,"caption":"Filtration Group"},"image":{"@id":"https:\/\/www.amafiltration.com\/es\/#\/schema\/logo\/image\/"}}]}},"_links":{"self":[{"href":"https:\/\/www.amafiltration.com\/es\/wp-json\/wp\/v2\/pages\/4297","targetHints":{"allow":["GET"]}}],"collection":[{"href":"https:\/\/www.amafiltration.com\/es\/wp-json\/wp\/v2\/pages"}],"about":[{"href":"https:\/\/www.amafiltration.com\/es\/wp-json\/wp\/v2\/types\/page"}],"author":[{"embeddable":true,"href":"https:\/\/www.amafiltration.com\/es\/wp-json\/wp\/v2\/users\/13"}],"replies":[{"embeddable":true,"href":"https:\/\/www.amafiltration.com\/es\/wp-json\/wp\/v2\/comments?post=4297"}],"version-history":[{"count":0,"href":"https:\/\/www.amafiltration.com\/es\/wp-json\/wp\/v2\/pages\/4297\/revisions"}],"up":[{"embeddable":true,"href":"https:\/\/www.amafiltration.com\/es\/wp-json\/wp\/v2\/pages\/4292"}],"wp:attachment":[{"href":"https:\/\/www.amafiltration.com\/es\/wp-json\/wp\/v2\/media?parent=4297"}],"curies":[{"name":"wp","href":"https:\/\/api.w.org\/{rel}","templated":true}]}}