{"id":4397,"date":"2025-12-05T15:17:19","date_gmt":"2025-12-05T15:17:19","guid":{"rendered":"https:\/\/www.amafiltration.com\/?page_id=4397"},"modified":"2026-02-02T16:38:09","modified_gmt":"2026-02-02T16:38:09","slug":"placas-filtrantes","status":"publish","type":"page","link":"https:\/\/www.amafiltration.com\/es\/productos\/elementos-filtrantes\/placas-filtrantes\/","title":{"rendered":"Placas filtrantes"},"content":{"rendered":"\n<div class=\"wp-block-cover alignfull has-background-dim\" style=\"min-height:200px;aspect-ratio:unset;\"><span aria-hidden=\"true\" class=\"wp-block-cover__background has-blue-background-color has-background-dim-100 has-background-dim\"><\/span><div class=\"wp-block-cover__inner-container is-layout-flow wp-block-cover-is-layout-flow\">\n<h1 class=\"wp-block-heading has-text-align-center\" id=\"h-placas-filtrantes\">Placas filtrantes<\/h1>\n<\/div><\/div>\n\n\n\n<p>Los filtros de placas de Amafilter\u00ae, tanto verticales como horizontales, disponen de una amplia gama de elementos filtrantes (placas), con diferentes configuraciones en cuanto a eficiencia y materiales de construcci\u00f3n, para adaptarse a las necesidades de cada proceso.<\/p>\n\n\n\n<p>Estos sistemas est\u00e1n dise\u00f1ados para satisfacer las necesidades de filtraci\u00f3n espec\u00edficas para cada aplicaci\u00f3n, incluyendo la industria de <a href=\"https:\/\/www.amafiltration.com\/es\/industrias\/soluciones-de-filtracion-y-separacion-para-la-industria-alimentaria\/\">alimentaci\u00f3n y bebidas<\/a>,  <a href=\"https:\/\/www.amafiltration.com\/es\/industrias\/chemical\/quimica-aplicaciones\/\">qu\u00edmica<\/a> y <a href=\"https:\/\/www.amafiltration.com\/es\/industrias\/minerales-y-mineria\/aplicaciones-en-minerales-y-mineria\/\">azufre<\/a>.<\/p>\n\n\n\n<p>La calidad, el dise\u00f1o y el estado de los elementos filtrantes son factores determinantes para la eficiencia global y la productividad de cualquier sistema de filtraci\u00f3n. Las placas filtrantes de alta precisi\u00f3n producidas por Amafilter\u00ae, correctamente mantenidas, garantizan un caudal m\u00e1ximo, una elevada claridad del filtrado y una fiabilidad operativa sostenida, incluso en condiciones industriales altamente exigentes.<\/p>\n\n\n\n<p>Tanto si necesita soluciones de filtraci\u00f3n para aceites comestibles, productos qu\u00edmicos o azufre, Amafilter\u00ae suministra placas filtrantes dise\u00f1adas para ofrecer un rendimiento \u00f3ptimo y una elevada durabilidad.<\/p>\n\n\n\n<div style=\"height:20px\" aria-hidden=\"true\" class=\"wp-block-spacer\"><\/div>\n\n\n\n<div class=\"wp-block-columns alignwide grayblock is-layout-flex wp-container-core-columns-is-layout-9d6595d7 wp-block-columns-is-layout-flex\">\n<div class=\"wp-block-column is-layout-flow wp-block-column-is-layout-flow\">\n<h3 class=\"wp-block-heading\" id=\"h-rendimiento\"><strong>Rendimiento<\/strong><\/h3>\n\n\n\n<p>Los elementos filtrantes son componentes esenciales de cualquier sistema de filtraci\u00f3n por placas. Sustituir placas antiguas o da\u00f1adas por unidades nuevas o reacondicionadas (re-screened) puede mejorar de forma inmediata el rendimiento global del sistema de filtraci\u00f3n.<\/p>\n\n\n\n<p>Las placas filtrantes de Amafilter\u00ae est\u00e1n fabricadas con cinco capas de malla met\u00e1lica de acero inoxidable, calibradas con alta precisi\u00f3n, lo que incrementa la productividad del sistema y la eficiencia de filtraci\u00f3n.<\/p>\n<\/div>\n\n\n\n<div class=\"wp-block-column is-layout-flow wp-block-column-is-layout-flow\">\n<h3 class=\"wp-block-heading\" id=\"h-fiabilidad\"><strong>Fiabilidad<\/strong><\/h3>\n\n\n\n<p>Las placas filtrantes Amafilter\u00ae se fabrican en acero inoxidable 316L, reconocido por sus propiedades mec\u00e1nicas que ofrecen una excelente resistencia a la corrosi\u00f3n bajo tensi\u00f3n, a las variaciones de temperatura y a cambios extremos de presi\u00f3n.<\/p>\n\n\n\n<p>Para aplicaciones especialmente exigentes, tambi\u00e9n se encuentran disponibles otros materiales aleados. El dise\u00f1o, la tecnolog\u00eda y la fabricaci\u00f3n experta aplicada en la producci\u00f3n de nuestras placas filtrantes reducen los tiempos de parada por mantenimiento, mejoran la productividad y prolongan la vida \u00fatil de las placas.<\/p>\n<\/div>\n<\/div>\n\n\n\n<div style=\"height:50px\" aria-hidden=\"true\" class=\"wp-block-spacer\"><\/div>\n\n\n\n<div class=\"wp-block-columns alignwide is-layout-flex wp-container-core-columns-is-layout-9d6595d7 wp-block-columns-is-layout-flex\">\n<div class=\"wp-block-column is-layout-flow wp-block-column-is-layout-flow\">\n<h3 class=\"wp-block-heading\" id=\"h-caracteristicas-principales\"><strong>Caracter\u00edsticas principales<\/strong><\/h3>\n\n\n\n<ul class=\"wp-block-list\">\n<li>Apto para sistemas de filtraci\u00f3n verticales (como Versis\u00ae) y horizontales.<\/li>\n\n\n\n<li>Acero inoxidable 304L, 316L, 904L o super d\u00faplex; Otros materiales aleados disponibles bajo solicitud.<\/li>\n\n\n\n<li>Disponible en distintos tipos de malla y combinaciones de capas.<\/li>\n\n\n\n<li>Amplia gama de chasis reforzados con perfiles remachados, soldados o atornillados, seg\u00fan la aplicaci\u00f3n.<\/li>\n\n\n\n<li>Excelentes propiedades para procesos con precapa (pre-coat).<\/li>\n\n\n\n<li>Alta eficiencia de filtraci\u00f3n, calidad del filtrado y caudales elevados.<\/li>\n\n\n\n<li>Placas filtrantes r\u00edgidas de acero inoxidable, de doble cara.<\/li>\n\n\n\n<li>Cada placa filtrante est\u00e1 compuesta por cinco capas de malla met\u00e1lica de acero inoxidable.<\/li>\n\n\n\n<li>Baja p\u00e9rdida de carga.<\/li>\n\n\n\n<li>Apta para descarga de torta h\u00fameda (con tela filtrante) o seca.<\/li>\n\n\n\n<li>La capa superior de la malla puede personalizarse seg\u00fan la aplicaci\u00f3n.<\/li>\n<\/ul>\n<\/div>\n\n\n\n<div class=\"wp-block-column is-layout-flow wp-block-column-is-layout-flow\">\n<div style=\"height:20px\" aria-hidden=\"true\" class=\"wp-block-spacer\"><\/div>\n\n\n<div class=\"wp-block-image is-resized\">\n<figure class=\"aligncenter size-full\"><a href=\"https:\/\/www.amafiltration.com\/wp-content\/uploads\/2026\/02\/Amafilter-Placas-Filtrantes.pdf\" target=\"_blank\" rel=\" noreferrer noopener\"><img loading=\"lazy\" decoding=\"async\" width=\"602\" height=\"854\" src=\"https:\/\/www.amafiltration.com\/wp-content\/uploads\/2024\/10\/Capture.jpg\" alt=\"\" class=\"wp-image-3457\" srcset=\"https:\/\/www.amafiltration.com\/wp-content\/uploads\/2024\/10\/Capture.jpg 602w, https:\/\/www.amafiltration.com\/wp-content\/uploads\/2024\/10\/Capture-211x300.jpg 211w\" sizes=\"auto, (max-width: 602px) 100vw, 602px\" \/><\/a><\/figure>\n<\/div>\n\n\n<div class=\"wp-block-buttons btn-full-width is-content-justification-center is-layout-flex wp-container-core-buttons-is-layout-16018d1d wp-block-buttons-is-layout-flex\">\n<div class=\"wp-block-button btn-full-width\"><a class=\"wp-block-button__link has-green-background-color has-background wp-element-button\" href=\"https:\/\/www.amafiltration.com\/wp-content\/uploads\/2026\/02\/Amafilter-Placas-Filtrantes.pdf\" target=\"_blank\" rel=\"noreferrer noopener\"><strong>Descargar cat\u00e1logo<\/strong><\/a><\/div>\n<\/div>\n<\/div>\n<\/div>\n\n\n\n<div style=\"height:50px\" aria-hidden=\"true\" class=\"wp-block-spacer\"><\/div>\n\n\n\n<div class=\"wp-block-columns grayblock is-layout-flex wp-container-core-columns-is-layout-9d6595d7 wp-block-columns-is-layout-flex\">\n<div class=\"wp-block-column is-layout-flow wp-block-column-is-layout-flow\">\n<h3 class=\"wp-block-heading\" id=\"h-servicios\">Servicios<\/h3>\n\n\n\n<p>Nos tomamos muy en serio nuestra responsabilidad como socios de nuestros clientes y ofrecemos una gama de servicios dise\u00f1ados para brindarles un soporte eficaz y ayudarles a resolver sus desaf\u00edos de filtraci\u00f3n.<\/p>\n\n\n\n<div class=\"wp-block-buttons is-layout-flex wp-block-buttons-is-layout-flex\">\n<div class=\"wp-block-button\"><a class=\"wp-block-button__link has-green-background-color has-background wp-element-button\" href=\"https:\/\/www.amafiltration.com\/es\/servicios\/\"><strong>Servicios<\/strong><\/a><\/div>\n<\/div>\n<\/div>\n\n\n\n<div class=\"wp-block-column is-layout-flow wp-block-column-is-layout-flow\">\n<h3 class=\"wp-block-heading\" id=\"h-contacto\">Contacto<\/h3>\n\n\n\n<p>Descubre c\u00f3mo amafilter\u00ae, parte de Filtration Group, puede ayudarte a resolver tus desaf\u00edos de filtraci\u00f3n s\u00f3lido-l\u00edquido y a optimizar tus procesos.<\/p>\n\n\n\n<div class=\"wp-block-buttons is-layout-flex wp-block-buttons-is-layout-flex\">\n<div class=\"wp-block-button\"><a class=\"wp-block-button__link has-green-background-color has-background wp-element-button\" href=\"https:\/\/www.amafiltration.com\/es\/contacto\/\"><strong>Contacto<\/strong><\/a><\/div>\n<\/div>\n<\/div>\n<\/div>\n","protected":false},"excerpt":{"rendered":"<p>Los filtros de placas de Amafilter\u00ae, tanto verticales como horizontales, disponen de una amplia gama de elementos filtrantes (placas), con diferentes configuraciones en cuanto a eficiencia y materiales de construcci\u00f3n, para adaptarse a las necesidades de cada proceso. Estos sistemas est\u00e1n dise\u00f1ados para satisfacer las necesidades de filtraci\u00f3n espec\u00edficas para cada aplicaci\u00f3n, incluyendo la industria [&hellip;]<\/p>\n","protected":false},"author":13,"featured_media":0,"parent":4311,"menu_order":0,"comment_status":"closed","ping_status":"closed","template":"","meta":{"_acf_changed":false,"footnotes":""},"class_list":["post-4397","page","type-page","status-publish","hentry"],"acf":[],"yoast_head":"<!-- This site is optimized with the Yoast SEO Premium plugin v27.3 (Yoast SEO v27.3) - https:\/\/yoast.com\/product\/yoast-seo-premium-wordpress\/ -->\n<title>Placas filtrantes - Amafilter\u00ae<\/title>\n<meta name=\"robots\" content=\"index, follow, max-snippet:-1, max-image-preview:large, max-video-preview:-1\" \/>\n<link rel=\"canonical\" href=\"https:\/\/www.amafiltration.com\/es\/productos\/elementos-filtrantes\/placas-filtrantes\/\" \/>\n<meta property=\"og:locale\" content=\"es_ES\" \/>\n<meta property=\"og:type\" content=\"article\" \/>\n<meta property=\"og:title\" content=\"Placas filtrantes\" \/>\n<meta property=\"og:description\" content=\"Placas filtrantes Los filtros de placas de Amafilter\u00ae, tanto verticales como horizontales, disponen de una amplia gama de elementos filtrantes (placas),\" \/>\n<meta property=\"og:url\" content=\"https:\/\/www.amafiltration.com\/es\/productos\/elementos-filtrantes\/placas-filtrantes\/\" \/>\n<meta property=\"og:site_name\" content=\"Amafilter\u00ae\" \/>\n<meta property=\"article:modified_time\" content=\"2026-02-02T16:38:09+00:00\" \/>\n<meta property=\"og:image\" content=\"https:\/\/www.amafiltration.com\/wp-content\/uploads\/2024\/10\/Capture.jpg\" \/>\n\t<meta property=\"og:image:width\" content=\"602\" \/>\n\t<meta property=\"og:image:height\" content=\"854\" \/>\n\t<meta property=\"og:image:type\" content=\"image\/jpeg\" \/>\n<meta name=\"twitter:card\" content=\"summary_large_image\" \/>\n<meta name=\"twitter:label1\" content=\"Est. reading time\" \/>\n\t<meta name=\"twitter:data1\" content=\"3 minutos\" \/>\n<script type=\"application\/ld+json\" class=\"yoast-schema-graph\">{\"@context\":\"https:\\\/\\\/schema.org\",\"@graph\":[{\"@type\":\"WebPage\",\"@id\":\"https:\\\/\\\/www.amafiltration.com\\\/es\\\/productos\\\/elementos-filtrantes\\\/placas-filtrantes\\\/\",\"url\":\"https:\\\/\\\/www.amafiltration.com\\\/es\\\/productos\\\/elementos-filtrantes\\\/placas-filtrantes\\\/\",\"name\":\"Placas filtrantes - Amafilter\u00ae\",\"isPartOf\":{\"@id\":\"https:\\\/\\\/www.amafiltration.com\\\/es\\\/#website\"},\"primaryImageOfPage\":{\"@id\":\"https:\\\/\\\/www.amafiltration.com\\\/es\\\/productos\\\/elementos-filtrantes\\\/placas-filtrantes\\\/#primaryimage\"},\"image\":{\"@id\":\"https:\\\/\\\/www.amafiltration.com\\\/es\\\/productos\\\/elementos-filtrantes\\\/placas-filtrantes\\\/#primaryimage\"},\"thumbnailUrl\":\"https:\\\/\\\/www.amafiltration.com\\\/wp-content\\\/uploads\\\/2024\\\/10\\\/Capture.jpg\",\"datePublished\":\"2025-12-05T15:17:19+00:00\",\"dateModified\":\"2026-02-02T16:38:09+00:00\",\"breadcrumb\":{\"@id\":\"https:\\\/\\\/www.amafiltration.com\\\/es\\\/productos\\\/elementos-filtrantes\\\/placas-filtrantes\\\/#breadcrumb\"},\"inLanguage\":\"es\",\"potentialAction\":[{\"@type\":\"ReadAction\",\"target\":[\"https:\\\/\\\/www.amafiltration.com\\\/es\\\/productos\\\/elementos-filtrantes\\\/placas-filtrantes\\\/\"]}]},{\"@type\":\"ImageObject\",\"inLanguage\":\"es\",\"@id\":\"https:\\\/\\\/www.amafiltration.com\\\/es\\\/productos\\\/elementos-filtrantes\\\/placas-filtrantes\\\/#primaryimage\",\"url\":\"https:\\\/\\\/www.amafiltration.com\\\/wp-content\\\/uploads\\\/2024\\\/10\\\/Capture.jpg\",\"contentUrl\":\"https:\\\/\\\/www.amafiltration.com\\\/wp-content\\\/uploads\\\/2024\\\/10\\\/Capture.jpg\"},{\"@type\":\"BreadcrumbList\",\"@id\":\"https:\\\/\\\/www.amafiltration.com\\\/es\\\/productos\\\/elementos-filtrantes\\\/placas-filtrantes\\\/#breadcrumb\",\"itemListElement\":[{\"@type\":\"ListItem\",\"position\":1,\"name\":\"Home\",\"item\":\"https:\\\/\\\/www.amafiltration.com\\\/es\\\/\"},{\"@type\":\"ListItem\",\"position\":2,\"name\":\"Productos\",\"item\":\"https:\\\/\\\/www.amafiltration.com\\\/es\\\/productos\\\/\"},{\"@type\":\"ListItem\",\"position\":3,\"name\":\"Elementos filtrantes\",\"item\":\"https:\\\/\\\/www.amafiltration.com\\\/es\\\/productos\\\/elementos-filtrantes\\\/\"},{\"@type\":\"ListItem\",\"position\":4,\"name\":\"Placas filtrantes\"}]},{\"@type\":\"WebSite\",\"@id\":\"https:\\\/\\\/www.amafiltration.com\\\/es\\\/#website\",\"url\":\"https:\\\/\\\/www.amafiltration.com\\\/es\\\/\",\"name\":\"FGC\",\"description\":\"Making the World Safer, Healthier and More Productive\u00ae\",\"publisher\":{\"@id\":\"https:\\\/\\\/www.amafiltration.com\\\/es\\\/#organization\"},\"potentialAction\":[{\"@type\":\"SearchAction\",\"target\":{\"@type\":\"EntryPoint\",\"urlTemplate\":\"https:\\\/\\\/www.amafiltration.com\\\/es\\\/?s={search_term_string}\"},\"query-input\":{\"@type\":\"PropertyValueSpecification\",\"valueRequired\":true,\"valueName\":\"search_term_string\"}}],\"inLanguage\":\"es\"},{\"@type\":\"Organization\",\"@id\":\"https:\\\/\\\/www.amafiltration.com\\\/es\\\/#organization\",\"name\":\"Filtration Group\",\"url\":\"https:\\\/\\\/www.amafiltration.com\\\/es\\\/\",\"logo\":{\"@type\":\"ImageObject\",\"inLanguage\":\"es\",\"@id\":\"https:\\\/\\\/www.amafiltration.com\\\/es\\\/#\\\/schema\\\/logo\\\/image\\\/\",\"url\":\"https:\\\/\\\/www.amafiltration.com\\\/wp-content\\\/uploads\\\/2019\\\/06\\\/FGC-logo-1.png\",\"contentUrl\":\"https:\\\/\\\/www.amafiltration.com\\\/wp-content\\\/uploads\\\/2019\\\/06\\\/FGC-logo-1.png\",\"width\":1104,\"height\":224,\"caption\":\"Filtration Group\"},\"image\":{\"@id\":\"https:\\\/\\\/www.amafiltration.com\\\/es\\\/#\\\/schema\\\/logo\\\/image\\\/\"}}]}<\/script>\n<!-- \/ Yoast SEO Premium plugin. -->","yoast_head_json":{"title":"Placas filtrantes - Amafilter\u00ae","robots":{"index":"index","follow":"follow","max-snippet":"max-snippet:-1","max-image-preview":"max-image-preview:large","max-video-preview":"max-video-preview:-1"},"canonical":"https:\/\/www.amafiltration.com\/es\/productos\/elementos-filtrantes\/placas-filtrantes\/","og_locale":"es_ES","og_type":"article","og_title":"Placas filtrantes","og_description":"Placas filtrantes Los filtros de placas de Amafilter\u00ae, tanto verticales como horizontales, disponen de una amplia gama de elementos filtrantes (placas),","og_url":"https:\/\/www.amafiltration.com\/es\/productos\/elementos-filtrantes\/placas-filtrantes\/","og_site_name":"Amafilter\u00ae","article_modified_time":"2026-02-02T16:38:09+00:00","og_image":[{"width":602,"height":854,"url":"https:\/\/www.amafiltration.com\/wp-content\/uploads\/2024\/10\/Capture.jpg","type":"image\/jpeg"}],"twitter_card":"summary_large_image","twitter_misc":{"Est. reading time":"3 minutos"},"schema":{"@context":"https:\/\/schema.org","@graph":[{"@type":"WebPage","@id":"https:\/\/www.amafiltration.com\/es\/productos\/elementos-filtrantes\/placas-filtrantes\/","url":"https:\/\/www.amafiltration.com\/es\/productos\/elementos-filtrantes\/placas-filtrantes\/","name":"Placas filtrantes - Amafilter\u00ae","isPartOf":{"@id":"https:\/\/www.amafiltration.com\/es\/#website"},"primaryImageOfPage":{"@id":"https:\/\/www.amafiltration.com\/es\/productos\/elementos-filtrantes\/placas-filtrantes\/#primaryimage"},"image":{"@id":"https:\/\/www.amafiltration.com\/es\/productos\/elementos-filtrantes\/placas-filtrantes\/#primaryimage"},"thumbnailUrl":"https:\/\/www.amafiltration.com\/wp-content\/uploads\/2024\/10\/Capture.jpg","datePublished":"2025-12-05T15:17:19+00:00","dateModified":"2026-02-02T16:38:09+00:00","breadcrumb":{"@id":"https:\/\/www.amafiltration.com\/es\/productos\/elementos-filtrantes\/placas-filtrantes\/#breadcrumb"},"inLanguage":"es","potentialAction":[{"@type":"ReadAction","target":["https:\/\/www.amafiltration.com\/es\/productos\/elementos-filtrantes\/placas-filtrantes\/"]}]},{"@type":"ImageObject","inLanguage":"es","@id":"https:\/\/www.amafiltration.com\/es\/productos\/elementos-filtrantes\/placas-filtrantes\/#primaryimage","url":"https:\/\/www.amafiltration.com\/wp-content\/uploads\/2024\/10\/Capture.jpg","contentUrl":"https:\/\/www.amafiltration.com\/wp-content\/uploads\/2024\/10\/Capture.jpg"},{"@type":"BreadcrumbList","@id":"https:\/\/www.amafiltration.com\/es\/productos\/elementos-filtrantes\/placas-filtrantes\/#breadcrumb","itemListElement":[{"@type":"ListItem","position":1,"name":"Home","item":"https:\/\/www.amafiltration.com\/es\/"},{"@type":"ListItem","position":2,"name":"Productos","item":"https:\/\/www.amafiltration.com\/es\/productos\/"},{"@type":"ListItem","position":3,"name":"Elementos filtrantes","item":"https:\/\/www.amafiltration.com\/es\/productos\/elementos-filtrantes\/"},{"@type":"ListItem","position":4,"name":"Placas filtrantes"}]},{"@type":"WebSite","@id":"https:\/\/www.amafiltration.com\/es\/#website","url":"https:\/\/www.amafiltration.com\/es\/","name":"FGC","description":"Making the World Safer, Healthier and More Productive\u00ae","publisher":{"@id":"https:\/\/www.amafiltration.com\/es\/#organization"},"potentialAction":[{"@type":"SearchAction","target":{"@type":"EntryPoint","urlTemplate":"https:\/\/www.amafiltration.com\/es\/?s={search_term_string}"},"query-input":{"@type":"PropertyValueSpecification","valueRequired":true,"valueName":"search_term_string"}}],"inLanguage":"es"},{"@type":"Organization","@id":"https:\/\/www.amafiltration.com\/es\/#organization","name":"Filtration Group","url":"https:\/\/www.amafiltration.com\/es\/","logo":{"@type":"ImageObject","inLanguage":"es","@id":"https:\/\/www.amafiltration.com\/es\/#\/schema\/logo\/image\/","url":"https:\/\/www.amafiltration.com\/wp-content\/uploads\/2019\/06\/FGC-logo-1.png","contentUrl":"https:\/\/www.amafiltration.com\/wp-content\/uploads\/2019\/06\/FGC-logo-1.png","width":1104,"height":224,"caption":"Filtration Group"},"image":{"@id":"https:\/\/www.amafiltration.com\/es\/#\/schema\/logo\/image\/"}}]}},"_links":{"self":[{"href":"https:\/\/www.amafiltration.com\/es\/wp-json\/wp\/v2\/pages\/4397","targetHints":{"allow":["GET"]}}],"collection":[{"href":"https:\/\/www.amafiltration.com\/es\/wp-json\/wp\/v2\/pages"}],"about":[{"href":"https:\/\/www.amafiltration.com\/es\/wp-json\/wp\/v2\/types\/page"}],"author":[{"embeddable":true,"href":"https:\/\/www.amafiltration.com\/es\/wp-json\/wp\/v2\/users\/13"}],"replies":[{"embeddable":true,"href":"https:\/\/www.amafiltration.com\/es\/wp-json\/wp\/v2\/comments?post=4397"}],"version-history":[{"count":0,"href":"https:\/\/www.amafiltration.com\/es\/wp-json\/wp\/v2\/pages\/4397\/revisions"}],"up":[{"embeddable":true,"href":"https:\/\/www.amafiltration.com\/es\/wp-json\/wp\/v2\/pages\/4311"}],"wp:attachment":[{"href":"https:\/\/www.amafiltration.com\/es\/wp-json\/wp\/v2\/media?parent=4397"}],"curies":[{"name":"wp","href":"https:\/\/api.w.org\/{rel}","templated":true}]}}