{"id":4411,"date":"2025-12-05T16:25:13","date_gmt":"2025-12-05T16:25:13","guid":{"rendered":"https:\/\/www.amafiltration.com\/?page_id=4411"},"modified":"2025-12-09T09:24:45","modified_gmt":"2025-12-09T09:24:45","slug":"filtros-comerciales","status":"publish","type":"page","link":"https:\/\/www.amafiltration.com\/es\/productos\/filtros-comerciales\/","title":{"rendered":"Filtros comerciales"},"content":{"rendered":"\n<div class=\"wp-block-cover alignfull is-light\" style=\"min-height:200px;aspect-ratio:unset;\"><span aria-hidden=\"true\" class=\"wp-block-cover__background has-blue-background-color has-background-dim-100 has-background-dim\"><\/span><div class=\"wp-block-cover__inner-container is-layout-flow wp-block-cover-is-layout-flow\">\n<h1 class=\"wp-block-heading has-text-align-center has-white-color has-text-color has-link-color wp-elements-3c5afbf654b0aa9cb0ec209d541c899a\" id=\"h-filtros-comerciales\">Filtros comerciales<\/h1>\n<\/div><\/div>\n\n\n\n<div class=\"wp-block-columns alignwide is-layout-flex wp-container-core-columns-is-layout-9d6595d7 wp-block-columns-is-layout-flex\">\n<div class=\"wp-block-column is-layout-flow wp-block-column-is-layout-flow\" style=\"flex-basis:20%\"><div class=\"wp-block-image\">\n<figure class=\"aligncenter size-large\"><img loading=\"lazy\" decoding=\"async\" width=\"595\" height=\"841\" src=\"https:\/\/www.amafiltration.com\/wp-content\/uploads\/2021\/03\/CartridgeBagHousings-br-A4.png\" alt=\"\" class=\"wp-image-1480\" style=\"aspect-ratio:0.7095238095238096;object-fit:cover\" srcset=\"https:\/\/www.amafiltration.com\/wp-content\/uploads\/2021\/03\/CartridgeBagHousings-br-A4.png 595w, https:\/\/www.amafiltration.com\/wp-content\/uploads\/2021\/03\/CartridgeBagHousings-br-A4-212x300.png 212w\" sizes=\"auto, (max-width: 595px) 100vw, 595px\" \/><\/figure>\n<\/div><\/div>\n\n\n\n<div class=\"wp-block-column is-layout-flow wp-block-column-is-layout-flow\" style=\"flex-basis:80%\">\n<p>Nuestra amplia gama de productos de filtraci\u00f3n est\u00e1 dise\u00f1ada para las aplicaciones m\u00e1s exigentes e incluye  <strong>filtros de cartuchos, filtros de bolsa individuales y filtros multi-bolsa<\/strong>, as\u00ed como sistemas de filtraci\u00f3n de mayor tama\u00f1o y mayor nivel de exigencia, como nuestro <a href=\"https:\/\/www.amafiltration.com\/es\/products\/systems\/cricketfilter\/\">Cricketfilter\u00ae<\/a> y los filtros de placas en configuraci\u00f3n <a href=\"https:\/\/www.amafiltration.com\/es\/products\/systems\/horizontal-pressure-leaf-filters\/\">horizontal<\/a> y <a href=\"https:\/\/www.amafiltration.com\/es\/products\/systems\/vertical-pressure-leaf-filters\/\">vertical<\/a>.<\/p>\n\n\n\n<p>Podemos dise\u00f1ar, desarrollar y fabricar modelos especiales de filtros de cartuchos y de bolsas adaptados a las necesidades del cliente. Modelos no est\u00e1ndar para altas temperaturas, altas presiones, materiales especiales, etc. bajo solicitud.<\/p>\n\n\n\n<div class=\"wp-block-columns are-vertically-aligned-top is-layout-flex wp-container-core-columns-is-layout-9d6595d7 wp-block-columns-is-layout-flex\">\n<div class=\"wp-block-column is-vertically-aligned-top is-layout-flow wp-block-column-is-layout-flow\">\n<div class=\"wp-block-buttons is-content-justification-center is-layout-flex wp-container-core-buttons-is-layout-51f7783f wp-block-buttons-is-layout-flex\">\n<div class=\"wp-block-button btn-full-width\"><a class=\"wp-block-button__link has-white-color has-green-background-color has-text-color has-background wp-element-button\" href=\"https:\/\/www.amafiltration.com\/wp-content\/uploads\/2021\/02\/amafilter-Cartridge-Bag-Housings-brochure.pdf\" target=\"_blank\" rel=\"noreferrer noopener\"><strong>Descargar<\/strong><\/a><\/div>\n<\/div>\n<\/div>\n\n\n\n<div class=\"wp-block-column is-vertically-aligned-top is-layout-flow wp-block-column-is-layout-flow\"><\/div>\n\n\n\n<div class=\"wp-block-column is-vertically-aligned-top is-layout-flow wp-block-column-is-layout-flow\"><\/div>\n<\/div>\n<\/div>\n<\/div>\n\n\n\n<div style=\"height:50px\" aria-hidden=\"true\" class=\"wp-block-spacer\"><\/div>\n\n\n\n<div class=\"wp-block-columns alignwide is-layout-flex wp-container-core-columns-is-layout-9d6595d7 wp-block-columns-is-layout-flex\">\n<div class=\"wp-block-column is-layout-flow wp-block-column-is-layout-flow\"><div class=\"wp-block-image\">\n<figure class=\"aligncenter size-large\"><img loading=\"lazy\" decoding=\"async\" width=\"250\" height=\"250\" src=\"https:\/\/www.amafiltration.com\/wp-content\/uploads\/2020\/08\/bag-filter-250.png\" alt=\"\" class=\"wp-image-884\" srcset=\"https:\/\/www.amafiltration.com\/wp-content\/uploads\/2020\/08\/bag-filter-250.png 250w, https:\/\/www.amafiltration.com\/wp-content\/uploads\/2020\/08\/bag-filter-250-150x150.png 150w\" sizes=\"auto, (max-width: 250px) 100vw, 250px\" \/><\/figure>\n<\/div>\n\n\n<p class=\"has-text-align-center has-green-color has-text-color\" style=\"font-size:20px\"><strong>Filtros de bolsas<\/strong><\/p>\n\n\n\n<div class=\"wp-block-buttons is-content-justification-center is-layout-flex wp-container-core-buttons-is-layout-16018d1d wp-block-buttons-is-layout-flex\">\n<div class=\"wp-block-button btn-full-width\"><a class=\"wp-block-button__link has-green-background-color has-background wp-element-button\" href=\"https:\/\/www.amafiltration.com\/es\/products\/filter-housings\/bag-filter-housings\/\"><strong>Seguir leyendo&#8230;<\/strong><\/a><\/div>\n<\/div>\n<\/div>\n\n\n\n<div class=\"wp-block-column is-layout-flow wp-block-column-is-layout-flow\"><div class=\"wp-block-image\">\n<figure class=\"aligncenter size-large\"><img loading=\"lazy\" decoding=\"async\" width=\"250\" height=\"250\" src=\"https:\/\/www.amafiltration.com\/wp-content\/uploads\/2020\/08\/Filter-housing-cd.png\" alt=\"\" class=\"wp-image-899\" srcset=\"https:\/\/www.amafiltration.com\/wp-content\/uploads\/2020\/08\/Filter-housing-cd.png 250w, https:\/\/www.amafiltration.com\/wp-content\/uploads\/2020\/08\/Filter-housing-cd-150x150.png 150w\" sizes=\"auto, (max-width: 250px) 100vw, 250px\" \/><\/figure>\n<\/div>\n\n\n<p class=\"has-text-align-center has-blue-color has-text-color\" style=\"font-size:20px\"><strong>Filtros de cartuchos<\/strong><\/p>\n\n\n\n<div class=\"wp-block-buttons is-content-justification-center is-layout-flex wp-container-core-buttons-is-layout-16018d1d wp-block-buttons-is-layout-flex\">\n<div class=\"wp-block-button btn-full-width\"><a class=\"wp-block-button__link has-blue-background-color has-background wp-element-button\" href=\"https:\/\/www.amafiltration.com\/es\/products\/filter-housings\/cartridge-filter-housings\/\"><strong>Seguir leyendo&#8230;<\/strong><\/a><\/div>\n<\/div>\n<\/div>\n<\/div>\n\n\n\n<div style=\"height:50px\" aria-hidden=\"true\" class=\"wp-block-spacer\"><\/div>\n\n\n\n<div class=\"wp-block-group alignwide\"><div class=\"wp-block-group__inner-container is-layout-constrained wp-block-group-is-layout-constrained\">\n<div class=\"wp-block-columns alignwide grayblock is-layout-flex wp-container-core-columns-is-layout-9d6595d7 wp-block-columns-is-layout-flex\">\n<div class=\"wp-block-column is-layout-flow wp-block-column-is-layout-flow\">\n<h3 class=\"wp-block-heading\" id=\"h-servicios\">Servicios<\/h3>\n\n\n\n<p>Nos tomamos muy en serio nuestra responsabilidad como socios de nuestros clientes y ofrecemos una gama de servicios dise\u00f1ados para brindarles un soporte eficaz y ayudarles a resolver sus desaf\u00edos de filtraci\u00f3n.<\/p>\n\n\n\n<div class=\"wp-block-buttons is-layout-flex wp-block-buttons-is-layout-flex\">\n<div class=\"wp-block-button\"><a class=\"wp-block-button__link has-green-background-color has-background wp-element-button\" href=\"https:\/\/www.amafiltration.com\/es\/servicios\/\">Servicios<\/a><\/div>\n<\/div>\n<\/div>\n\n\n\n<div class=\"wp-block-column is-layout-flow wp-block-column-is-layout-flow\">\n<h3 class=\"wp-block-heading\" id=\"h-contacto\">Contacto<\/h3>\n\n\n\n<p>Descubre c\u00f3mo amafilter\u00ae, parte de Filtration Group, puede ayudarte a resolver tus desaf\u00edos de filtraci\u00f3n s\u00f3lido-l\u00edquido y a optimizar tus procesos.<\/p>\n\n\n\n<div class=\"wp-block-buttons is-layout-flex wp-block-buttons-is-layout-flex\">\n<div class=\"wp-block-button\"><a class=\"wp-block-button__link has-green-background-color has-background wp-element-button\" href=\"https:\/\/www.amafiltration.com\/es\/contacto\/\">Contacto<\/a><\/div>\n<\/div>\n<\/div>\n<\/div>\n<\/div><\/div>\n","protected":false},"excerpt":{"rendered":"<p>Nuestra amplia gama de productos de filtraci\u00f3n est\u00e1 dise\u00f1ada para las aplicaciones m\u00e1s exigentes e incluye filtros de cartuchos, filtros de bolsa individuales y filtros multi-bolsa, as\u00ed como sistemas de filtraci\u00f3n de mayor tama\u00f1o y mayor nivel de exigencia, como nuestro Cricketfilter\u00ae y los filtros de placas en configuraci\u00f3n horizontal y vertical. Podemos dise\u00f1ar, desarrollar [&hellip;]<\/p>\n","protected":false},"author":13,"featured_media":0,"parent":4252,"menu_order":0,"comment_status":"closed","ping_status":"closed","template":"","meta":{"_acf_changed":false,"footnotes":""},"class_list":["post-4411","page","type-page","status-publish","hentry"],"acf":[],"yoast_head":"<!-- This site is optimized with the Yoast SEO Premium plugin v27.3 (Yoast SEO v27.3) - https:\/\/yoast.com\/product\/yoast-seo-premium-wordpress\/ -->\n<title>Filtros comerciales - Amafilter\u00ae<\/title>\n<meta name=\"robots\" content=\"index, follow, max-snippet:-1, max-image-preview:large, max-video-preview:-1\" \/>\n<link rel=\"canonical\" href=\"https:\/\/www.amafiltration.com\/es\/productos\/filtros-comerciales\/\" \/>\n<meta property=\"og:locale\" content=\"es_ES\" \/>\n<meta property=\"og:type\" content=\"article\" \/>\n<meta property=\"og:title\" content=\"Filtros comerciales\" \/>\n<meta property=\"og:description\" content=\"Filtros comerciales Nuestra amplia gama de productos de filtraci\u00f3n est\u00e1 dise\u00f1ada para las aplicaciones m\u00e1s exigentes e incluye filtros de cartuchos,\" \/>\n<meta property=\"og:url\" content=\"https:\/\/www.amafiltration.com\/es\/productos\/filtros-comerciales\/\" \/>\n<meta property=\"og:site_name\" content=\"Amafilter\u00ae\" \/>\n<meta property=\"article:modified_time\" content=\"2025-12-09T09:24:45+00:00\" \/>\n<meta property=\"og:image\" content=\"https:\/\/www.amafiltration.com\/wp-content\/uploads\/2021\/03\/CartridgeBagHousings-br-A4.png\" \/>\n\t<meta property=\"og:image:width\" content=\"595\" \/>\n\t<meta property=\"og:image:height\" content=\"841\" \/>\n\t<meta property=\"og:image:type\" content=\"image\/png\" \/>\n<meta name=\"twitter:card\" content=\"summary_large_image\" \/>\n<meta name=\"twitter:label1\" content=\"Est. reading time\" \/>\n\t<meta name=\"twitter:data1\" content=\"2 minutos\" \/>\n<script type=\"application\/ld+json\" class=\"yoast-schema-graph\">{\"@context\":\"https:\\\/\\\/schema.org\",\"@graph\":[{\"@type\":\"WebPage\",\"@id\":\"https:\\\/\\\/www.amafiltration.com\\\/es\\\/productos\\\/filtros-comerciales\\\/\",\"url\":\"https:\\\/\\\/www.amafiltration.com\\\/es\\\/productos\\\/filtros-comerciales\\\/\",\"name\":\"Filtros comerciales - Amafilter\u00ae\",\"isPartOf\":{\"@id\":\"https:\\\/\\\/www.amafiltration.com\\\/es\\\/#website\"},\"primaryImageOfPage\":{\"@id\":\"https:\\\/\\\/www.amafiltration.com\\\/es\\\/productos\\\/filtros-comerciales\\\/#primaryimage\"},\"image\":{\"@id\":\"https:\\\/\\\/www.amafiltration.com\\\/es\\\/productos\\\/filtros-comerciales\\\/#primaryimage\"},\"thumbnailUrl\":\"https:\\\/\\\/www.amafiltration.com\\\/wp-content\\\/uploads\\\/2021\\\/03\\\/CartridgeBagHousings-br-A4.png\",\"datePublished\":\"2025-12-05T16:25:13+00:00\",\"dateModified\":\"2025-12-09T09:24:45+00:00\",\"breadcrumb\":{\"@id\":\"https:\\\/\\\/www.amafiltration.com\\\/es\\\/productos\\\/filtros-comerciales\\\/#breadcrumb\"},\"inLanguage\":\"es\",\"potentialAction\":[{\"@type\":\"ReadAction\",\"target\":[\"https:\\\/\\\/www.amafiltration.com\\\/es\\\/productos\\\/filtros-comerciales\\\/\"]}]},{\"@type\":\"ImageObject\",\"inLanguage\":\"es\",\"@id\":\"https:\\\/\\\/www.amafiltration.com\\\/es\\\/productos\\\/filtros-comerciales\\\/#primaryimage\",\"url\":\"https:\\\/\\\/www.amafiltration.com\\\/wp-content\\\/uploads\\\/2021\\\/03\\\/CartridgeBagHousings-br-A4.png\",\"contentUrl\":\"https:\\\/\\\/www.amafiltration.com\\\/wp-content\\\/uploads\\\/2021\\\/03\\\/CartridgeBagHousings-br-A4.png\"},{\"@type\":\"BreadcrumbList\",\"@id\":\"https:\\\/\\\/www.amafiltration.com\\\/es\\\/productos\\\/filtros-comerciales\\\/#breadcrumb\",\"itemListElement\":[{\"@type\":\"ListItem\",\"position\":1,\"name\":\"Home\",\"item\":\"https:\\\/\\\/www.amafiltration.com\\\/es\\\/\"},{\"@type\":\"ListItem\",\"position\":2,\"name\":\"Productos\",\"item\":\"https:\\\/\\\/www.amafiltration.com\\\/es\\\/productos\\\/\"},{\"@type\":\"ListItem\",\"position\":3,\"name\":\"Filtros comerciales\"}]},{\"@type\":\"WebSite\",\"@id\":\"https:\\\/\\\/www.amafiltration.com\\\/es\\\/#website\",\"url\":\"https:\\\/\\\/www.amafiltration.com\\\/es\\\/\",\"name\":\"FGC\",\"description\":\"Making the World Safer, Healthier and More Productive\u00ae\",\"publisher\":{\"@id\":\"https:\\\/\\\/www.amafiltration.com\\\/es\\\/#organization\"},\"potentialAction\":[{\"@type\":\"SearchAction\",\"target\":{\"@type\":\"EntryPoint\",\"urlTemplate\":\"https:\\\/\\\/www.amafiltration.com\\\/es\\\/?s={search_term_string}\"},\"query-input\":{\"@type\":\"PropertyValueSpecification\",\"valueRequired\":true,\"valueName\":\"search_term_string\"}}],\"inLanguage\":\"es\"},{\"@type\":\"Organization\",\"@id\":\"https:\\\/\\\/www.amafiltration.com\\\/es\\\/#organization\",\"name\":\"Filtration Group\",\"url\":\"https:\\\/\\\/www.amafiltration.com\\\/es\\\/\",\"logo\":{\"@type\":\"ImageObject\",\"inLanguage\":\"es\",\"@id\":\"https:\\\/\\\/www.amafiltration.com\\\/es\\\/#\\\/schema\\\/logo\\\/image\\\/\",\"url\":\"https:\\\/\\\/www.amafiltration.com\\\/wp-content\\\/uploads\\\/2019\\\/06\\\/FGC-logo-1.png\",\"contentUrl\":\"https:\\\/\\\/www.amafiltration.com\\\/wp-content\\\/uploads\\\/2019\\\/06\\\/FGC-logo-1.png\",\"width\":1104,\"height\":224,\"caption\":\"Filtration Group\"},\"image\":{\"@id\":\"https:\\\/\\\/www.amafiltration.com\\\/es\\\/#\\\/schema\\\/logo\\\/image\\\/\"}}]}<\/script>\n<!-- \/ Yoast SEO Premium plugin. -->","yoast_head_json":{"title":"Filtros comerciales - Amafilter\u00ae","robots":{"index":"index","follow":"follow","max-snippet":"max-snippet:-1","max-image-preview":"max-image-preview:large","max-video-preview":"max-video-preview:-1"},"canonical":"https:\/\/www.amafiltration.com\/es\/productos\/filtros-comerciales\/","og_locale":"es_ES","og_type":"article","og_title":"Filtros comerciales","og_description":"Filtros comerciales Nuestra amplia gama de productos de filtraci\u00f3n est\u00e1 dise\u00f1ada para las aplicaciones m\u00e1s exigentes e incluye filtros de cartuchos,","og_url":"https:\/\/www.amafiltration.com\/es\/productos\/filtros-comerciales\/","og_site_name":"Amafilter\u00ae","article_modified_time":"2025-12-09T09:24:45+00:00","og_image":[{"width":595,"height":841,"url":"https:\/\/www.amafiltration.com\/wp-content\/uploads\/2021\/03\/CartridgeBagHousings-br-A4.png","type":"image\/png"}],"twitter_card":"summary_large_image","twitter_misc":{"Est. reading time":"2 minutos"},"schema":{"@context":"https:\/\/schema.org","@graph":[{"@type":"WebPage","@id":"https:\/\/www.amafiltration.com\/es\/productos\/filtros-comerciales\/","url":"https:\/\/www.amafiltration.com\/es\/productos\/filtros-comerciales\/","name":"Filtros comerciales - Amafilter\u00ae","isPartOf":{"@id":"https:\/\/www.amafiltration.com\/es\/#website"},"primaryImageOfPage":{"@id":"https:\/\/www.amafiltration.com\/es\/productos\/filtros-comerciales\/#primaryimage"},"image":{"@id":"https:\/\/www.amafiltration.com\/es\/productos\/filtros-comerciales\/#primaryimage"},"thumbnailUrl":"https:\/\/www.amafiltration.com\/wp-content\/uploads\/2021\/03\/CartridgeBagHousings-br-A4.png","datePublished":"2025-12-05T16:25:13+00:00","dateModified":"2025-12-09T09:24:45+00:00","breadcrumb":{"@id":"https:\/\/www.amafiltration.com\/es\/productos\/filtros-comerciales\/#breadcrumb"},"inLanguage":"es","potentialAction":[{"@type":"ReadAction","target":["https:\/\/www.amafiltration.com\/es\/productos\/filtros-comerciales\/"]}]},{"@type":"ImageObject","inLanguage":"es","@id":"https:\/\/www.amafiltration.com\/es\/productos\/filtros-comerciales\/#primaryimage","url":"https:\/\/www.amafiltration.com\/wp-content\/uploads\/2021\/03\/CartridgeBagHousings-br-A4.png","contentUrl":"https:\/\/www.amafiltration.com\/wp-content\/uploads\/2021\/03\/CartridgeBagHousings-br-A4.png"},{"@type":"BreadcrumbList","@id":"https:\/\/www.amafiltration.com\/es\/productos\/filtros-comerciales\/#breadcrumb","itemListElement":[{"@type":"ListItem","position":1,"name":"Home","item":"https:\/\/www.amafiltration.com\/es\/"},{"@type":"ListItem","position":2,"name":"Productos","item":"https:\/\/www.amafiltration.com\/es\/productos\/"},{"@type":"ListItem","position":3,"name":"Filtros comerciales"}]},{"@type":"WebSite","@id":"https:\/\/www.amafiltration.com\/es\/#website","url":"https:\/\/www.amafiltration.com\/es\/","name":"FGC","description":"Making the World Safer, Healthier and More Productive\u00ae","publisher":{"@id":"https:\/\/www.amafiltration.com\/es\/#organization"},"potentialAction":[{"@type":"SearchAction","target":{"@type":"EntryPoint","urlTemplate":"https:\/\/www.amafiltration.com\/es\/?s={search_term_string}"},"query-input":{"@type":"PropertyValueSpecification","valueRequired":true,"valueName":"search_term_string"}}],"inLanguage":"es"},{"@type":"Organization","@id":"https:\/\/www.amafiltration.com\/es\/#organization","name":"Filtration Group","url":"https:\/\/www.amafiltration.com\/es\/","logo":{"@type":"ImageObject","inLanguage":"es","@id":"https:\/\/www.amafiltration.com\/es\/#\/schema\/logo\/image\/","url":"https:\/\/www.amafiltration.com\/wp-content\/uploads\/2019\/06\/FGC-logo-1.png","contentUrl":"https:\/\/www.amafiltration.com\/wp-content\/uploads\/2019\/06\/FGC-logo-1.png","width":1104,"height":224,"caption":"Filtration Group"},"image":{"@id":"https:\/\/www.amafiltration.com\/es\/#\/schema\/logo\/image\/"}}]}},"_links":{"self":[{"href":"https:\/\/www.amafiltration.com\/es\/wp-json\/wp\/v2\/pages\/4411","targetHints":{"allow":["GET"]}}],"collection":[{"href":"https:\/\/www.amafiltration.com\/es\/wp-json\/wp\/v2\/pages"}],"about":[{"href":"https:\/\/www.amafiltration.com\/es\/wp-json\/wp\/v2\/types\/page"}],"author":[{"embeddable":true,"href":"https:\/\/www.amafiltration.com\/es\/wp-json\/wp\/v2\/users\/13"}],"replies":[{"embeddable":true,"href":"https:\/\/www.amafiltration.com\/es\/wp-json\/wp\/v2\/comments?post=4411"}],"version-history":[{"count":0,"href":"https:\/\/www.amafiltration.com\/es\/wp-json\/wp\/v2\/pages\/4411\/revisions"}],"up":[{"embeddable":true,"href":"https:\/\/www.amafiltration.com\/es\/wp-json\/wp\/v2\/pages\/4252"}],"wp:attachment":[{"href":"https:\/\/www.amafiltration.com\/es\/wp-json\/wp\/v2\/media?parent=4411"}],"curies":[{"name":"wp","href":"https:\/\/api.w.org\/{rel}","templated":true}]}}