{"id":4528,"date":"2025-12-09T21:30:52","date_gmt":"2025-12-09T21:30:52","guid":{"rendered":"https:\/\/www.amafiltration.com\/?page_id=4528"},"modified":"2026-02-09T21:10:15","modified_gmt":"2026-02-09T21:10:15","slug":"chemical","status":"publish","type":"page","link":"https:\/\/www.amafiltration.com\/es\/industrias\/chemical\/","title":{"rendered":"Qu\u00edmica"},"content":{"rendered":"\n<div class=\"wp-block-cover alignfull is-light\" style=\"min-height:350px;aspect-ratio:unset;\"><img loading=\"lazy\" decoding=\"async\" width=\"1920\" height=\"1280\" class=\"wp-block-cover__image-background wp-image-612\" alt=\"\" src=\"https:\/\/www.amafiltration.com\/wp-content\/uploads\/2020\/06\/iStock-186871540-header.jpg\" data-object-fit=\"cover\" srcset=\"https:\/\/www.amafiltration.com\/wp-content\/uploads\/2020\/06\/iStock-186871540-header.jpg 1920w, https:\/\/www.amafiltration.com\/wp-content\/uploads\/2020\/06\/iStock-186871540-header-300x200.jpg 300w, https:\/\/www.amafiltration.com\/wp-content\/uploads\/2020\/06\/iStock-186871540-header-1024x683.jpg 1024w, https:\/\/www.amafiltration.com\/wp-content\/uploads\/2020\/06\/iStock-186871540-header-768x512.jpg 768w, https:\/\/www.amafiltration.com\/wp-content\/uploads\/2020\/06\/iStock-186871540-header-1536x1024.jpg 1536w, https:\/\/www.amafiltration.com\/wp-content\/uploads\/2020\/06\/iStock-186871540-header-272x182.jpg 272w\" sizes=\"auto, (max-width: 1920px) 100vw, 1920px\" \/><span aria-hidden=\"true\" class=\"wp-block-cover__background has-background-dim\"><\/span><div class=\"wp-block-cover__inner-container is-layout-flow wp-block-cover-is-layout-flow\">\n<h1 class=\"wp-block-heading has-text-align-center has-white-color has-text-color has-link-color wp-elements-0f1d75b3ebdc90e01d2dd696a642c738\" id=\"h-quimica\">Qu\u00edmica<\/h1>\n<\/div><\/div>\n\n\n\n<h2 class=\"wp-block-heading\" id=\"h-soluciones-de-filtracion-para-la-industria-quimica\"><strong>Soluciones de filtraci\u00f3n para la industria qu\u00edmica<\/strong><\/h2>\n\n\n\n<p>Las soluciones eficaces de filtraci\u00f3n qu\u00edmica mejoran la fiabilidad operativa, aumentan la vida \u00fatil del equipo, reducen los periodos de parada por mantenimiento y, en \u00faltima instancia, incrementan la rentabilidad.<\/p>\n\n\n\n<p>Nuestra experiencia en el desarrollo de soluciones de filtraci\u00f3n ha ayudado a empresas qu\u00edmicas de todo el mundo a aumentar la eficiencia de sus procesos, reducir el mantenimiento, mejorar la producci\u00f3n y, en consecuencia, incrementar su rentabilidad.<\/p>\n\n\n\n<p>Nuestras soluciones de filtraci\u00f3n han ayudado a clientes de todo el mundo a operar entornos de trabajo fiables, eficientes y seguros de forma rentable.<\/p>\n\n\n\n<div class=\"wp-block-group\"><div class=\"wp-block-group__inner-container is-layout-flow wp-block-group-is-layout-flow\">\n<p>Nuestra experiencia abarca una amplia gama de aplicaciones que incluyen:<\/p>\n<\/div><\/div>\n\n\n\n<div class=\"wp-block-columns is-layout-flex wp-container-core-columns-is-layout-9d6595d7 wp-block-columns-is-layout-flex\">\n<div class=\"wp-block-column is-layout-flow wp-block-column-is-layout-flow\">\n<p><a href=\"https:\/\/www.amafiltration.com\/es\/industrias\/chemical\/chemical-applications\/#acids-alkalis\">\u2022 <strong>\u00c1cidos y bases<\/strong><\/a><\/p>\n\n\n\n<p><a href=\"https:\/\/www.amafiltration.com\/es\/industrias\/chemical\/chemical-applications\/#biodiesel\"><strong>\u2022 Combustibles renovables<\/strong><\/a><\/p>\n\n\n\n<p><a href=\"https:\/\/www.amafiltration.com\/es\/industrias\/chemical\/chemical-applications\/#catalyst\">\u2022 <strong>Recuperaci\u00f3n de catalizadores<\/strong><\/a><\/p>\n\n\n\n<p><a href=\"https:\/\/www.amafiltration.com\/es\/industrias\/chemical\/chemical-applications\/#intermediates\">\u2022 <strong>Productos intermedios<\/strong><\/a><\/p>\n<\/div>\n\n\n\n<div class=\"wp-block-column is-layout-flow wp-block-column-is-layout-flow\">\n<p><a href=\"https:\/\/www.amafiltration.com\/es\/industrias\/chemical\/chemical-applications\/#oleochemicals\">\u2022 <strong>Olequ\u00edmicos<\/strong><\/a><\/p>\n\n\n\n<p><a href=\"https:\/\/www.amafiltration.com\/es\/industrias\/chemical\/chemical-applications\/#paraffin\">\u2022 <strong>Parafinas<\/strong><\/a><\/p>\n\n\n\n<p><a href=\"https:\/\/www.amafiltration.com\/es\/industrias\/chemical\/chemical-applications\/#resins\">\u2022 <strong>Resinas<\/strong><\/a><\/p>\n<\/div>\n<\/div>\n\n\n\n<div class=\"wp-block-group alignwide grayblock\"><div class=\"wp-block-group__inner-container is-layout-flow wp-block-group-is-layout-flow\">\n<h3 class=\"wp-block-heading\" id=\"h-productos\">Productos<\/h3>\n\n\n\n<div style=\"height:20px\" aria-hidden=\"true\" class=\"wp-block-spacer\"><\/div>\n\n\n\n<div class=\"wp-block-columns alignwide is-layout-flex wp-container-core-columns-is-layout-9d6595d7 wp-block-columns-is-layout-flex\">\n<div class=\"wp-block-column is-vertically-aligned-top is-layout-flow wp-block-column-is-layout-flow\">\n<figure class=\"wp-block-image size-full is-resized\"><img loading=\"lazy\" decoding=\"async\" width=\"250\" height=\"250\" src=\"https:\/\/www.amafiltration.com\/wp-content\/uploads\/2020\/06\/cricketfilter-thumb-250x250-1.png\" alt=\"Cricketfilter automated system for filtering cocoa butter, gelatine and cheese brine\" class=\"wp-image-677\" style=\"width:auto;height:250px\" srcset=\"https:\/\/www.amafiltration.com\/wp-content\/uploads\/2020\/06\/cricketfilter-thumb-250x250-1.png 250w, https:\/\/www.amafiltration.com\/wp-content\/uploads\/2020\/06\/cricketfilter-thumb-250x250-1-150x150.png 150w\" sizes=\"auto, (max-width: 250px) 100vw, 250px\" \/><\/figure>\n\n\n\n<p class=\"has-text-align-center\"><strong><a href=\"https:\/\/www.amafiltration.com\/es\/productos\/sistemas\/cricketfilter\/\">Cricketfilter<strong>\u00ae<\/strong><\/a><\/strong><\/p>\n<\/div>\n\n\n\n<div class=\"wp-block-column is-vertically-aligned-top is-layout-flow wp-block-column-is-layout-flow\">\n<figure class=\"wp-block-image size-full is-resized\"><img loading=\"lazy\" decoding=\"async\" width=\"250\" height=\"250\" src=\"https:\/\/www.amafiltration.com\/wp-content\/uploads\/2020\/06\/pressure-leaf-V-thumb-250x250-1.png\" alt=\"Vertical pressure leaf filter system for the filtration of edible oils and renewable fuel. Automated system.\" class=\"wp-image-679\" style=\"width:auto;height:250px\" srcset=\"https:\/\/www.amafiltration.com\/wp-content\/uploads\/2020\/06\/pressure-leaf-V-thumb-250x250-1.png 250w, https:\/\/www.amafiltration.com\/wp-content\/uploads\/2020\/06\/pressure-leaf-V-thumb-250x250-1-150x150.png 150w\" sizes=\"auto, (max-width: 250px) 100vw, 250px\" \/><\/figure>\n\n\n\n<p class=\"has-text-align-center\"><a href=\"https:\/\/www.amafiltration.com\/es\/productos\/sistemas\/sistemas-de-filtros-de-placas-verticales\/\"><strong>Filtro de placas vertical<\/strong><\/a><\/p>\n<\/div>\n\n\n\n<div class=\"wp-block-column is-layout-flow wp-block-column-is-layout-flow\">\n<figure class=\"wp-block-image size-full is-resized\"><img loading=\"lazy\" decoding=\"async\" width=\"250\" height=\"250\" src=\"https:\/\/www.amafiltration.com\/wp-content\/uploads\/2020\/06\/pressure-leaf-H-thumb-250x250-1.png\" alt=\"Horizontal pressure leaf filter system for the filtration of edible oils and renewable fuel. Fully open system. Spare parts include pressure filter leaves.\" class=\"wp-image-686\" style=\"width:auto;height:250px\" srcset=\"https:\/\/www.amafiltration.com\/wp-content\/uploads\/2020\/06\/pressure-leaf-H-thumb-250x250-1.png 250w, https:\/\/www.amafiltration.com\/wp-content\/uploads\/2020\/06\/pressure-leaf-H-thumb-250x250-1-150x150.png 150w\" sizes=\"auto, (max-width: 250px) 100vw, 250px\" \/><\/figure>\n\n\n\n<p class=\"has-text-align-center\"><strong><a href=\"https:\/\/www.amafiltration.com\/es\/products\/systems\/horizontal-pressure-leaf-filters\/\">Filtro de placas horizontal<\/a><\/strong><\/p>\n<\/div>\n\n\n\n<div class=\"wp-block-column is-vertically-aligned-top is-layout-flow wp-block-column-is-layout-flow\">\n<figure class=\"wp-block-image size-full is-resized\"><img loading=\"lazy\" decoding=\"async\" width=\"700\" height=\"744\" src=\"https:\/\/www.amafiltration.com\/wp-content\/uploads\/2020\/07\/leaf-filt-elemnt-1.png\" alt=\"Pressure filter leaves found within a pressure leaf filter system and can also be purchased as spare parts to upgrade a system.\" class=\"wp-image-749\" style=\"width:auto;height:250px\" srcset=\"https:\/\/www.amafiltration.com\/wp-content\/uploads\/2020\/07\/leaf-filt-elemnt-1.png 700w, https:\/\/www.amafiltration.com\/wp-content\/uploads\/2020\/07\/leaf-filt-elemnt-1-282x300.png 282w\" sizes=\"auto, (max-width: 700px) 100vw, 700px\" \/><\/figure>\n\n\n\n<p class=\"has-text-align-center\"><strong><a href=\"https:\/\/www.amafiltration.com\/es\/productos\/elementos-filtrantes\/placas-filtrantes\/\">Elementos filtrantes<\/a><\/strong><\/p>\n<\/div>\n<\/div>\n<\/div><\/div>\n\n\n\n<div style=\"height:50px\" aria-hidden=\"true\" class=\"wp-block-spacer\"><\/div>\n\n\n\n<h3 class=\"wp-block-heading\" id=\"h-ventajas-de-las-soluciones-de-filtracion-de-amafilter\"><strong><strong><strong>Ventajas de las soluciones de filtraci\u00f3n de Amafilter\u00ae<\/strong><\/strong><\/strong><\/h3>\n\n\n\n<div style=\"height:20px\" aria-hidden=\"true\" class=\"wp-block-spacer\"><\/div>\n\n\n\n<div class=\"wp-block-columns alignwide is-layout-flex wp-container-core-columns-is-layout-9d6595d7 wp-block-columns-is-layout-flex\">\n<div class=\"wp-block-column is-layout-flow wp-block-column-is-layout-flow\">\n<h4 class=\"wp-block-heading\" id=\"h-soluciones-eficaces-de-filtracion-para-quimica\"><strong>Soluciones eficaces de filtraci\u00f3n para qu\u00edmica<\/strong><\/h4>\n\n\n\n<p>Los productos qu\u00edmicos tienden a da\u00f1ar y corroer los equipos, provocando interrupciones operativas y un incremento de costes. Al maximizar la eliminaci\u00f3n de contaminantes, los equipos quedan mejor protegidos, lo que se traduce en menos paradas y una mayor vida \u00fatil del proceso.<\/p>\n\n\n\n<p>En Amafilter\u00ae dise\u00f1amos soluciones de filtraci\u00f3n para aplicaciones qu\u00edmicas con este objetivo, desarrollando procesos que optimizan la eficiencia, mejoran la fiabilidad operativa y reducen al m\u00ednimo las intervenciones de mantenimiento. Todo ello contribuye a disminuir los costes de operaci\u00f3n.<\/p>\n\n\n\n<p><strong>Seguridad<\/strong><\/p>\n\n\n\n<p>Las operaciones de procesado qu\u00edmico afrontan numerosos desaf\u00edos, especialmente en la manipulaci\u00f3n diaria de sustancias peligrosas. En Amafilter\u00ae la seguridad es prioritaria en el dise\u00f1o de soluciones de filtraci\u00f3n para la industria qu\u00edmica. Aplicamos nuestra amplia experiencia para desarrollar procesos que requieran el menor mantenimiento posible, creando as\u00ed entornos de trabajo m\u00e1s seguros y fiables.<\/p>\n<\/div>\n\n\n\n<div class=\"wp-block-column is-layout-flow wp-block-column-is-layout-flow\">\n<h4 class=\"wp-block-heading\" id=\"h-calidad-y-fiabilidad-constantes\"><strong>Calidad y fiabilidad constantes<\/strong><\/h4>\n\n\n\n<p>Los productos Amafilter\u00ae est\u00e1n dise\u00f1ados y fabricados para ofrecer a los productores qu\u00edmicos la m\u00e1xima consistencia y calidad. Nuestras soluciones se integran perfectamente en los procesos del cliente y garantizan la mayor eficiencia en la eliminaci\u00f3n de contaminantes. Cada equipo est\u00e1 desarrollado para cumplir los est\u00e1ndares industriales m\u00e1s exigentes y asegurar la pureza especificada del producto final, evitando reprocesos costosos y mejorando el rendimiento global de la producci\u00f3n.<\/p>\n\n\n\n<p><strong>Prolongaci\u00f3n de la vida \u00fatil del equipo<\/strong><\/p>\n\n\n\n<p>Nuestro equipo de ingenier\u00eda dise\u00f1a soluciones de filtraci\u00f3n capaces de retener los niveles m\u00e1s elevados de contaminantes, reduciendo el riesgo de fallos en los equipos y alargando su vida \u00fatil. Esto se traduce en una menor frecuencia de mantenimiento, menos tiempo de inactividad operativa y una mejora directa en la rentabilidad.<\/p>\n<\/div>\n<\/div>\n","protected":false},"excerpt":{"rendered":"<p>Soluciones de filtraci\u00f3n para la industria qu\u00edmica Las soluciones eficaces de filtraci\u00f3n qu\u00edmica mejoran la fiabilidad operativa, aumentan la vida \u00fatil del equipo, reducen los periodos de parada por mantenimiento y, en \u00faltima instancia, incrementan la rentabilidad. Nuestra experiencia en el desarrollo de soluciones de filtraci\u00f3n ha ayudado a empresas qu\u00edmicas de todo el mundo [&hellip;]<\/p>\n","protected":false},"author":13,"featured_media":0,"parent":4249,"menu_order":0,"comment_status":"closed","ping_status":"closed","template":"","meta":{"_acf_changed":false,"footnotes":""},"class_list":["post-4528","page","type-page","status-publish","hentry"],"acf":[],"yoast_head":"<!-- This site is optimized with the Yoast SEO Premium plugin v27.3 (Yoast SEO v27.3) - https:\/\/yoast.com\/product\/yoast-seo-premium-wordpress\/ -->\n<title>Qu\u00edmica - Amafilter\u00ae<\/title>\n<meta name=\"robots\" content=\"index, follow, max-snippet:-1, max-image-preview:large, max-video-preview:-1\" \/>\n<link rel=\"canonical\" href=\"https:\/\/www.amafiltration.com\/es\/industrias\/chemical\/\" \/>\n<meta property=\"og:locale\" content=\"es_ES\" \/>\n<meta property=\"og:type\" content=\"article\" \/>\n<meta property=\"og:title\" content=\"Qu\u00edmica\" \/>\n<meta property=\"og:description\" content=\"Qu\u00edmica Soluciones de filtraci\u00f3n para la industria qu\u00edmica Las soluciones eficaces de filtraci\u00f3n qu\u00edmica mejoran la fiabilidad operativa, aumentan la vida\" \/>\n<meta property=\"og:url\" content=\"https:\/\/www.amafiltration.com\/es\/industrias\/chemical\/\" \/>\n<meta property=\"og:site_name\" content=\"Amafilter\u00ae\" \/>\n<meta property=\"article:modified_time\" content=\"2026-02-09T21:10:15+00:00\" \/>\n<meta property=\"og:image\" content=\"https:\/\/www.amafiltration.com\/wp-content\/uploads\/2020\/06\/iStock-186871540-header.jpg\" \/>\n\t<meta property=\"og:image:width\" content=\"1920\" \/>\n\t<meta property=\"og:image:height\" content=\"1280\" \/>\n\t<meta property=\"og:image:type\" content=\"image\/jpeg\" \/>\n<meta name=\"twitter:card\" content=\"summary_large_image\" \/>\n<meta name=\"twitter:label1\" content=\"Est. reading time\" \/>\n\t<meta name=\"twitter:data1\" content=\"3 minutos\" \/>\n<script type=\"application\/ld+json\" class=\"yoast-schema-graph\">{\"@context\":\"https:\\\/\\\/schema.org\",\"@graph\":[{\"@type\":\"WebPage\",\"@id\":\"https:\\\/\\\/www.amafiltration.com\\\/es\\\/industrias\\\/chemical\\\/\",\"url\":\"https:\\\/\\\/www.amafiltration.com\\\/es\\\/industrias\\\/chemical\\\/\",\"name\":\"Qu\u00edmica - Amafilter\u00ae\",\"isPartOf\":{\"@id\":\"https:\\\/\\\/www.amafiltration.com\\\/es\\\/#website\"},\"primaryImageOfPage\":{\"@id\":\"https:\\\/\\\/www.amafiltration.com\\\/es\\\/industrias\\\/chemical\\\/#primaryimage\"},\"image\":{\"@id\":\"https:\\\/\\\/www.amafiltration.com\\\/es\\\/industrias\\\/chemical\\\/#primaryimage\"},\"thumbnailUrl\":\"https:\\\/\\\/www.amafiltration.com\\\/wp-content\\\/uploads\\\/2020\\\/06\\\/iStock-186871540-header.jpg\",\"datePublished\":\"2025-12-09T21:30:52+00:00\",\"dateModified\":\"2026-02-09T21:10:15+00:00\",\"breadcrumb\":{\"@id\":\"https:\\\/\\\/www.amafiltration.com\\\/es\\\/industrias\\\/chemical\\\/#breadcrumb\"},\"inLanguage\":\"es\",\"potentialAction\":[{\"@type\":\"ReadAction\",\"target\":[\"https:\\\/\\\/www.amafiltration.com\\\/es\\\/industrias\\\/chemical\\\/\"]}]},{\"@type\":\"ImageObject\",\"inLanguage\":\"es\",\"@id\":\"https:\\\/\\\/www.amafiltration.com\\\/es\\\/industrias\\\/chemical\\\/#primaryimage\",\"url\":\"https:\\\/\\\/www.amafiltration.com\\\/wp-content\\\/uploads\\\/2020\\\/06\\\/iStock-186871540-header.jpg\",\"contentUrl\":\"https:\\\/\\\/www.amafiltration.com\\\/wp-content\\\/uploads\\\/2020\\\/06\\\/iStock-186871540-header.jpg\"},{\"@type\":\"BreadcrumbList\",\"@id\":\"https:\\\/\\\/www.amafiltration.com\\\/es\\\/industrias\\\/chemical\\\/#breadcrumb\",\"itemListElement\":[{\"@type\":\"ListItem\",\"position\":1,\"name\":\"Home\",\"item\":\"https:\\\/\\\/www.amafiltration.com\\\/es\\\/\"},{\"@type\":\"ListItem\",\"position\":2,\"name\":\"Industrias\",\"item\":\"https:\\\/\\\/www.amafiltration.com\\\/es\\\/industrias\\\/\"},{\"@type\":\"ListItem\",\"position\":3,\"name\":\"Qu\u00edmica\"}]},{\"@type\":\"WebSite\",\"@id\":\"https:\\\/\\\/www.amafiltration.com\\\/es\\\/#website\",\"url\":\"https:\\\/\\\/www.amafiltration.com\\\/es\\\/\",\"name\":\"FGC\",\"description\":\"Making the World Safer, Healthier and More Productive\u00ae\",\"publisher\":{\"@id\":\"https:\\\/\\\/www.amafiltration.com\\\/es\\\/#organization\"},\"potentialAction\":[{\"@type\":\"SearchAction\",\"target\":{\"@type\":\"EntryPoint\",\"urlTemplate\":\"https:\\\/\\\/www.amafiltration.com\\\/es\\\/?s={search_term_string}\"},\"query-input\":{\"@type\":\"PropertyValueSpecification\",\"valueRequired\":true,\"valueName\":\"search_term_string\"}}],\"inLanguage\":\"es\"},{\"@type\":\"Organization\",\"@id\":\"https:\\\/\\\/www.amafiltration.com\\\/es\\\/#organization\",\"name\":\"Filtration Group\",\"url\":\"https:\\\/\\\/www.amafiltration.com\\\/es\\\/\",\"logo\":{\"@type\":\"ImageObject\",\"inLanguage\":\"es\",\"@id\":\"https:\\\/\\\/www.amafiltration.com\\\/es\\\/#\\\/schema\\\/logo\\\/image\\\/\",\"url\":\"https:\\\/\\\/www.amafiltration.com\\\/wp-content\\\/uploads\\\/2019\\\/06\\\/FGC-logo-1.png\",\"contentUrl\":\"https:\\\/\\\/www.amafiltration.com\\\/wp-content\\\/uploads\\\/2019\\\/06\\\/FGC-logo-1.png\",\"width\":1104,\"height\":224,\"caption\":\"Filtration Group\"},\"image\":{\"@id\":\"https:\\\/\\\/www.amafiltration.com\\\/es\\\/#\\\/schema\\\/logo\\\/image\\\/\"}}]}<\/script>\n<!-- \/ Yoast SEO Premium plugin. -->","yoast_head_json":{"title":"Qu\u00edmica - Amafilter\u00ae","robots":{"index":"index","follow":"follow","max-snippet":"max-snippet:-1","max-image-preview":"max-image-preview:large","max-video-preview":"max-video-preview:-1"},"canonical":"https:\/\/www.amafiltration.com\/es\/industrias\/chemical\/","og_locale":"es_ES","og_type":"article","og_title":"Qu\u00edmica","og_description":"Qu\u00edmica Soluciones de filtraci\u00f3n para la industria qu\u00edmica Las soluciones eficaces de filtraci\u00f3n qu\u00edmica mejoran la fiabilidad operativa, aumentan la vida","og_url":"https:\/\/www.amafiltration.com\/es\/industrias\/chemical\/","og_site_name":"Amafilter\u00ae","article_modified_time":"2026-02-09T21:10:15+00:00","og_image":[{"width":1920,"height":1280,"url":"https:\/\/www.amafiltration.com\/wp-content\/uploads\/2020\/06\/iStock-186871540-header.jpg","type":"image\/jpeg"}],"twitter_card":"summary_large_image","twitter_misc":{"Est. reading time":"3 minutos"},"schema":{"@context":"https:\/\/schema.org","@graph":[{"@type":"WebPage","@id":"https:\/\/www.amafiltration.com\/es\/industrias\/chemical\/","url":"https:\/\/www.amafiltration.com\/es\/industrias\/chemical\/","name":"Qu\u00edmica - Amafilter\u00ae","isPartOf":{"@id":"https:\/\/www.amafiltration.com\/es\/#website"},"primaryImageOfPage":{"@id":"https:\/\/www.amafiltration.com\/es\/industrias\/chemical\/#primaryimage"},"image":{"@id":"https:\/\/www.amafiltration.com\/es\/industrias\/chemical\/#primaryimage"},"thumbnailUrl":"https:\/\/www.amafiltration.com\/wp-content\/uploads\/2020\/06\/iStock-186871540-header.jpg","datePublished":"2025-12-09T21:30:52+00:00","dateModified":"2026-02-09T21:10:15+00:00","breadcrumb":{"@id":"https:\/\/www.amafiltration.com\/es\/industrias\/chemical\/#breadcrumb"},"inLanguage":"es","potentialAction":[{"@type":"ReadAction","target":["https:\/\/www.amafiltration.com\/es\/industrias\/chemical\/"]}]},{"@type":"ImageObject","inLanguage":"es","@id":"https:\/\/www.amafiltration.com\/es\/industrias\/chemical\/#primaryimage","url":"https:\/\/www.amafiltration.com\/wp-content\/uploads\/2020\/06\/iStock-186871540-header.jpg","contentUrl":"https:\/\/www.amafiltration.com\/wp-content\/uploads\/2020\/06\/iStock-186871540-header.jpg"},{"@type":"BreadcrumbList","@id":"https:\/\/www.amafiltration.com\/es\/industrias\/chemical\/#breadcrumb","itemListElement":[{"@type":"ListItem","position":1,"name":"Home","item":"https:\/\/www.amafiltration.com\/es\/"},{"@type":"ListItem","position":2,"name":"Industrias","item":"https:\/\/www.amafiltration.com\/es\/industrias\/"},{"@type":"ListItem","position":3,"name":"Qu\u00edmica"}]},{"@type":"WebSite","@id":"https:\/\/www.amafiltration.com\/es\/#website","url":"https:\/\/www.amafiltration.com\/es\/","name":"FGC","description":"Making the World Safer, Healthier and More Productive\u00ae","publisher":{"@id":"https:\/\/www.amafiltration.com\/es\/#organization"},"potentialAction":[{"@type":"SearchAction","target":{"@type":"EntryPoint","urlTemplate":"https:\/\/www.amafiltration.com\/es\/?s={search_term_string}"},"query-input":{"@type":"PropertyValueSpecification","valueRequired":true,"valueName":"search_term_string"}}],"inLanguage":"es"},{"@type":"Organization","@id":"https:\/\/www.amafiltration.com\/es\/#organization","name":"Filtration Group","url":"https:\/\/www.amafiltration.com\/es\/","logo":{"@type":"ImageObject","inLanguage":"es","@id":"https:\/\/www.amafiltration.com\/es\/#\/schema\/logo\/image\/","url":"https:\/\/www.amafiltration.com\/wp-content\/uploads\/2019\/06\/FGC-logo-1.png","contentUrl":"https:\/\/www.amafiltration.com\/wp-content\/uploads\/2019\/06\/FGC-logo-1.png","width":1104,"height":224,"caption":"Filtration Group"},"image":{"@id":"https:\/\/www.amafiltration.com\/es\/#\/schema\/logo\/image\/"}}]}},"_links":{"self":[{"href":"https:\/\/www.amafiltration.com\/es\/wp-json\/wp\/v2\/pages\/4528","targetHints":{"allow":["GET"]}}],"collection":[{"href":"https:\/\/www.amafiltration.com\/es\/wp-json\/wp\/v2\/pages"}],"about":[{"href":"https:\/\/www.amafiltration.com\/es\/wp-json\/wp\/v2\/types\/page"}],"author":[{"embeddable":true,"href":"https:\/\/www.amafiltration.com\/es\/wp-json\/wp\/v2\/users\/13"}],"replies":[{"embeddable":true,"href":"https:\/\/www.amafiltration.com\/es\/wp-json\/wp\/v2\/comments?post=4528"}],"version-history":[{"count":0,"href":"https:\/\/www.amafiltration.com\/es\/wp-json\/wp\/v2\/pages\/4528\/revisions"}],"up":[{"embeddable":true,"href":"https:\/\/www.amafiltration.com\/es\/wp-json\/wp\/v2\/pages\/4249"}],"wp:attachment":[{"href":"https:\/\/www.amafiltration.com\/es\/wp-json\/wp\/v2\/media?parent=4528"}],"curies":[{"name":"wp","href":"https:\/\/api.w.org\/{rel}","templated":true}]}}