{"id":4549,"date":"2025-12-09T22:49:47","date_gmt":"2025-12-09T22:49:47","guid":{"rendered":"https:\/\/www.amafiltration.com\/?page_id=4549"},"modified":"2025-12-09T23:19:16","modified_gmt":"2025-12-09T23:19:16","slug":"minerales-y-mineria","status":"publish","type":"page","link":"https:\/\/www.amafiltration.com\/es\/industrias\/minerales-y-mineria\/","title":{"rendered":"Minerales y miner\u00eda"},"content":{"rendered":"\n<div class=\"wp-block-cover alignfull is-light has-background-dim\" style=\"min-height:350px;aspect-ratio:unset;\"><img loading=\"lazy\" decoding=\"async\" width=\"1024\" height=\"681\" class=\"wp-block-cover__image-background wp-image-4550 size-full\" alt=\"\" src=\"https:\/\/www.amafiltration.com\/wp-content\/uploads\/2020\/07\/high-res-image-sulfur-plant-1024x681-1.jpg\" style=\"object-position:54% 71%\" data-object-fit=\"cover\" data-object-position=\"54% 71%\" srcset=\"https:\/\/www.amafiltration.com\/wp-content\/uploads\/2020\/07\/high-res-image-sulfur-plant-1024x681-1.jpg 1024w, https:\/\/www.amafiltration.com\/wp-content\/uploads\/2020\/07\/high-res-image-sulfur-plant-1024x681-1-300x200.jpg 300w, https:\/\/www.amafiltration.com\/wp-content\/uploads\/2020\/07\/high-res-image-sulfur-plant-1024x681-1-768x511.jpg 768w, https:\/\/www.amafiltration.com\/wp-content\/uploads\/2020\/07\/high-res-image-sulfur-plant-1024x681-1-272x182.jpg 272w\" sizes=\"auto, (max-width: 1024px) 100vw, 1024px\" \/><span aria-hidden=\"true\" class=\"wp-block-cover__background has-medium-gray-background-color has-background-dim\"><\/span><div class=\"wp-block-cover__inner-container is-layout-flow wp-block-cover-is-layout-flow\">\n<h1 class=\"wp-block-heading has-text-align-center has-white-color has-text-color has-link-color wp-elements-e46fa147588e71ff254f9f3cd1928695\" id=\"h-minerales-y-mineria\">Minerales y miner\u00eda<\/h1>\n<\/div><\/div>\n\n\n\n<h2 class=\"wp-block-heading\" id=\"h-soluciones-de-filtracion-para-minerales-y-mineria\"><strong>Soluciones de filtraci\u00f3n para minerales y miner\u00eda<\/strong><\/h2>\n\n\n\n<p>Amafilter\u00ae cuenta con m\u00e1s de 60 a\u00f1os de experiencia en el suministro de soluciones de filtraci\u00f3n para la industria minera y de minerales, espec\u00edficamente en aplicaciones con azufre fundido. Nuestro equipo de ingenieros expertos dise\u00f1a soluciones eficaces de filtraci\u00f3n s\u00f3lido-l\u00edquido que eliminan los s\u00f3lidos del azufre fundido y garantizan un proceso de filtraci\u00f3n \u00f3ptimo para estas aplicaciones.<\/p>\n\n\n\n<p>Nuestra experiencia en el suministro de soluciones de filtraci\u00f3n ha ayudado a plantas de \u00e1cido sulf\u00farico en todo el mundo a aumentar la eficiencia de sus procesos, reducir el mantenimiento y mejorar la rentabilidad. Estas soluciones tambi\u00e9n permiten ofrecer la filtraci\u00f3n \u00f3ptima de azufre fundido que su proceso requiere.<\/p>\n\n\n\n<p>Nuestra experiencia cubre un amplio abanico de aplicaciones, entre las que se encuentran:<\/p>\n\n\n\n<ul class=\"wp-block-list\">\n<li><a href=\"https:\/\/www.amafiltration.com\/es\/industries\/minerals-mining\/minerals-and-mining-applications\/#molten-sulphur\"><strong>\u00c1cido sulf\u00farico y \u00e1cido fosf\u00f3rico<\/strong><\/a><\/li>\n\n\n\n<li><strong>Fertilizantes<\/strong><\/li>\n\n\n\n<li><strong>Refiner\u00eda<\/strong><\/li>\n\n\n\n<li><strong>Procesado de minerales<\/strong><\/li>\n<\/ul>\n\n\n\n<div style=\"height:30px\" aria-hidden=\"true\" class=\"wp-block-spacer\"><\/div>\n\n\n\n<div class=\"wp-block-group grayblock\"><div class=\"wp-block-group__inner-container is-layout-constrained wp-block-group-is-layout-constrained\">\n<h3 class=\"wp-block-heading\" id=\"h-productos\">Productos<\/h3>\n\n\n\n<div style=\"height:20px\" aria-hidden=\"true\" class=\"wp-block-spacer\"><\/div>\n\n\n\n<div class=\"wp-block-columns alignwide is-layout-flex wp-container-core-columns-is-layout-9d6595d7 wp-block-columns-is-layout-flex\">\n<div class=\"wp-block-column is-layout-flow wp-block-column-is-layout-flow\"><div class=\"wp-block-image\">\n<figure class=\"aligncenter size-large\"><img loading=\"lazy\" decoding=\"async\" width=\"250\" height=\"250\" src=\"https:\/\/www.amafiltration.com\/wp-content\/uploads\/2020\/06\/pressure-leaf-H-thumb-250x250-1.png\" alt=\"\" class=\"wp-image-686\" srcset=\"https:\/\/www.amafiltration.com\/wp-content\/uploads\/2020\/06\/pressure-leaf-H-thumb-250x250-1.png 250w, https:\/\/www.amafiltration.com\/wp-content\/uploads\/2020\/06\/pressure-leaf-H-thumb-250x250-1-150x150.png 150w\" sizes=\"auto, (max-width: 250px) 100vw, 250px\" \/><\/figure>\n<\/div>\n\n\n<p class=\"has-text-align-center\"><strong><a href=\"https:\/\/www.amafiltration.com\/es\/products\/systems\/horizontal-pressure-leaf-filters\/\">Filtros de placas horizontales<\/a><\/strong><\/p>\n<\/div>\n\n\n\n<div class=\"wp-block-column is-layout-flow wp-block-column-is-layout-flow\"><div class=\"wp-block-image is-resized\">\n<figure class=\"aligncenter size-large\"><img loading=\"lazy\" decoding=\"async\" width=\"250\" height=\"250\" src=\"https:\/\/www.amafiltration.com\/wp-content\/uploads\/2020\/07\/VC-FILTER.png\" alt=\"\" class=\"wp-image-789\" srcset=\"https:\/\/www.amafiltration.com\/wp-content\/uploads\/2020\/07\/VC-FILTER.png 250w, https:\/\/www.amafiltration.com\/wp-content\/uploads\/2020\/07\/VC-FILTER-150x150.png 150w\" sizes=\"auto, (max-width: 250px) 100vw, 250px\" \/><\/figure>\n<\/div>\n\n\n<p class=\"has-text-align-center\"><strong><a href=\"https:\/\/www.amafiltration.com\/es\/products\/filter-housings\/cartridge-filter-housings\/#VC-cartridge\">Filtro de cartuchos VC<\/a><\/strong><\/p>\n<\/div>\n\n\n\n<div class=\"wp-block-column is-layout-flow wp-block-column-is-layout-flow\"><div class=\"wp-block-image\">\n<figure class=\"aligncenter size-large\"><img loading=\"lazy\" decoding=\"async\" width=\"250\" height=\"250\" src=\"https:\/\/www.amafiltration.com\/wp-content\/uploads\/2020\/07\/amacera-ceramic-250x250-1.png\" alt=\"\" class=\"wp-image-791\" srcset=\"https:\/\/www.amafiltration.com\/wp-content\/uploads\/2020\/07\/amacera-ceramic-250x250-1.png 250w, https:\/\/www.amafiltration.com\/wp-content\/uploads\/2020\/07\/amacera-ceramic-250x250-1-150x150.png 150w\" sizes=\"auto, (max-width: 250px) 100vw, 250px\" \/><\/figure>\n<\/div>\n\n\n<p class=\"has-text-align-center\"><strong><a href=\"https:\/\/www.amafiltration.com\/es\/products\/filter-elements\/filter-cartridges\/#amacera\">Cartucho cer\u00e1mico amaCera PC<\/a><\/strong><\/p>\n<\/div>\n<\/div>\n<\/div><\/div>\n\n\n\n<div style=\"height:50px\" aria-hidden=\"true\" class=\"wp-block-spacer\"><\/div>\n\n\n\n<h3 class=\"wp-block-heading\" id=\"h-ventajas-de-las-soluciones-de-filtracion-de-amafilter\"><strong><strong><strong><strong>Ventajas de las soluciones de filtraci\u00f3n de Amafilter\u00ae<\/strong><\/strong><\/strong><\/strong><\/h3>\n\n\n\n<div class=\"wp-block-columns alignwide is-layout-flex wp-container-core-columns-is-layout-9d6595d7 wp-block-columns-is-layout-flex\">\n<div class=\"wp-block-column is-layout-flow wp-block-column-is-layout-flow\">\n<h4 class=\"wp-block-heading\" id=\"h-optimizacion-de-la-eficiencia-operativa\">Optimizaci\u00f3n de la eficiencia operativa<\/h4>\n\n\n\n<p>Amafilter\u00ae dise\u00f1a e implementa soluciones de filtraci\u00f3n de azufre l\u00edquido que eliminan de manera eficaz las impurezas perjudiciales durante el proceso de filtraci\u00f3n, evitando no solo impactos negativos en su operaci\u00f3n, sino tambi\u00e9n reduciendo interrupciones significativas en la producci\u00f3n.<\/p>\n\n\n\n<p>La fiabilidad operativa minimiza los periodos de inactividad y las intervenciones de mantenimiento, lo que a su vez reduce los costes operativos totales.<\/p>\n\n\n\n<p><strong>Seguridad<\/strong><\/p>\n\n\n\n<p>Las operaciones con azufre enfrentan m\u00faltiples desaf\u00edos y el manejo diario de sustancias peligrosas, como el \u00e1cido sulf\u00farico, es una constante en sus procesos. En Amafilter\u00ae, la seguridad es prioritaria al dise\u00f1ar soluciones de filtraci\u00f3n para la industria de minerales, y aprovechamos nuestra amplia experiencia para crear procesos que requieran el m\u00ednimo mantenimiento posible, generando entornos de trabajo lo m\u00e1s seguros posible.<\/p>\n<\/div>\n\n\n\n<div class=\"wp-block-column is-layout-flow wp-block-column-is-layout-flow\">\n<h4 class=\"wp-block-heading\" id=\"h-calidad-y-fiabilidad-constantes\">Calidad y fiabilidad constantes<\/h4>\n\n\n\n<p>Nuestros sistemas de filtraci\u00f3n por placas est\u00e1n dise\u00f1ados e ingenierizados para ofrecer a los fabricantes de \u00e1cido sulf\u00farico las soluciones m\u00e1s efectivas para su aplicaci\u00f3n espec\u00edfica, con productos personalizados cuando se requiera. Nuestras soluciones est\u00e1n concebidas para integrarse plenamente con sus procesos y eliminar de manera eficaz todas las impurezas que puedan afectar negativamente a su operaci\u00f3n, evitando paradas y costosos mantenimientos y reparaciones.<\/p>\n<\/div>\n<\/div>\n","protected":false},"excerpt":{"rendered":"<p>Soluciones de filtraci\u00f3n para minerales y miner\u00eda Amafilter\u00ae cuenta con m\u00e1s de 60 a\u00f1os de experiencia en el suministro de soluciones de filtraci\u00f3n para la industria minera y de minerales, espec\u00edficamente en aplicaciones con azufre fundido. Nuestro equipo de ingenieros expertos dise\u00f1a soluciones eficaces de filtraci\u00f3n s\u00f3lido-l\u00edquido que eliminan los s\u00f3lidos del azufre fundido y [&hellip;]<\/p>\n","protected":false},"author":13,"featured_media":0,"parent":4249,"menu_order":0,"comment_status":"closed","ping_status":"closed","template":"","meta":{"_acf_changed":false,"footnotes":""},"class_list":["post-4549","page","type-page","status-publish","hentry"],"acf":[],"yoast_head":"<!-- This site is optimized with the Yoast SEO Premium plugin v27.3 (Yoast SEO v27.3) - https:\/\/yoast.com\/product\/yoast-seo-premium-wordpress\/ -->\n<title>Minerales y miner\u00eda - Amafilter\u00ae<\/title>\n<meta name=\"robots\" content=\"index, follow, max-snippet:-1, max-image-preview:large, max-video-preview:-1\" \/>\n<link rel=\"canonical\" href=\"https:\/\/www.amafiltration.com\/es\/industrias\/minerales-y-mineria\/\" \/>\n<meta property=\"og:locale\" content=\"es_ES\" \/>\n<meta property=\"og:type\" content=\"article\" \/>\n<meta property=\"og:title\" content=\"Minerales y miner\u00eda\" \/>\n<meta property=\"og:description\" content=\"Minerales y miner\u00eda Soluciones de filtraci\u00f3n para minerales y miner\u00eda Amafilter\u00ae cuenta con m\u00e1s de 60 a\u00f1os de experiencia en el suministro de soluciones\" \/>\n<meta property=\"og:url\" content=\"https:\/\/www.amafiltration.com\/es\/industrias\/minerales-y-mineria\/\" \/>\n<meta property=\"og:site_name\" content=\"Amafilter\u00ae\" \/>\n<meta property=\"article:modified_time\" content=\"2025-12-09T23:19:16+00:00\" \/>\n<meta property=\"og:image\" content=\"https:\/\/www.amafiltration.com\/wp-content\/uploads\/2020\/07\/high-res-image-sulfur-plant-1024x681-1.jpg\" \/>\n\t<meta property=\"og:image:width\" content=\"1024\" \/>\n\t<meta property=\"og:image:height\" content=\"681\" \/>\n\t<meta property=\"og:image:type\" content=\"image\/jpeg\" \/>\n<meta name=\"twitter:card\" content=\"summary_large_image\" \/>\n<meta name=\"twitter:label1\" content=\"Est. reading time\" \/>\n\t<meta name=\"twitter:data1\" content=\"3 minutos\" \/>\n<script type=\"application\/ld+json\" class=\"yoast-schema-graph\">{\"@context\":\"https:\\\/\\\/schema.org\",\"@graph\":[{\"@type\":\"WebPage\",\"@id\":\"https:\\\/\\\/www.amafiltration.com\\\/es\\\/industrias\\\/minerales-y-mineria\\\/\",\"url\":\"https:\\\/\\\/www.amafiltration.com\\\/es\\\/industrias\\\/minerales-y-mineria\\\/\",\"name\":\"Minerales y miner\u00eda - Amafilter\u00ae\",\"isPartOf\":{\"@id\":\"https:\\\/\\\/www.amafiltration.com\\\/es\\\/#website\"},\"primaryImageOfPage\":{\"@id\":\"https:\\\/\\\/www.amafiltration.com\\\/es\\\/industrias\\\/minerales-y-mineria\\\/#primaryimage\"},\"image\":{\"@id\":\"https:\\\/\\\/www.amafiltration.com\\\/es\\\/industrias\\\/minerales-y-mineria\\\/#primaryimage\"},\"thumbnailUrl\":\"https:\\\/\\\/www.amafiltration.com\\\/wp-content\\\/uploads\\\/2020\\\/07\\\/high-res-image-sulfur-plant-1024x681-1.jpg\",\"datePublished\":\"2025-12-09T22:49:47+00:00\",\"dateModified\":\"2025-12-09T23:19:16+00:00\",\"breadcrumb\":{\"@id\":\"https:\\\/\\\/www.amafiltration.com\\\/es\\\/industrias\\\/minerales-y-mineria\\\/#breadcrumb\"},\"inLanguage\":\"es\",\"potentialAction\":[{\"@type\":\"ReadAction\",\"target\":[\"https:\\\/\\\/www.amafiltration.com\\\/es\\\/industrias\\\/minerales-y-mineria\\\/\"]}]},{\"@type\":\"ImageObject\",\"inLanguage\":\"es\",\"@id\":\"https:\\\/\\\/www.amafiltration.com\\\/es\\\/industrias\\\/minerales-y-mineria\\\/#primaryimage\",\"url\":\"https:\\\/\\\/www.amafiltration.com\\\/wp-content\\\/uploads\\\/2020\\\/07\\\/high-res-image-sulfur-plant-1024x681-1.jpg\",\"contentUrl\":\"https:\\\/\\\/www.amafiltration.com\\\/wp-content\\\/uploads\\\/2020\\\/07\\\/high-res-image-sulfur-plant-1024x681-1.jpg\"},{\"@type\":\"BreadcrumbList\",\"@id\":\"https:\\\/\\\/www.amafiltration.com\\\/es\\\/industrias\\\/minerales-y-mineria\\\/#breadcrumb\",\"itemListElement\":[{\"@type\":\"ListItem\",\"position\":1,\"name\":\"Home\",\"item\":\"https:\\\/\\\/www.amafiltration.com\\\/es\\\/\"},{\"@type\":\"ListItem\",\"position\":2,\"name\":\"Industrias\",\"item\":\"https:\\\/\\\/www.amafiltration.com\\\/es\\\/industrias\\\/\"},{\"@type\":\"ListItem\",\"position\":3,\"name\":\"Minerales y miner\u00eda\"}]},{\"@type\":\"WebSite\",\"@id\":\"https:\\\/\\\/www.amafiltration.com\\\/es\\\/#website\",\"url\":\"https:\\\/\\\/www.amafiltration.com\\\/es\\\/\",\"name\":\"FGC\",\"description\":\"Making the World Safer, Healthier and More Productive\u00ae\",\"publisher\":{\"@id\":\"https:\\\/\\\/www.amafiltration.com\\\/es\\\/#organization\"},\"potentialAction\":[{\"@type\":\"SearchAction\",\"target\":{\"@type\":\"EntryPoint\",\"urlTemplate\":\"https:\\\/\\\/www.amafiltration.com\\\/es\\\/?s={search_term_string}\"},\"query-input\":{\"@type\":\"PropertyValueSpecification\",\"valueRequired\":true,\"valueName\":\"search_term_string\"}}],\"inLanguage\":\"es\"},{\"@type\":\"Organization\",\"@id\":\"https:\\\/\\\/www.amafiltration.com\\\/es\\\/#organization\",\"name\":\"Filtration Group\",\"url\":\"https:\\\/\\\/www.amafiltration.com\\\/es\\\/\",\"logo\":{\"@type\":\"ImageObject\",\"inLanguage\":\"es\",\"@id\":\"https:\\\/\\\/www.amafiltration.com\\\/es\\\/#\\\/schema\\\/logo\\\/image\\\/\",\"url\":\"https:\\\/\\\/www.amafiltration.com\\\/wp-content\\\/uploads\\\/2019\\\/06\\\/FGC-logo-1.png\",\"contentUrl\":\"https:\\\/\\\/www.amafiltration.com\\\/wp-content\\\/uploads\\\/2019\\\/06\\\/FGC-logo-1.png\",\"width\":1104,\"height\":224,\"caption\":\"Filtration Group\"},\"image\":{\"@id\":\"https:\\\/\\\/www.amafiltration.com\\\/es\\\/#\\\/schema\\\/logo\\\/image\\\/\"}}]}<\/script>\n<!-- \/ Yoast SEO Premium plugin. -->","yoast_head_json":{"title":"Minerales y miner\u00eda - Amafilter\u00ae","robots":{"index":"index","follow":"follow","max-snippet":"max-snippet:-1","max-image-preview":"max-image-preview:large","max-video-preview":"max-video-preview:-1"},"canonical":"https:\/\/www.amafiltration.com\/es\/industrias\/minerales-y-mineria\/","og_locale":"es_ES","og_type":"article","og_title":"Minerales y miner\u00eda","og_description":"Minerales y miner\u00eda Soluciones de filtraci\u00f3n para minerales y miner\u00eda Amafilter\u00ae cuenta con m\u00e1s de 60 a\u00f1os de experiencia en el suministro de soluciones","og_url":"https:\/\/www.amafiltration.com\/es\/industrias\/minerales-y-mineria\/","og_site_name":"Amafilter\u00ae","article_modified_time":"2025-12-09T23:19:16+00:00","og_image":[{"width":1024,"height":681,"url":"https:\/\/www.amafiltration.com\/wp-content\/uploads\/2020\/07\/high-res-image-sulfur-plant-1024x681-1.jpg","type":"image\/jpeg"}],"twitter_card":"summary_large_image","twitter_misc":{"Est. reading time":"3 minutos"},"schema":{"@context":"https:\/\/schema.org","@graph":[{"@type":"WebPage","@id":"https:\/\/www.amafiltration.com\/es\/industrias\/minerales-y-mineria\/","url":"https:\/\/www.amafiltration.com\/es\/industrias\/minerales-y-mineria\/","name":"Minerales y miner\u00eda - Amafilter\u00ae","isPartOf":{"@id":"https:\/\/www.amafiltration.com\/es\/#website"},"primaryImageOfPage":{"@id":"https:\/\/www.amafiltration.com\/es\/industrias\/minerales-y-mineria\/#primaryimage"},"image":{"@id":"https:\/\/www.amafiltration.com\/es\/industrias\/minerales-y-mineria\/#primaryimage"},"thumbnailUrl":"https:\/\/www.amafiltration.com\/wp-content\/uploads\/2020\/07\/high-res-image-sulfur-plant-1024x681-1.jpg","datePublished":"2025-12-09T22:49:47+00:00","dateModified":"2025-12-09T23:19:16+00:00","breadcrumb":{"@id":"https:\/\/www.amafiltration.com\/es\/industrias\/minerales-y-mineria\/#breadcrumb"},"inLanguage":"es","potentialAction":[{"@type":"ReadAction","target":["https:\/\/www.amafiltration.com\/es\/industrias\/minerales-y-mineria\/"]}]},{"@type":"ImageObject","inLanguage":"es","@id":"https:\/\/www.amafiltration.com\/es\/industrias\/minerales-y-mineria\/#primaryimage","url":"https:\/\/www.amafiltration.com\/wp-content\/uploads\/2020\/07\/high-res-image-sulfur-plant-1024x681-1.jpg","contentUrl":"https:\/\/www.amafiltration.com\/wp-content\/uploads\/2020\/07\/high-res-image-sulfur-plant-1024x681-1.jpg"},{"@type":"BreadcrumbList","@id":"https:\/\/www.amafiltration.com\/es\/industrias\/minerales-y-mineria\/#breadcrumb","itemListElement":[{"@type":"ListItem","position":1,"name":"Home","item":"https:\/\/www.amafiltration.com\/es\/"},{"@type":"ListItem","position":2,"name":"Industrias","item":"https:\/\/www.amafiltration.com\/es\/industrias\/"},{"@type":"ListItem","position":3,"name":"Minerales y miner\u00eda"}]},{"@type":"WebSite","@id":"https:\/\/www.amafiltration.com\/es\/#website","url":"https:\/\/www.amafiltration.com\/es\/","name":"FGC","description":"Making the World Safer, Healthier and More Productive\u00ae","publisher":{"@id":"https:\/\/www.amafiltration.com\/es\/#organization"},"potentialAction":[{"@type":"SearchAction","target":{"@type":"EntryPoint","urlTemplate":"https:\/\/www.amafiltration.com\/es\/?s={search_term_string}"},"query-input":{"@type":"PropertyValueSpecification","valueRequired":true,"valueName":"search_term_string"}}],"inLanguage":"es"},{"@type":"Organization","@id":"https:\/\/www.amafiltration.com\/es\/#organization","name":"Filtration Group","url":"https:\/\/www.amafiltration.com\/es\/","logo":{"@type":"ImageObject","inLanguage":"es","@id":"https:\/\/www.amafiltration.com\/es\/#\/schema\/logo\/image\/","url":"https:\/\/www.amafiltration.com\/wp-content\/uploads\/2019\/06\/FGC-logo-1.png","contentUrl":"https:\/\/www.amafiltration.com\/wp-content\/uploads\/2019\/06\/FGC-logo-1.png","width":1104,"height":224,"caption":"Filtration Group"},"image":{"@id":"https:\/\/www.amafiltration.com\/es\/#\/schema\/logo\/image\/"}}]}},"_links":{"self":[{"href":"https:\/\/www.amafiltration.com\/es\/wp-json\/wp\/v2\/pages\/4549","targetHints":{"allow":["GET"]}}],"collection":[{"href":"https:\/\/www.amafiltration.com\/es\/wp-json\/wp\/v2\/pages"}],"about":[{"href":"https:\/\/www.amafiltration.com\/es\/wp-json\/wp\/v2\/types\/page"}],"author":[{"embeddable":true,"href":"https:\/\/www.amafiltration.com\/es\/wp-json\/wp\/v2\/users\/13"}],"replies":[{"embeddable":true,"href":"https:\/\/www.amafiltration.com\/es\/wp-json\/wp\/v2\/comments?post=4549"}],"version-history":[{"count":0,"href":"https:\/\/www.amafiltration.com\/es\/wp-json\/wp\/v2\/pages\/4549\/revisions"}],"up":[{"embeddable":true,"href":"https:\/\/www.amafiltration.com\/es\/wp-json\/wp\/v2\/pages\/4249"}],"wp:attachment":[{"href":"https:\/\/www.amafiltration.com\/es\/wp-json\/wp\/v2\/media?parent=4549"}],"curies":[{"name":"wp","href":"https:\/\/api.w.org\/{rel}","templated":true}]}}