{"id":4557,"date":"2025-12-09T22:58:40","date_gmt":"2025-12-09T22:58:40","guid":{"rendered":"https:\/\/www.amafiltration.com\/?page_id=4557"},"modified":"2026-02-09T15:26:04","modified_gmt":"2026-02-09T15:26:04","slug":"aplicaciones-en-minerales-y-mineria","status":"publish","type":"page","link":"https:\/\/www.amafiltration.com\/es\/industrias\/minerales-y-mineria\/aplicaciones-en-minerales-y-mineria\/","title":{"rendered":"Aplicaciones en minerales y miner\u00eda"},"content":{"rendered":"\n<div class=\"wp-block-cover alignfull\" style=\"min-height:350px;aspect-ratio:unset;\"><img loading=\"lazy\" decoding=\"async\" width=\"2000\" height=\"1334\" class=\"wp-block-cover__image-background wp-image-4558 size-full\" alt=\"\" src=\"https:\/\/www.amafiltration.com\/wp-content\/uploads\/2020\/07\/Sulphur.jpg\" style=\"object-position:56% 76%\" data-object-fit=\"cover\" data-object-position=\"56% 76%\" srcset=\"https:\/\/www.amafiltration.com\/wp-content\/uploads\/2020\/07\/Sulphur.jpg 2000w, https:\/\/www.amafiltration.com\/wp-content\/uploads\/2020\/07\/Sulphur-300x200.jpg 300w, https:\/\/www.amafiltration.com\/wp-content\/uploads\/2020\/07\/Sulphur-1024x683.jpg 1024w, https:\/\/www.amafiltration.com\/wp-content\/uploads\/2020\/07\/Sulphur-768x512.jpg 768w, https:\/\/www.amafiltration.com\/wp-content\/uploads\/2020\/07\/Sulphur-1536x1025.jpg 1536w, https:\/\/www.amafiltration.com\/wp-content\/uploads\/2020\/07\/Sulphur-272x182.jpg 272w\" sizes=\"auto, (max-width: 2000px) 100vw, 2000px\" \/><span aria-hidden=\"true\" class=\"wp-block-cover__background has-medium-gray-background-color has-background-dim\"><\/span><div class=\"wp-block-cover__inner-container is-layout-flow wp-block-cover-is-layout-flow\">\n<h1 class=\"wp-block-heading has-text-align-center has-white-color has-text-color has-link-color wp-elements-69328ac4ec55cc307d01c226c64e94c6\" id=\"h-minerales-y-mineria-aplicaciones\">Minerales y miner\u00eda &#8211; Aplicaciones<\/h1>\n<\/div><\/div>\n\n\n\n<div class=\"wp-block-columns alignwide is-layout-flex wp-container-core-columns-is-layout-9d6595d7 wp-block-columns-is-layout-flex\">\n<div class=\"wp-block-column is-layout-flow wp-block-column-is-layout-flow\">\n<h2 class=\"wp-block-heading\" id=\"molten-sulphur\">Azufre fundido<\/h2>\n\n\n\n<p>El azufre es uno de los recursos m\u00e1s esenciales del mundo y desempe\u00f1a un papel importante en muchos procesos de producci\u00f3n industrial. Las aplicaciones con azufre fundido requieren soluciones de filtraci\u00f3n eficaces para eliminar impurezas como cenizas, polvo y part\u00edculas org\u00e1nicas. Sin un proceso de filtraci\u00f3n adecuado, estas impurezas pueden afectar negativamente los procesos posteriores, causando graves interrupciones operativas.<\/p>\n\n\n\n<p>Las principales industrias que utilizan azufre en sus procesos son:<\/p>\n\n\n\n<ul class=\"wp-block-list\">\n<li>Industria de fertilizantes<\/li>\n\n\n\n<li>Industria de \u00e1cido sulf\u00farico y \u00e1cido fosf\u00f3rico<\/li>\n\n\n\n<li>Industria de procesamiento de minerales<\/li>\n<\/ul>\n\n\n\n<p>Amafilter\u00ae cuenta con un rango de productos espec\u00edficamente dise\u00f1ado para la filtraci\u00f3n de azufre l\u00edquido: el <a href=\"https:\/\/www.amafiltration.com\/es\/products\/systems\/horizontal-pressure-leaf-filters\/#products\">filtro de placas horizontal<\/a>, el <a href=\"https:\/\/www.amafiltration.com\/es\/productos\/filtros-comerciales\/filtros-de-cartuchos\/#VC-cartridge\">filtro de cartuchos VC<\/a> y nuestro cartucho cer\u00e1mico <a href=\"https:\/\/www.amafiltration.com\/es\/productos\/elementos-filtrantes\/cartuchos-y-bolsas\/#amacera\">amaCera<\/a>.<\/p>\n\n\n\n<p>El sistema de filtro de placas horizontal tambi\u00e9n est\u00e1 disponible como un sistema de filtraci\u00f3n m\u00f3vil avanzado, modular y preensamblado, que puede adaptarse espec\u00edficamente a los requisitos del cliente.<\/p>\n\n\n\n<p>Nuestras soluciones de filtraci\u00f3n de azufre aseguran la eliminaci\u00f3n eficaz de contaminantes del proceso de azufre, ofreciendo un proceso eficiente y fiable, con un mantenimiento m\u00ednimo.<\/p>\n\n\n\n<div class=\"wp-block-buttons is-content-justification-center is-layout-flex wp-container-core-buttons-is-layout-16018d1d wp-block-buttons-is-layout-flex\">\n<div class=\"wp-block-button btn-full-width\"><a class=\"wp-block-button__link has-green-background-color has-background wp-element-button\" href=\"https:\/\/www.amafiltration.com\/es\/sistema-de-filtracion-movil-para-azufre\/\">M\u00e1s info &#8211; Sistema de filtraci\u00f3n m\u00f3vil<\/a><\/div>\n<\/div>\n<\/div>\n\n\n\n<div class=\"wp-block-column is-layout-flow wp-block-column-is-layout-flow\"><div class=\"wp-block-image\">\n<figure class=\"aligncenter size-full\"><img loading=\"lazy\" decoding=\"async\" width=\"800\" height=\"404\" src=\"https:\/\/www.amafiltration.com\/wp-content\/uploads\/2020\/08\/molten-800.png\" alt=\"\" class=\"wp-image-1080\" srcset=\"https:\/\/www.amafiltration.com\/wp-content\/uploads\/2020\/08\/molten-800.png 800w, https:\/\/www.amafiltration.com\/wp-content\/uploads\/2020\/08\/molten-800-300x152.png 300w, https:\/\/www.amafiltration.com\/wp-content\/uploads\/2020\/08\/molten-800-768x388.png 768w\" sizes=\"auto, (max-width: 800px) 100vw, 800px\" \/><\/figure>\n<\/div>\n\n\n<div style=\"height:40px\" aria-hidden=\"true\" class=\"wp-block-spacer\"><\/div>\n\n\n\n<figure class=\"wp-block-embed is-type-video is-provider-youtube wp-block-embed-youtube wp-embed-aspect-16-9 wp-has-aspect-ratio\"><div class=\"wp-block-embed__wrapper\">\n<iframe loading=\"lazy\" title=\"Amafilter\u00ae -  Horizontal Pressure Leaf Filter Systems\" width=\"500\" height=\"281\" src=\"https:\/\/www.youtube.com\/embed\/1PnLpFQIbQ0?feature=oembed\" frameborder=\"0\" allow=\"accelerometer; autoplay; clipboard-write; encrypted-media; gyroscope; picture-in-picture; web-share\" referrerpolicy=\"strict-origin-when-cross-origin\" allowfullscreen><\/iframe>\n<\/div><\/figure>\n<\/div>\n<\/div>\n\n\n\n<div style=\"height:20px\" aria-hidden=\"true\" class=\"wp-block-spacer\"><\/div>\n\n\n\n<div class=\"wp-block-columns alignwide is-layout-flex wp-container-core-columns-is-layout-9d6595d7 wp-block-columns-is-layout-flex\">\n<div class=\"wp-block-column is-vertically-aligned-center is-layout-flow wp-block-column-is-layout-flow\" style=\"flex-basis:50%\">\n<figure class=\"wp-block-embed is-type-video is-provider-youtube wp-block-embed-youtube wp-embed-aspect-16-9 wp-has-aspect-ratio\"><div class=\"wp-block-embed__wrapper\">\n<iframe loading=\"lazy\" title=\"Amafilter\u00ae Molten Sulphur Case Study\" width=\"500\" height=\"281\" src=\"https:\/\/www.youtube.com\/embed\/eZP2gsQ7D-w?feature=oembed\" frameborder=\"0\" allow=\"accelerometer; autoplay; clipboard-write; encrypted-media; gyroscope; picture-in-picture; web-share\" referrerpolicy=\"strict-origin-when-cross-origin\" allowfullscreen><\/iframe>\n<\/div><\/figure>\n<\/div>\n\n\n\n<div class=\"wp-block-column is-vertically-aligned-center is-layout-flow wp-block-column-is-layout-flow\" style=\"flex-basis:16.66%\"><div class=\"wp-block-image is-resized\">\n<figure class=\"aligncenter size-large\"><a href=\"https:\/\/www.amafiltration.com\/wp-content\/uploads\/2020\/11\/amafilter-Case-Study-Sulphur.pdf\" target=\"_blank\" rel=\"noopener noreferrer\"><img loading=\"lazy\" decoding=\"async\" width=\"564\" height=\"788\" src=\"https:\/\/www.amafiltration.com\/wp-content\/uploads\/2020\/11\/amafilter-Case-Study-Sulphur.png\" alt=\"\" class=\"wp-image-1397\" srcset=\"https:\/\/www.amafiltration.com\/wp-content\/uploads\/2020\/11\/amafilter-Case-Study-Sulphur.png 564w, https:\/\/www.amafiltration.com\/wp-content\/uploads\/2020\/11\/amafilter-Case-Study-Sulphur-215x300.png 215w\" sizes=\"auto, (max-width: 564px) 100vw, 564px\" \/><\/a><\/figure>\n<\/div>\n\n\n<div class=\"wp-block-buttons is-content-justification-center is-layout-flex wp-container-core-buttons-is-layout-16018d1d wp-block-buttons-is-layout-flex\">\n<div class=\"wp-block-button btn-full-width\"><a class=\"wp-block-button__link has-blue-background-color has-background wp-element-button\" href=\"https:\/\/www.amafiltration.com\/wp-content\/uploads\/2020\/11\/amafilter-Case-Study-Sulphur.pdf\" target=\"_blank\" rel=\"noreferrer noopener\">Caso de \u00e9xito<\/a><\/div>\n<\/div>\n<\/div>\n\n\n\n<div class=\"wp-block-column is-vertically-aligned-center is-layout-flow wp-block-column-is-layout-flow\" style=\"flex-basis:16.66%\"><div class=\"wp-block-image is-resized\">\n<figure class=\"aligncenter size-large\"><a href=\"https:\/\/www.amafiltration.com\/wp-content\/uploads\/2021\/01\/amafilter-Sulphur-applications-brochure-A4-20220214.pdf\" target=\"_blank\" rel=\"noopener noreferrer\"><img loading=\"lazy\" decoding=\"async\" width=\"561\" height=\"793\" src=\"https:\/\/www.amafiltration.com\/wp-content\/uploads\/2021\/01\/amafilter-Sulphur-brochure-20210113.png\" alt=\"\" class=\"wp-image-1458\" srcset=\"https:\/\/www.amafiltration.com\/wp-content\/uploads\/2021\/01\/amafilter-Sulphur-brochure-20210113.png 561w, https:\/\/www.amafiltration.com\/wp-content\/uploads\/2021\/01\/amafilter-Sulphur-brochure-20210113-212x300.png 212w\" sizes=\"auto, (max-width: 561px) 100vw, 561px\" \/><\/a><\/figure>\n<\/div>\n\n\n<div class=\"wp-block-buttons is-content-justification-center is-layout-flex wp-container-core-buttons-is-layout-16018d1d wp-block-buttons-is-layout-flex\">\n<div class=\"wp-block-button btn-full-width\"><a class=\"wp-block-button__link has-blue-background-color has-background wp-element-button\" href=\"https:\/\/www.amafiltration.com\/wp-content\/uploads\/2021\/01\/amafilter-Sulphur-applications-brochure-A4-20220214.pdf\" target=\"_blank\" rel=\"noreferrer noopener\">Cat\u00e1logo<\/a><\/div>\n<\/div>\n<\/div>\n\n\n\n<div class=\"wp-block-column is-vertically-aligned-center is-layout-flow wp-block-column-is-layout-flow\" style=\"flex-basis:16.66%\"><div class=\"wp-block-image is-resized\">\n<figure class=\"aligncenter size-large\"><a href=\"https:\/\/www.amafiltration.com\/wp-content\/uploads\/2023\/07\/FG-Datasheet-amafilter-liquid-sulphur-applications.pdf\"><img loading=\"lazy\" decoding=\"async\" width=\"723\" height=\"1024\" src=\"https:\/\/www.amafiltration.com\/wp-content\/uploads\/2023\/07\/sulfur-filtration-datasheet-723x1024.jpg\" alt=\"\" class=\"wp-image-2207\" srcset=\"https:\/\/www.amafiltration.com\/wp-content\/uploads\/2023\/07\/sulfur-filtration-datasheet-723x1024.jpg 723w, https:\/\/www.amafiltration.com\/wp-content\/uploads\/2023\/07\/sulfur-filtration-datasheet-212x300.jpg 212w, https:\/\/www.amafiltration.com\/wp-content\/uploads\/2023\/07\/sulfur-filtration-datasheet-768x1087.jpg 768w, https:\/\/www.amafiltration.com\/wp-content\/uploads\/2023\/07\/sulfur-filtration-datasheet-1085x1536.jpg 1085w, https:\/\/www.amafiltration.com\/wp-content\/uploads\/2023\/07\/sulfur-filtration-datasheet.jpg 1304w\" sizes=\"auto, (max-width: 723px) 100vw, 723px\" \/><\/a><\/figure>\n<\/div>\n\n\n<div class=\"wp-block-buttons is-content-justification-center is-layout-flex wp-container-core-buttons-is-layout-16018d1d wp-block-buttons-is-layout-flex\">\n<div class=\"wp-block-button btn-full-width\"><a class=\"wp-block-button__link has-blue-background-color has-background wp-element-button\" href=\"https:\/\/www.amafiltration.com\/wp-content\/uploads\/2023\/07\/FG-Datasheet-amafilter-liquid-sulphur-applications.pdf\" target=\"_blank\" rel=\"noreferrer noopener\">Ficha t\u00e9cnica<\/a><\/div>\n<\/div>\n<\/div>\n<\/div>\n\n\n\n<div style=\"height:50px\" aria-hidden=\"true\" class=\"wp-block-spacer\"><\/div>\n\n\n\n<div class=\"wp-block-columns alignwide grayblock is-layout-flex wp-container-core-columns-is-layout-9d6595d7 wp-block-columns-is-layout-flex\">\n<div class=\"wp-block-column is-layout-flow wp-block-column-is-layout-flow\">\n<h3 class=\"wp-block-heading\" id=\"h-servicios\"><strong>Servicios<\/strong><\/h3>\n\n\n\n<p>Nos tomamos muy en serio nuestra responsabilidad como socios de nuestros clientes y ofrecemos una gama de servicios dise\u00f1ados para brindarles un soporte eficaz y ayudarles a resolver sus desaf\u00edos de filtraci\u00f3n.<\/p>\n\n\n\n<div class=\"wp-block-buttons is-layout-flex wp-block-buttons-is-layout-flex\">\n<div class=\"wp-block-button\"><a class=\"wp-block-button__link has-green-background-color has-background wp-element-button\" href=\"https:\/\/www.amafiltration.com\/es\/servicios\/\"><strong>Servicios<\/strong><\/a><\/div>\n<\/div>\n<\/div>\n\n\n\n<div class=\"wp-block-column is-layout-flow wp-block-column-is-layout-flow\">\n<h3 class=\"wp-block-heading\" id=\"h-contacto\"><strong>Contacto<\/strong><\/h3>\n\n\n\n<p>Descubre c\u00f3mo amafilter\u00ae, parte de Filtration Group, puede ayudarte a resolver tus desaf\u00edos de filtraci\u00f3n s\u00f3lido-l\u00edquido y a optimizar tus procesos.<\/p>\n\n\n\n<div class=\"wp-block-buttons is-layout-flex wp-block-buttons-is-layout-flex\">\n<div class=\"wp-block-button\"><a class=\"wp-block-button__link has-green-background-color has-background wp-element-button\" href=\"https:\/\/www.amafiltration.com\/es\/contacto\/\"><strong>Contacto<\/strong><\/a><\/div>\n<\/div>\n<\/div>\n<\/div>\n","protected":false},"excerpt":{"rendered":"<p>Azufre fundido El azufre es uno de los recursos m\u00e1s esenciales del mundo y desempe\u00f1a un papel importante en muchos procesos de producci\u00f3n industrial. Las aplicaciones con azufre fundido requieren soluciones de filtraci\u00f3n eficaces para eliminar impurezas como cenizas, polvo y part\u00edculas org\u00e1nicas. Sin un proceso de filtraci\u00f3n adecuado, estas impurezas pueden afectar negativamente los [&hellip;]<\/p>\n","protected":false},"author":13,"featured_media":0,"parent":4549,"menu_order":0,"comment_status":"closed","ping_status":"closed","template":"","meta":{"_acf_changed":false,"footnotes":""},"class_list":["post-4557","page","type-page","status-publish","hentry"],"acf":[],"yoast_head":"<!-- This site is optimized with the Yoast SEO Premium plugin v27.3 (Yoast SEO v27.3) - https:\/\/yoast.com\/product\/yoast-seo-premium-wordpress\/ -->\n<title>Aplicaciones en minerales y miner\u00eda - Amafilter\u00ae<\/title>\n<meta name=\"robots\" content=\"index, follow, max-snippet:-1, max-image-preview:large, max-video-preview:-1\" \/>\n<link rel=\"canonical\" href=\"https:\/\/www.amafiltration.com\/es\/industrias\/minerales-y-mineria\/aplicaciones-en-minerales-y-mineria\/\" \/>\n<meta property=\"og:locale\" content=\"es_ES\" \/>\n<meta property=\"og:type\" content=\"article\" \/>\n<meta property=\"og:title\" content=\"Aplicaciones en minerales y miner\u00eda\" \/>\n<meta property=\"og:description\" content=\"Minerales y miner\u00eda - Aplicaciones Azufre fundido El azufre es uno de los recursos m\u00e1s esenciales del mundo y desempe\u00f1a un papel importante en muchos\" \/>\n<meta property=\"og:url\" content=\"https:\/\/www.amafiltration.com\/es\/industrias\/minerales-y-mineria\/aplicaciones-en-minerales-y-mineria\/\" \/>\n<meta property=\"og:site_name\" content=\"Amafilter\u00ae\" \/>\n<meta property=\"article:modified_time\" content=\"2026-02-09T15:26:04+00:00\" \/>\n<meta property=\"og:image\" content=\"https:\/\/www.amafiltration.com\/wp-content\/uploads\/2020\/07\/Sulphur.jpg\" \/>\n\t<meta property=\"og:image:width\" content=\"2000\" \/>\n\t<meta property=\"og:image:height\" content=\"1334\" \/>\n\t<meta property=\"og:image:type\" content=\"image\/jpeg\" \/>\n<meta name=\"twitter:card\" content=\"summary_large_image\" \/>\n<meta name=\"twitter:label1\" content=\"Est. reading time\" \/>\n\t<meta name=\"twitter:data1\" content=\"3 minutos\" \/>\n<script type=\"application\/ld+json\" class=\"yoast-schema-graph\">{\"@context\":\"https:\\\/\\\/schema.org\",\"@graph\":[{\"@type\":\"WebPage\",\"@id\":\"https:\\\/\\\/www.amafiltration.com\\\/es\\\/industrias\\\/minerales-y-mineria\\\/aplicaciones-en-minerales-y-mineria\\\/\",\"url\":\"https:\\\/\\\/www.amafiltration.com\\\/es\\\/industrias\\\/minerales-y-mineria\\\/aplicaciones-en-minerales-y-mineria\\\/\",\"name\":\"Aplicaciones en minerales y miner\u00eda - Amafilter\u00ae\",\"isPartOf\":{\"@id\":\"https:\\\/\\\/www.amafiltration.com\\\/es\\\/#website\"},\"primaryImageOfPage\":{\"@id\":\"https:\\\/\\\/www.amafiltration.com\\\/es\\\/industrias\\\/minerales-y-mineria\\\/aplicaciones-en-minerales-y-mineria\\\/#primaryimage\"},\"image\":{\"@id\":\"https:\\\/\\\/www.amafiltration.com\\\/es\\\/industrias\\\/minerales-y-mineria\\\/aplicaciones-en-minerales-y-mineria\\\/#primaryimage\"},\"thumbnailUrl\":\"https:\\\/\\\/www.amafiltration.com\\\/wp-content\\\/uploads\\\/2020\\\/07\\\/Sulphur.jpg\",\"datePublished\":\"2025-12-09T22:58:40+00:00\",\"dateModified\":\"2026-02-09T15:26:04+00:00\",\"breadcrumb\":{\"@id\":\"https:\\\/\\\/www.amafiltration.com\\\/es\\\/industrias\\\/minerales-y-mineria\\\/aplicaciones-en-minerales-y-mineria\\\/#breadcrumb\"},\"inLanguage\":\"es\",\"potentialAction\":[{\"@type\":\"ReadAction\",\"target\":[\"https:\\\/\\\/www.amafiltration.com\\\/es\\\/industrias\\\/minerales-y-mineria\\\/aplicaciones-en-minerales-y-mineria\\\/\"]}]},{\"@type\":\"ImageObject\",\"inLanguage\":\"es\",\"@id\":\"https:\\\/\\\/www.amafiltration.com\\\/es\\\/industrias\\\/minerales-y-mineria\\\/aplicaciones-en-minerales-y-mineria\\\/#primaryimage\",\"url\":\"https:\\\/\\\/www.amafiltration.com\\\/wp-content\\\/uploads\\\/2020\\\/07\\\/Sulphur.jpg\",\"contentUrl\":\"https:\\\/\\\/www.amafiltration.com\\\/wp-content\\\/uploads\\\/2020\\\/07\\\/Sulphur.jpg\"},{\"@type\":\"BreadcrumbList\",\"@id\":\"https:\\\/\\\/www.amafiltration.com\\\/es\\\/industrias\\\/minerales-y-mineria\\\/aplicaciones-en-minerales-y-mineria\\\/#breadcrumb\",\"itemListElement\":[{\"@type\":\"ListItem\",\"position\":1,\"name\":\"Home\",\"item\":\"https:\\\/\\\/www.amafiltration.com\\\/es\\\/\"},{\"@type\":\"ListItem\",\"position\":2,\"name\":\"Industrias\",\"item\":\"https:\\\/\\\/www.amafiltration.com\\\/es\\\/industrias\\\/\"},{\"@type\":\"ListItem\",\"position\":3,\"name\":\"Minerales y miner\u00eda\",\"item\":\"https:\\\/\\\/www.amafiltration.com\\\/es\\\/industrias\\\/minerales-y-mineria\\\/\"},{\"@type\":\"ListItem\",\"position\":4,\"name\":\"Aplicaciones en minerales y miner\u00eda\"}]},{\"@type\":\"WebSite\",\"@id\":\"https:\\\/\\\/www.amafiltration.com\\\/es\\\/#website\",\"url\":\"https:\\\/\\\/www.amafiltration.com\\\/es\\\/\",\"name\":\"FGC\",\"description\":\"Making the World Safer, Healthier and More Productive\u00ae\",\"publisher\":{\"@id\":\"https:\\\/\\\/www.amafiltration.com\\\/es\\\/#organization\"},\"potentialAction\":[{\"@type\":\"SearchAction\",\"target\":{\"@type\":\"EntryPoint\",\"urlTemplate\":\"https:\\\/\\\/www.amafiltration.com\\\/es\\\/?s={search_term_string}\"},\"query-input\":{\"@type\":\"PropertyValueSpecification\",\"valueRequired\":true,\"valueName\":\"search_term_string\"}}],\"inLanguage\":\"es\"},{\"@type\":\"Organization\",\"@id\":\"https:\\\/\\\/www.amafiltration.com\\\/es\\\/#organization\",\"name\":\"Filtration Group\",\"url\":\"https:\\\/\\\/www.amafiltration.com\\\/es\\\/\",\"logo\":{\"@type\":\"ImageObject\",\"inLanguage\":\"es\",\"@id\":\"https:\\\/\\\/www.amafiltration.com\\\/es\\\/#\\\/schema\\\/logo\\\/image\\\/\",\"url\":\"https:\\\/\\\/www.amafiltration.com\\\/wp-content\\\/uploads\\\/2019\\\/06\\\/FGC-logo-1.png\",\"contentUrl\":\"https:\\\/\\\/www.amafiltration.com\\\/wp-content\\\/uploads\\\/2019\\\/06\\\/FGC-logo-1.png\",\"width\":1104,\"height\":224,\"caption\":\"Filtration Group\"},\"image\":{\"@id\":\"https:\\\/\\\/www.amafiltration.com\\\/es\\\/#\\\/schema\\\/logo\\\/image\\\/\"}}]}<\/script>\n<!-- \/ Yoast SEO Premium plugin. -->","yoast_head_json":{"title":"Aplicaciones en minerales y miner\u00eda - Amafilter\u00ae","robots":{"index":"index","follow":"follow","max-snippet":"max-snippet:-1","max-image-preview":"max-image-preview:large","max-video-preview":"max-video-preview:-1"},"canonical":"https:\/\/www.amafiltration.com\/es\/industrias\/minerales-y-mineria\/aplicaciones-en-minerales-y-mineria\/","og_locale":"es_ES","og_type":"article","og_title":"Aplicaciones en minerales y miner\u00eda","og_description":"Minerales y miner\u00eda - Aplicaciones Azufre fundido El azufre es uno de los recursos m\u00e1s esenciales del mundo y desempe\u00f1a un papel importante en muchos","og_url":"https:\/\/www.amafiltration.com\/es\/industrias\/minerales-y-mineria\/aplicaciones-en-minerales-y-mineria\/","og_site_name":"Amafilter\u00ae","article_modified_time":"2026-02-09T15:26:04+00:00","og_image":[{"width":2000,"height":1334,"url":"https:\/\/www.amafiltration.com\/wp-content\/uploads\/2020\/07\/Sulphur.jpg","type":"image\/jpeg"}],"twitter_card":"summary_large_image","twitter_misc":{"Est. reading time":"3 minutos"},"schema":{"@context":"https:\/\/schema.org","@graph":[{"@type":"WebPage","@id":"https:\/\/www.amafiltration.com\/es\/industrias\/minerales-y-mineria\/aplicaciones-en-minerales-y-mineria\/","url":"https:\/\/www.amafiltration.com\/es\/industrias\/minerales-y-mineria\/aplicaciones-en-minerales-y-mineria\/","name":"Aplicaciones en minerales y miner\u00eda - Amafilter\u00ae","isPartOf":{"@id":"https:\/\/www.amafiltration.com\/es\/#website"},"primaryImageOfPage":{"@id":"https:\/\/www.amafiltration.com\/es\/industrias\/minerales-y-mineria\/aplicaciones-en-minerales-y-mineria\/#primaryimage"},"image":{"@id":"https:\/\/www.amafiltration.com\/es\/industrias\/minerales-y-mineria\/aplicaciones-en-minerales-y-mineria\/#primaryimage"},"thumbnailUrl":"https:\/\/www.amafiltration.com\/wp-content\/uploads\/2020\/07\/Sulphur.jpg","datePublished":"2025-12-09T22:58:40+00:00","dateModified":"2026-02-09T15:26:04+00:00","breadcrumb":{"@id":"https:\/\/www.amafiltration.com\/es\/industrias\/minerales-y-mineria\/aplicaciones-en-minerales-y-mineria\/#breadcrumb"},"inLanguage":"es","potentialAction":[{"@type":"ReadAction","target":["https:\/\/www.amafiltration.com\/es\/industrias\/minerales-y-mineria\/aplicaciones-en-minerales-y-mineria\/"]}]},{"@type":"ImageObject","inLanguage":"es","@id":"https:\/\/www.amafiltration.com\/es\/industrias\/minerales-y-mineria\/aplicaciones-en-minerales-y-mineria\/#primaryimage","url":"https:\/\/www.amafiltration.com\/wp-content\/uploads\/2020\/07\/Sulphur.jpg","contentUrl":"https:\/\/www.amafiltration.com\/wp-content\/uploads\/2020\/07\/Sulphur.jpg"},{"@type":"BreadcrumbList","@id":"https:\/\/www.amafiltration.com\/es\/industrias\/minerales-y-mineria\/aplicaciones-en-minerales-y-mineria\/#breadcrumb","itemListElement":[{"@type":"ListItem","position":1,"name":"Home","item":"https:\/\/www.amafiltration.com\/es\/"},{"@type":"ListItem","position":2,"name":"Industrias","item":"https:\/\/www.amafiltration.com\/es\/industrias\/"},{"@type":"ListItem","position":3,"name":"Minerales y miner\u00eda","item":"https:\/\/www.amafiltration.com\/es\/industrias\/minerales-y-mineria\/"},{"@type":"ListItem","position":4,"name":"Aplicaciones en minerales y miner\u00eda"}]},{"@type":"WebSite","@id":"https:\/\/www.amafiltration.com\/es\/#website","url":"https:\/\/www.amafiltration.com\/es\/","name":"FGC","description":"Making the World Safer, Healthier and More Productive\u00ae","publisher":{"@id":"https:\/\/www.amafiltration.com\/es\/#organization"},"potentialAction":[{"@type":"SearchAction","target":{"@type":"EntryPoint","urlTemplate":"https:\/\/www.amafiltration.com\/es\/?s={search_term_string}"},"query-input":{"@type":"PropertyValueSpecification","valueRequired":true,"valueName":"search_term_string"}}],"inLanguage":"es"},{"@type":"Organization","@id":"https:\/\/www.amafiltration.com\/es\/#organization","name":"Filtration Group","url":"https:\/\/www.amafiltration.com\/es\/","logo":{"@type":"ImageObject","inLanguage":"es","@id":"https:\/\/www.amafiltration.com\/es\/#\/schema\/logo\/image\/","url":"https:\/\/www.amafiltration.com\/wp-content\/uploads\/2019\/06\/FGC-logo-1.png","contentUrl":"https:\/\/www.amafiltration.com\/wp-content\/uploads\/2019\/06\/FGC-logo-1.png","width":1104,"height":224,"caption":"Filtration Group"},"image":{"@id":"https:\/\/www.amafiltration.com\/es\/#\/schema\/logo\/image\/"}}]}},"_links":{"self":[{"href":"https:\/\/www.amafiltration.com\/es\/wp-json\/wp\/v2\/pages\/4557","targetHints":{"allow":["GET"]}}],"collection":[{"href":"https:\/\/www.amafiltration.com\/es\/wp-json\/wp\/v2\/pages"}],"about":[{"href":"https:\/\/www.amafiltration.com\/es\/wp-json\/wp\/v2\/types\/page"}],"author":[{"embeddable":true,"href":"https:\/\/www.amafiltration.com\/es\/wp-json\/wp\/v2\/users\/13"}],"replies":[{"embeddable":true,"href":"https:\/\/www.amafiltration.com\/es\/wp-json\/wp\/v2\/comments?post=4557"}],"version-history":[{"count":0,"href":"https:\/\/www.amafiltration.com\/es\/wp-json\/wp\/v2\/pages\/4557\/revisions"}],"up":[{"embeddable":true,"href":"https:\/\/www.amafiltration.com\/es\/wp-json\/wp\/v2\/pages\/4549"}],"wp:attachment":[{"href":"https:\/\/www.amafiltration.com\/es\/wp-json\/wp\/v2\/media?parent=4557"}],"curies":[{"name":"wp","href":"https:\/\/api.w.org\/{rel}","templated":true}]}}