{"id":4568,"date":"2025-12-09T23:26:58","date_gmt":"2025-12-09T23:26:58","guid":{"rendered":"https:\/\/www.amafiltration.com\/?page_id=4568"},"modified":"2025-12-09T23:38:11","modified_gmt":"2025-12-09T23:38:11","slug":"sistema-de-filtracion-movil-para-azufre","status":"publish","type":"page","link":"https:\/\/www.amafiltration.com\/es\/sistema-de-filtracion-movil-para-azufre\/","title":{"rendered":"Sistema de filtraci\u00f3n m\u00f3vil para azufre"},"content":{"rendered":"\n<div class=\"wp-block-cover alignfull is-light\" style=\"min-height:350px;aspect-ratio:unset;\"><img loading=\"lazy\" decoding=\"async\" width=\"2000\" height=\"1334\" class=\"wp-block-cover__image-background wp-image-794\" alt=\"\" src=\"https:\/\/www.amafiltration.com\/wp-content\/uploads\/2020\/07\/Sulphur.jpg\" style=\"object-position:46% 73%\" data-object-fit=\"cover\" data-object-position=\"46% 73%\" srcset=\"https:\/\/www.amafiltration.com\/wp-content\/uploads\/2020\/07\/Sulphur.jpg 2000w, https:\/\/www.amafiltration.com\/wp-content\/uploads\/2020\/07\/Sulphur-300x200.jpg 300w, https:\/\/www.amafiltration.com\/wp-content\/uploads\/2020\/07\/Sulphur-1024x683.jpg 1024w, https:\/\/www.amafiltration.com\/wp-content\/uploads\/2020\/07\/Sulphur-768x512.jpg 768w, https:\/\/www.amafiltration.com\/wp-content\/uploads\/2020\/07\/Sulphur-1536x1025.jpg 1536w, https:\/\/www.amafiltration.com\/wp-content\/uploads\/2020\/07\/Sulphur-272x182.jpg 272w\" sizes=\"auto, (max-width: 2000px) 100vw, 2000px\" \/><span aria-hidden=\"true\" class=\"wp-block-cover__background has-background-dim\"><\/span><div class=\"wp-block-cover__inner-container is-layout-flow wp-block-cover-is-layout-flow\">\n<h1 class=\"wp-block-heading has-text-align-center has-white-color has-text-color has-link-color wp-elements-77e9341ac9787cfdc803dc664a9a0058\" id=\"h-sistema-de-filtracion-movil-para-azufre\">Sistema de filtraci\u00f3n m\u00f3vil para azufre<\/h1>\n<\/div><\/div>\n\n\n\n<div class=\"wp-block-columns alignwide is-layout-flex wp-container-core-columns-is-layout-9d6595d7 wp-block-columns-is-layout-flex\">\n<div class=\"wp-block-column is-layout-flow wp-block-column-is-layout-flow\" style=\"flex-basis:60%\">\n<p>El sistema de filtraci\u00f3n m\u00f3vil modular de Amafilter\u00ae es una unidad todo-en-uno, preensamblada y lista para usar, para filtraci\u00f3n principal y de pulido. Adaptado a las especificaciones del cliente, integra un filtro de placas horizontal y un filtro de cartuchos sobre un mismo skid, completo con tuber\u00edas, instrumentaci\u00f3n, automatizaci\u00f3n y un panel controlado por PLC.<\/p>\n\n\n\n<p>Dise\u00f1ado para procesar hasta 540 toneladas m\u00e9tricas por d\u00eda, este sistema compacto y automatizado garantiza una purificaci\u00f3n de azufre fundido eficiente, fiable y constante.<\/p>\n<\/div>\n\n\n\n<div class=\"wp-block-column is-layout-flow wp-block-column-is-layout-flow\" style=\"flex-basis:40%\"><div class=\"wp-block-image\">\n<figure class=\"aligncenter size-large\"><img loading=\"lazy\" decoding=\"async\" width=\"800\" height=\"404\" src=\"https:\/\/www.amafiltration.com\/wp-content\/uploads\/2020\/08\/molten-800.png\" alt=\"\" class=\"wp-image-1080\" srcset=\"https:\/\/www.amafiltration.com\/wp-content\/uploads\/2020\/08\/molten-800.png 800w, https:\/\/www.amafiltration.com\/wp-content\/uploads\/2020\/08\/molten-800-300x152.png 300w, https:\/\/www.amafiltration.com\/wp-content\/uploads\/2020\/08\/molten-800-768x388.png 768w\" sizes=\"auto, (max-width: 800px) 100vw, 800px\" \/><\/figure>\n<\/div><\/div>\n<\/div>\n\n\n\n<div style=\"height:30px\" aria-hidden=\"true\" class=\"wp-block-spacer\"><\/div>\n\n\n\n<div class=\"wp-block-columns alignwide is-layout-flex wp-container-core-columns-is-layout-9d6595d7 wp-block-columns-is-layout-flex\">\n<div class=\"wp-block-column is-layout-flow wp-block-column-is-layout-flow\" style=\"flex-basis:60%\">\n<figure class=\"wp-block-embed is-type-video is-provider-youtube wp-block-embed-youtube wp-embed-aspect-16-9 wp-has-aspect-ratio\"><div class=\"wp-block-embed__wrapper\">\n<iframe loading=\"lazy\" title=\"Amafilter\u00ae -  Molten Sulphur Filtration\" width=\"500\" height=\"281\" src=\"https:\/\/www.youtube.com\/embed\/VYyQhs6yJDM?feature=oembed\" frameborder=\"0\" allow=\"accelerometer; autoplay; clipboard-write; encrypted-media; gyroscope; picture-in-picture; web-share\" referrerpolicy=\"strict-origin-when-cross-origin\" allowfullscreen><\/iframe>\n<\/div><\/figure>\n<\/div>\n\n\n\n<div class=\"wp-block-column is-layout-flow wp-block-column-is-layout-flow\" style=\"flex-basis:25%\"><div class=\"wp-block-image is-resized\">\n<figure class=\"aligncenter\"><img loading=\"lazy\" decoding=\"async\" width=\"564\" height=\"788\" src=\"https:\/\/www.amafiltration.com\/wp-content\/uploads\/2020\/11\/amafilter-Case-Study-Sulphur.png\" alt=\"\" class=\"wp-image-1397\" srcset=\"https:\/\/www.amafiltration.com\/wp-content\/uploads\/2020\/11\/amafilter-Case-Study-Sulphur.png 564w, https:\/\/www.amafiltration.com\/wp-content\/uploads\/2020\/11\/amafilter-Case-Study-Sulphur-215x300.png 215w\" sizes=\"auto, (max-width: 564px) 100vw, 564px\" \/><\/figure>\n<\/div>\n\n\n<div class=\"wp-block-buttons is-content-justification-center is-layout-flex wp-container-core-buttons-is-layout-16018d1d wp-block-buttons-is-layout-flex\">\n<div class=\"wp-block-button btn-full-width\"><a class=\"wp-block-button__link has-blue-background-color has-background wp-element-button\" href=\"https:\/\/www.amafiltration.com\/wp-content\/uploads\/2020\/11\/amafilter-Case-Study-Sulphur.pdf\" target=\"_blank\" rel=\"noreferrer noopener\">Caso de \u00e9xito<\/a><\/div>\n<\/div>\n<\/div>\n\n\n\n<div class=\"wp-block-column is-layout-flow wp-block-column-is-layout-flow\" style=\"flex-basis:25%\"><div class=\"wp-block-image is-resized\">\n<figure class=\"aligncenter size-large\"><img loading=\"lazy\" decoding=\"async\" width=\"561\" height=\"793\" src=\"https:\/\/www.amafiltration.com\/wp-content\/uploads\/2021\/01\/amafilter-Sulphur-brochure-20210113.png\" alt=\"\" class=\"wp-image-1458\" srcset=\"https:\/\/www.amafiltration.com\/wp-content\/uploads\/2021\/01\/amafilter-Sulphur-brochure-20210113.png 561w, https:\/\/www.amafiltration.com\/wp-content\/uploads\/2021\/01\/amafilter-Sulphur-brochure-20210113-212x300.png 212w\" sizes=\"auto, (max-width: 561px) 100vw, 561px\" \/><\/figure>\n<\/div>\n\n\n<div class=\"wp-block-buttons is-content-justification-center is-layout-flex wp-container-core-buttons-is-layout-16018d1d wp-block-buttons-is-layout-flex\">\n<div class=\"wp-block-button btn-full-width\"><a class=\"wp-block-button__link has-blue-background-color has-background wp-element-button\" href=\"https:\/\/www.amafiltration.com\/wp-content\/uploads\/2023\/12\/amafilter-Sulphur-applications-brochure-A4-.pdf\" target=\"_blank\" rel=\"noreferrer noopener\">Cat\u00e1logo<\/a><\/div>\n<\/div>\n<\/div>\n<\/div>\n\n\n\n<div style=\"height:50px\" aria-hidden=\"true\" class=\"wp-block-spacer\"><\/div>\n\n\n\n<div class=\"wp-block-group grayblock\"><div class=\"wp-block-group__inner-container is-layout-constrained wp-block-group-is-layout-constrained\">\n<h3 class=\"wp-block-heading\" id=\"h-caracteristicas\"><strong>Caracter\u00edsticas<\/strong><\/h3>\n\n\n\n<div class=\"wp-block-columns alignwide is-layout-flex wp-container-core-columns-is-layout-9d6595d7 wp-block-columns-is-layout-flex\">\n<div class=\"wp-block-column is-layout-flow wp-block-column-is-layout-flow\">\n<p class=\"has-white-color has-blue-background-color has-text-color has-background\"><strong>UNIDAD PLUG &amp; PLAY LISTA PARA PRODUCCI\u00d3N<\/strong><br><br>\u2022 F\u00e1cil de instalar: requiere m\u00ednima instalaci\u00f3n.<br>\u2022 Rentable: costes de instalaci\u00f3n en planta limitados.<br>\u2022 Conexi\u00f3n sencilla: r\u00e1pida conexi\u00f3n a servicios como aire, vapor, electricidad y azufre fundido.<br>\u2022 Obras civiles minimizadas.<br>\u2022 Retorno de inversi\u00f3n r\u00e1pido: el sistema puede iniciar la producci\u00f3n inmediatamente tras la entrega.<\/p>\n\n\n\n<p class=\"has-background\" style=\"background-color:#d9f3d6\"><strong>APERTURA Y CIERRE DEL SISTEMA<\/strong><br><br>El filtro de placas est\u00e1 equipado con un mecanismo de bayoneta hidr\u00e1ulico que permite abrir y cerrar el sistema de manera r\u00e1pida, segura y sin esfuerzo, asegurando un mantenimiento \u00e1gil y una reducci\u00f3n del tiempo de inactividad.<\/p>\n\n\n\n<p class=\"has-background\" style=\"background-color:#b6e16d\"><strong>SISTEMA DE GUIADO Y CADENA ENERG\u00c9TICA<\/strong><br><br>Tambi\u00e9n ofrecemos un sistema de guiado y cadena energ\u00e9tica a medida para encaminar de forma segura el cableado el\u00e9ctrico y las mangueras de vapor, garantizando una operaci\u00f3n ordenada, fiable y eficiente.<\/p>\n<\/div>\n\n\n\n<div class=\"wp-block-column is-layout-flow wp-block-column-is-layout-flow\">\n<p class=\"has-white-color has-green-background-color has-text-color has-background\"><strong>REDUCCI\u00d3N DE COSTES DE TRANSPORTE<\/strong><br><br>Gracias a su dise\u00f1o compacto y modular, el sistema es compatible con camiones est\u00e1ndar, contenedores de env\u00edo y plataformas planas, lo que permite un transporte seguro, econ\u00f3mico y sin complicaciones.<\/p>\n\n\n\n<p class=\"has-white-color has-text-color has-background\" style=\"background-color:#39bb9d\"><strong>ALTA CALIDAD DEL FILTRADO DE AZUFRE<\/strong><br><br>El sistema de filtro de placas horizontales ofrece un filtrado de azufre de alta calidad, eliminando hasta un m\u00e1ximo de 10 ppm de impurezas s\u00f3lidas.<\/p>\n\n\n\n<p class=\"has-white-color has-text-color has-background\" style=\"background-color:#1d559f\"><strong>CONEXIONES EN UN SOLO LADO<\/strong><br><br>Todo el sistema de tuber\u00edas, incluyendo todas las conexiones necesarias, est\u00e1 montado en un solo lado del skid para una instalaci\u00f3n tipo plug-and-play sencilla y un funcionamiento m\u00e1s \u00e1gil.<\/p>\n<\/div>\n\n\n\n<div class=\"wp-block-column is-layout-flow wp-block-column-is-layout-flow\">\n<p class=\"has-background\" style=\"background-color:#ace0f0\"><strong>ALTA RESISTENCIA<br><\/strong><br>El filtro horizontal de placas incorpora elementos filtrantes de 5 capas, robustos y resistentes a impactos, con ensamblaje preciso y excelentes propiedades de desprendimiento del pastel, garantizando un rendimiento de filtraci\u00f3n eficiente y fiable.<\/p>\n\n\n\n<p class=\"has-background\" style=\"background-color:#97d5c9\"><strong>FACILIDAD DE ACCESO<br><\/strong><br>Las barras laterales intercambiables del colector de entrada en cada lado de las placas del filtro permiten un acceso sencillo para mantenimiento, garantizando un servicio r\u00e1pido, seguro y eficiente del sistema.<\/p>\n\n\n\n<p class=\"has-background\" style=\"background-color:#d2f1ff\"><strong>ESTRUCTURA REFORZADA E INSTRUMENTACI\u00d3N COMPLETA<\/strong><br><br>El sistema de filtraci\u00f3n cuenta con una estructura reforzada, panel de control totalmente integrado e instrumentaci\u00f3n completa, todo dise\u00f1ado espec\u00edficamente para una filtraci\u00f3n eficiente de azufre fundido y un rendimiento de alta resistencia.<br>Una amplia lista de clientes satisfechos respalda la fiabilidad y el rendimiento comprobado del sistema a nivel mundial.<\/p>\n<\/div>\n<\/div>\n<\/div><\/div>\n\n\n\n<div style=\"height:70px\" aria-hidden=\"true\" class=\"wp-block-spacer\"><\/div>\n\n\n\n<div class=\"wp-block-columns alignwide is-layout-flex wp-container-core-columns-is-layout-9d6595d7 wp-block-columns-is-layout-flex\">\n<div class=\"wp-block-column is-layout-flow wp-block-column-is-layout-flow\" style=\"flex-basis:15%\"><div class=\"wp-block-image is-resized\">\n<figure class=\"aligncenter size-large\"><img loading=\"lazy\" decoding=\"async\" width=\"569\" height=\"1024\" src=\"https:\/\/www.amafiltration.com\/wp-content\/uploads\/2020\/09\/VC-model-filter-cartridge-569x1024.png\" alt=\"\" class=\"wp-image-1177\" srcset=\"https:\/\/www.amafiltration.com\/wp-content\/uploads\/2020\/09\/VC-model-filter-cartridge-569x1024.png 569w, https:\/\/www.amafiltration.com\/wp-content\/uploads\/2020\/09\/VC-model-filter-cartridge-167x300.png 167w, https:\/\/www.amafiltration.com\/wp-content\/uploads\/2020\/09\/VC-model-filter-cartridge-768x1382.png 768w, https:\/\/www.amafiltration.com\/wp-content\/uploads\/2020\/09\/VC-model-filter-cartridge-854x1536.png 854w, https:\/\/www.amafiltration.com\/wp-content\/uploads\/2020\/09\/VC-model-filter-cartridge-1138x2048.png 1138w, https:\/\/www.amafiltration.com\/wp-content\/uploads\/2020\/09\/VC-model-filter-cartridge.png 1496w\" sizes=\"auto, (max-width: 569px) 100vw, 569px\" \/><\/figure>\n<\/div><\/div>\n\n\n\n<div class=\"wp-block-column is-layout-flow wp-block-column-is-layout-flow\" style=\"flex-basis:60%\">\n<h3 class=\"wp-block-heading\" id=\"h-filtro-de-cartuchos-vc\"><strong>Filtro de cartuchos VC<\/strong><\/h3>\n\n\n\n<p>Para mejorar a\u00fan m\u00e1s la calidad del filtrado de azufre fundido, alcanzando hasta 5 ppm de impurezas s\u00f3lidas, Amafilter\u00ae ha desarrollado un filtro de cartucho VC de seguridad\/pulido de segunda etapa. Instalado aguas abajo del filtro principal de placas horizontal, este filtro de cartucho elimina cenizas finas y otras part\u00edculas que ocasionalmente puedan pasar por la filtraci\u00f3n primaria, asegurando un azufre fundido de alta pureza de manera consistente.<\/p>\n\n\n\n<p>El filtro de cartucho VC est\u00e1 dise\u00f1ado para procesos de filtraci\u00f3n de azufre de alta exigencia. Los cartuchos cer\u00e1micos son f\u00e1ciles de limpiar y de reemplazar.<\/p>\n<\/div>\n\n\n\n<div class=\"wp-block-column is-layout-flow wp-block-column-is-layout-flow\" style=\"flex-basis:25%\"><div class=\"wp-block-image is-resized\">\n<figure class=\"aligncenter size-large\"><img loading=\"lazy\" decoding=\"async\" width=\"564\" height=\"798\" src=\"https:\/\/www.amafiltration.com\/wp-content\/uploads\/2020\/09\/amafilter-VC-Cartridge-Filter-housing.png\" alt=\"\" class=\"wp-image-1201\" srcset=\"https:\/\/www.amafiltration.com\/wp-content\/uploads\/2020\/09\/amafilter-VC-Cartridge-Filter-housing.png 564w, https:\/\/www.amafiltration.com\/wp-content\/uploads\/2020\/09\/amafilter-VC-Cartridge-Filter-housing-212x300.png 212w\" sizes=\"auto, (max-width: 564px) 100vw, 564px\" \/><\/figure>\n<\/div>\n\n\n<div class=\"wp-block-buttons is-content-justification-center is-layout-flex wp-container-core-buttons-is-layout-16018d1d wp-block-buttons-is-layout-flex\">\n<div class=\"wp-block-button btn-full-width\"><a class=\"wp-block-button__link has-blue-background-color has-background wp-element-button\" href=\"https:\/\/www.amafiltration.com\/wp-content\/uploads\/2020\/09\/amafilter-VC-Cartridge-Filter-Housing.pdf\" target=\"_blank\" rel=\"noreferrer noopener\">Ficha t\u00e9cnica<\/a><\/div>\n<\/div>\n<\/div>\n<\/div>\n\n\n\n<div style=\"height:50px\" aria-hidden=\"true\" class=\"wp-block-spacer\"><\/div>\n\n\n\n<div class=\"wp-block-columns alignwide grayblock is-layout-flex wp-container-core-columns-is-layout-9d6595d7 wp-block-columns-is-layout-flex\">\n<div class=\"wp-block-column is-layout-flow wp-block-column-is-layout-flow\">\n<h3 class=\"wp-block-heading\" id=\"h-servicios\">Servicios<\/h3>\n\n\n\n<p>Nos tomamos muy en serio nuestra responsabilidad como socios de nuestros clientes y ofrecemos una gama de servicios dise\u00f1ados para brindarles un soporte eficaz y ayudarles a resolver sus desaf\u00edos de filtraci\u00f3n.<\/p>\n\n\n\n<div class=\"wp-block-buttons is-layout-flex wp-block-buttons-is-layout-flex\">\n<div class=\"wp-block-button\"><a class=\"wp-block-button__link has-green-background-color has-background wp-element-button\" href=\"https:\/\/www.amafiltration.com\/es\/services\/\"><strong>Servicios<\/strong><\/a><\/div>\n<\/div>\n<\/div>\n\n\n\n<div class=\"wp-block-column is-layout-flow wp-block-column-is-layout-flow\">\n<h3 class=\"wp-block-heading\" id=\"h-contacto\">Contacto<\/h3>\n\n\n\n<p>Descubre c\u00f3mo amafilter\u00ae, parte de Filtration Group, puede ayudarte a resolver tus desaf\u00edos de filtraci\u00f3n s\u00f3lido-l\u00edquido y a optimizar tus procesos.<\/p>\n\n\n\n<div class=\"wp-block-buttons is-layout-flex wp-block-buttons-is-layout-flex\">\n<div class=\"wp-block-button\"><a class=\"wp-block-button__link has-green-background-color has-background wp-element-button\" href=\"https:\/\/www.amafiltration.com\/es\/contact-us\/\"><strong>Contacto<\/strong><\/a><\/div>\n<\/div>\n<\/div>\n<\/div>\n","protected":false},"excerpt":{"rendered":"<p>El sistema de filtraci\u00f3n m\u00f3vil modular de Amafilter\u00ae es una unidad todo-en-uno, preensamblada y lista para usar, para filtraci\u00f3n principal y de pulido. Adaptado a las especificaciones del cliente, integra un filtro de placas horizontal y un filtro de cartuchos sobre un mismo skid, completo con tuber\u00edas, instrumentaci\u00f3n, automatizaci\u00f3n y un panel controlado por PLC. [&hellip;]<\/p>\n","protected":false},"author":13,"featured_media":0,"parent":0,"menu_order":0,"comment_status":"closed","ping_status":"closed","template":"","meta":{"_acf_changed":false,"footnotes":""},"class_list":["post-4568","page","type-page","status-publish","hentry"],"acf":[],"yoast_head":"<!-- This site is optimized with the Yoast SEO Premium plugin v27.3 (Yoast SEO v27.3) - https:\/\/yoast.com\/product\/yoast-seo-premium-wordpress\/ -->\n<title>Sistema de filtraci\u00f3n m\u00f3vil para azufre - Amafilter\u00ae<\/title>\n<meta name=\"robots\" content=\"index, follow, max-snippet:-1, max-image-preview:large, max-video-preview:-1\" \/>\n<link rel=\"canonical\" href=\"https:\/\/www.amafiltration.com\/es\/sistema-de-filtracion-movil-para-azufre\/\" \/>\n<meta property=\"og:locale\" content=\"es_ES\" \/>\n<meta property=\"og:type\" content=\"article\" \/>\n<meta property=\"og:title\" content=\"Sistema de filtraci\u00f3n m\u00f3vil para azufre\" \/>\n<meta property=\"og:description\" content=\"Sistema de filtraci\u00f3n m\u00f3vil para azufre El sistema de filtraci\u00f3n m\u00f3vil modular de Amafilter\u00ae es una unidad todo-en-uno, preensamblada y lista para usar,\" \/>\n<meta property=\"og:url\" content=\"https:\/\/www.amafiltration.com\/es\/sistema-de-filtracion-movil-para-azufre\/\" \/>\n<meta property=\"og:site_name\" content=\"Amafilter\u00ae\" \/>\n<meta property=\"article:modified_time\" content=\"2025-12-09T23:38:11+00:00\" \/>\n<meta property=\"og:image\" content=\"https:\/\/www.amafiltration.com\/wp-content\/uploads\/2020\/07\/Sulphur.jpg\" \/>\n\t<meta property=\"og:image:width\" content=\"2000\" \/>\n\t<meta property=\"og:image:height\" content=\"1334\" \/>\n\t<meta property=\"og:image:type\" content=\"image\/jpeg\" \/>\n<meta name=\"twitter:card\" content=\"summary_large_image\" \/>\n<meta name=\"twitter:label1\" content=\"Est. reading time\" \/>\n\t<meta name=\"twitter:data1\" content=\"4 minutos\" \/>\n<script type=\"application\/ld+json\" class=\"yoast-schema-graph\">{\"@context\":\"https:\\\/\\\/schema.org\",\"@graph\":[{\"@type\":\"WebPage\",\"@id\":\"https:\\\/\\\/www.amafiltration.com\\\/es\\\/sistema-de-filtracion-movil-para-azufre\\\/\",\"url\":\"https:\\\/\\\/www.amafiltration.com\\\/es\\\/sistema-de-filtracion-movil-para-azufre\\\/\",\"name\":\"Sistema de filtraci\u00f3n m\u00f3vil para azufre - Amafilter\u00ae\",\"isPartOf\":{\"@id\":\"https:\\\/\\\/www.amafiltration.com\\\/es\\\/#website\"},\"primaryImageOfPage\":{\"@id\":\"https:\\\/\\\/www.amafiltration.com\\\/es\\\/sistema-de-filtracion-movil-para-azufre\\\/#primaryimage\"},\"image\":{\"@id\":\"https:\\\/\\\/www.amafiltration.com\\\/es\\\/sistema-de-filtracion-movil-para-azufre\\\/#primaryimage\"},\"thumbnailUrl\":\"https:\\\/\\\/www.amafiltration.com\\\/wp-content\\\/uploads\\\/2020\\\/07\\\/Sulphur.jpg\",\"datePublished\":\"2025-12-09T23:26:58+00:00\",\"dateModified\":\"2025-12-09T23:38:11+00:00\",\"breadcrumb\":{\"@id\":\"https:\\\/\\\/www.amafiltration.com\\\/es\\\/sistema-de-filtracion-movil-para-azufre\\\/#breadcrumb\"},\"inLanguage\":\"es\",\"potentialAction\":[{\"@type\":\"ReadAction\",\"target\":[\"https:\\\/\\\/www.amafiltration.com\\\/es\\\/sistema-de-filtracion-movil-para-azufre\\\/\"]}]},{\"@type\":\"ImageObject\",\"inLanguage\":\"es\",\"@id\":\"https:\\\/\\\/www.amafiltration.com\\\/es\\\/sistema-de-filtracion-movil-para-azufre\\\/#primaryimage\",\"url\":\"https:\\\/\\\/www.amafiltration.com\\\/wp-content\\\/uploads\\\/2020\\\/07\\\/Sulphur.jpg\",\"contentUrl\":\"https:\\\/\\\/www.amafiltration.com\\\/wp-content\\\/uploads\\\/2020\\\/07\\\/Sulphur.jpg\"},{\"@type\":\"BreadcrumbList\",\"@id\":\"https:\\\/\\\/www.amafiltration.com\\\/es\\\/sistema-de-filtracion-movil-para-azufre\\\/#breadcrumb\",\"itemListElement\":[{\"@type\":\"ListItem\",\"position\":1,\"name\":\"Home\",\"item\":\"https:\\\/\\\/www.amafiltration.com\\\/es\\\/\"},{\"@type\":\"ListItem\",\"position\":2,\"name\":\"Sistema de filtraci\u00f3n m\u00f3vil para azufre\"}]},{\"@type\":\"WebSite\",\"@id\":\"https:\\\/\\\/www.amafiltration.com\\\/es\\\/#website\",\"url\":\"https:\\\/\\\/www.amafiltration.com\\\/es\\\/\",\"name\":\"FGC\",\"description\":\"Making the World Safer, Healthier and More Productive\u00ae\",\"publisher\":{\"@id\":\"https:\\\/\\\/www.amafiltration.com\\\/es\\\/#organization\"},\"potentialAction\":[{\"@type\":\"SearchAction\",\"target\":{\"@type\":\"EntryPoint\",\"urlTemplate\":\"https:\\\/\\\/www.amafiltration.com\\\/es\\\/?s={search_term_string}\"},\"query-input\":{\"@type\":\"PropertyValueSpecification\",\"valueRequired\":true,\"valueName\":\"search_term_string\"}}],\"inLanguage\":\"es\"},{\"@type\":\"Organization\",\"@id\":\"https:\\\/\\\/www.amafiltration.com\\\/es\\\/#organization\",\"name\":\"Filtration Group\",\"url\":\"https:\\\/\\\/www.amafiltration.com\\\/es\\\/\",\"logo\":{\"@type\":\"ImageObject\",\"inLanguage\":\"es\",\"@id\":\"https:\\\/\\\/www.amafiltration.com\\\/es\\\/#\\\/schema\\\/logo\\\/image\\\/\",\"url\":\"https:\\\/\\\/www.amafiltration.com\\\/wp-content\\\/uploads\\\/2019\\\/06\\\/FGC-logo-1.png\",\"contentUrl\":\"https:\\\/\\\/www.amafiltration.com\\\/wp-content\\\/uploads\\\/2019\\\/06\\\/FGC-logo-1.png\",\"width\":1104,\"height\":224,\"caption\":\"Filtration Group\"},\"image\":{\"@id\":\"https:\\\/\\\/www.amafiltration.com\\\/es\\\/#\\\/schema\\\/logo\\\/image\\\/\"}}]}<\/script>\n<!-- \/ Yoast SEO Premium plugin. -->","yoast_head_json":{"title":"Sistema de filtraci\u00f3n m\u00f3vil para azufre - Amafilter\u00ae","robots":{"index":"index","follow":"follow","max-snippet":"max-snippet:-1","max-image-preview":"max-image-preview:large","max-video-preview":"max-video-preview:-1"},"canonical":"https:\/\/www.amafiltration.com\/es\/sistema-de-filtracion-movil-para-azufre\/","og_locale":"es_ES","og_type":"article","og_title":"Sistema de filtraci\u00f3n m\u00f3vil para azufre","og_description":"Sistema de filtraci\u00f3n m\u00f3vil para azufre El sistema de filtraci\u00f3n m\u00f3vil modular de Amafilter\u00ae es una unidad todo-en-uno, preensamblada y lista para usar,","og_url":"https:\/\/www.amafiltration.com\/es\/sistema-de-filtracion-movil-para-azufre\/","og_site_name":"Amafilter\u00ae","article_modified_time":"2025-12-09T23:38:11+00:00","og_image":[{"width":2000,"height":1334,"url":"https:\/\/www.amafiltration.com\/wp-content\/uploads\/2020\/07\/Sulphur.jpg","type":"image\/jpeg"}],"twitter_card":"summary_large_image","twitter_misc":{"Est. reading time":"4 minutos"},"schema":{"@context":"https:\/\/schema.org","@graph":[{"@type":"WebPage","@id":"https:\/\/www.amafiltration.com\/es\/sistema-de-filtracion-movil-para-azufre\/","url":"https:\/\/www.amafiltration.com\/es\/sistema-de-filtracion-movil-para-azufre\/","name":"Sistema de filtraci\u00f3n m\u00f3vil para azufre - Amafilter\u00ae","isPartOf":{"@id":"https:\/\/www.amafiltration.com\/es\/#website"},"primaryImageOfPage":{"@id":"https:\/\/www.amafiltration.com\/es\/sistema-de-filtracion-movil-para-azufre\/#primaryimage"},"image":{"@id":"https:\/\/www.amafiltration.com\/es\/sistema-de-filtracion-movil-para-azufre\/#primaryimage"},"thumbnailUrl":"https:\/\/www.amafiltration.com\/wp-content\/uploads\/2020\/07\/Sulphur.jpg","datePublished":"2025-12-09T23:26:58+00:00","dateModified":"2025-12-09T23:38:11+00:00","breadcrumb":{"@id":"https:\/\/www.amafiltration.com\/es\/sistema-de-filtracion-movil-para-azufre\/#breadcrumb"},"inLanguage":"es","potentialAction":[{"@type":"ReadAction","target":["https:\/\/www.amafiltration.com\/es\/sistema-de-filtracion-movil-para-azufre\/"]}]},{"@type":"ImageObject","inLanguage":"es","@id":"https:\/\/www.amafiltration.com\/es\/sistema-de-filtracion-movil-para-azufre\/#primaryimage","url":"https:\/\/www.amafiltration.com\/wp-content\/uploads\/2020\/07\/Sulphur.jpg","contentUrl":"https:\/\/www.amafiltration.com\/wp-content\/uploads\/2020\/07\/Sulphur.jpg"},{"@type":"BreadcrumbList","@id":"https:\/\/www.amafiltration.com\/es\/sistema-de-filtracion-movil-para-azufre\/#breadcrumb","itemListElement":[{"@type":"ListItem","position":1,"name":"Home","item":"https:\/\/www.amafiltration.com\/es\/"},{"@type":"ListItem","position":2,"name":"Sistema de filtraci\u00f3n m\u00f3vil para azufre"}]},{"@type":"WebSite","@id":"https:\/\/www.amafiltration.com\/es\/#website","url":"https:\/\/www.amafiltration.com\/es\/","name":"FGC","description":"Making the World Safer, Healthier and More Productive\u00ae","publisher":{"@id":"https:\/\/www.amafiltration.com\/es\/#organization"},"potentialAction":[{"@type":"SearchAction","target":{"@type":"EntryPoint","urlTemplate":"https:\/\/www.amafiltration.com\/es\/?s={search_term_string}"},"query-input":{"@type":"PropertyValueSpecification","valueRequired":true,"valueName":"search_term_string"}}],"inLanguage":"es"},{"@type":"Organization","@id":"https:\/\/www.amafiltration.com\/es\/#organization","name":"Filtration Group","url":"https:\/\/www.amafiltration.com\/es\/","logo":{"@type":"ImageObject","inLanguage":"es","@id":"https:\/\/www.amafiltration.com\/es\/#\/schema\/logo\/image\/","url":"https:\/\/www.amafiltration.com\/wp-content\/uploads\/2019\/06\/FGC-logo-1.png","contentUrl":"https:\/\/www.amafiltration.com\/wp-content\/uploads\/2019\/06\/FGC-logo-1.png","width":1104,"height":224,"caption":"Filtration Group"},"image":{"@id":"https:\/\/www.amafiltration.com\/es\/#\/schema\/logo\/image\/"}}]}},"_links":{"self":[{"href":"https:\/\/www.amafiltration.com\/es\/wp-json\/wp\/v2\/pages\/4568","targetHints":{"allow":["GET"]}}],"collection":[{"href":"https:\/\/www.amafiltration.com\/es\/wp-json\/wp\/v2\/pages"}],"about":[{"href":"https:\/\/www.amafiltration.com\/es\/wp-json\/wp\/v2\/types\/page"}],"author":[{"embeddable":true,"href":"https:\/\/www.amafiltration.com\/es\/wp-json\/wp\/v2\/users\/13"}],"replies":[{"embeddable":true,"href":"https:\/\/www.amafiltration.com\/es\/wp-json\/wp\/v2\/comments?post=4568"}],"version-history":[{"count":0,"href":"https:\/\/www.amafiltration.com\/es\/wp-json\/wp\/v2\/pages\/4568\/revisions"}],"wp:attachment":[{"href":"https:\/\/www.amafiltration.com\/es\/wp-json\/wp\/v2\/media?parent=4568"}],"curies":[{"name":"wp","href":"https:\/\/api.w.org\/{rel}","templated":true}]}}