{"id":4577,"date":"2025-12-10T00:10:50","date_gmt":"2025-12-10T00:10:50","guid":{"rendered":"https:\/\/www.amafiltration.com\/?page_id=4577"},"modified":"2026-02-03T17:18:17","modified_gmt":"2026-02-03T17:18:17","slug":"field-services","status":"publish","type":"page","link":"https:\/\/www.amafiltration.com\/es\/servicios\/field-services\/","title":{"rendered":"Servicios en planta"},"content":{"rendered":"\n<div class=\"wp-block-cover alignfull is-light\" style=\"min-height:350px;aspect-ratio:unset;\"><img loading=\"lazy\" decoding=\"async\" width=\"1980\" height=\"1300\" class=\"wp-block-cover__image-background wp-image-1152\" alt=\"\" src=\"https:\/\/www.amafiltration.com\/wp-content\/uploads\/2020\/09\/iStock-510956616.jpg\" style=\"object-position:51% 34%\" data-object-fit=\"cover\" data-object-position=\"51% 34%\" srcset=\"https:\/\/www.amafiltration.com\/wp-content\/uploads\/2020\/09\/iStock-510956616.jpg 1980w, https:\/\/www.amafiltration.com\/wp-content\/uploads\/2020\/09\/iStock-510956616-300x197.jpg 300w, https:\/\/www.amafiltration.com\/wp-content\/uploads\/2020\/09\/iStock-510956616-1024x672.jpg 1024w, https:\/\/www.amafiltration.com\/wp-content\/uploads\/2020\/09\/iStock-510956616-768x504.jpg 768w, https:\/\/www.amafiltration.com\/wp-content\/uploads\/2020\/09\/iStock-510956616-1536x1008.jpg 1536w\" sizes=\"auto, (max-width: 1980px) 100vw, 1980px\" \/><span aria-hidden=\"true\" class=\"wp-block-cover__background has-background-dim\"><\/span><div class=\"wp-block-cover__inner-container is-layout-flow wp-block-cover-is-layout-flow\">\n<h1 class=\"wp-block-heading has-text-align-center has-white-color has-text-color\" id=\"h-servicios-en-planta\">Servicios en planta<\/h1>\n<\/div><\/div>\n\n\n\n<div class=\"wp-block-columns alignwide is-layout-flex wp-container-core-columns-is-layout-9d6595d7 wp-block-columns-is-layout-flex\">\n<div class=\"wp-block-column is-layout-flow wp-block-column-is-layout-flow\" style=\"flex-basis:100%\">\n<h3 class=\"wp-block-heading\" id=\"h-programas-de-mantenimiento\">Programas de mantenimiento<\/h3>\n\n\n\n<p><strong>Folleto disponible en ingl\u00e9s<\/strong><\/p>\n\n\n\n<div class=\"wp-block-columns is-layout-flex wp-container-core-columns-is-layout-9d6595d7 wp-block-columns-is-layout-flex\">\n<div class=\"wp-block-column is-vertically-aligned-top is-layout-flow wp-block-column-is-layout-flow\" style=\"flex-basis:80%\">\n<p class=\"has-blue-color has-text-color has-link-color wp-elements-332030492f4b870c3515f04c263ab608\"><strong>Mantenimiento correctivo<\/strong><\/p>\n\n\n\n<p>Soluciones de filtraci\u00f3n para resolver y corregir problemas y\/o fallos en los sistemas.<\/p>\n\n\n\n<p class=\"has-blue-color has-text-color has-link-color wp-elements-97a4cbf058e0828e2533c9c8523217a5\"><strong>Mantenimiento preventivo<\/strong><\/p>\n\n\n\n<p>Mantenimiento proactivo de los sistemas de filtraci\u00f3n y sus accesorios para aumentar la fiabilidad, prevenir da\u00f1os y reducir tiempos de inactividad.<\/p>\n\n\n\n<p class=\"has-blue-color has-text-color has-link-color wp-elements-a48a25f811a47d3e1baa9eac8221e8c9\"><strong>Formaci\u00f3n<\/strong><\/p>\n\n\n\n<p>Programas de formaci\u00f3n en mantenimiento in situ. Nuestros ingenieros expertos comparten su valiosa experiencia y se aseguran de que su equipo est\u00e9 capacitado en t\u00e9cnicas de filtraci\u00f3n que garantizan la m\u00e1xima eficiencia, reducen el mantenimiento y crean un entorno de trabajo m\u00e1s seguro.<\/p>\n<\/div>\n\n\n\n<div class=\"wp-block-column is-layout-flow wp-block-column-is-layout-flow\" style=\"flex-basis:20%\"><div class=\"wp-block-image is-resized\">\n<figure class=\"aligncenter\"><a href=\"https:\/\/www.amafiltration.com\/wp-content\/uploads\/2023\/12\/Amafilter-Corrective-Maintenance-flyer.pdf\" target=\"_blank\" rel=\"noopener\"><img loading=\"lazy\" decoding=\"async\" width=\"565\" height=\"798\" src=\"https:\/\/www.amafiltration.com\/wp-content\/uploads\/2021\/03\/amafilter-Corrective-Maintenance-flyer20210202-1.png\" alt=\"\" class=\"wp-image-1494\" srcset=\"https:\/\/www.amafiltration.com\/wp-content\/uploads\/2021\/03\/amafilter-Corrective-Maintenance-flyer20210202-1.png 565w, https:\/\/www.amafiltration.com\/wp-content\/uploads\/2021\/03\/amafilter-Corrective-Maintenance-flyer20210202-1-212x300.png 212w\" sizes=\"auto, (max-width: 565px) 100vw, 565px\" \/><\/a><\/figure>\n<\/div>\n\n\n<div class=\"wp-block-buttons is-content-justification-center is-layout-flex wp-container-core-buttons-is-layout-16018d1d wp-block-buttons-is-layout-flex\">\n<div class=\"wp-block-button btn-full-width\"><a class=\"wp-block-button__link has-green-background-color has-background wp-element-button\" href=\"https:\/\/www.amafiltration.com\/wp-content\/uploads\/2023\/12\/Amafilter-Corrective-Maintenance-flyer.pdf\" target=\"_blank\" rel=\"noreferrer noopener\">Descargar<\/a><\/div>\n<\/div>\n<\/div>\n<\/div>\n\n\n\n<h3 class=\"wp-block-heading\" id=\"h-inpecciones\">Inpecciones<\/h3>\n\n\n\n<p>Realizamos inspecciones en planta para identificar posibles problemas que podr\u00edan afectar gravemente a su sistema y provocar fallos o ineficiencias en la filtraci\u00f3n.<\/p>\n\n\n\n<h3 class=\"wp-block-heading\" id=\"h-reparacion-de-mallas\">Reparaci\u00f3n de mallas<\/h3>\n\n\n\n<p>Nuestra amplia experiencia en filtraci\u00f3n y separaci\u00f3n nos permite reconstruir y volver a enmallar placas de filtro antiguas o da\u00f1adas de casi cualquier fabricante, devolvi\u00e9ndolas a su estado operativo original.<\/p>\n\n\n\n<h3 class=\"wp-block-heading\" id=\"h-soporte-en-campo\">Soporte en campo<\/h3>\n\n\n\n<p>El experimentado equipo de servicio t\u00e9cnico de Amafilter\u00ae ofrece soporte a clientes a nivel mundial, resolviendo problemas de filtraci\u00f3n de manera r\u00e1pida y permitiendo que su operaci\u00f3n funcione de forma eficiente y rentable.<\/p>\n\n\n\n<h3 class=\"wp-block-heading\" id=\"h-instalacion-y-puesta-en-marcha\">Instalaci\u00f3n y puesta en marcha<\/h3>\n\n\n\n<p>Nuestra oferta de servicios incluye la puesta en marcha de un sistema de filtraci\u00f3n nuevo o reconstruido para lograr una filtraci\u00f3n \u00f3ptima. Tambi\u00e9n proporcionamos soporte in situ durante la fase de instalaci\u00f3n, asegurando que su planta funcione con la m\u00e1xima eficiencia y el m\u00ednimo tiempo de inactividad.<\/p>\n\n\n\n<h3 class=\"wp-block-heading\" id=\"h-equipos-piloto\">Equipos piloto<\/h3>\n\n\n\n<p>Para pruebas in situ, disponemos de una amplia gama de unidades de ensayo m\u00f3viles que pueden alquilarse e instalarse en su planta de producci\u00f3n, sometiendo el proceso a las mismas condiciones que encontrar\u00e1 en su destino final. Esto garantiza que su inversi\u00f3n se destine al producto adecuado, capaz de ofrecer eficiencia operativa y una mayor rentabilidad.<\/p>\n\n\n\n<h3 class=\"wp-block-heading\" id=\"h-repuestos\">Repuestos<\/h3>\n\n\n\n<p>Proporcionamos un listado exhaustivo de repuestos para facilitar su pedido y sustituci\u00f3n, garantizando as\u00ed un servicio a su planta lo m\u00e1s eficiente posible. Trabajamos estrechamente con los clientes para definir su lista de repuestos cr\u00edticos, minimizando el tiempo de inactividad en caso de aver\u00eda. Adem\u00e1s, para asegurar el mejor servicio posible, podemos estudiar la posibilidad de mantener existencias de repuestos localmente.<\/p>\n<\/div>\n<\/div>\n\n\n\n<div style=\"height:50px\" aria-hidden=\"true\" class=\"wp-block-spacer\"><\/div>\n\n\n\n<div class=\"wp-block-columns alignwide grayblock is-layout-flex wp-container-core-columns-is-layout-9d6595d7 wp-block-columns-is-layout-flex\">\n<div class=\"wp-block-column is-layout-flow wp-block-column-is-layout-flow\" style=\"flex-basis:20%\"><div class=\"wp-block-image is-resized\">\n<figure class=\"aligncenter size-large\"><a href=\"https:\/\/www.amafiltration.com\/wp-content\/uploads\/2021\/01\/amafilter-Service-flyer20210107.pdf\" target=\"_blank\" rel=\"noopener noreferrer\"><img loading=\"lazy\" decoding=\"async\" width=\"561\" height=\"793\" src=\"https:\/\/www.amafiltration.com\/wp-content\/uploads\/2021\/01\/amafilter-Service-flyer20210107.png\" alt=\"\" class=\"wp-image-1454\" srcset=\"https:\/\/www.amafiltration.com\/wp-content\/uploads\/2021\/01\/amafilter-Service-flyer20210107.png 561w, https:\/\/www.amafiltration.com\/wp-content\/uploads\/2021\/01\/amafilter-Service-flyer20210107-212x300.png 212w\" sizes=\"auto, (max-width: 561px) 100vw, 561px\" \/><\/a><\/figure>\n<\/div>\n\n\n<div class=\"wp-block-buttons is-content-justification-center is-layout-flex wp-container-core-buttons-is-layout-16018d1d wp-block-buttons-is-layout-flex\">\n<div class=\"wp-block-button btn-full-width\"><a class=\"wp-block-button__link has-green-background-color has-background wp-element-button\" href=\"https:\/\/www.amafiltration.com\/wp-content\/uploads\/2021\/01\/amafilter-Service-flyer20210107.pdf\" target=\"_blank\" rel=\"noreferrer noopener\"><strong>Servicios<\/strong><\/a><\/div>\n<\/div>\n<\/div>\n\n\n\n<div class=\"wp-block-column is-layout-flow wp-block-column-is-layout-flow\" style=\"flex-basis:20%\"><div class=\"wp-block-image is-resized\">\n<figure class=\"aligncenter\"><a href=\"https:\/\/www.amafiltration.com\/wp-content\/uploads\/2021\/03\/amafilter-Corrective-Maintenance-flyer20210202.pdf\" target=\"_blank\" rel=\"noopener\"><img loading=\"lazy\" decoding=\"async\" width=\"565\" height=\"798\" src=\"https:\/\/www.amafiltration.com\/wp-content\/uploads\/2021\/03\/amafilter-Corrective-Maintenance-flyer20210202-1.png\" alt=\"\" class=\"wp-image-1494\" srcset=\"https:\/\/www.amafiltration.com\/wp-content\/uploads\/2021\/03\/amafilter-Corrective-Maintenance-flyer20210202-1.png 565w, https:\/\/www.amafiltration.com\/wp-content\/uploads\/2021\/03\/amafilter-Corrective-Maintenance-flyer20210202-1-212x300.png 212w\" sizes=\"auto, (max-width: 565px) 100vw, 565px\" \/><\/a><\/figure>\n<\/div>\n\n\n<div class=\"wp-block-buttons is-content-justification-center is-layout-flex wp-container-core-buttons-is-layout-16018d1d wp-block-buttons-is-layout-flex\">\n<div class=\"wp-block-button btn-full-width\"><a class=\"wp-block-button__link has-green-background-color has-background wp-element-button\" href=\"https:\/\/www.amafiltration.com\/wp-content\/uploads\/2021\/03\/amafilter-Corrective-Maintenance-flyer20210202.pdf\" target=\"_blank\" rel=\"noreferrer noopener\"><strong>Mantenimiento<\/strong><\/a><\/div>\n<\/div>\n<\/div>\n\n\n\n<div class=\"wp-block-column is-layout-flow wp-block-column-is-layout-flow\" style=\"flex-basis:60%\">\n<h3 class=\"wp-block-heading\" id=\"h-contactanos\">\u00a1Cont\u00e1ctanos!<\/h3>\n\n\n\n<p>Para cualquier consulta sobre nuestros servicios, por favor escr\u00edbenos:<br><a href=\"mailto:service.amafilter@filtrationgroup.com\">service.amafilter@filtrationgroup.com<\/a><\/p>\n\n\n\n<p>Para cualquier otra consulta sobre c\u00f3mo podemos ayudarte a resolver tus desaf\u00edos de filtraci\u00f3n s\u00f3lido-l\u00edquido y mejorar tus procesos, haz clic aqu\u00ed:<\/p>\n\n\n\n<div class=\"wp-block-buttons is-content-justification-left is-layout-flex wp-container-core-buttons-is-layout-fdcfc74e wp-block-buttons-is-layout-flex\">\n<div class=\"wp-block-button\"><a class=\"wp-block-button__link has-green-background-color has-background wp-element-button\" href=\"https:\/\/www.amafiltration.com\/es\/contacto\/\"><strong>Contacto<\/strong><\/a><\/div>\n<\/div>\n<\/div>\n<\/div>\n","protected":false},"excerpt":{"rendered":"<p>Programas de mantenimiento Folleto disponible en ingl\u00e9s Mantenimiento correctivo Soluciones de filtraci\u00f3n para resolver y corregir problemas y\/o fallos en los sistemas. Mantenimiento preventivo Mantenimiento proactivo de los sistemas de filtraci\u00f3n y sus accesorios para aumentar la fiabilidad, prevenir da\u00f1os y reducir tiempos de inactividad. Formaci\u00f3n Programas de formaci\u00f3n en mantenimiento in situ. Nuestros ingenieros [&hellip;]<\/p>\n","protected":false},"author":13,"featured_media":0,"parent":4288,"menu_order":0,"comment_status":"closed","ping_status":"closed","template":"","meta":{"_acf_changed":false,"footnotes":""},"class_list":["post-4577","page","type-page","status-publish","hentry"],"acf":[],"yoast_head":"<!-- This site is optimized with the Yoast SEO Premium plugin v27.3 (Yoast SEO v27.3) - https:\/\/yoast.com\/product\/yoast-seo-premium-wordpress\/ -->\n<title>Servicios en planta - Amafilter\u00ae<\/title>\n<meta name=\"robots\" content=\"index, follow, max-snippet:-1, max-image-preview:large, max-video-preview:-1\" \/>\n<link rel=\"canonical\" href=\"https:\/\/www.amafiltration.com\/es\/servicios\/field-services\/\" \/>\n<meta property=\"og:locale\" content=\"es_ES\" \/>\n<meta property=\"og:type\" content=\"article\" \/>\n<meta property=\"og:title\" content=\"Servicios en planta\" \/>\n<meta property=\"og:description\" content=\"Servicios en planta Programas de mantenimiento Folleto disponible en ingl\u00e9s Mantenimiento correctivo Soluciones de filtraci\u00f3n para resolver y corregir\" \/>\n<meta property=\"og:url\" content=\"https:\/\/www.amafiltration.com\/es\/servicios\/field-services\/\" \/>\n<meta property=\"og:site_name\" content=\"Amafilter\u00ae\" \/>\n<meta property=\"article:modified_time\" content=\"2026-02-03T17:18:17+00:00\" \/>\n<meta property=\"og:image\" content=\"https:\/\/www.amafiltration.com\/wp-content\/uploads\/2020\/09\/iStock-510956616.jpg\" \/>\n\t<meta property=\"og:image:width\" content=\"1980\" \/>\n\t<meta property=\"og:image:height\" content=\"1300\" \/>\n\t<meta property=\"og:image:type\" content=\"image\/jpeg\" \/>\n<meta name=\"twitter:card\" content=\"summary_large_image\" \/>\n<meta name=\"twitter:label1\" content=\"Est. reading time\" \/>\n\t<meta name=\"twitter:data1\" content=\"3 minutos\" \/>\n<script type=\"application\/ld+json\" class=\"yoast-schema-graph\">{\"@context\":\"https:\\\/\\\/schema.org\",\"@graph\":[{\"@type\":\"WebPage\",\"@id\":\"https:\\\/\\\/www.amafiltration.com\\\/es\\\/servicios\\\/field-services\\\/\",\"url\":\"https:\\\/\\\/www.amafiltration.com\\\/es\\\/servicios\\\/field-services\\\/\",\"name\":\"Servicios en planta - Amafilter\u00ae\",\"isPartOf\":{\"@id\":\"https:\\\/\\\/www.amafiltration.com\\\/es\\\/#website\"},\"primaryImageOfPage\":{\"@id\":\"https:\\\/\\\/www.amafiltration.com\\\/es\\\/servicios\\\/field-services\\\/#primaryimage\"},\"image\":{\"@id\":\"https:\\\/\\\/www.amafiltration.com\\\/es\\\/servicios\\\/field-services\\\/#primaryimage\"},\"thumbnailUrl\":\"https:\\\/\\\/www.amafiltration.com\\\/wp-content\\\/uploads\\\/2020\\\/09\\\/iStock-510956616.jpg\",\"datePublished\":\"2025-12-10T00:10:50+00:00\",\"dateModified\":\"2026-02-03T17:18:17+00:00\",\"breadcrumb\":{\"@id\":\"https:\\\/\\\/www.amafiltration.com\\\/es\\\/servicios\\\/field-services\\\/#breadcrumb\"},\"inLanguage\":\"es\",\"potentialAction\":[{\"@type\":\"ReadAction\",\"target\":[\"https:\\\/\\\/www.amafiltration.com\\\/es\\\/servicios\\\/field-services\\\/\"]}]},{\"@type\":\"ImageObject\",\"inLanguage\":\"es\",\"@id\":\"https:\\\/\\\/www.amafiltration.com\\\/es\\\/servicios\\\/field-services\\\/#primaryimage\",\"url\":\"https:\\\/\\\/www.amafiltration.com\\\/wp-content\\\/uploads\\\/2020\\\/09\\\/iStock-510956616.jpg\",\"contentUrl\":\"https:\\\/\\\/www.amafiltration.com\\\/wp-content\\\/uploads\\\/2020\\\/09\\\/iStock-510956616.jpg\"},{\"@type\":\"BreadcrumbList\",\"@id\":\"https:\\\/\\\/www.amafiltration.com\\\/es\\\/servicios\\\/field-services\\\/#breadcrumb\",\"itemListElement\":[{\"@type\":\"ListItem\",\"position\":1,\"name\":\"Home\",\"item\":\"https:\\\/\\\/www.amafiltration.com\\\/es\\\/\"},{\"@type\":\"ListItem\",\"position\":2,\"name\":\"Servicios\",\"item\":\"https:\\\/\\\/www.amafiltration.com\\\/es\\\/servicios\\\/\"},{\"@type\":\"ListItem\",\"position\":3,\"name\":\"Servicios en planta\"}]},{\"@type\":\"WebSite\",\"@id\":\"https:\\\/\\\/www.amafiltration.com\\\/es\\\/#website\",\"url\":\"https:\\\/\\\/www.amafiltration.com\\\/es\\\/\",\"name\":\"FGC\",\"description\":\"Making the World Safer, Healthier and More Productive\u00ae\",\"publisher\":{\"@id\":\"https:\\\/\\\/www.amafiltration.com\\\/es\\\/#organization\"},\"potentialAction\":[{\"@type\":\"SearchAction\",\"target\":{\"@type\":\"EntryPoint\",\"urlTemplate\":\"https:\\\/\\\/www.amafiltration.com\\\/es\\\/?s={search_term_string}\"},\"query-input\":{\"@type\":\"PropertyValueSpecification\",\"valueRequired\":true,\"valueName\":\"search_term_string\"}}],\"inLanguage\":\"es\"},{\"@type\":\"Organization\",\"@id\":\"https:\\\/\\\/www.amafiltration.com\\\/es\\\/#organization\",\"name\":\"Filtration Group\",\"url\":\"https:\\\/\\\/www.amafiltration.com\\\/es\\\/\",\"logo\":{\"@type\":\"ImageObject\",\"inLanguage\":\"es\",\"@id\":\"https:\\\/\\\/www.amafiltration.com\\\/es\\\/#\\\/schema\\\/logo\\\/image\\\/\",\"url\":\"https:\\\/\\\/www.amafiltration.com\\\/wp-content\\\/uploads\\\/2019\\\/06\\\/FGC-logo-1.png\",\"contentUrl\":\"https:\\\/\\\/www.amafiltration.com\\\/wp-content\\\/uploads\\\/2019\\\/06\\\/FGC-logo-1.png\",\"width\":1104,\"height\":224,\"caption\":\"Filtration Group\"},\"image\":{\"@id\":\"https:\\\/\\\/www.amafiltration.com\\\/es\\\/#\\\/schema\\\/logo\\\/image\\\/\"}}]}<\/script>\n<!-- \/ Yoast SEO Premium plugin. -->","yoast_head_json":{"title":"Servicios en planta - Amafilter\u00ae","robots":{"index":"index","follow":"follow","max-snippet":"max-snippet:-1","max-image-preview":"max-image-preview:large","max-video-preview":"max-video-preview:-1"},"canonical":"https:\/\/www.amafiltration.com\/es\/servicios\/field-services\/","og_locale":"es_ES","og_type":"article","og_title":"Servicios en planta","og_description":"Servicios en planta Programas de mantenimiento Folleto disponible en ingl\u00e9s Mantenimiento correctivo Soluciones de filtraci\u00f3n para resolver y corregir","og_url":"https:\/\/www.amafiltration.com\/es\/servicios\/field-services\/","og_site_name":"Amafilter\u00ae","article_modified_time":"2026-02-03T17:18:17+00:00","og_image":[{"width":1980,"height":1300,"url":"https:\/\/www.amafiltration.com\/wp-content\/uploads\/2020\/09\/iStock-510956616.jpg","type":"image\/jpeg"}],"twitter_card":"summary_large_image","twitter_misc":{"Est. reading time":"3 minutos"},"schema":{"@context":"https:\/\/schema.org","@graph":[{"@type":"WebPage","@id":"https:\/\/www.amafiltration.com\/es\/servicios\/field-services\/","url":"https:\/\/www.amafiltration.com\/es\/servicios\/field-services\/","name":"Servicios en planta - Amafilter\u00ae","isPartOf":{"@id":"https:\/\/www.amafiltration.com\/es\/#website"},"primaryImageOfPage":{"@id":"https:\/\/www.amafiltration.com\/es\/servicios\/field-services\/#primaryimage"},"image":{"@id":"https:\/\/www.amafiltration.com\/es\/servicios\/field-services\/#primaryimage"},"thumbnailUrl":"https:\/\/www.amafiltration.com\/wp-content\/uploads\/2020\/09\/iStock-510956616.jpg","datePublished":"2025-12-10T00:10:50+00:00","dateModified":"2026-02-03T17:18:17+00:00","breadcrumb":{"@id":"https:\/\/www.amafiltration.com\/es\/servicios\/field-services\/#breadcrumb"},"inLanguage":"es","potentialAction":[{"@type":"ReadAction","target":["https:\/\/www.amafiltration.com\/es\/servicios\/field-services\/"]}]},{"@type":"ImageObject","inLanguage":"es","@id":"https:\/\/www.amafiltration.com\/es\/servicios\/field-services\/#primaryimage","url":"https:\/\/www.amafiltration.com\/wp-content\/uploads\/2020\/09\/iStock-510956616.jpg","contentUrl":"https:\/\/www.amafiltration.com\/wp-content\/uploads\/2020\/09\/iStock-510956616.jpg"},{"@type":"BreadcrumbList","@id":"https:\/\/www.amafiltration.com\/es\/servicios\/field-services\/#breadcrumb","itemListElement":[{"@type":"ListItem","position":1,"name":"Home","item":"https:\/\/www.amafiltration.com\/es\/"},{"@type":"ListItem","position":2,"name":"Servicios","item":"https:\/\/www.amafiltration.com\/es\/servicios\/"},{"@type":"ListItem","position":3,"name":"Servicios en planta"}]},{"@type":"WebSite","@id":"https:\/\/www.amafiltration.com\/es\/#website","url":"https:\/\/www.amafiltration.com\/es\/","name":"FGC","description":"Making the World Safer, Healthier and More Productive\u00ae","publisher":{"@id":"https:\/\/www.amafiltration.com\/es\/#organization"},"potentialAction":[{"@type":"SearchAction","target":{"@type":"EntryPoint","urlTemplate":"https:\/\/www.amafiltration.com\/es\/?s={search_term_string}"},"query-input":{"@type":"PropertyValueSpecification","valueRequired":true,"valueName":"search_term_string"}}],"inLanguage":"es"},{"@type":"Organization","@id":"https:\/\/www.amafiltration.com\/es\/#organization","name":"Filtration Group","url":"https:\/\/www.amafiltration.com\/es\/","logo":{"@type":"ImageObject","inLanguage":"es","@id":"https:\/\/www.amafiltration.com\/es\/#\/schema\/logo\/image\/","url":"https:\/\/www.amafiltration.com\/wp-content\/uploads\/2019\/06\/FGC-logo-1.png","contentUrl":"https:\/\/www.amafiltration.com\/wp-content\/uploads\/2019\/06\/FGC-logo-1.png","width":1104,"height":224,"caption":"Filtration Group"},"image":{"@id":"https:\/\/www.amafiltration.com\/es\/#\/schema\/logo\/image\/"}}]}},"_links":{"self":[{"href":"https:\/\/www.amafiltration.com\/es\/wp-json\/wp\/v2\/pages\/4577","targetHints":{"allow":["GET"]}}],"collection":[{"href":"https:\/\/www.amafiltration.com\/es\/wp-json\/wp\/v2\/pages"}],"about":[{"href":"https:\/\/www.amafiltration.com\/es\/wp-json\/wp\/v2\/types\/page"}],"author":[{"embeddable":true,"href":"https:\/\/www.amafiltration.com\/es\/wp-json\/wp\/v2\/users\/13"}],"replies":[{"embeddable":true,"href":"https:\/\/www.amafiltration.com\/es\/wp-json\/wp\/v2\/comments?post=4577"}],"version-history":[{"count":0,"href":"https:\/\/www.amafiltration.com\/es\/wp-json\/wp\/v2\/pages\/4577\/revisions"}],"up":[{"embeddable":true,"href":"https:\/\/www.amafiltration.com\/es\/wp-json\/wp\/v2\/pages\/4288"}],"wp:attachment":[{"href":"https:\/\/www.amafiltration.com\/es\/wp-json\/wp\/v2\/media?parent=4577"}],"curies":[{"name":"wp","href":"https:\/\/api.w.org\/{rel}","templated":true}]}}