{"id":4649,"date":"2025-11-11T12:02:52","date_gmt":"2025-11-11T12:02:52","guid":{"rendered":"https:\/\/www.amafiltration.com\/advanced-filtration-solutions-for-the-oleochemical-industry\/"},"modified":"2026-02-26T11:55:42","modified_gmt":"2026-02-26T11:55:42","slug":"quimica-aplicacines-soluciones-oleoquimica","status":"publish","type":"page","link":"https:\/\/www.amafiltration.com\/es\/quimica-aplicacines-soluciones-oleoquimica\/","title":{"rendered":"Oleoqu\u00edmicos"},"content":{"rendered":"\n<div class=\"wp-block-cover alignfull\" style=\"min-height:350px;aspect-ratio:unset;\"><img loading=\"lazy\" decoding=\"async\" width=\"1024\" height=\"577\" class=\"wp-block-cover__image-background wp-image-4074 size-large\" alt=\"\" src=\"https:\/\/www.amafiltration.com\/wp-content\/uploads\/2025\/11\/iStock-1415214075-1024x577.jpg\" data-object-fit=\"cover\" srcset=\"https:\/\/www.amafiltration.com\/wp-content\/uploads\/2025\/11\/iStock-1415214075-1024x577.jpg 1024w, https:\/\/www.amafiltration.com\/wp-content\/uploads\/2025\/11\/iStock-1415214075-300x169.jpg 300w, https:\/\/www.amafiltration.com\/wp-content\/uploads\/2025\/11\/iStock-1415214075-768x433.jpg 768w, https:\/\/www.amafiltration.com\/wp-content\/uploads\/2025\/11\/iStock-1415214075-1536x866.jpg 1536w, https:\/\/www.amafiltration.com\/wp-content\/uploads\/2025\/11\/iStock-1415214075-2048x1154.jpg 2048w\" sizes=\"auto, (max-width: 1024px) 100vw, 1024px\" \/><span aria-hidden=\"true\" class=\"wp-block-cover__background has-black-background-color has-background-dim-60 has-background-dim\"><\/span><div class=\"wp-block-cover__inner-container is-layout-constrained wp-block-cover-is-layout-constrained\">\n<h1 class=\"wp-block-heading has-text-align-center has-large-font-size\" id=\"h-industria-oleoquimica\">Industria Oleoqu\u00edmica<\/h1>\n<\/div><\/div>\n\n\n\n<div class=\"wp-block-media-text is-stacked-on-mobile is-image-fill-element my-5\"><figure class=\"wp-block-media-text__media\"><img loading=\"lazy\" decoding=\"async\" width=\"683\" height=\"1024\" src=\"https:\/\/www.amafiltration.com\/wp-content\/uploads\/2025\/11\/Oleochemicals-2-683x1024.jpg\" alt=\"\" class=\"wp-image-4062 size-full\" style=\"object-position:52% 32%\" srcset=\"https:\/\/www.amafiltration.com\/wp-content\/uploads\/2025\/11\/Oleochemicals-2-683x1024.jpg 683w, https:\/\/www.amafiltration.com\/wp-content\/uploads\/2025\/11\/Oleochemicals-2-200x300.jpg 200w, https:\/\/www.amafiltration.com\/wp-content\/uploads\/2025\/11\/Oleochemicals-2-768x1151.jpg 768w, https:\/\/www.amafiltration.com\/wp-content\/uploads\/2025\/11\/Oleochemicals-2-1024x1536.jpg 1024w, https:\/\/www.amafiltration.com\/wp-content\/uploads\/2025\/11\/Oleochemicals-2-1366x2048.jpg 1366w, https:\/\/www.amafiltration.com\/wp-content\/uploads\/2025\/11\/Oleochemicals-2.jpg 1414w\" sizes=\"auto, (max-width: 683px) 100vw, 683px\" \/><\/figure><div class=\"wp-block-media-text__content\">\n<p style=\"font-size:16px\"><strong>Ofreciendo productos m\u00e1s limpios, operaciones m\u00e1s seguras y menores costes<\/strong><\/p>\n\n\n\n<p style=\"font-size:16px\">En Amafilter\u00ae y PCI Membranes\u00ae ayudamos a los productores de oleoqu\u00edmicos a obtener productos de alta pureza, maximizar la disponibilidad operativa y reducir los costes de operaci\u00f3n mediante sistemas eficientes y automatizados de filtraci\u00f3n y separaci\u00f3n por membranas. Nuestras tecnolog\u00edas eliminan de forma eficiente s\u00f3lidos, jabones y trazas de metales de materias primas y de fluidos de proceso, protegiendo los equipos cr\u00edticos, previniendo la corrosi\u00f3n y garantizando una claridad y calidad de producto constantes a lo largo de toda la l\u00ednea de producci\u00f3n.<\/p>\n\n\n\n<div class=\"wp-block-media-text is-stacked-on-mobile\"><figure class=\"wp-block-media-text__media\"><a href=\"https:\/\/www.amafiltration.com\/wp-content\/uploads\/2025\/11\/Oleochemicals-brochure.pdf\"><img loading=\"lazy\" decoding=\"async\" width=\"671\" height=\"952\" src=\"https:\/\/www.amafiltration.com\/wp-content\/uploads\/2025\/11\/Screenshot-2025-11-13-112205.png\" alt=\"\" class=\"wp-image-4107 size-full\" srcset=\"https:\/\/www.amafiltration.com\/wp-content\/uploads\/2025\/11\/Screenshot-2025-11-13-112205.png 671w, https:\/\/www.amafiltration.com\/wp-content\/uploads\/2025\/11\/Screenshot-2025-11-13-112205-211x300.png 211w\" sizes=\"auto, (max-width: 671px) 100vw, 671px\" \/><\/a><\/figure><div class=\"wp-block-media-text__content\">\n<p><a href=\"https:\/\/www.amafiltration.com\/wp-content\/uploads\/2025\/11\/Oleochemicals-brochure.pdf\" target=\"_blank\" rel=\"noreferrer noopener\">Descargar<\/a><br>[En ingl\u00e9s]<\/p>\n<\/div><\/div>\n<\/div><\/div>\n\n\n\n<div style=\"height:50px\" aria-hidden=\"true\" class=\"wp-block-spacer\"><\/div>\n\n\n\n<div class=\"wp-block-media-text is-stacked-on-mobile is-image-fill-element my-5\"><figure class=\"wp-block-media-text__media\"><img loading=\"lazy\" decoding=\"async\" width=\"700\" height=\"1024\" src=\"https:\/\/www.amafiltration.com\/wp-content\/uploads\/2025\/11\/Cricketfilter-top-with-crickets-on-show_cd3b-700x1024.jpg\" alt=\"\" class=\"wp-image-4097 size-full\" style=\"object-position:50% 50%\" srcset=\"https:\/\/www.amafiltration.com\/wp-content\/uploads\/2025\/11\/Cricketfilter-top-with-crickets-on-show_cd3b-700x1024.jpg 700w, https:\/\/www.amafiltration.com\/wp-content\/uploads\/2025\/11\/Cricketfilter-top-with-crickets-on-show_cd3b-205x300.jpg 205w, https:\/\/www.amafiltration.com\/wp-content\/uploads\/2025\/11\/Cricketfilter-top-with-crickets-on-show_cd3b-768x1123.jpg 768w, https:\/\/www.amafiltration.com\/wp-content\/uploads\/2025\/11\/Cricketfilter-top-with-crickets-on-show_cd3b-1050x1536.jpg 1050w, https:\/\/www.amafiltration.com\/wp-content\/uploads\/2025\/11\/Cricketfilter-top-with-crickets-on-show_cd3b-1400x2048.jpg 1400w, https:\/\/www.amafiltration.com\/wp-content\/uploads\/2025\/11\/Cricketfilter-top-with-crickets-on-show_cd3b-scaled.jpg 1750w\" sizes=\"auto, (max-width: 700px) 100vw, 700px\" \/><\/figure><div class=\"wp-block-media-text__content\">\n<p class=\"has-blue-color has-text-color has-link-color wp-elements-38e5d5ed6c31e6b4a6c41ab9319cd1ce\" style=\"font-size:28px\"><strong>Ventajas Cricketfilter\u00ae<\/strong><\/p>\n\n\n\n<p class=\"has-dark-gray-color has-text-color has-link-color wp-elements-c427f2d92ad5a7192d9caf4c011ab468\" style=\"font-size:17px\"><strong>Hasta un 40\u202f% m\u00e1s de \u00e1rea de filtraci\u00f3n<\/strong><\/p>\n\n\n\n<p class=\"has-dark-gray-color has-text-color has-link-color wp-elements-2355d8b06807ee09581798a738a32557\" style=\"font-size:17px\"><strong>40\u202f% mayor capacidad de torta<\/strong> en comparaci\u00f3n con los elementos redondos tradicionales.<\/p>\n\n\n\n<p class=\"has-dark-gray-color has-text-color has-link-color wp-elements-38ae9a9856ee9b00403f0a2644ea826f\" style=\"font-size:17px\"><strong>30\u202f% m\u00e1s r\u00e1pido<\/strong> en los tiempos de ciclo por lote frente a los filtros prensa convencionales.<\/p>\n\n\n\n<p class=\"has-dark-gray-color has-text-color has-link-color wp-elements-11ca61e0c6e5e020018c636c17e20b5c\" style=\"font-size:17px\"><strong>M\u00e1s del 90\u202f% menos intervenciones de mantenimiento<\/strong>, normalmente solo una vez al a\u00f1o.<\/p>\n\n\n\n<p><strong>Operaci\u00f3n cerrada y automatizada<\/strong> para procesos m\u00e1s seguros, limpios y sostenibles.<\/p>\n\n\n\n<p class=\"has-dark-gray-color has-text-color has-link-color wp-elements-0ac9d8d29dcb1d52e17e20cdc94d6f38\" style=\"font-size:17px\"><strong>Eliminaci\u00f3n superior de part\u00edculas<\/strong>, ofreciendo claridad de producto premium y mayores rendimientos.<\/p>\n\n\n\n<p class=\"has-dark-gray-color has-text-color has-link-color wp-elements-b2315ee59104f5384018d00a7557c1f2\" style=\"font-size:17px\"><strong>Perspectivas del Cliente<\/strong><\/p>\n\n\n\n<p class=\"has-dark-gray-color has-text-color has-link-color wp-elements-2ad41396e1b1cdf7bc75eec7617aa2cc\" style=\"font-size:17px\">Reduce la mano de obra. Mejora la seguridad. Maximiza la disponibilidad.<\/p>\n\n\n\n<div class=\"wp-block-media-text is-stacked-on-mobile\"><figure class=\"wp-block-media-text__media\"><a href=\"https:\/\/www.amafiltration.com\/wp-content\/uploads\/2025\/11\/Oleochemicals-brochure.pdf\"><img loading=\"lazy\" decoding=\"async\" width=\"453\" height=\"644\" src=\"https:\/\/www.amafiltration.com\/wp-content\/uploads\/2025\/11\/Screenshot-2025-11-13-112244.png\" alt=\"\" class=\"wp-image-4112 size-full\" srcset=\"https:\/\/www.amafiltration.com\/wp-content\/uploads\/2025\/11\/Screenshot-2025-11-13-112244.png 453w, https:\/\/www.amafiltration.com\/wp-content\/uploads\/2025\/11\/Screenshot-2025-11-13-112244-211x300.png 211w\" sizes=\"auto, (max-width: 453px) 100vw, 453px\" \/><\/a><\/figure><div class=\"wp-block-media-text__content\">\n<p><a href=\"https:\/\/www.amafiltration.com\/wp-content\/uploads\/2025\/11\/Leading-Global-Oleochemicals-Producer-Cricketfilter.pdf\" target=\"_blank\" rel=\"noreferrer noopener\">Descargar<\/a><br>[En ingl\u00e9s]<\/p>\n<\/div><\/div>\n<\/div><\/div>\n\n\n\n<div style=\"height:50px\" aria-hidden=\"true\" class=\"wp-block-spacer\"><\/div>\n\n\n\n<div class=\"wp-block-columns alignwide grayblock is-layout-flex wp-container-core-columns-is-layout-9d6595d7 wp-block-columns-is-layout-flex\">\n<div class=\"wp-block-column is-layout-flow wp-block-column-is-layout-flow\">\n<h3 class=\"wp-block-heading\" id=\"h-servicios\">Servicios<\/h3>\n\n\n\n<p>Nos tomamos muy en serio nuestra responsabilidad como socios de nuestros clientes y ofrecemos una gama de servicios dise\u00f1ados para brindarles un soporte eficaz y ayudarles a resolver sus desaf\u00edos de filtraci\u00f3n.<\/p>\n\n\n\n<div class=\"wp-block-buttons is-layout-flex wp-block-buttons-is-layout-flex\">\n<div class=\"wp-block-button\"><a class=\"wp-block-button__link has-green-background-color has-background wp-element-button\" href=\"https:\/\/www.amafiltration.com\/es\/servicios\/\"><strong>Servicios<\/strong><\/a><\/div>\n<\/div>\n<\/div>\n\n\n\n<div class=\"wp-block-column is-layout-flow wp-block-column-is-layout-flow\">\n<h3 class=\"wp-block-heading\" id=\"h-contacto\">Contacto<\/h3>\n\n\n\n<p>Descubre c\u00f3mo amafilter\u00ae, parte de Filtration Group, puede ayudarte a resolver tus desaf\u00edos de filtraci\u00f3n s\u00f3lido-l\u00edquido y a optimizar tus procesos.<\/p>\n\n\n\n<div class=\"wp-block-buttons is-layout-flex wp-block-buttons-is-layout-flex\">\n<div class=\"wp-block-button\"><a class=\"wp-block-button__link has-green-background-color has-background wp-element-button\" href=\"https:\/\/www.amafiltration.com\/es\/contacto\/\"><strong>Contacto<\/strong><\/a><\/div>\n<\/div>\n<\/div>\n<\/div>\n","protected":false},"excerpt":{"rendered":"<p>Servicios Nos tomamos muy en serio nuestra responsabilidad como socios de nuestros clientes y ofrecemos una gama de servicios dise\u00f1ados para brindarles un soporte eficaz y ayudarles a resolver sus desaf\u00edos de filtraci\u00f3n. Contacto Descubre c\u00f3mo amafilter\u00ae, parte de Filtration Group, puede ayudarte a resolver tus desaf\u00edos de filtraci\u00f3n s\u00f3lido-l\u00edquido y a optimizar tus procesos.<\/p>\n","protected":false},"author":13,"featured_media":0,"parent":0,"menu_order":0,"comment_status":"closed","ping_status":"closed","template":"","meta":{"_acf_changed":false,"footnotes":""},"class_list":["post-4649","page","type-page","status-publish","hentry"],"acf":[],"yoast_head":"<!-- This site is optimized with the Yoast SEO Premium plugin v27.3 (Yoast SEO v27.3) - https:\/\/yoast.com\/product\/yoast-seo-premium-wordpress\/ -->\n<title>Oleoqu\u00edmicos - Amafilter\u00ae<\/title>\n<meta name=\"description\" content=\"Los procesos oleoqu\u00edmicos requieren sistemas de filtraci\u00f3n robustos para eliminar part\u00edculas s\u00f3lidas. El Cricketfilter\u00ae y los filtros de hojas a presi\u00f3n verticales.\" \/>\n<meta name=\"robots\" content=\"index, follow, max-snippet:-1, max-image-preview:large, max-video-preview:-1\" \/>\n<link rel=\"canonical\" href=\"https:\/\/www.amafiltration.com\/es\/quimica-aplicacines-soluciones-oleoquimica\/\" \/>\n<meta property=\"og:locale\" content=\"es_ES\" \/>\n<meta property=\"og:type\" content=\"article\" \/>\n<meta property=\"og:title\" content=\"Oleoqu\u00edmicos\" \/>\n<meta property=\"og:description\" content=\"Industria Oleoqu\u00edmica Ofreciendo productos m\u00e1s limpios, operaciones m\u00e1s seguras y menores costes En Amafilter\u00ae y PCI Membranes\u00ae ayudamos a los productores\" \/>\n<meta property=\"og:url\" content=\"https:\/\/www.amafiltration.com\/es\/quimica-aplicacines-soluciones-oleoquimica\/\" \/>\n<meta property=\"og:site_name\" content=\"Amafilter\u00ae\" \/>\n<meta property=\"article:modified_time\" content=\"2026-02-26T11:55:42+00:00\" \/>\n<meta property=\"og:image\" content=\"https:\/\/www.amafiltration.com\/wp-content\/uploads\/2025\/11\/iStock-1415214075.jpg\" \/>\n\t<meta property=\"og:image:width\" content=\"2307\" \/>\n\t<meta property=\"og:image:height\" content=\"1300\" \/>\n\t<meta property=\"og:image:type\" content=\"image\/jpeg\" \/>\n<meta name=\"twitter:card\" content=\"summary_large_image\" \/>\n<meta name=\"twitter:label1\" content=\"Est. reading time\" \/>\n\t<meta name=\"twitter:data1\" content=\"3 minutos\" \/>\n<script type=\"application\/ld+json\" class=\"yoast-schema-graph\">{\"@context\":\"https:\\\/\\\/schema.org\",\"@graph\":[{\"@type\":\"WebPage\",\"@id\":\"https:\\\/\\\/www.amafiltration.com\\\/es\\\/quimica-aplicacines-soluciones-oleoquimica\\\/\",\"url\":\"https:\\\/\\\/www.amafiltration.com\\\/es\\\/quimica-aplicacines-soluciones-oleoquimica\\\/\",\"name\":\"Oleoqu\u00edmicos - Amafilter\u00ae\",\"isPartOf\":{\"@id\":\"https:\\\/\\\/www.amafiltration.com\\\/es\\\/#website\"},\"primaryImageOfPage\":{\"@id\":\"https:\\\/\\\/www.amafiltration.com\\\/es\\\/quimica-aplicacines-soluciones-oleoquimica\\\/#primaryimage\"},\"image\":{\"@id\":\"https:\\\/\\\/www.amafiltration.com\\\/es\\\/quimica-aplicacines-soluciones-oleoquimica\\\/#primaryimage\"},\"thumbnailUrl\":\"https:\\\/\\\/www.amafiltration.com\\\/wp-content\\\/uploads\\\/2025\\\/11\\\/iStock-1415214075-1024x577.jpg\",\"datePublished\":\"2025-11-11T12:02:52+00:00\",\"dateModified\":\"2026-02-26T11:55:42+00:00\",\"description\":\"Los procesos oleoqu\u00edmicos requieren sistemas de filtraci\u00f3n robustos para eliminar part\u00edculas s\u00f3lidas. El Cricketfilter\u00ae y los filtros de hojas a presi\u00f3n verticales.\",\"breadcrumb\":{\"@id\":\"https:\\\/\\\/www.amafiltration.com\\\/es\\\/quimica-aplicacines-soluciones-oleoquimica\\\/#breadcrumb\"},\"inLanguage\":\"es\",\"potentialAction\":[{\"@type\":\"ReadAction\",\"target\":[\"https:\\\/\\\/www.amafiltration.com\\\/es\\\/quimica-aplicacines-soluciones-oleoquimica\\\/\"]}]},{\"@type\":\"ImageObject\",\"inLanguage\":\"es\",\"@id\":\"https:\\\/\\\/www.amafiltration.com\\\/es\\\/quimica-aplicacines-soluciones-oleoquimica\\\/#primaryimage\",\"url\":\"https:\\\/\\\/www.amafiltration.com\\\/wp-content\\\/uploads\\\/2025\\\/11\\\/iStock-1415214075-1024x577.jpg\",\"contentUrl\":\"https:\\\/\\\/www.amafiltration.com\\\/wp-content\\\/uploads\\\/2025\\\/11\\\/iStock-1415214075-1024x577.jpg\"},{\"@type\":\"BreadcrumbList\",\"@id\":\"https:\\\/\\\/www.amafiltration.com\\\/es\\\/quimica-aplicacines-soluciones-oleoquimica\\\/#breadcrumb\",\"itemListElement\":[{\"@type\":\"ListItem\",\"position\":1,\"name\":\"Home\",\"item\":\"https:\\\/\\\/www.amafiltration.com\\\/es\\\/\"},{\"@type\":\"ListItem\",\"position\":2,\"name\":\"Oleoqu\u00edmicos\"}]},{\"@type\":\"WebSite\",\"@id\":\"https:\\\/\\\/www.amafiltration.com\\\/es\\\/#website\",\"url\":\"https:\\\/\\\/www.amafiltration.com\\\/es\\\/\",\"name\":\"FGC\",\"description\":\"Making the World Safer, Healthier and More Productive\u00ae\",\"publisher\":{\"@id\":\"https:\\\/\\\/www.amafiltration.com\\\/es\\\/#organization\"},\"potentialAction\":[{\"@type\":\"SearchAction\",\"target\":{\"@type\":\"EntryPoint\",\"urlTemplate\":\"https:\\\/\\\/www.amafiltration.com\\\/es\\\/?s={search_term_string}\"},\"query-input\":{\"@type\":\"PropertyValueSpecification\",\"valueRequired\":true,\"valueName\":\"search_term_string\"}}],\"inLanguage\":\"es\"},{\"@type\":\"Organization\",\"@id\":\"https:\\\/\\\/www.amafiltration.com\\\/es\\\/#organization\",\"name\":\"Filtration Group\",\"url\":\"https:\\\/\\\/www.amafiltration.com\\\/es\\\/\",\"logo\":{\"@type\":\"ImageObject\",\"inLanguage\":\"es\",\"@id\":\"https:\\\/\\\/www.amafiltration.com\\\/es\\\/#\\\/schema\\\/logo\\\/image\\\/\",\"url\":\"https:\\\/\\\/www.amafiltration.com\\\/wp-content\\\/uploads\\\/2019\\\/06\\\/FGC-logo-1.png\",\"contentUrl\":\"https:\\\/\\\/www.amafiltration.com\\\/wp-content\\\/uploads\\\/2019\\\/06\\\/FGC-logo-1.png\",\"width\":1104,\"height\":224,\"caption\":\"Filtration Group\"},\"image\":{\"@id\":\"https:\\\/\\\/www.amafiltration.com\\\/es\\\/#\\\/schema\\\/logo\\\/image\\\/\"}}]}<\/script>\n<!-- \/ Yoast SEO Premium plugin. -->","yoast_head_json":{"title":"Oleoqu\u00edmicos - Amafilter\u00ae","description":"Los procesos oleoqu\u00edmicos requieren sistemas de filtraci\u00f3n robustos para eliminar part\u00edculas s\u00f3lidas. El Cricketfilter\u00ae y los filtros de hojas a presi\u00f3n verticales.","robots":{"index":"index","follow":"follow","max-snippet":"max-snippet:-1","max-image-preview":"max-image-preview:large","max-video-preview":"max-video-preview:-1"},"canonical":"https:\/\/www.amafiltration.com\/es\/quimica-aplicacines-soluciones-oleoquimica\/","og_locale":"es_ES","og_type":"article","og_title":"Oleoqu\u00edmicos","og_description":"Industria Oleoqu\u00edmica Ofreciendo productos m\u00e1s limpios, operaciones m\u00e1s seguras y menores costes En Amafilter\u00ae y PCI Membranes\u00ae ayudamos a los productores","og_url":"https:\/\/www.amafiltration.com\/es\/quimica-aplicacines-soluciones-oleoquimica\/","og_site_name":"Amafilter\u00ae","article_modified_time":"2026-02-26T11:55:42+00:00","og_image":[{"width":2307,"height":1300,"url":"https:\/\/www.amafiltration.com\/wp-content\/uploads\/2025\/11\/iStock-1415214075.jpg","type":"image\/jpeg"}],"twitter_card":"summary_large_image","twitter_misc":{"Est. reading time":"3 minutos"},"schema":{"@context":"https:\/\/schema.org","@graph":[{"@type":"WebPage","@id":"https:\/\/www.amafiltration.com\/es\/quimica-aplicacines-soluciones-oleoquimica\/","url":"https:\/\/www.amafiltration.com\/es\/quimica-aplicacines-soluciones-oleoquimica\/","name":"Oleoqu\u00edmicos - Amafilter\u00ae","isPartOf":{"@id":"https:\/\/www.amafiltration.com\/es\/#website"},"primaryImageOfPage":{"@id":"https:\/\/www.amafiltration.com\/es\/quimica-aplicacines-soluciones-oleoquimica\/#primaryimage"},"image":{"@id":"https:\/\/www.amafiltration.com\/es\/quimica-aplicacines-soluciones-oleoquimica\/#primaryimage"},"thumbnailUrl":"https:\/\/www.amafiltration.com\/wp-content\/uploads\/2025\/11\/iStock-1415214075-1024x577.jpg","datePublished":"2025-11-11T12:02:52+00:00","dateModified":"2026-02-26T11:55:42+00:00","description":"Los procesos oleoqu\u00edmicos requieren sistemas de filtraci\u00f3n robustos para eliminar part\u00edculas s\u00f3lidas. El Cricketfilter\u00ae y los filtros de hojas a presi\u00f3n verticales.","breadcrumb":{"@id":"https:\/\/www.amafiltration.com\/es\/quimica-aplicacines-soluciones-oleoquimica\/#breadcrumb"},"inLanguage":"es","potentialAction":[{"@type":"ReadAction","target":["https:\/\/www.amafiltration.com\/es\/quimica-aplicacines-soluciones-oleoquimica\/"]}]},{"@type":"ImageObject","inLanguage":"es","@id":"https:\/\/www.amafiltration.com\/es\/quimica-aplicacines-soluciones-oleoquimica\/#primaryimage","url":"https:\/\/www.amafiltration.com\/wp-content\/uploads\/2025\/11\/iStock-1415214075-1024x577.jpg","contentUrl":"https:\/\/www.amafiltration.com\/wp-content\/uploads\/2025\/11\/iStock-1415214075-1024x577.jpg"},{"@type":"BreadcrumbList","@id":"https:\/\/www.amafiltration.com\/es\/quimica-aplicacines-soluciones-oleoquimica\/#breadcrumb","itemListElement":[{"@type":"ListItem","position":1,"name":"Home","item":"https:\/\/www.amafiltration.com\/es\/"},{"@type":"ListItem","position":2,"name":"Oleoqu\u00edmicos"}]},{"@type":"WebSite","@id":"https:\/\/www.amafiltration.com\/es\/#website","url":"https:\/\/www.amafiltration.com\/es\/","name":"FGC","description":"Making the World Safer, Healthier and More Productive\u00ae","publisher":{"@id":"https:\/\/www.amafiltration.com\/es\/#organization"},"potentialAction":[{"@type":"SearchAction","target":{"@type":"EntryPoint","urlTemplate":"https:\/\/www.amafiltration.com\/es\/?s={search_term_string}"},"query-input":{"@type":"PropertyValueSpecification","valueRequired":true,"valueName":"search_term_string"}}],"inLanguage":"es"},{"@type":"Organization","@id":"https:\/\/www.amafiltration.com\/es\/#organization","name":"Filtration Group","url":"https:\/\/www.amafiltration.com\/es\/","logo":{"@type":"ImageObject","inLanguage":"es","@id":"https:\/\/www.amafiltration.com\/es\/#\/schema\/logo\/image\/","url":"https:\/\/www.amafiltration.com\/wp-content\/uploads\/2019\/06\/FGC-logo-1.png","contentUrl":"https:\/\/www.amafiltration.com\/wp-content\/uploads\/2019\/06\/FGC-logo-1.png","width":1104,"height":224,"caption":"Filtration Group"},"image":{"@id":"https:\/\/www.amafiltration.com\/es\/#\/schema\/logo\/image\/"}}]}},"_links":{"self":[{"href":"https:\/\/www.amafiltration.com\/es\/wp-json\/wp\/v2\/pages\/4649","targetHints":{"allow":["GET"]}}],"collection":[{"href":"https:\/\/www.amafiltration.com\/es\/wp-json\/wp\/v2\/pages"}],"about":[{"href":"https:\/\/www.amafiltration.com\/es\/wp-json\/wp\/v2\/types\/page"}],"author":[{"embeddable":true,"href":"https:\/\/www.amafiltration.com\/es\/wp-json\/wp\/v2\/users\/13"}],"replies":[{"embeddable":true,"href":"https:\/\/www.amafiltration.com\/es\/wp-json\/wp\/v2\/comments?post=4649"}],"version-history":[{"count":0,"href":"https:\/\/www.amafiltration.com\/es\/wp-json\/wp\/v2\/pages\/4649\/revisions"}],"wp:attachment":[{"href":"https:\/\/www.amafiltration.com\/es\/wp-json\/wp\/v2\/media?parent=4649"}],"curies":[{"name":"wp","href":"https:\/\/api.w.org\/{rel}","templated":true}]}}