{"id":4667,"date":"2026-02-03T17:28:32","date_gmt":"2026-02-03T17:28:32","guid":{"rendered":"https:\/\/www.amafiltration.com\/?page_id=4667"},"modified":"2026-02-04T10:15:13","modified_gmt":"2026-02-04T10:15:13","slug":"hojas-de-datos-aplicacion","status":"publish","type":"page","link":"https:\/\/www.amafiltration.com\/es\/recursos\/hojas-de-datos-aplicacion\/","title":{"rendered":"Hojas de datos aplicaci\u00f3n"},"content":{"rendered":"\n<p><strong>Hojas de datos de aplicaci\u00f3n<\/strong><\/p>\n\n\n\n<p>Estas hojas de datos de aplicaci\u00f3n ofrecen una breve visi\u00f3n general de la aplicaci\u00f3n, explican los beneficios de una soluci\u00f3n de filtraci\u00f3n optimizada y describen la tecnolog\u00eda de filtraci\u00f3n necesaria para cada aplicaci\u00f3n.<\/p>\n\n\n\n<p><strong>Case studies disponible en ingl\u00e9s<\/strong><\/p>\n\n\n\n<div class=\"wp-block-columns is-layout-flex wp-container-core-columns-is-layout-9d6595d7 wp-block-columns-is-layout-flex\">\n<div class=\"wp-block-column is-layout-flow wp-block-column-is-layout-flow\">\n<div class=\"wp-block-media-text is-stacked-on-mobile\"><figure class=\"wp-block-media-text__media\"><a href=\"https:\/\/www.amafiltration.com\/wp-content\/uploads\/2025\/05\/HVO-Application-Datasheet.pdf\" target=\"_blank\" rel=\"noopener noreferrer\"><img loading=\"lazy\" decoding=\"async\" width=\"729\" height=\"1024\" src=\"https:\/\/www.amafiltration.com\/wp-content\/uploads\/2025\/05\/Capture-1-729x1024.jpg\" alt=\"\" class=\"wp-image-3866 size-full\" srcset=\"https:\/\/www.amafiltration.com\/wp-content\/uploads\/2025\/05\/Capture-1-729x1024.jpg 729w, https:\/\/www.amafiltration.com\/wp-content\/uploads\/2025\/05\/Capture-1-213x300.jpg 213w, https:\/\/www.amafiltration.com\/wp-content\/uploads\/2025\/05\/Capture-1.jpg 762w\" sizes=\"auto, (max-width: 729px) 100vw, 729px\" \/><\/a><\/figure><div class=\"wp-block-media-text__content\">\n<h4 class=\"wp-block-heading\" id=\"h-filtration-for-hydrotreated-vegetable-oil-hvo-applications\" style=\"font-size:16px\">Filtration for Hydrotreated Vegetable Oil (HVO) applications<\/h4>\n\n\n\n<div class=\"wp-block-buttons is-layout-flex wp-block-buttons-is-layout-flex\">\n<div class=\"wp-block-button\"><a class=\"wp-block-button__link has-green-background-color has-background wp-element-button\" href=\"https:\/\/www.amafiltration.com\/wp-content\/uploads\/2025\/05\/HVO-Application-Datasheet.pdf\" target=\"_blank\" rel=\"noreferrer noopener\">download<\/a><\/div>\n<\/div>\n<\/div><\/div>\n<\/div>\n\n\n\n<div class=\"wp-block-column is-layout-flow wp-block-column-is-layout-flow\">\n<div class=\"wp-block-media-text is-stacked-on-mobile\"><figure class=\"wp-block-media-text__media\"><a href=\"https:\/\/www.amafiltration.com\/wp-content\/uploads\/2024\/09\/Sugar-and-Sweeteners-Application-Datasheet.pdf\" target=\"_blank\" rel=\"noopener noreferrer\"><img loading=\"lazy\" decoding=\"async\" width=\"677\" height=\"954\" src=\"https:\/\/www.amafiltration.com\/wp-content\/uploads\/2024\/09\/Sugar.jpg\" alt=\"\" class=\"wp-image-3279 size-full\" srcset=\"https:\/\/www.amafiltration.com\/wp-content\/uploads\/2024\/09\/Sugar.jpg 677w, https:\/\/www.amafiltration.com\/wp-content\/uploads\/2024\/09\/Sugar-213x300.jpg 213w\" sizes=\"auto, (max-width: 677px) 100vw, 677px\" \/><\/a><\/figure><div class=\"wp-block-media-text__content\">\n<h4 class=\"wp-block-heading\" id=\"h-filtration-for-sugar-amp-sweeteners-applications\" style=\"font-size:16px\">Filtration for Sugar &amp; Sweeteners Applications<\/h4>\n\n\n\n<div class=\"wp-block-buttons is-layout-flex wp-block-buttons-is-layout-flex\">\n<div class=\"wp-block-button\"><a class=\"wp-block-button__link has-green-background-color has-background wp-element-button\" href=\"https:\/\/www.amafiltration.com\/wp-content\/uploads\/2024\/09\/Sugar-and-Sweeteners-Application-Datasheet.pdf\" target=\"_blank\" rel=\"noreferrer noopener\">download<\/a><\/div>\n<\/div>\n<\/div><\/div>\n<\/div>\n\n\n\n<div class=\"wp-block-column is-layout-flow wp-block-column-is-layout-flow\">\n<div class=\"wp-block-media-text is-stacked-on-mobile\"><figure class=\"wp-block-media-text__media\"><a href=\"https:\/\/www.amafiltration.com\/wp-content\/uploads\/2023\/03\/HPLF-systems-for-liquid-sulphur-applications.pdf\" target=\"_blank\" rel=\"noopener noreferrer\"><img loading=\"lazy\" decoding=\"async\" width=\"564\" height=\"798\" src=\"https:\/\/www.amafiltration.com\/wp-content\/uploads\/2023\/03\/amafilter-liquid-sulphur-HPLF.png\" alt=\"\" class=\"wp-image-2148 size-full\" srcset=\"https:\/\/www.amafiltration.com\/wp-content\/uploads\/2023\/03\/amafilter-liquid-sulphur-HPLF.png 564w, https:\/\/www.amafiltration.com\/wp-content\/uploads\/2023\/03\/amafilter-liquid-sulphur-HPLF-212x300.png 212w\" sizes=\"auto, (max-width: 564px) 100vw, 564px\" \/><\/a><\/figure><div class=\"wp-block-media-text__content\">\n<h4 class=\"wp-block-heading\" id=\"h-filtration-for-liquid-sulphur-applications\" style=\"font-size:16px\">Filtration for liquid sulphur applications<\/h4>\n\n\n\n<div class=\"wp-block-buttons is-layout-flex wp-block-buttons-is-layout-flex\">\n<div class=\"wp-block-button\"><a class=\"wp-block-button__link has-green-background-color has-background wp-element-button\" href=\"https:\/\/www.amafiltration.com\/wp-content\/uploads\/2023\/12\/HPLF-systems-for-liquid-sulphur-applications.pdf\" target=\"_blank\" rel=\"noreferrer noopener\">download<\/a><\/div>\n<\/div>\n<\/div><\/div>\n<\/div>\n<\/div>\n\n\n\n<div class=\"wp-block-columns is-layout-flex wp-container-core-columns-is-layout-9d6595d7 wp-block-columns-is-layout-flex\">\n<div class=\"wp-block-column is-layout-flow wp-block-column-is-layout-flow\">\n<div class=\"wp-block-media-text is-stacked-on-mobile\"><figure class=\"wp-block-media-text__media\"><a href=\"https:\/\/www.amafiltration.com\/wp-content\/uploads\/2023\/12\/amafilter-Cocoa-butter-application-datasheet.pdf\" target=\"_blank\" rel=\"noopener\"><img loading=\"lazy\" decoding=\"async\" width=\"530\" height=\"750\" src=\"https:\/\/www.amafiltration.com\/wp-content\/uploads\/2022\/10\/ama-cocoa-app-datasheet.png\" alt=\"\" class=\"wp-image-2012 size-full\" srcset=\"https:\/\/www.amafiltration.com\/wp-content\/uploads\/2022\/10\/ama-cocoa-app-datasheet.png 530w, https:\/\/www.amafiltration.com\/wp-content\/uploads\/2022\/10\/ama-cocoa-app-datasheet-212x300.png 212w\" sizes=\"auto, (max-width: 530px) 100vw, 530px\" \/><\/a><\/figure><div class=\"wp-block-media-text__content\">\n<h4 class=\"wp-block-heading\" id=\"h-filtration-for-cocoa-butter-production\" style=\"font-size:16px\"><br>Filtration for Cocoa Butter Production<\/h4>\n\n\n\n<div class=\"wp-block-buttons is-layout-flex wp-block-buttons-is-layout-flex\">\n<div class=\"wp-block-button\"><a class=\"wp-block-button__link has-green-background-color has-background wp-element-button\" href=\"https:\/\/www.amafiltration.com\/wp-content\/uploads\/2023\/12\/amafilter-Cocoa-butter-application-datasheet.pdf\" target=\"_blank\" rel=\"noreferrer noopener\">download<\/a><\/div>\n<\/div>\n<\/div><\/div>\n<\/div>\n\n\n\n<div class=\"wp-block-column is-layout-flow wp-block-column-is-layout-flow\">\n<div class=\"wp-block-media-text is-stacked-on-mobile\"><figure class=\"wp-block-media-text__media\"><a href=\"https:\/\/www.amafiltration.com\/wp-content\/uploads\/2024\/11\/amafilter-Gelatine-Application-datasheet.pdf\" target=\"_blank\" rel=\"noopener\"><img loading=\"lazy\" decoding=\"async\" width=\"531\" height=\"750\" src=\"https:\/\/www.amafiltration.com\/wp-content\/uploads\/2021\/09\/Amafilter-gelatine.png\" alt=\"\" class=\"wp-image-1688 size-full\" srcset=\"https:\/\/www.amafiltration.com\/wp-content\/uploads\/2021\/09\/Amafilter-gelatine.png 531w, https:\/\/www.amafiltration.com\/wp-content\/uploads\/2021\/09\/Amafilter-gelatine-212x300.png 212w\" sizes=\"auto, (max-width: 531px) 100vw, 531px\" \/><\/a><\/figure><div class=\"wp-block-media-text__content\">\n<p class=\"has-normal-font-size\"><br><strong>Filtration for Gelatine Production<\/strong><\/p>\n\n\n\n<div class=\"wp-block-buttons is-layout-flex wp-block-buttons-is-layout-flex\">\n<div class=\"wp-block-button\"><a class=\"wp-block-button__link has-green-background-color has-background wp-element-button\" href=\"https:\/\/www.amafiltration.com\/wp-content\/uploads\/2024\/11\/amafilter-Gelatine-Application-datasheet.pdf\" target=\"_blank\" rel=\"noreferrer noopener\">download<\/a><\/div>\n<\/div>\n<\/div><\/div>\n<\/div>\n\n\n\n<div class=\"wp-block-column is-layout-flow wp-block-column-is-layout-flow\">\n<div class=\"wp-block-media-text is-stacked-on-mobile\"><figure class=\"wp-block-media-text__media\"><a href=\"https:\/\/www.amafiltration.com\/wp-content\/uploads\/2024\/12\/amafilter-Filtration-of-Cheese-Brine-in-Salt-Applications.pdf\" target=\"_blank\" rel=\"noopener\"><img loading=\"lazy\" decoding=\"async\" width=\"531\" height=\"750\" src=\"https:\/\/www.amafiltration.com\/wp-content\/uploads\/2021\/08\/Amafilter-cheese-brine.png\" alt=\"\" class=\"wp-image-1679 size-full\" srcset=\"https:\/\/www.amafiltration.com\/wp-content\/uploads\/2021\/08\/Amafilter-cheese-brine.png 531w, https:\/\/www.amafiltration.com\/wp-content\/uploads\/2021\/08\/Amafilter-cheese-brine-212x300.png 212w\" sizes=\"auto, (max-width: 531px) 100vw, 531px\" \/><\/a><\/figure><div class=\"wp-block-media-text__content\">\n<p class=\"has-normal-font-size\"><br><strong>Filtration of Cheese Brine in Salt Applications<\/strong><\/p>\n\n\n\n<div class=\"wp-block-buttons is-layout-flex wp-block-buttons-is-layout-flex\">\n<div class=\"wp-block-button\"><a class=\"wp-block-button__link has-green-background-color has-background wp-element-button\" href=\"https:\/\/www.amafiltration.com\/wp-content\/uploads\/2024\/12\/amafilter-Filtration-of-Cheese-Brine-in-Salt-Applications.pdf\">download<\/a><\/div>\n<\/div>\n<\/div><\/div>\n<\/div>\n<\/div>\n\n\n\n<div class=\"wp-block-columns is-layout-flex wp-container-core-columns-is-layout-9d6595d7 wp-block-columns-is-layout-flex\">\n<div class=\"wp-block-column is-layout-flow wp-block-column-is-layout-flow\">\n<div class=\"wp-block-media-text is-stacked-on-mobile\"><figure class=\"wp-block-media-text__media\"><a href=\"https:\/\/www.amafiltration.com\/wp-content\/uploads\/2025\/11\/Edible-Oil-Application-datasheet.pdf\" target=\"_blank\" rel=\"noopener\"><img loading=\"lazy\" decoding=\"async\" width=\"721\" height=\"1024\" src=\"https:\/\/www.amafiltration.com\/wp-content\/uploads\/2025\/11\/Screenshot-2025-11-06-114553-721x1024.png\" alt=\"\" class=\"wp-image-4058 size-full\" srcset=\"https:\/\/www.amafiltration.com\/wp-content\/uploads\/2025\/11\/Screenshot-2025-11-06-114553-721x1024.png 721w, https:\/\/www.amafiltration.com\/wp-content\/uploads\/2025\/11\/Screenshot-2025-11-06-114553-211x300.png 211w, https:\/\/www.amafiltration.com\/wp-content\/uploads\/2025\/11\/Screenshot-2025-11-06-114553.png 736w\" sizes=\"auto, (max-width: 721px) 100vw, 721px\" \/><\/a><\/figure><div class=\"wp-block-media-text__content\">\n<p class=\"has-normal-font-size\" id=\"edible-oil\">Edible Oil<\/p>\n\n\n\n<div class=\"wp-block-buttons is-layout-flex wp-block-buttons-is-layout-flex\">\n<div class=\"wp-block-button\"><a class=\"wp-block-button__link has-green-background-color has-background wp-element-button\" href=\"https:\/\/www.amafiltration.com\/wp-content\/uploads\/2025\/11\/Edible-Oil-Application-datasheet.pdf\" target=\"_blank\" rel=\"noreferrer noopener\">download<\/a><\/div>\n<\/div>\n<\/div><\/div>\n<\/div>\n\n\n\n<div class=\"wp-block-column is-layout-flow wp-block-column-is-layout-flow\">\n<div class=\"wp-block-media-text is-stacked-on-mobile\"><figure class=\"wp-block-media-text__media\"><a href=\"https:\/\/www.amafiltration.com\/wp-content\/uploads\/2021\/05\/Edible-Oil-Application-datasheet.pdf\" target=\"_blank\" rel=\"noopener\"><img loading=\"lazy\" decoding=\"async\" width=\"456\" height=\"647\" src=\"https:\/\/www.amafiltration.com\/wp-content\/uploads\/2024\/06\/Capture.gif\" alt=\"\" class=\"wp-image-3019 size-full\" \/><\/a><\/figure><div class=\"wp-block-media-text__content\">\n<p class=\"has-normal-font-size\"><br>Cocoa Butter &#8211; French Version<\/p>\n\n\n\n<div class=\"wp-block-buttons is-layout-flex wp-block-buttons-is-layout-flex\">\n<div class=\"wp-block-button\"><a class=\"wp-block-button__link has-green-background-color has-background wp-element-button\" href=\"https:\/\/www.amafiltration.com\/wp-content\/uploads\/2024\/06\/amafilter-Cocoa-butter-application-datasheet-fr-1.pdf\" target=\"_blank\" rel=\"noreferrer noopener\">download<\/a><\/div>\n<\/div>\n<\/div><\/div>\n<\/div>\n\n\n\n<div class=\"wp-block-column is-layout-flow wp-block-column-is-layout-flow\">\n<div class=\"wp-block-media-text is-stacked-on-mobile\"><figure class=\"wp-block-media-text__media\"><a href=\"https:\/\/www.amafiltration.com\/wp-content\/uploads\/2021\/10\/Amafilter-Chemical-App-datasheet.pdf\" target=\"_blank\" rel=\"noopener\"><img loading=\"lazy\" decoding=\"async\" width=\"565\" height=\"798\" src=\"https:\/\/www.amafiltration.com\/wp-content\/uploads\/2021\/10\/Chemical-Application-datasheet.png\" alt=\"\" class=\"wp-image-1727 size-full\" srcset=\"https:\/\/www.amafiltration.com\/wp-content\/uploads\/2021\/10\/Chemical-Application-datasheet.png 565w, https:\/\/www.amafiltration.com\/wp-content\/uploads\/2021\/10\/Chemical-Application-datasheet-212x300.png 212w\" sizes=\"auto, (max-width: 565px) 100vw, 565px\" \/><\/a><\/figure><div class=\"wp-block-media-text__content\">\n<p class=\"has-normal-font-size\"><br><strong>Filtration Applications in Chemical Processing<\/strong><\/p>\n\n\n\n<div class=\"wp-block-buttons is-layout-flex wp-block-buttons-is-layout-flex\">\n<div class=\"wp-block-button\"><a class=\"wp-block-button__link has-green-background-color has-background wp-element-button\" href=\"https:\/\/www.amafiltration.com\/wp-content\/uploads\/2023\/12\/Amafilter-Chemical-App-datasheet.pdf\" target=\"_blank\" rel=\"noreferrer noopener\">download<\/a><\/div>\n<\/div>\n<\/div><\/div>\n<\/div>\n<\/div>\n","protected":false},"excerpt":{"rendered":"<p>Hojas de datos de aplicaci\u00f3n Estas hojas de datos de aplicaci\u00f3n ofrecen una breve visi\u00f3n general de la aplicaci\u00f3n, explican los beneficios de una soluci\u00f3n de filtraci\u00f3n optimizada y describen la tecnolog\u00eda de filtraci\u00f3n necesaria para cada aplicaci\u00f3n. Case studies disponible en ingl\u00e9s Filtration for Hydrotreated Vegetable Oil (HVO) applications Filtration for Sugar &amp; Sweeteners [&hellip;]<\/p>\n","protected":false},"author":8,"featured_media":0,"parent":4285,"menu_order":0,"comment_status":"closed","ping_status":"closed","template":"","meta":{"_acf_changed":false,"footnotes":""},"class_list":["post-4667","page","type-page","status-publish","hentry"],"acf":[],"yoast_head":"<!-- This site is optimized with the Yoast SEO Premium plugin v27.3 (Yoast SEO v27.3) - https:\/\/yoast.com\/product\/yoast-seo-premium-wordpress\/ -->\n<title>Hojas de datos aplicaci\u00f3n - Amafilter\u00ae<\/title>\n<meta name=\"robots\" content=\"index, follow, max-snippet:-1, max-image-preview:large, max-video-preview:-1\" \/>\n<link rel=\"canonical\" href=\"https:\/\/www.amafiltration.com\/es\/recursos\/hojas-de-datos-aplicacion\/\" \/>\n<meta property=\"og:locale\" content=\"es_ES\" \/>\n<meta property=\"og:type\" content=\"article\" \/>\n<meta property=\"og:title\" content=\"Hojas de datos aplicaci\u00f3n\" \/>\n<meta property=\"og:description\" content=\"Hojas de datos de aplicaci\u00f3n Estas hojas de datos de aplicaci\u00f3n ofrecen una breve visi\u00f3n general de la aplicaci\u00f3n, explican los beneficios de una soluci\u00f3n\" \/>\n<meta property=\"og:url\" content=\"https:\/\/www.amafiltration.com\/es\/recursos\/hojas-de-datos-aplicacion\/\" \/>\n<meta property=\"og:site_name\" content=\"Amafilter\u00ae\" \/>\n<meta property=\"article:modified_time\" content=\"2026-02-04T10:15:13+00:00\" \/>\n<meta property=\"og:image\" content=\"https:\/\/www.amafiltration.com\/wp-content\/uploads\/2025\/05\/Capture-1.jpg\" \/>\n\t<meta property=\"og:image:width\" content=\"762\" \/>\n\t<meta property=\"og:image:height\" content=\"1071\" \/>\n\t<meta property=\"og:image:type\" content=\"image\/jpeg\" \/>\n<meta name=\"twitter:card\" content=\"summary_large_image\" \/>\n<meta name=\"twitter:label1\" content=\"Est. reading time\" \/>\n\t<meta name=\"twitter:data1\" content=\"3 minutos\" \/>\n<script type=\"application\/ld+json\" class=\"yoast-schema-graph\">{\"@context\":\"https:\\\/\\\/schema.org\",\"@graph\":[{\"@type\":\"WebPage\",\"@id\":\"https:\\\/\\\/www.amafiltration.com\\\/es\\\/recursos\\\/hojas-de-datos-aplicacion\\\/\",\"url\":\"https:\\\/\\\/www.amafiltration.com\\\/es\\\/recursos\\\/hojas-de-datos-aplicacion\\\/\",\"name\":\"Hojas de datos aplicaci\u00f3n - Amafilter\u00ae\",\"isPartOf\":{\"@id\":\"https:\\\/\\\/www.amafiltration.com\\\/es\\\/#website\"},\"primaryImageOfPage\":{\"@id\":\"https:\\\/\\\/www.amafiltration.com\\\/es\\\/recursos\\\/hojas-de-datos-aplicacion\\\/#primaryimage\"},\"image\":{\"@id\":\"https:\\\/\\\/www.amafiltration.com\\\/es\\\/recursos\\\/hojas-de-datos-aplicacion\\\/#primaryimage\"},\"thumbnailUrl\":\"https:\\\/\\\/www.amafiltration.com\\\/wp-content\\\/uploads\\\/2025\\\/05\\\/Capture-1-729x1024.jpg\",\"datePublished\":\"2026-02-03T17:28:32+00:00\",\"dateModified\":\"2026-02-04T10:15:13+00:00\",\"breadcrumb\":{\"@id\":\"https:\\\/\\\/www.amafiltration.com\\\/es\\\/recursos\\\/hojas-de-datos-aplicacion\\\/#breadcrumb\"},\"inLanguage\":\"es\",\"potentialAction\":[{\"@type\":\"ReadAction\",\"target\":[\"https:\\\/\\\/www.amafiltration.com\\\/es\\\/recursos\\\/hojas-de-datos-aplicacion\\\/\"]}]},{\"@type\":\"ImageObject\",\"inLanguage\":\"es\",\"@id\":\"https:\\\/\\\/www.amafiltration.com\\\/es\\\/recursos\\\/hojas-de-datos-aplicacion\\\/#primaryimage\",\"url\":\"https:\\\/\\\/www.amafiltration.com\\\/wp-content\\\/uploads\\\/2025\\\/05\\\/Capture-1-729x1024.jpg\",\"contentUrl\":\"https:\\\/\\\/www.amafiltration.com\\\/wp-content\\\/uploads\\\/2025\\\/05\\\/Capture-1-729x1024.jpg\"},{\"@type\":\"BreadcrumbList\",\"@id\":\"https:\\\/\\\/www.amafiltration.com\\\/es\\\/recursos\\\/hojas-de-datos-aplicacion\\\/#breadcrumb\",\"itemListElement\":[{\"@type\":\"ListItem\",\"position\":1,\"name\":\"Home\",\"item\":\"https:\\\/\\\/www.amafiltration.com\\\/es\\\/\"},{\"@type\":\"ListItem\",\"position\":2,\"name\":\"Recursos\",\"item\":\"https:\\\/\\\/www.amafiltration.com\\\/es\\\/recursos\\\/\"},{\"@type\":\"ListItem\",\"position\":3,\"name\":\"Hojas de datos aplicaci\u00f3n\"}]},{\"@type\":\"WebSite\",\"@id\":\"https:\\\/\\\/www.amafiltration.com\\\/es\\\/#website\",\"url\":\"https:\\\/\\\/www.amafiltration.com\\\/es\\\/\",\"name\":\"FGC\",\"description\":\"Making the World Safer, Healthier and More Productive\u00ae\",\"publisher\":{\"@id\":\"https:\\\/\\\/www.amafiltration.com\\\/es\\\/#organization\"},\"potentialAction\":[{\"@type\":\"SearchAction\",\"target\":{\"@type\":\"EntryPoint\",\"urlTemplate\":\"https:\\\/\\\/www.amafiltration.com\\\/es\\\/?s={search_term_string}\"},\"query-input\":{\"@type\":\"PropertyValueSpecification\",\"valueRequired\":true,\"valueName\":\"search_term_string\"}}],\"inLanguage\":\"es\"},{\"@type\":\"Organization\",\"@id\":\"https:\\\/\\\/www.amafiltration.com\\\/es\\\/#organization\",\"name\":\"Filtration Group\",\"url\":\"https:\\\/\\\/www.amafiltration.com\\\/es\\\/\",\"logo\":{\"@type\":\"ImageObject\",\"inLanguage\":\"es\",\"@id\":\"https:\\\/\\\/www.amafiltration.com\\\/es\\\/#\\\/schema\\\/logo\\\/image\\\/\",\"url\":\"https:\\\/\\\/www.amafiltration.com\\\/wp-content\\\/uploads\\\/2019\\\/06\\\/FGC-logo-1.png\",\"contentUrl\":\"https:\\\/\\\/www.amafiltration.com\\\/wp-content\\\/uploads\\\/2019\\\/06\\\/FGC-logo-1.png\",\"width\":1104,\"height\":224,\"caption\":\"Filtration Group\"},\"image\":{\"@id\":\"https:\\\/\\\/www.amafiltration.com\\\/es\\\/#\\\/schema\\\/logo\\\/image\\\/\"}}]}<\/script>\n<!-- \/ Yoast SEO Premium plugin. -->","yoast_head_json":{"title":"Hojas de datos aplicaci\u00f3n - Amafilter\u00ae","robots":{"index":"index","follow":"follow","max-snippet":"max-snippet:-1","max-image-preview":"max-image-preview:large","max-video-preview":"max-video-preview:-1"},"canonical":"https:\/\/www.amafiltration.com\/es\/recursos\/hojas-de-datos-aplicacion\/","og_locale":"es_ES","og_type":"article","og_title":"Hojas de datos aplicaci\u00f3n","og_description":"Hojas de datos de aplicaci\u00f3n Estas hojas de datos de aplicaci\u00f3n ofrecen una breve visi\u00f3n general de la aplicaci\u00f3n, explican los beneficios de una soluci\u00f3n","og_url":"https:\/\/www.amafiltration.com\/es\/recursos\/hojas-de-datos-aplicacion\/","og_site_name":"Amafilter\u00ae","article_modified_time":"2026-02-04T10:15:13+00:00","og_image":[{"width":762,"height":1071,"url":"https:\/\/www.amafiltration.com\/wp-content\/uploads\/2025\/05\/Capture-1.jpg","type":"image\/jpeg"}],"twitter_card":"summary_large_image","twitter_misc":{"Est. reading time":"3 minutos"},"schema":{"@context":"https:\/\/schema.org","@graph":[{"@type":"WebPage","@id":"https:\/\/www.amafiltration.com\/es\/recursos\/hojas-de-datos-aplicacion\/","url":"https:\/\/www.amafiltration.com\/es\/recursos\/hojas-de-datos-aplicacion\/","name":"Hojas de datos aplicaci\u00f3n - Amafilter\u00ae","isPartOf":{"@id":"https:\/\/www.amafiltration.com\/es\/#website"},"primaryImageOfPage":{"@id":"https:\/\/www.amafiltration.com\/es\/recursos\/hojas-de-datos-aplicacion\/#primaryimage"},"image":{"@id":"https:\/\/www.amafiltration.com\/es\/recursos\/hojas-de-datos-aplicacion\/#primaryimage"},"thumbnailUrl":"https:\/\/www.amafiltration.com\/wp-content\/uploads\/2025\/05\/Capture-1-729x1024.jpg","datePublished":"2026-02-03T17:28:32+00:00","dateModified":"2026-02-04T10:15:13+00:00","breadcrumb":{"@id":"https:\/\/www.amafiltration.com\/es\/recursos\/hojas-de-datos-aplicacion\/#breadcrumb"},"inLanguage":"es","potentialAction":[{"@type":"ReadAction","target":["https:\/\/www.amafiltration.com\/es\/recursos\/hojas-de-datos-aplicacion\/"]}]},{"@type":"ImageObject","inLanguage":"es","@id":"https:\/\/www.amafiltration.com\/es\/recursos\/hojas-de-datos-aplicacion\/#primaryimage","url":"https:\/\/www.amafiltration.com\/wp-content\/uploads\/2025\/05\/Capture-1-729x1024.jpg","contentUrl":"https:\/\/www.amafiltration.com\/wp-content\/uploads\/2025\/05\/Capture-1-729x1024.jpg"},{"@type":"BreadcrumbList","@id":"https:\/\/www.amafiltration.com\/es\/recursos\/hojas-de-datos-aplicacion\/#breadcrumb","itemListElement":[{"@type":"ListItem","position":1,"name":"Home","item":"https:\/\/www.amafiltration.com\/es\/"},{"@type":"ListItem","position":2,"name":"Recursos","item":"https:\/\/www.amafiltration.com\/es\/recursos\/"},{"@type":"ListItem","position":3,"name":"Hojas de datos aplicaci\u00f3n"}]},{"@type":"WebSite","@id":"https:\/\/www.amafiltration.com\/es\/#website","url":"https:\/\/www.amafiltration.com\/es\/","name":"FGC","description":"Making the World Safer, Healthier and More Productive\u00ae","publisher":{"@id":"https:\/\/www.amafiltration.com\/es\/#organization"},"potentialAction":[{"@type":"SearchAction","target":{"@type":"EntryPoint","urlTemplate":"https:\/\/www.amafiltration.com\/es\/?s={search_term_string}"},"query-input":{"@type":"PropertyValueSpecification","valueRequired":true,"valueName":"search_term_string"}}],"inLanguage":"es"},{"@type":"Organization","@id":"https:\/\/www.amafiltration.com\/es\/#organization","name":"Filtration Group","url":"https:\/\/www.amafiltration.com\/es\/","logo":{"@type":"ImageObject","inLanguage":"es","@id":"https:\/\/www.amafiltration.com\/es\/#\/schema\/logo\/image\/","url":"https:\/\/www.amafiltration.com\/wp-content\/uploads\/2019\/06\/FGC-logo-1.png","contentUrl":"https:\/\/www.amafiltration.com\/wp-content\/uploads\/2019\/06\/FGC-logo-1.png","width":1104,"height":224,"caption":"Filtration Group"},"image":{"@id":"https:\/\/www.amafiltration.com\/es\/#\/schema\/logo\/image\/"}}]}},"_links":{"self":[{"href":"https:\/\/www.amafiltration.com\/es\/wp-json\/wp\/v2\/pages\/4667","targetHints":{"allow":["GET"]}}],"collection":[{"href":"https:\/\/www.amafiltration.com\/es\/wp-json\/wp\/v2\/pages"}],"about":[{"href":"https:\/\/www.amafiltration.com\/es\/wp-json\/wp\/v2\/types\/page"}],"author":[{"embeddable":true,"href":"https:\/\/www.amafiltration.com\/es\/wp-json\/wp\/v2\/users\/8"}],"replies":[{"embeddable":true,"href":"https:\/\/www.amafiltration.com\/es\/wp-json\/wp\/v2\/comments?post=4667"}],"version-history":[{"count":0,"href":"https:\/\/www.amafiltration.com\/es\/wp-json\/wp\/v2\/pages\/4667\/revisions"}],"up":[{"embeddable":true,"href":"https:\/\/www.amafiltration.com\/es\/wp-json\/wp\/v2\/pages\/4285"}],"wp:attachment":[{"href":"https:\/\/www.amafiltration.com\/es\/wp-json\/wp\/v2\/media?parent=4667"}],"curies":[{"name":"wp","href":"https:\/\/api.w.org\/{rel}","templated":true}]}}